{"id":57782,"date":"2022-01-22T17:30:21","date_gmt":"2022-01-22T16:30:21","guid":{"rendered":"https:\/\/demoweb.info\/sexshop001\/producto\/sondas-de-uretra-anillo-para-el-pene-negro\/"},"modified":"2022-01-22T17:30:26","modified_gmt":"2022-01-22T16:30:26","slug":"sondas-de-uretra-anillo-para-el-pene-negro","status":"publish","type":"product","link":"https:\/\/demoweb.info\/sexshop001\/producto\/sondas-de-uretra-anillo-para-el-pene-negro\/","title":{"rendered":"SONDAS DE URETRA ANILLO PARA EL PENE NEGRO"},"content":{"rendered":"<p>\nSi le encantan las sensaciones \u00fanicas de las sondas uretrales pero quiere llevar su placer al siguiente nivel, pruebe la sonda uretral con vibraci\u00f3n de Jolted. Hecha de pl\u00e1stico, metal, silicona y polyester. Esta sonda tiene una longuitud 35,6 cm.<\/p>\n<p>&#8211; Cargador de USB.<br \/>\n&#8211; Anillo ajustable para el pene.<br \/>\n&#8211; Medidas 35,6 X 2,3 cm<\/p><\/p>\n","protected":false},"excerpt":{"rendered":"<p>Si le encantan las sensaciones \u00fanicas de las sondas uretrales pero quiere llevar su placer al siguiente nivel, pruebe la<\/p>\n","protected":false},"featured_media":57783,"comment_status":"open","ping_status":"open","template":"","meta":[],"product_cat":[304],"product_tag":[274,493],"class_list":["post-57782","product","type-product","status-publish","has-post-thumbnail","hentry","product_cat-vibradores-penis-plug","product_tag-xr-brands","product_tag-zeus-electrosex"],"bundled_by":[],"bundle_stock_status":"instock","bundle_stock_quantity":1,"bundle_virtual":false,"bundle_layout":"","bundle_add_to_cart_form_location":"","bundle_editable_in_cart":false,"bundle_sold_individually_context":"","bundle_item_grouping":"","bundle_min_size":"","bundle_max_size":"","bundled_items":[],"yoast_head":"<!-- This site is optimized with the Yoast SEO plugin v20.6 - https:\/\/yoast.com\/wordpress\/plugins\/seo\/ -->\n<title>SONDAS DE URETRA ANILLO PARA EL PENE NEGRO - Tienda Er\u00f3tica<\/title>\n<meta name=\"robots\" content=\"noindex, follow, max-snippet:-1, max-image-preview:large, max-video-preview:-1\" \/>\n<meta property=\"og:locale\" content=\"es_ES\" \/>\n<meta property=\"og:type\" content=\"article\" \/>\n<meta property=\"og:title\" content=\"SONDAS DE URETRA ANILLO PARA EL PENE NEGRO - Tienda Er\u00f3tica\" \/>\n<meta property=\"og:description\" content=\"Si le encantan las sensaciones \u00fanicas de las sondas uretrales pero quiere llevar su placer al siguiente nivel, pruebe la\" \/>\n<meta property=\"og:url\" content=\"https:\/\/demoweb.info\/sexshop001\/producto\/sondas-de-uretra-anillo-para-el-pene-negro\/\" \/>\n<meta property=\"og:site_name\" content=\"Tienda Er\u00f3tica\" \/>\n<meta property=\"article:modified_time\" content=\"2022-01-22T16:30:26+00:00\" \/>\n<meta property=\"og:image\" content=\"https:\/\/demoweb.info\/sexshop001\/wp-content\/uploads\/2022\/01\/SONDAS-DE-URETRA-ANILLO-PARA-EL-PENE-NEGRO.jpg\" \/>\n\t<meta property=\"og:image:width\" content=\"550\" \/>\n\t<meta property=\"og:image:height\" content=\"550\" \/>\n\t<meta property=\"og:image:type\" content=\"image\/jpeg\" \/>\n<meta name=\"twitter:card\" content=\"summary_large_image\" \/>\n<script type=\"application\/ld+json\" class=\"yoast-schema-graph\">{\"@context\":\"https:\/\/schema.org\",\"@graph\":[{\"@type\":\"WebPage\",\"@id\":\"https:\/\/demoweb.info\/sexshop001\/producto\/sondas-de-uretra-anillo-para-el-pene-negro\/\",\"url\":\"https:\/\/demoweb.info\/sexshop001\/producto\/sondas-de-uretra-anillo-para-el-pene-negro\/\",\"name\":\"SONDAS DE URETRA ANILLO PARA EL PENE NEGRO - Tienda Er\u00f3tica\",\"isPartOf\":{\"@id\":\"https:\/\/demoweb.info\/sexshop001\/#website\"},\"datePublished\":\"2022-01-22T16:30:21+00:00\",\"dateModified\":\"2022-01-22T16:30:26+00:00\",\"breadcrumb\":{\"@id\":\"https:\/\/demoweb.info\/sexshop001\/producto\/sondas-de-uretra-anillo-para-el-pene-negro\/#breadcrumb\"},\"inLanguage\":\"es\",\"potentialAction\":[{\"@type\":\"ReadAction\",\"target\":[\"https:\/\/demoweb.info\/sexshop001\/producto\/sondas-de-uretra-anillo-para-el-pene-negro\/\"]}]},{\"@type\":\"BreadcrumbList\",\"@id\":\"https:\/\/demoweb.info\/sexshop001\/producto\/sondas-de-uretra-anillo-para-el-pene-negro\/#breadcrumb\",\"itemListElement\":[{\"@type\":\"ListItem\",\"position\":1,\"name\":\"Portada\",\"item\":\"https:\/\/demoweb.info\/sexshop001\/\"},{\"@type\":\"ListItem\",\"position\":2,\"name\":\"Tienda\",\"item\":\"https:\/\/demoweb.info\/sexshop001\/tienda\/\"},{\"@type\":\"ListItem\",\"position\":3,\"name\":\"SONDAS DE URETRA ANILLO PARA EL PENE NEGRO\"}]},{\"@type\":\"WebSite\",\"@id\":\"https:\/\/demoweb.info\/sexshop001\/#website\",\"url\":\"https:\/\/demoweb.info\/sexshop001\/\",\"name\":\"Tienda Er\u00f3tica\",\"description\":\"DEMOWEB SL\",\"potentialAction\":[{\"@type\":\"SearchAction\",\"target\":{\"@type\":\"EntryPoint\",\"urlTemplate\":\"https:\/\/demoweb.info\/sexshop001\/?s={search_term_string}\"},\"query-input\":\"required name=search_term_string\"}],\"inLanguage\":\"es\"}]}<\/script>\n<!-- \/ Yoast SEO plugin. -->","yoast_head_json":{"title":"SONDAS DE URETRA ANILLO PARA EL PENE NEGRO - Tienda Er\u00f3tica","robots":{"index":"noindex","follow":"follow","max-snippet":"max-snippet:-1","max-image-preview":"max-image-preview:large","max-video-preview":"max-video-preview:-1"},"og_locale":"es_ES","og_type":"article","og_title":"SONDAS DE URETRA ANILLO PARA EL PENE NEGRO - Tienda Er\u00f3tica","og_description":"Si le encantan las sensaciones \u00fanicas de las sondas uretrales pero quiere llevar su placer al siguiente nivel, pruebe la","og_url":"https:\/\/demoweb.info\/sexshop001\/producto\/sondas-de-uretra-anillo-para-el-pene-negro\/","og_site_name":"Tienda Er\u00f3tica","article_modified_time":"2022-01-22T16:30:26+00:00","og_image":[{"width":550,"height":550,"url":"https:\/\/demoweb.info\/sexshop001\/wp-content\/uploads\/2022\/01\/SONDAS-DE-URETRA-ANILLO-PARA-EL-PENE-NEGRO.jpg","type":"image\/jpeg"}],"twitter_card":"summary_large_image","schema":{"@context":"https:\/\/schema.org","@graph":[{"@type":"WebPage","@id":"https:\/\/demoweb.info\/sexshop001\/producto\/sondas-de-uretra-anillo-para-el-pene-negro\/","url":"https:\/\/demoweb.info\/sexshop001\/producto\/sondas-de-uretra-anillo-para-el-pene-negro\/","name":"SONDAS DE URETRA ANILLO PARA EL PENE NEGRO - Tienda Er\u00f3tica","isPartOf":{"@id":"https:\/\/demoweb.info\/sexshop001\/#website"},"datePublished":"2022-01-22T16:30:21+00:00","dateModified":"2022-01-22T16:30:26+00:00","breadcrumb":{"@id":"https:\/\/demoweb.info\/sexshop001\/producto\/sondas-de-uretra-anillo-para-el-pene-negro\/#breadcrumb"},"inLanguage":"es","potentialAction":[{"@type":"ReadAction","target":["https:\/\/demoweb.info\/sexshop001\/producto\/sondas-de-uretra-anillo-para-el-pene-negro\/"]}]},{"@type":"BreadcrumbList","@id":"https:\/\/demoweb.info\/sexshop001\/producto\/sondas-de-uretra-anillo-para-el-pene-negro\/#breadcrumb","itemListElement":[{"@type":"ListItem","position":1,"name":"Portada","item":"https:\/\/demoweb.info\/sexshop001\/"},{"@type":"ListItem","position":2,"name":"Tienda","item":"https:\/\/demoweb.info\/sexshop001\/tienda\/"},{"@type":"ListItem","position":3,"name":"SONDAS DE URETRA ANILLO PARA EL PENE NEGRO"}]},{"@type":"WebSite","@id":"https:\/\/demoweb.info\/sexshop001\/#website","url":"https:\/\/demoweb.info\/sexshop001\/","name":"Tienda Er\u00f3tica","description":"DEMOWEB SL","potentialAction":[{"@type":"SearchAction","target":{"@type":"EntryPoint","urlTemplate":"https:\/\/demoweb.info\/sexshop001\/?s={search_term_string}"},"query-input":"required name=search_term_string"}],"inLanguage":"es"}]}},"_links":{"self":[{"href":"https:\/\/demoweb.info\/sexshop001\/wp-json\/wp\/v3\/product\/57782","targetHints":{"allow":["GET"]}}],"collection":[{"href":"https:\/\/demoweb.info\/sexshop001\/wp-json\/wp\/v3\/product"}],"about":[{"href":"https:\/\/demoweb.info\/sexshop001\/wp-json\/wp\/v2\/types\/product"}],"replies":[{"embeddable":true,"href":"https:\/\/demoweb.info\/sexshop001\/wp-json\/wp\/v2\/comments?post=57782"}],"wp:featuredmedia":[{"embeddable":true,"href":"https:\/\/demoweb.info\/sexshop001\/wp-json\/wp\/v2\/media\/57783"}],"wp:attachment":[{"href":"https:\/\/demoweb.info\/sexshop001\/wp-json\/wp\/v2\/media?parent=57782"}],"wp:term":[{"taxonomy":"product_cat","embeddable":true,"href":"https:\/\/demoweb.info\/sexshop001\/wp-json\/wp\/v2\/product_cat?post=57782"},{"taxonomy":"product_tag","embeddable":true,"href":"https:\/\/demoweb.info\/sexshop001\/wp-json\/wp\/v2\/product_tag?post=57782"}],"curies":[{"name":"wp","href":"https:\/\/api.w.org\/{rel}","templated":true}]}}