{"id":57764,"date":"2022-01-22T17:29:49","date_gmt":"2022-01-22T16:29:49","guid":{"rendered":"https:\/\/demoweb.info\/sexshop001\/producto\/bomba-desarrolladora-digital\/"},"modified":"2022-01-22T17:30:13","modified_gmt":"2022-01-22T16:30:13","slug":"bomba-desarrolladora-digital","status":"publish","type":"product","link":"https:\/\/demoweb.info\/sexshop001\/producto\/bomba-desarrolladora-digital\/","title":{"rendered":"BOMBA DESARROLLADORA DIGITAL"},"content":{"rendered":"<p><strong>DIGITAL PENIS PUMP<\/strong><\/p>\n<p>Extrae enormes cantidades de sangre en su pene para aumentar el tama\u00f1o y la sensibilidad.<\/p>\n<p>Este poderoso juguete sexual masculino utiliza una bomba y un man\u00f3metro digitales para crear y medir la presi\u00f3n dentro del cilindro. Un bot\u00f3n f\u00e1cil de usar enciende o apaga la succi\u00f3n, mientras que otro bot\u00f3n libera aire r\u00e1pidamente cuando est\u00e1 listo para extraer la bomba y actuar.<\/p>\n<p>Imagina las posibilidades sexuales, jugando solo o con un compa\u00f1ero, cuando tu miembro hinchado siente cada toque, golpe, lame o empuja con m\u00e1s intensidad que nunca.<\/p>\n<p>El cilindro est\u00e1 marcado con medidas de longitud para que pueda realizar un seguimiento de tus mejoras, mientras que la textura permite mantener un agarre firme. El manguito alrededor de la abertura asegura que obtengas un sello apretado cada vez.<\/p>\n<p>Esta bomba est\u00e1 hecha de silicona premium sin ftalatos y no debe usarse en combinaci\u00f3n con lubricantes de silicona.<\/p>\n<p>Limpiar despu\u00e9s de usar con jab\u00f3n suave y agua tibia.<\/p>\n<p>Medidas del producto: 21,6 x 5,7 cm<\/p>\n","protected":false},"excerpt":{"rendered":"<p>DIGITAL PENIS PUMP Extrae enormes cantidades de sangre en su pene para aumentar el tama\u00f1o y la sensibilidad. Este poderoso<\/p>\n","protected":false},"featured_media":57765,"comment_status":"open","ping_status":"open","template":"","meta":[],"product_cat":[479],"product_tag":[789,274],"class_list":["post-57764","product","type-product","status-publish","has-post-thumbnail","hentry","product_cat-automaticos","product_tag-size-matters","product_tag-xr-brands"],"bundled_by":[],"bundle_stock_status":"outofstock","bundle_stock_quantity":0,"bundle_virtual":false,"bundle_layout":"","bundle_add_to_cart_form_location":"","bundle_editable_in_cart":false,"bundle_sold_individually_context":"","bundle_item_grouping":"","bundle_min_size":"","bundle_max_size":"","bundled_items":[],"yoast_head":"<!-- This site is optimized with the Yoast SEO plugin v20.6 - https:\/\/yoast.com\/wordpress\/plugins\/seo\/ -->\n<title>BOMBA DESARROLLADORA DIGITAL - Tienda Er\u00f3tica<\/title>\n<meta name=\"robots\" content=\"noindex, follow, max-snippet:-1, max-image-preview:large, max-video-preview:-1\" \/>\n<meta property=\"og:locale\" content=\"es_ES\" \/>\n<meta property=\"og:type\" content=\"article\" \/>\n<meta property=\"og:title\" content=\"BOMBA DESARROLLADORA DIGITAL - Tienda Er\u00f3tica\" \/>\n<meta property=\"og:description\" content=\"DIGITAL PENIS PUMP Extrae enormes cantidades de sangre en su pene para aumentar el tama\u00f1o y la sensibilidad. Este poderoso\" \/>\n<meta property=\"og:url\" content=\"https:\/\/demoweb.info\/sexshop001\/producto\/bomba-desarrolladora-digital\/\" \/>\n<meta property=\"og:site_name\" content=\"Tienda Er\u00f3tica\" \/>\n<meta property=\"article:modified_time\" content=\"2022-01-22T16:30:13+00:00\" \/>\n<meta property=\"og:image\" content=\"https:\/\/demoweb.info\/sexshop001\/wp-content\/uploads\/2022\/01\/BOMBA-DESARROLLADORA-DIGITAL.jpg\" \/>\n\t<meta property=\"og:image:width\" content=\"550\" \/>\n\t<meta property=\"og:image:height\" content=\"550\" \/>\n\t<meta property=\"og:image:type\" content=\"image\/jpeg\" \/>\n<meta name=\"twitter:card\" content=\"summary_large_image\" \/>\n<meta name=\"twitter:label1\" content=\"Tiempo de lectura\" \/>\n\t<meta name=\"twitter:data1\" content=\"1 minuto\" \/>\n<script type=\"application\/ld+json\" class=\"yoast-schema-graph\">{\"@context\":\"https:\/\/schema.org\",\"@graph\":[{\"@type\":\"WebPage\",\"@id\":\"https:\/\/demoweb.info\/sexshop001\/producto\/bomba-desarrolladora-digital\/\",\"url\":\"https:\/\/demoweb.info\/sexshop001\/producto\/bomba-desarrolladora-digital\/\",\"name\":\"BOMBA DESARROLLADORA DIGITAL - Tienda Er\u00f3tica\",\"isPartOf\":{\"@id\":\"https:\/\/demoweb.info\/sexshop001\/#website\"},\"datePublished\":\"2022-01-22T16:29:49+00:00\",\"dateModified\":\"2022-01-22T16:30:13+00:00\",\"breadcrumb\":{\"@id\":\"https:\/\/demoweb.info\/sexshop001\/producto\/bomba-desarrolladora-digital\/#breadcrumb\"},\"inLanguage\":\"es\",\"potentialAction\":[{\"@type\":\"ReadAction\",\"target\":[\"https:\/\/demoweb.info\/sexshop001\/producto\/bomba-desarrolladora-digital\/\"]}]},{\"@type\":\"BreadcrumbList\",\"@id\":\"https:\/\/demoweb.info\/sexshop001\/producto\/bomba-desarrolladora-digital\/#breadcrumb\",\"itemListElement\":[{\"@type\":\"ListItem\",\"position\":1,\"name\":\"Portada\",\"item\":\"https:\/\/demoweb.info\/sexshop001\/\"},{\"@type\":\"ListItem\",\"position\":2,\"name\":\"Tienda\",\"item\":\"https:\/\/demoweb.info\/sexshop001\/tienda\/\"},{\"@type\":\"ListItem\",\"position\":3,\"name\":\"BOMBA DESARROLLADORA DIGITAL\"}]},{\"@type\":\"WebSite\",\"@id\":\"https:\/\/demoweb.info\/sexshop001\/#website\",\"url\":\"https:\/\/demoweb.info\/sexshop001\/\",\"name\":\"Tienda Er\u00f3tica\",\"description\":\"DEMOWEB SL\",\"potentialAction\":[{\"@type\":\"SearchAction\",\"target\":{\"@type\":\"EntryPoint\",\"urlTemplate\":\"https:\/\/demoweb.info\/sexshop001\/?s={search_term_string}\"},\"query-input\":\"required name=search_term_string\"}],\"inLanguage\":\"es\"}]}<\/script>\n<!-- \/ Yoast SEO plugin. -->","yoast_head_json":{"title":"BOMBA DESARROLLADORA DIGITAL - Tienda Er\u00f3tica","robots":{"index":"noindex","follow":"follow","max-snippet":"max-snippet:-1","max-image-preview":"max-image-preview:large","max-video-preview":"max-video-preview:-1"},"og_locale":"es_ES","og_type":"article","og_title":"BOMBA DESARROLLADORA DIGITAL - Tienda Er\u00f3tica","og_description":"DIGITAL PENIS PUMP Extrae enormes cantidades de sangre en su pene para aumentar el tama\u00f1o y la sensibilidad. Este poderoso","og_url":"https:\/\/demoweb.info\/sexshop001\/producto\/bomba-desarrolladora-digital\/","og_site_name":"Tienda Er\u00f3tica","article_modified_time":"2022-01-22T16:30:13+00:00","og_image":[{"width":550,"height":550,"url":"https:\/\/demoweb.info\/sexshop001\/wp-content\/uploads\/2022\/01\/BOMBA-DESARROLLADORA-DIGITAL.jpg","type":"image\/jpeg"}],"twitter_card":"summary_large_image","twitter_misc":{"Tiempo de lectura":"1 minuto"},"schema":{"@context":"https:\/\/schema.org","@graph":[{"@type":"WebPage","@id":"https:\/\/demoweb.info\/sexshop001\/producto\/bomba-desarrolladora-digital\/","url":"https:\/\/demoweb.info\/sexshop001\/producto\/bomba-desarrolladora-digital\/","name":"BOMBA DESARROLLADORA DIGITAL - Tienda Er\u00f3tica","isPartOf":{"@id":"https:\/\/demoweb.info\/sexshop001\/#website"},"datePublished":"2022-01-22T16:29:49+00:00","dateModified":"2022-01-22T16:30:13+00:00","breadcrumb":{"@id":"https:\/\/demoweb.info\/sexshop001\/producto\/bomba-desarrolladora-digital\/#breadcrumb"},"inLanguage":"es","potentialAction":[{"@type":"ReadAction","target":["https:\/\/demoweb.info\/sexshop001\/producto\/bomba-desarrolladora-digital\/"]}]},{"@type":"BreadcrumbList","@id":"https:\/\/demoweb.info\/sexshop001\/producto\/bomba-desarrolladora-digital\/#breadcrumb","itemListElement":[{"@type":"ListItem","position":1,"name":"Portada","item":"https:\/\/demoweb.info\/sexshop001\/"},{"@type":"ListItem","position":2,"name":"Tienda","item":"https:\/\/demoweb.info\/sexshop001\/tienda\/"},{"@type":"ListItem","position":3,"name":"BOMBA DESARROLLADORA DIGITAL"}]},{"@type":"WebSite","@id":"https:\/\/demoweb.info\/sexshop001\/#website","url":"https:\/\/demoweb.info\/sexshop001\/","name":"Tienda Er\u00f3tica","description":"DEMOWEB SL","potentialAction":[{"@type":"SearchAction","target":{"@type":"EntryPoint","urlTemplate":"https:\/\/demoweb.info\/sexshop001\/?s={search_term_string}"},"query-input":"required name=search_term_string"}],"inLanguage":"es"}]}},"_links":{"self":[{"href":"https:\/\/demoweb.info\/sexshop001\/wp-json\/wp\/v3\/product\/57764","targetHints":{"allow":["GET"]}}],"collection":[{"href":"https:\/\/demoweb.info\/sexshop001\/wp-json\/wp\/v3\/product"}],"about":[{"href":"https:\/\/demoweb.info\/sexshop001\/wp-json\/wp\/v2\/types\/product"}],"replies":[{"embeddable":true,"href":"https:\/\/demoweb.info\/sexshop001\/wp-json\/wp\/v2\/comments?post=57764"}],"wp:featuredmedia":[{"embeddable":true,"href":"https:\/\/demoweb.info\/sexshop001\/wp-json\/wp\/v2\/media\/57765"}],"wp:attachment":[{"href":"https:\/\/demoweb.info\/sexshop001\/wp-json\/wp\/v2\/media?parent=57764"}],"wp:term":[{"taxonomy":"product_cat","embeddable":true,"href":"https:\/\/demoweb.info\/sexshop001\/wp-json\/wp\/v2\/product_cat?post=57764"},{"taxonomy":"product_tag","embeddable":true,"href":"https:\/\/demoweb.info\/sexshop001\/wp-json\/wp\/v2\/product_tag?post=57764"}],"curies":[{"name":"wp","href":"https:\/\/api.w.org\/{rel}","templated":true}]}}