{"id":57759,"date":"2022-01-22T17:29:49","date_gmt":"2022-01-22T16:29:49","guid":{"rendered":"https:\/\/demoweb.info\/sexshop001\/producto\/usa-cocks-pene-realistico-dual-density-31cm\/"},"modified":"2022-01-22T17:30:08","modified_gmt":"2022-01-22T16:30:08","slug":"usa-cocks-pene-realistico-dual-density-31cm","status":"publish","type":"product","link":"https:\/\/demoweb.info\/sexshop001\/producto\/usa-cocks-pene-realistico-dual-density-31cm\/","title":{"rendered":"USA COCKS PENE REAL\u00cdSTICO DUAL DENSITY 31CM"},"content":{"rendered":"<p><strong>USA COCKS DUAL DENSITY<\/strong><\/p>\n<p>Este hermoso consolador proporcionar\u00e1 \u00e9xtasis org\u00e1smico con su representaci\u00f3n precisa de una erecci\u00f3n de tama\u00f1o mediano con una cresta coronal definida.<\/p>\n<p>Saborea cada cresta y ondulaci\u00f3n en el pene y el escroto realistas, dise\u00f1ados para complacer a tus ojos y tu cuerpo.<\/p>\n<p>La fuerte base de la ventosa puede montarse en una superficie lisa y dura para una penetraci\u00f3n sin manos, pero tambi\u00e9n hace que sea compatible para el uso con el compa\u00f1ero.<\/p>\n<p>Medidas: 31,8 x 8,9 cm<\/p>\n<p>Material: TPE sin fltatos.<\/p>\n","protected":false},"excerpt":{"rendered":"<p>USA COCKS DUAL DENSITY Este hermoso consolador proporcionar\u00e1 \u00e9xtasis org\u00e1smico con su representaci\u00f3n precisa de una erecci\u00f3n de tama\u00f1o mediano<\/p>\n","protected":false},"featured_media":57760,"comment_status":"open","ping_status":"open","template":"","meta":[],"product_cat":[386],"product_tag":[1574,274],"class_list":["post-57759","product","type-product","status-publish","has-post-thumbnail","hentry","product_cat-realisticos","product_tag-usa-cocks","product_tag-xr-brands"],"bundled_by":[],"bundle_stock_status":"instock","bundle_stock_quantity":1,"bundle_virtual":false,"bundle_layout":"","bundle_add_to_cart_form_location":"","bundle_editable_in_cart":false,"bundle_sold_individually_context":"","bundle_item_grouping":"","bundle_min_size":"","bundle_max_size":"","bundled_items":[],"yoast_head":"<!-- This site is optimized with the Yoast SEO plugin v20.6 - https:\/\/yoast.com\/wordpress\/plugins\/seo\/ -->\n<title>USA COCKS PENE REAL\u00cdSTICO DUAL DENSITY 31CM - Tienda Er\u00f3tica<\/title>\n<meta name=\"robots\" content=\"noindex, follow, max-snippet:-1, max-image-preview:large, max-video-preview:-1\" \/>\n<meta property=\"og:locale\" content=\"es_ES\" \/>\n<meta property=\"og:type\" content=\"article\" \/>\n<meta property=\"og:title\" content=\"USA COCKS PENE REAL\u00cdSTICO DUAL DENSITY 31CM - Tienda Er\u00f3tica\" \/>\n<meta property=\"og:description\" content=\"USA COCKS DUAL DENSITY Este hermoso consolador proporcionar\u00e1 \u00e9xtasis org\u00e1smico con su representaci\u00f3n precisa de una erecci\u00f3n de tama\u00f1o mediano\" \/>\n<meta property=\"og:url\" content=\"https:\/\/demoweb.info\/sexshop001\/producto\/usa-cocks-pene-realistico-dual-density-31cm\/\" \/>\n<meta property=\"og:site_name\" content=\"Tienda Er\u00f3tica\" \/>\n<meta property=\"article:modified_time\" content=\"2022-01-22T16:30:08+00:00\" \/>\n<meta property=\"og:image\" content=\"https:\/\/demoweb.info\/sexshop001\/wp-content\/uploads\/2022\/01\/USA-COCKS-PENE-REALISTICO-DUAL-DENSITY-31CM.jpg\" \/>\n\t<meta property=\"og:image:width\" content=\"550\" \/>\n\t<meta property=\"og:image:height\" content=\"550\" \/>\n\t<meta property=\"og:image:type\" content=\"image\/jpeg\" \/>\n<meta name=\"twitter:card\" content=\"summary_large_image\" \/>\n<script type=\"application\/ld+json\" class=\"yoast-schema-graph\">{\"@context\":\"https:\/\/schema.org\",\"@graph\":[{\"@type\":\"WebPage\",\"@id\":\"https:\/\/demoweb.info\/sexshop001\/producto\/usa-cocks-pene-realistico-dual-density-31cm\/\",\"url\":\"https:\/\/demoweb.info\/sexshop001\/producto\/usa-cocks-pene-realistico-dual-density-31cm\/\",\"name\":\"USA COCKS PENE REAL\u00cdSTICO DUAL DENSITY 31CM - Tienda Er\u00f3tica\",\"isPartOf\":{\"@id\":\"https:\/\/demoweb.info\/sexshop001\/#website\"},\"datePublished\":\"2022-01-22T16:29:49+00:00\",\"dateModified\":\"2022-01-22T16:30:08+00:00\",\"breadcrumb\":{\"@id\":\"https:\/\/demoweb.info\/sexshop001\/producto\/usa-cocks-pene-realistico-dual-density-31cm\/#breadcrumb\"},\"inLanguage\":\"es\",\"potentialAction\":[{\"@type\":\"ReadAction\",\"target\":[\"https:\/\/demoweb.info\/sexshop001\/producto\/usa-cocks-pene-realistico-dual-density-31cm\/\"]}]},{\"@type\":\"BreadcrumbList\",\"@id\":\"https:\/\/demoweb.info\/sexshop001\/producto\/usa-cocks-pene-realistico-dual-density-31cm\/#breadcrumb\",\"itemListElement\":[{\"@type\":\"ListItem\",\"position\":1,\"name\":\"Portada\",\"item\":\"https:\/\/demoweb.info\/sexshop001\/\"},{\"@type\":\"ListItem\",\"position\":2,\"name\":\"Tienda\",\"item\":\"https:\/\/demoweb.info\/sexshop001\/tienda\/\"},{\"@type\":\"ListItem\",\"position\":3,\"name\":\"USA COCKS PENE REAL\u00cdSTICO DUAL DENSITY 31CM\"}]},{\"@type\":\"WebSite\",\"@id\":\"https:\/\/demoweb.info\/sexshop001\/#website\",\"url\":\"https:\/\/demoweb.info\/sexshop001\/\",\"name\":\"Tienda Er\u00f3tica\",\"description\":\"DEMOWEB SL\",\"potentialAction\":[{\"@type\":\"SearchAction\",\"target\":{\"@type\":\"EntryPoint\",\"urlTemplate\":\"https:\/\/demoweb.info\/sexshop001\/?s={search_term_string}\"},\"query-input\":\"required name=search_term_string\"}],\"inLanguage\":\"es\"}]}<\/script>\n<!-- \/ Yoast SEO plugin. -->","yoast_head_json":{"title":"USA COCKS PENE REAL\u00cdSTICO DUAL DENSITY 31CM - Tienda Er\u00f3tica","robots":{"index":"noindex","follow":"follow","max-snippet":"max-snippet:-1","max-image-preview":"max-image-preview:large","max-video-preview":"max-video-preview:-1"},"og_locale":"es_ES","og_type":"article","og_title":"USA COCKS PENE REAL\u00cdSTICO DUAL DENSITY 31CM - Tienda Er\u00f3tica","og_description":"USA COCKS DUAL DENSITY Este hermoso consolador proporcionar\u00e1 \u00e9xtasis org\u00e1smico con su representaci\u00f3n precisa de una erecci\u00f3n de tama\u00f1o mediano","og_url":"https:\/\/demoweb.info\/sexshop001\/producto\/usa-cocks-pene-realistico-dual-density-31cm\/","og_site_name":"Tienda Er\u00f3tica","article_modified_time":"2022-01-22T16:30:08+00:00","og_image":[{"width":550,"height":550,"url":"https:\/\/demoweb.info\/sexshop001\/wp-content\/uploads\/2022\/01\/USA-COCKS-PENE-REALISTICO-DUAL-DENSITY-31CM.jpg","type":"image\/jpeg"}],"twitter_card":"summary_large_image","schema":{"@context":"https:\/\/schema.org","@graph":[{"@type":"WebPage","@id":"https:\/\/demoweb.info\/sexshop001\/producto\/usa-cocks-pene-realistico-dual-density-31cm\/","url":"https:\/\/demoweb.info\/sexshop001\/producto\/usa-cocks-pene-realistico-dual-density-31cm\/","name":"USA COCKS PENE REAL\u00cdSTICO DUAL DENSITY 31CM - Tienda Er\u00f3tica","isPartOf":{"@id":"https:\/\/demoweb.info\/sexshop001\/#website"},"datePublished":"2022-01-22T16:29:49+00:00","dateModified":"2022-01-22T16:30:08+00:00","breadcrumb":{"@id":"https:\/\/demoweb.info\/sexshop001\/producto\/usa-cocks-pene-realistico-dual-density-31cm\/#breadcrumb"},"inLanguage":"es","potentialAction":[{"@type":"ReadAction","target":["https:\/\/demoweb.info\/sexshop001\/producto\/usa-cocks-pene-realistico-dual-density-31cm\/"]}]},{"@type":"BreadcrumbList","@id":"https:\/\/demoweb.info\/sexshop001\/producto\/usa-cocks-pene-realistico-dual-density-31cm\/#breadcrumb","itemListElement":[{"@type":"ListItem","position":1,"name":"Portada","item":"https:\/\/demoweb.info\/sexshop001\/"},{"@type":"ListItem","position":2,"name":"Tienda","item":"https:\/\/demoweb.info\/sexshop001\/tienda\/"},{"@type":"ListItem","position":3,"name":"USA COCKS PENE REAL\u00cdSTICO DUAL DENSITY 31CM"}]},{"@type":"WebSite","@id":"https:\/\/demoweb.info\/sexshop001\/#website","url":"https:\/\/demoweb.info\/sexshop001\/","name":"Tienda Er\u00f3tica","description":"DEMOWEB SL","potentialAction":[{"@type":"SearchAction","target":{"@type":"EntryPoint","urlTemplate":"https:\/\/demoweb.info\/sexshop001\/?s={search_term_string}"},"query-input":"required name=search_term_string"}],"inLanguage":"es"}]}},"_links":{"self":[{"href":"https:\/\/demoweb.info\/sexshop001\/wp-json\/wp\/v3\/product\/57759","targetHints":{"allow":["GET"]}}],"collection":[{"href":"https:\/\/demoweb.info\/sexshop001\/wp-json\/wp\/v3\/product"}],"about":[{"href":"https:\/\/demoweb.info\/sexshop001\/wp-json\/wp\/v2\/types\/product"}],"replies":[{"embeddable":true,"href":"https:\/\/demoweb.info\/sexshop001\/wp-json\/wp\/v2\/comments?post=57759"}],"wp:featuredmedia":[{"embeddable":true,"href":"https:\/\/demoweb.info\/sexshop001\/wp-json\/wp\/v2\/media\/57760"}],"wp:attachment":[{"href":"https:\/\/demoweb.info\/sexshop001\/wp-json\/wp\/v2\/media?parent=57759"}],"wp:term":[{"taxonomy":"product_cat","embeddable":true,"href":"https:\/\/demoweb.info\/sexshop001\/wp-json\/wp\/v2\/product_cat?post=57759"},{"taxonomy":"product_tag","embeddable":true,"href":"https:\/\/demoweb.info\/sexshop001\/wp-json\/wp\/v2\/product_tag?post=57759"}],"curies":[{"name":"wp","href":"https:\/\/api.w.org\/{rel}","templated":true}]}}