{"id":57704,"date":"2022-01-22T17:29:23","date_gmt":"2022-01-22T16:29:23","guid":{"rendered":"https:\/\/demoweb.info\/sexshop001\/producto\/arnes-con-pene-doble-hueco-30cm\/"},"modified":"2022-01-22T17:29:27","modified_gmt":"2022-01-22T16:29:27","slug":"arnes-con-pene-doble-hueco-30cm","status":"publish","type":"product","link":"https:\/\/demoweb.info\/sexshop001\/producto\/arnes-con-pene-doble-hueco-30cm\/","title":{"rendered":"ARN\u00c9S CON PENE DOBLE HUECO 30CM"},"content":{"rendered":"<p><strong>11 TWO COCKS ONE HOLE HOLLOW STRAP-ON <\/strong><\/p>\n<p>Cuando el tama\u00f1o importa y est\u00e1s buscando una experiencia \u00fanica en su tipo, este sistema de ligueros de dos orificios de King Cock Two Cocks Hollow satisface tus sue\u00f1os de doble pene con un consolador grueso y realista.<\/p>\n<p>Hecho a mano, el sistema de suspensi\u00f3n King Cock Two Cocks One Hole Hollow Strap-On ofrece una estimulaci\u00f3n emocionante y una sensaci\u00f3n de plenitud satisfactoria.<\/p>\n<p>Este exclusivo sistema de cintur\u00f3n cuenta con dos correas de nylon resistentes que se ajustan f\u00e1cilmente para soportar el peso del consolador hueco, junto con una correa de cintura de nylon que se adapta a la mayor\u00eda de los tama\u00f1os. Una junta t\u00f3rica de metal duradera mantiene el dildo en su lugar cuando la acci\u00f3n se calienta, mientras que las correas de nylon de los muslos se ajustan f\u00e1cilmente para mantener todo unido. Una correa de velcro se enrolla alrededor del eje del consolador para un soporte adicional, y cuatro correas ayudan a asegurar la junta t\u00f3rica de metal alrededor de la base del consolador.<\/p>\n<p>El sistema de ligueros King Cock Two Cocks Hollow Hrap Strap-on no contiene ftalatos y est\u00e1 fabricado en las modernas instalaciones de fabricaci\u00f3n de Pipedream en los EE. UU. Un tubo de pl\u00e1stico largo y hueco, que mide 3.8 cm de di\u00e1metro, se coloca dentro del consolador, lo que lo hace perfecto para hombres con problemas de rendimiento, aunque es lo suficientemente resistente como para que lo lleven todos los sexos.<\/p>\n<p>Cada vena, cada v\u00e1stago, cada prepucio y cada cabeza de los consoladores King Cock Two Cocks One Hole est\u00e1n cuidadosamente hechos a mano con exquisitos detalles para brindarte la experiencia m\u00e1s realista jam\u00e1s imaginada.<\/p>\n<p>Caracter\u00edsticas:<\/p>\n<ul>\n<li>Largo: 30 cm<\/li>\n<li>Ancho: 9,1 cm<\/li>\n<li>Altura: 6,4 cm<\/li>\n<li>Cincha: 2,5 cm<\/li>\n<li>Di\u00e1metro interior: 3,8 cm<\/li>\n<li>Longitud de inserci\u00f3n: 2,8 cm<\/li>\n<li>Largo interior: 20 cm<\/li>\n<li>Peso: 1.09 kgs<\/li>\n<\/ul>\n","protected":false},"excerpt":{"rendered":"<p>11 TWO COCKS ONE HOLE HOLLOW STRAP-ON Cuando el tama\u00f1o importa y est\u00e1s buscando una experiencia \u00fanica en su tipo,<\/p>\n","protected":false},"featured_media":57705,"comment_status":"open","ping_status":"open","template":"","meta":[],"product_cat":[678],"product_tag":[489,259],"class_list":["post-57704","product","type-product","status-publish","has-post-thumbnail","hentry","product_cat-dobles-con-pene","product_tag-king-cock","product_tag-pipedream"],"bundled_by":[],"bundle_stock_status":"instock","bundle_stock_quantity":1,"bundle_virtual":false,"bundle_layout":"","bundle_add_to_cart_form_location":"","bundle_editable_in_cart":false,"bundle_sold_individually_context":"","bundle_item_grouping":"","bundle_min_size":"","bundle_max_size":"","bundled_items":[],"yoast_head":"<!-- This site is optimized with the Yoast SEO plugin v20.6 - https:\/\/yoast.com\/wordpress\/plugins\/seo\/ -->\n<title>ARN\u00c9S CON PENE DOBLE HUECO 30CM - Tienda Er\u00f3tica<\/title>\n<meta name=\"robots\" content=\"noindex, follow, max-snippet:-1, max-image-preview:large, max-video-preview:-1\" \/>\n<meta property=\"og:locale\" content=\"es_ES\" \/>\n<meta property=\"og:type\" content=\"article\" \/>\n<meta property=\"og:title\" content=\"ARN\u00c9S CON PENE DOBLE HUECO 30CM - Tienda Er\u00f3tica\" \/>\n<meta property=\"og:description\" content=\"11 TWO COCKS ONE HOLE HOLLOW STRAP-ON Cuando el tama\u00f1o importa y est\u00e1s buscando una experiencia \u00fanica en su tipo,\" \/>\n<meta property=\"og:url\" content=\"https:\/\/demoweb.info\/sexshop001\/producto\/arnes-con-pene-doble-hueco-30cm\/\" \/>\n<meta property=\"og:site_name\" content=\"Tienda Er\u00f3tica\" \/>\n<meta property=\"article:modified_time\" content=\"2022-01-22T16:29:27+00:00\" \/>\n<meta property=\"og:image\" content=\"https:\/\/demoweb.info\/sexshop001\/wp-content\/uploads\/2022\/01\/ARNES-CON-PENE-DOBLE-HUECO-30CM.jpg\" \/>\n\t<meta property=\"og:image:width\" content=\"550\" \/>\n\t<meta property=\"og:image:height\" content=\"550\" \/>\n\t<meta property=\"og:image:type\" content=\"image\/jpeg\" \/>\n<meta name=\"twitter:card\" content=\"summary_large_image\" \/>\n<meta name=\"twitter:label1\" content=\"Tiempo de lectura\" \/>\n\t<meta name=\"twitter:data1\" content=\"2 minutos\" \/>\n<script type=\"application\/ld+json\" class=\"yoast-schema-graph\">{\"@context\":\"https:\/\/schema.org\",\"@graph\":[{\"@type\":\"WebPage\",\"@id\":\"https:\/\/demoweb.info\/sexshop001\/producto\/arnes-con-pene-doble-hueco-30cm\/\",\"url\":\"https:\/\/demoweb.info\/sexshop001\/producto\/arnes-con-pene-doble-hueco-30cm\/\",\"name\":\"ARN\u00c9S CON PENE DOBLE HUECO 30CM - Tienda Er\u00f3tica\",\"isPartOf\":{\"@id\":\"https:\/\/demoweb.info\/sexshop001\/#website\"},\"datePublished\":\"2022-01-22T16:29:23+00:00\",\"dateModified\":\"2022-01-22T16:29:27+00:00\",\"breadcrumb\":{\"@id\":\"https:\/\/demoweb.info\/sexshop001\/producto\/arnes-con-pene-doble-hueco-30cm\/#breadcrumb\"},\"inLanguage\":\"es\",\"potentialAction\":[{\"@type\":\"ReadAction\",\"target\":[\"https:\/\/demoweb.info\/sexshop001\/producto\/arnes-con-pene-doble-hueco-30cm\/\"]}]},{\"@type\":\"BreadcrumbList\",\"@id\":\"https:\/\/demoweb.info\/sexshop001\/producto\/arnes-con-pene-doble-hueco-30cm\/#breadcrumb\",\"itemListElement\":[{\"@type\":\"ListItem\",\"position\":1,\"name\":\"Portada\",\"item\":\"https:\/\/demoweb.info\/sexshop001\/\"},{\"@type\":\"ListItem\",\"position\":2,\"name\":\"Tienda\",\"item\":\"https:\/\/demoweb.info\/sexshop001\/tienda\/\"},{\"@type\":\"ListItem\",\"position\":3,\"name\":\"ARN\u00c9S CON PENE DOBLE HUECO 30CM\"}]},{\"@type\":\"WebSite\",\"@id\":\"https:\/\/demoweb.info\/sexshop001\/#website\",\"url\":\"https:\/\/demoweb.info\/sexshop001\/\",\"name\":\"Tienda Er\u00f3tica\",\"description\":\"DEMOWEB SL\",\"potentialAction\":[{\"@type\":\"SearchAction\",\"target\":{\"@type\":\"EntryPoint\",\"urlTemplate\":\"https:\/\/demoweb.info\/sexshop001\/?s={search_term_string}\"},\"query-input\":\"required name=search_term_string\"}],\"inLanguage\":\"es\"}]}<\/script>\n<!-- \/ Yoast SEO plugin. -->","yoast_head_json":{"title":"ARN\u00c9S CON PENE DOBLE HUECO 30CM - Tienda Er\u00f3tica","robots":{"index":"noindex","follow":"follow","max-snippet":"max-snippet:-1","max-image-preview":"max-image-preview:large","max-video-preview":"max-video-preview:-1"},"og_locale":"es_ES","og_type":"article","og_title":"ARN\u00c9S CON PENE DOBLE HUECO 30CM - Tienda Er\u00f3tica","og_description":"11 TWO COCKS ONE HOLE HOLLOW STRAP-ON Cuando el tama\u00f1o importa y est\u00e1s buscando una experiencia \u00fanica en su tipo,","og_url":"https:\/\/demoweb.info\/sexshop001\/producto\/arnes-con-pene-doble-hueco-30cm\/","og_site_name":"Tienda Er\u00f3tica","article_modified_time":"2022-01-22T16:29:27+00:00","og_image":[{"width":550,"height":550,"url":"https:\/\/demoweb.info\/sexshop001\/wp-content\/uploads\/2022\/01\/ARNES-CON-PENE-DOBLE-HUECO-30CM.jpg","type":"image\/jpeg"}],"twitter_card":"summary_large_image","twitter_misc":{"Tiempo de lectura":"2 minutos"},"schema":{"@context":"https:\/\/schema.org","@graph":[{"@type":"WebPage","@id":"https:\/\/demoweb.info\/sexshop001\/producto\/arnes-con-pene-doble-hueco-30cm\/","url":"https:\/\/demoweb.info\/sexshop001\/producto\/arnes-con-pene-doble-hueco-30cm\/","name":"ARN\u00c9S CON PENE DOBLE HUECO 30CM - Tienda Er\u00f3tica","isPartOf":{"@id":"https:\/\/demoweb.info\/sexshop001\/#website"},"datePublished":"2022-01-22T16:29:23+00:00","dateModified":"2022-01-22T16:29:27+00:00","breadcrumb":{"@id":"https:\/\/demoweb.info\/sexshop001\/producto\/arnes-con-pene-doble-hueco-30cm\/#breadcrumb"},"inLanguage":"es","potentialAction":[{"@type":"ReadAction","target":["https:\/\/demoweb.info\/sexshop001\/producto\/arnes-con-pene-doble-hueco-30cm\/"]}]},{"@type":"BreadcrumbList","@id":"https:\/\/demoweb.info\/sexshop001\/producto\/arnes-con-pene-doble-hueco-30cm\/#breadcrumb","itemListElement":[{"@type":"ListItem","position":1,"name":"Portada","item":"https:\/\/demoweb.info\/sexshop001\/"},{"@type":"ListItem","position":2,"name":"Tienda","item":"https:\/\/demoweb.info\/sexshop001\/tienda\/"},{"@type":"ListItem","position":3,"name":"ARN\u00c9S CON PENE DOBLE HUECO 30CM"}]},{"@type":"WebSite","@id":"https:\/\/demoweb.info\/sexshop001\/#website","url":"https:\/\/demoweb.info\/sexshop001\/","name":"Tienda Er\u00f3tica","description":"DEMOWEB SL","potentialAction":[{"@type":"SearchAction","target":{"@type":"EntryPoint","urlTemplate":"https:\/\/demoweb.info\/sexshop001\/?s={search_term_string}"},"query-input":"required name=search_term_string"}],"inLanguage":"es"}]}},"_links":{"self":[{"href":"https:\/\/demoweb.info\/sexshop001\/wp-json\/wp\/v3\/product\/57704","targetHints":{"allow":["GET"]}}],"collection":[{"href":"https:\/\/demoweb.info\/sexshop001\/wp-json\/wp\/v3\/product"}],"about":[{"href":"https:\/\/demoweb.info\/sexshop001\/wp-json\/wp\/v2\/types\/product"}],"replies":[{"embeddable":true,"href":"https:\/\/demoweb.info\/sexshop001\/wp-json\/wp\/v2\/comments?post=57704"}],"wp:featuredmedia":[{"embeddable":true,"href":"https:\/\/demoweb.info\/sexshop001\/wp-json\/wp\/v2\/media\/57705"}],"wp:attachment":[{"href":"https:\/\/demoweb.info\/sexshop001\/wp-json\/wp\/v2\/media?parent=57704"}],"wp:term":[{"taxonomy":"product_cat","embeddable":true,"href":"https:\/\/demoweb.info\/sexshop001\/wp-json\/wp\/v2\/product_cat?post=57704"},{"taxonomy":"product_tag","embeddable":true,"href":"https:\/\/demoweb.info\/sexshop001\/wp-json\/wp\/v2\/product_tag?post=57704"}],"curies":[{"name":"wp","href":"https:\/\/api.w.org\/{rel}","templated":true}]}}