{"id":57668,"date":"2022-01-22T17:28:49","date_gmt":"2022-01-22T16:28:49","guid":{"rendered":"https:\/\/demoweb.info\/sexshop001\/producto\/talk-dirty-masturbador-con-rotacion-y-voz\/"},"modified":"2022-01-22T17:29:01","modified_gmt":"2022-01-22T16:29:01","slug":"talk-dirty-masturbador-con-rotacion-y-voz","status":"publish","type":"product","link":"https:\/\/demoweb.info\/sexshop001\/producto\/talk-dirty-masturbador-con-rotacion-y-voz\/","title":{"rendered":"TALK DIRTY MASTURBADOR CON ROTACI\u00d3N Y VOZ"},"content":{"rendered":"<p><strong>TALK DIRTY ROTOBATOR<\/strong><\/p>\n<p>\u00a1Experimenta la verdadera innovaci\u00f3n en la masturbaci\u00f3n! El PDX ELITE Talk Dirty Rotobator presenta conversaci\u00f3n sexy, gemidos entrecortados y una rotaci\u00f3n estimulante \u00fanica, todo en un dise\u00f1o compacto. Los sonidos seductores agregan placer intenso a cada sesi\u00f3n de masturbaci\u00f3n, y el conveniente conector para auriculares le permite escucharlos en privado.<\/p>\n<p>El Rotobador Talk Dirty presenta un mecanismo de rotaci\u00f3n avanzado que envuelve las \u00e1reas sensibles de tu eje superior. La abertura flexible se ajusta perfectamente y, con cada revoluci\u00f3n automatizada, las perlas cosquilleantes de la funda s\u00faper suave de TPR giran con solo presionar un bot\u00f3n.<\/p>\n<p>El dise\u00f1o del dispositivo port\u00e1til es perfecto para viajes y almacenamiento.<\/p>\n<p>Caracteristicas:<\/p>\n<ul>\n<li>ROTACI\u00d3N: este masturbador totalmente automatizado presenta 7 emocionantes patrones de rotaci\u00f3n para elegir.<\/li>\n<li>HABLAR Y GANAR &#8211; La conversaci\u00f3n sexual sugerente proporciona una experiencia sensual poderosamente er\u00f3tica.<\/li>\n<li>OPERACI\u00d3N DE 3 BOTONES: controla tu m\u00e1ximo placer con solo tocar un bot\u00f3n.<\/li>\n<li>RECARGABLE USB &#8211; \u00a1Listo cuando tu lo est\u00e9s! F\u00e1cil y convenientemente recargable ofreciendo horas de disfrute. Cada PDX ELITE Talk Dirty Rotobator incluye un cable USB para una recarga conveniente.<\/li>\n<\/ul>\n<ul>\n<li>TOMA DE AURICULARES &#8211; Escucha en privado conectando los auriculares en la parte inferior.<\/li>\n<\/ul>\n<ul>\n<li>EZ GRIP &#8211; Mango: El dise\u00f1o ergon\u00f3mico presenta una superficie mate y estr\u00edas delgadas que ofrecen un agarre s\u00f3lido.<\/li>\n<\/ul>\n<ul>\n<li>FUNCIONAMIENTO SIMPLE DE 3 BOTONES: un motor recargable ultra fuerte que proporciona control de voz y rotaci\u00f3n.<\/li>\n<\/ul>\n<ul>\n<li>ACCI\u00d3N GIRATORIA: cuenta con 7 patrones de rotaci\u00f3n satisfactorios en dos direcciones.<\/li>\n<\/ul>\n<ul>\n<li>SUPERIOR REALISTA &#8211; Los labios flexibles se ajustan perfectamente a tu eje.<\/li>\n<\/ul>\n<p>Instrucciones de uso:<\/p>\n<ul>\n<li>ENCENDIDO \/ APAGADO: Mant\u00e9n presionado el bot\u00f3n de encendido para iniciar el encendido. Mant\u00e9n presionado para apagar.<\/li>\n<\/ul>\n<ul>\n<li>ROTACI\u00d3N: Mant\u00e9n presionado el bot\u00f3n de rotaci\u00f3n para activar la rotaci\u00f3n. Presiona nuevamente para recorrer 7 patrones de rotaci\u00f3n, incluidas las opciones de rotaci\u00f3n inversa.<\/li>\n<\/ul>\n<ul>\n<li>SONIDOS: Mant\u00e9n presionado el \u00edcono del altavoz para iniciar la operaci\u00f3n de voz.<\/li>\n<\/ul>\n<p>Instrucciones de cuidado:<\/p>\n<ul>\n<li>Recargable a trav\u00e9s del cable USB incluido.<\/li>\n<li>La limpieza es instant\u00e1nea despu\u00e9s de la diversi\u00f3n con Refresh Toy Cleaner y agua tibia.<\/li>\n<li>La funda interior es desmontable para facilitar su limpieza.<\/li>\n<\/ul>\n<p>Medidas:<\/p>\n<ul>\n<li>Largo: 24 cm<\/li>\n<li>Ancho: 8,3 cm<\/li>\n<li>Altura: 8,3 cm<\/li>\n<li>Di\u00e1metro interior: 5,1 cm<\/li>\n<\/ul>\n","protected":false},"excerpt":{"rendered":"<p>TALK DIRTY ROTOBATOR \u00a1Experimenta la verdadera innovaci\u00f3n en la masturbaci\u00f3n! El PDX ELITE Talk Dirty Rotobator presenta conversaci\u00f3n sexy, gemidos<\/p>\n","protected":false},"featured_media":57669,"comment_status":"open","ping_status":"open","template":"","meta":[],"product_cat":[364],"product_tag":[521,259],"class_list":["post-57668","product","type-product","status-publish","has-post-thumbnail","hentry","product_cat-con-vibracion","product_tag-pdx-elite","product_tag-pipedream"],"bundled_by":[],"bundle_stock_status":"instock","bundle_stock_quantity":1,"bundle_virtual":false,"bundle_layout":"","bundle_add_to_cart_form_location":"","bundle_editable_in_cart":false,"bundle_sold_individually_context":"","bundle_item_grouping":"","bundle_min_size":"","bundle_max_size":"","bundled_items":[],"yoast_head":"<!-- This site is optimized with the Yoast SEO plugin v20.6 - https:\/\/yoast.com\/wordpress\/plugins\/seo\/ -->\n<title>TALK DIRTY MASTURBADOR CON ROTACI\u00d3N Y VOZ - Tienda Er\u00f3tica<\/title>\n<meta name=\"robots\" content=\"noindex, follow, max-snippet:-1, max-image-preview:large, max-video-preview:-1\" \/>\n<meta property=\"og:locale\" content=\"es_ES\" \/>\n<meta property=\"og:type\" content=\"article\" \/>\n<meta property=\"og:title\" content=\"TALK DIRTY MASTURBADOR CON ROTACI\u00d3N Y VOZ - Tienda Er\u00f3tica\" \/>\n<meta property=\"og:description\" content=\"TALK DIRTY ROTOBATOR \u00a1Experimenta la verdadera innovaci\u00f3n en la masturbaci\u00f3n! El PDX ELITE Talk Dirty Rotobator presenta conversaci\u00f3n sexy, gemidos\" \/>\n<meta property=\"og:url\" content=\"https:\/\/demoweb.info\/sexshop001\/producto\/talk-dirty-masturbador-con-rotacion-y-voz\/\" \/>\n<meta property=\"og:site_name\" content=\"Tienda Er\u00f3tica\" \/>\n<meta property=\"article:modified_time\" content=\"2022-01-22T16:29:01+00:00\" \/>\n<meta property=\"og:image\" content=\"https:\/\/demoweb.info\/sexshop001\/wp-content\/uploads\/2022\/01\/TALK-DIRTY-MASTURBADOR-CON-ROTACION-Y-VOZ.jpg\" \/>\n\t<meta property=\"og:image:width\" content=\"550\" \/>\n\t<meta property=\"og:image:height\" content=\"550\" \/>\n\t<meta property=\"og:image:type\" content=\"image\/jpeg\" \/>\n<meta name=\"twitter:card\" content=\"summary_large_image\" \/>\n<meta name=\"twitter:label1\" content=\"Tiempo de lectura\" \/>\n\t<meta name=\"twitter:data1\" content=\"2 minutos\" \/>\n<script type=\"application\/ld+json\" class=\"yoast-schema-graph\">{\"@context\":\"https:\/\/schema.org\",\"@graph\":[{\"@type\":\"WebPage\",\"@id\":\"https:\/\/demoweb.info\/sexshop001\/producto\/talk-dirty-masturbador-con-rotacion-y-voz\/\",\"url\":\"https:\/\/demoweb.info\/sexshop001\/producto\/talk-dirty-masturbador-con-rotacion-y-voz\/\",\"name\":\"TALK DIRTY MASTURBADOR CON ROTACI\u00d3N Y VOZ - Tienda Er\u00f3tica\",\"isPartOf\":{\"@id\":\"https:\/\/demoweb.info\/sexshop001\/#website\"},\"datePublished\":\"2022-01-22T16:28:49+00:00\",\"dateModified\":\"2022-01-22T16:29:01+00:00\",\"breadcrumb\":{\"@id\":\"https:\/\/demoweb.info\/sexshop001\/producto\/talk-dirty-masturbador-con-rotacion-y-voz\/#breadcrumb\"},\"inLanguage\":\"es\",\"potentialAction\":[{\"@type\":\"ReadAction\",\"target\":[\"https:\/\/demoweb.info\/sexshop001\/producto\/talk-dirty-masturbador-con-rotacion-y-voz\/\"]}]},{\"@type\":\"BreadcrumbList\",\"@id\":\"https:\/\/demoweb.info\/sexshop001\/producto\/talk-dirty-masturbador-con-rotacion-y-voz\/#breadcrumb\",\"itemListElement\":[{\"@type\":\"ListItem\",\"position\":1,\"name\":\"Portada\",\"item\":\"https:\/\/demoweb.info\/sexshop001\/\"},{\"@type\":\"ListItem\",\"position\":2,\"name\":\"Tienda\",\"item\":\"https:\/\/demoweb.info\/sexshop001\/tienda\/\"},{\"@type\":\"ListItem\",\"position\":3,\"name\":\"TALK DIRTY MASTURBADOR CON ROTACI\u00d3N Y VOZ\"}]},{\"@type\":\"WebSite\",\"@id\":\"https:\/\/demoweb.info\/sexshop001\/#website\",\"url\":\"https:\/\/demoweb.info\/sexshop001\/\",\"name\":\"Tienda Er\u00f3tica\",\"description\":\"DEMOWEB SL\",\"potentialAction\":[{\"@type\":\"SearchAction\",\"target\":{\"@type\":\"EntryPoint\",\"urlTemplate\":\"https:\/\/demoweb.info\/sexshop001\/?s={search_term_string}\"},\"query-input\":\"required name=search_term_string\"}],\"inLanguage\":\"es\"}]}<\/script>\n<!-- \/ Yoast SEO plugin. -->","yoast_head_json":{"title":"TALK DIRTY MASTURBADOR CON ROTACI\u00d3N Y VOZ - Tienda Er\u00f3tica","robots":{"index":"noindex","follow":"follow","max-snippet":"max-snippet:-1","max-image-preview":"max-image-preview:large","max-video-preview":"max-video-preview:-1"},"og_locale":"es_ES","og_type":"article","og_title":"TALK DIRTY MASTURBADOR CON ROTACI\u00d3N Y VOZ - Tienda Er\u00f3tica","og_description":"TALK DIRTY ROTOBATOR \u00a1Experimenta la verdadera innovaci\u00f3n en la masturbaci\u00f3n! El PDX ELITE Talk Dirty Rotobator presenta conversaci\u00f3n sexy, gemidos","og_url":"https:\/\/demoweb.info\/sexshop001\/producto\/talk-dirty-masturbador-con-rotacion-y-voz\/","og_site_name":"Tienda Er\u00f3tica","article_modified_time":"2022-01-22T16:29:01+00:00","og_image":[{"width":550,"height":550,"url":"https:\/\/demoweb.info\/sexshop001\/wp-content\/uploads\/2022\/01\/TALK-DIRTY-MASTURBADOR-CON-ROTACION-Y-VOZ.jpg","type":"image\/jpeg"}],"twitter_card":"summary_large_image","twitter_misc":{"Tiempo de lectura":"2 minutos"},"schema":{"@context":"https:\/\/schema.org","@graph":[{"@type":"WebPage","@id":"https:\/\/demoweb.info\/sexshop001\/producto\/talk-dirty-masturbador-con-rotacion-y-voz\/","url":"https:\/\/demoweb.info\/sexshop001\/producto\/talk-dirty-masturbador-con-rotacion-y-voz\/","name":"TALK DIRTY MASTURBADOR CON ROTACI\u00d3N Y VOZ - Tienda Er\u00f3tica","isPartOf":{"@id":"https:\/\/demoweb.info\/sexshop001\/#website"},"datePublished":"2022-01-22T16:28:49+00:00","dateModified":"2022-01-22T16:29:01+00:00","breadcrumb":{"@id":"https:\/\/demoweb.info\/sexshop001\/producto\/talk-dirty-masturbador-con-rotacion-y-voz\/#breadcrumb"},"inLanguage":"es","potentialAction":[{"@type":"ReadAction","target":["https:\/\/demoweb.info\/sexshop001\/producto\/talk-dirty-masturbador-con-rotacion-y-voz\/"]}]},{"@type":"BreadcrumbList","@id":"https:\/\/demoweb.info\/sexshop001\/producto\/talk-dirty-masturbador-con-rotacion-y-voz\/#breadcrumb","itemListElement":[{"@type":"ListItem","position":1,"name":"Portada","item":"https:\/\/demoweb.info\/sexshop001\/"},{"@type":"ListItem","position":2,"name":"Tienda","item":"https:\/\/demoweb.info\/sexshop001\/tienda\/"},{"@type":"ListItem","position":3,"name":"TALK DIRTY MASTURBADOR CON ROTACI\u00d3N Y VOZ"}]},{"@type":"WebSite","@id":"https:\/\/demoweb.info\/sexshop001\/#website","url":"https:\/\/demoweb.info\/sexshop001\/","name":"Tienda Er\u00f3tica","description":"DEMOWEB SL","potentialAction":[{"@type":"SearchAction","target":{"@type":"EntryPoint","urlTemplate":"https:\/\/demoweb.info\/sexshop001\/?s={search_term_string}"},"query-input":"required name=search_term_string"}],"inLanguage":"es"}]}},"_links":{"self":[{"href":"https:\/\/demoweb.info\/sexshop001\/wp-json\/wp\/v3\/product\/57668","targetHints":{"allow":["GET"]}}],"collection":[{"href":"https:\/\/demoweb.info\/sexshop001\/wp-json\/wp\/v3\/product"}],"about":[{"href":"https:\/\/demoweb.info\/sexshop001\/wp-json\/wp\/v2\/types\/product"}],"replies":[{"embeddable":true,"href":"https:\/\/demoweb.info\/sexshop001\/wp-json\/wp\/v2\/comments?post=57668"}],"wp:featuredmedia":[{"embeddable":true,"href":"https:\/\/demoweb.info\/sexshop001\/wp-json\/wp\/v2\/media\/57669"}],"wp:attachment":[{"href":"https:\/\/demoweb.info\/sexshop001\/wp-json\/wp\/v2\/media?parent=57668"}],"wp:term":[{"taxonomy":"product_cat","embeddable":true,"href":"https:\/\/demoweb.info\/sexshop001\/wp-json\/wp\/v2\/product_cat?post=57668"},{"taxonomy":"product_tag","embeddable":true,"href":"https:\/\/demoweb.info\/sexshop001\/wp-json\/wp\/v2\/product_tag?post=57668"}],"curies":[{"name":"wp","href":"https:\/\/api.w.org\/{rel}","templated":true}]}}