{"id":57661,"date":"2022-01-22T17:28:49","date_gmt":"2022-01-22T16:28:49","guid":{"rendered":"https:\/\/demoweb.info\/sexshop001\/producto\/mega-milker-masturbador-vagina-con-vibracion\/"},"modified":"2022-01-22T17:28:56","modified_gmt":"2022-01-22T16:28:56","slug":"mega-milker-masturbador-vagina-con-vibracion","status":"publish","type":"product","link":"https:\/\/demoweb.info\/sexshop001\/producto\/mega-milker-masturbador-vagina-con-vibracion\/","title":{"rendered":"MEGA MILKER MASTURBADOR VAGINA CON VIBRACI\u00d3N"},"content":{"rendered":"<p><strong>VIBRATING MEGA MILKER<\/strong><\/p>\n<p>La innovadora tecnolog\u00eda de compresi\u00f3n del PDX ELITE VIBRATING MEGA MILKER est\u00e1 dise\u00f1ada para rodear autom\u00e1ticamente tu eje con presi\u00f3n estimulante, lo que permite un placer de apretar y liberar incre\u00edble. Una ventana transparente te permite ver la acci\u00f3n con 6 velocidades de empoderamiento.<\/p>\n<p>Una funda interior Fanta Flesh s\u00faper suave y realista forrada con bulbos de masaje, protuberancias y texturas agradables cumplir\u00e1 tus fantas\u00edas con cada empuje. Para una vibraci\u00f3n completamente automatizada, simplemente presiona el bot\u00f3n del potente motor recargable y disfruta de 7 patrones de vibraciones burlonas que viajan hasta su eje.<\/p>\n<p>\u00a1Explora tus opciones! La robusta carcasa exterior con una ventosa de bloqueo se puede ajustar a tu posici\u00f3n de manos libres preferida, o retira la funda interior Fanta Flesh para el placer manual.<\/p>\n<p>Caracteristicas:<\/p>\n<ul>\n<li>Fanta Flesh realista: imita la sensaci\u00f3n y el calor de la piel real.<\/li>\n<li>Vibraci\u00f3n: 7 patrones de vibraci\u00f3n poderosos para rodear tu pene con una experiencia alucinante m\u00e1xima.<\/li>\n<li>Compresi\u00f3n: la tecnolog\u00eda de compresi\u00f3n avanzada aplica la cantidad justa de presi\u00f3n agradable con 6 velocidades diferentes.<\/li>\n<li>Ventana transparente: la ventana clara y duradera te permite verte disfrutar de la mejor experiencia de masturbaci\u00f3n de tu vida.<\/li>\n<li>Show de luces LED: disfruta del colorido brillo del show de luces LED para iluminar tu experiencia de masturbaci\u00f3n.<\/li>\n<li>Ventosa de bloqueo extra\u00edble y ajustable: la succi\u00f3n intensamente potente permite la uni\u00f3n a casi todas las superficies planas con un innovador dise\u00f1o de cierre giratorio para una conexi\u00f3n de mayor resistencia.<\/li>\n<li>Operaci\u00f3n de 3 botones: un motor recargable s\u00faper fuerte proporciona 7 patrones de vibraciones estimulantes, 6 velocidades satisfactorias y un espect\u00e1culo de luces LED.<\/li>\n<\/ul>\n<p>Instrucciones de operaci\u00f3n:<\/p>\n<ul>\n<li>VIBRACI\u00d3N: mant\u00e9n presionado el bot\u00f3n Modo para iniciar la vibraci\u00f3n. Presiona nuevamente para recorrer 7 patrones de vibraci\u00f3n. Mant\u00e9n presionado para apagar.<\/li>\n<\/ul>\n<ul>\n<li>COMPRESI\u00d3N: Mant\u00e9n presionado el bot\u00f3n Compresi\u00f3n para iniciar la masturbaci\u00f3n automatizada. Presi\u00f3nalo nuevamente para recorrer 6 velocidades de intensidad. Mant\u00e9n presionado para apagar.<\/li>\n<\/ul>\n<ul>\n<li>LED DE LUZ: para activar la luz LED de colores, presiona y mant\u00e9n presionado el bot\u00f3n LED. La luz din\u00e1mica recorre autom\u00e1ticamente un espect\u00e1culo de luces de colores. Mant\u00e9n presionado para apagar.<\/li>\n<\/ul>\n<p>Instrucciones de cuidado:<\/p>\n<ul>\n<li>Cada PDX ELITE VIBRATING MEGA MILKER incluye un cable USB para una carga conveniente.<\/li>\n<\/ul>\n<p>Medidas:<\/p>\n<ul>\n<li>Largo: 24 cm<\/li>\n<li>Ancho: 8,4 cm<\/li>\n<li>Alto: 8,4 cm<\/li>\n<li>Di\u00e1metro interno: 5,8 cm<\/li>\n<\/ul>\n","protected":false},"excerpt":{"rendered":"<p>VIBRATING MEGA MILKER La innovadora tecnolog\u00eda de compresi\u00f3n del PDX ELITE VIBRATING MEGA MILKER est\u00e1 dise\u00f1ada para rodear autom\u00e1ticamente tu<\/p>\n","protected":false},"featured_media":57662,"comment_status":"open","ping_status":"open","template":"","meta":[],"product_cat":[541],"product_tag":[521,259],"class_list":["post-57661","product","type-product","status-publish","has-post-thumbnail","hentry","product_cat-vaginas","product_tag-pdx-elite","product_tag-pipedream"],"bundled_by":[],"bundle_stock_status":"instock","bundle_stock_quantity":5,"bundle_virtual":false,"bundle_layout":"","bundle_add_to_cart_form_location":"","bundle_editable_in_cart":false,"bundle_sold_individually_context":"","bundle_item_grouping":"","bundle_min_size":"","bundle_max_size":"","bundled_items":[],"yoast_head":"<!-- This site is optimized with the Yoast SEO plugin v20.6 - https:\/\/yoast.com\/wordpress\/plugins\/seo\/ -->\n<title>MEGA MILKER MASTURBADOR VAGINA CON VIBRACI\u00d3N - Tienda Er\u00f3tica<\/title>\n<meta name=\"robots\" content=\"noindex, follow, max-snippet:-1, max-image-preview:large, max-video-preview:-1\" \/>\n<meta property=\"og:locale\" content=\"es_ES\" \/>\n<meta property=\"og:type\" content=\"article\" \/>\n<meta property=\"og:title\" content=\"MEGA MILKER MASTURBADOR VAGINA CON VIBRACI\u00d3N - Tienda Er\u00f3tica\" \/>\n<meta property=\"og:description\" content=\"VIBRATING MEGA MILKER La innovadora tecnolog\u00eda de compresi\u00f3n del PDX ELITE VIBRATING MEGA MILKER est\u00e1 dise\u00f1ada para rodear autom\u00e1ticamente tu\" \/>\n<meta property=\"og:url\" content=\"https:\/\/demoweb.info\/sexshop001\/producto\/mega-milker-masturbador-vagina-con-vibracion\/\" \/>\n<meta property=\"og:site_name\" content=\"Tienda Er\u00f3tica\" \/>\n<meta property=\"article:modified_time\" content=\"2022-01-22T16:28:56+00:00\" \/>\n<meta property=\"og:image\" content=\"https:\/\/demoweb.info\/sexshop001\/wp-content\/uploads\/2022\/01\/MEGA-MILKER-MASTURBADOR-VAGINA-CON-VIBRACION.jpg\" \/>\n\t<meta property=\"og:image:width\" content=\"550\" \/>\n\t<meta property=\"og:image:height\" content=\"550\" \/>\n\t<meta property=\"og:image:type\" content=\"image\/jpeg\" \/>\n<meta name=\"twitter:card\" content=\"summary_large_image\" \/>\n<meta name=\"twitter:label1\" content=\"Tiempo de lectura\" \/>\n\t<meta name=\"twitter:data1\" content=\"2 minutos\" \/>\n<script type=\"application\/ld+json\" class=\"yoast-schema-graph\">{\"@context\":\"https:\/\/schema.org\",\"@graph\":[{\"@type\":\"WebPage\",\"@id\":\"https:\/\/demoweb.info\/sexshop001\/producto\/mega-milker-masturbador-vagina-con-vibracion\/\",\"url\":\"https:\/\/demoweb.info\/sexshop001\/producto\/mega-milker-masturbador-vagina-con-vibracion\/\",\"name\":\"MEGA MILKER MASTURBADOR VAGINA CON VIBRACI\u00d3N - Tienda Er\u00f3tica\",\"isPartOf\":{\"@id\":\"https:\/\/demoweb.info\/sexshop001\/#website\"},\"datePublished\":\"2022-01-22T16:28:49+00:00\",\"dateModified\":\"2022-01-22T16:28:56+00:00\",\"breadcrumb\":{\"@id\":\"https:\/\/demoweb.info\/sexshop001\/producto\/mega-milker-masturbador-vagina-con-vibracion\/#breadcrumb\"},\"inLanguage\":\"es\",\"potentialAction\":[{\"@type\":\"ReadAction\",\"target\":[\"https:\/\/demoweb.info\/sexshop001\/producto\/mega-milker-masturbador-vagina-con-vibracion\/\"]}]},{\"@type\":\"BreadcrumbList\",\"@id\":\"https:\/\/demoweb.info\/sexshop001\/producto\/mega-milker-masturbador-vagina-con-vibracion\/#breadcrumb\",\"itemListElement\":[{\"@type\":\"ListItem\",\"position\":1,\"name\":\"Portada\",\"item\":\"https:\/\/demoweb.info\/sexshop001\/\"},{\"@type\":\"ListItem\",\"position\":2,\"name\":\"Tienda\",\"item\":\"https:\/\/demoweb.info\/sexshop001\/tienda\/\"},{\"@type\":\"ListItem\",\"position\":3,\"name\":\"MEGA MILKER MASTURBADOR VAGINA CON VIBRACI\u00d3N\"}]},{\"@type\":\"WebSite\",\"@id\":\"https:\/\/demoweb.info\/sexshop001\/#website\",\"url\":\"https:\/\/demoweb.info\/sexshop001\/\",\"name\":\"Tienda Er\u00f3tica\",\"description\":\"DEMOWEB SL\",\"potentialAction\":[{\"@type\":\"SearchAction\",\"target\":{\"@type\":\"EntryPoint\",\"urlTemplate\":\"https:\/\/demoweb.info\/sexshop001\/?s={search_term_string}\"},\"query-input\":\"required name=search_term_string\"}],\"inLanguage\":\"es\"}]}<\/script>\n<!-- \/ Yoast SEO plugin. -->","yoast_head_json":{"title":"MEGA MILKER MASTURBADOR VAGINA CON VIBRACI\u00d3N - Tienda Er\u00f3tica","robots":{"index":"noindex","follow":"follow","max-snippet":"max-snippet:-1","max-image-preview":"max-image-preview:large","max-video-preview":"max-video-preview:-1"},"og_locale":"es_ES","og_type":"article","og_title":"MEGA MILKER MASTURBADOR VAGINA CON VIBRACI\u00d3N - Tienda Er\u00f3tica","og_description":"VIBRATING MEGA MILKER La innovadora tecnolog\u00eda de compresi\u00f3n del PDX ELITE VIBRATING MEGA MILKER est\u00e1 dise\u00f1ada para rodear autom\u00e1ticamente tu","og_url":"https:\/\/demoweb.info\/sexshop001\/producto\/mega-milker-masturbador-vagina-con-vibracion\/","og_site_name":"Tienda Er\u00f3tica","article_modified_time":"2022-01-22T16:28:56+00:00","og_image":[{"width":550,"height":550,"url":"https:\/\/demoweb.info\/sexshop001\/wp-content\/uploads\/2022\/01\/MEGA-MILKER-MASTURBADOR-VAGINA-CON-VIBRACION.jpg","type":"image\/jpeg"}],"twitter_card":"summary_large_image","twitter_misc":{"Tiempo de lectura":"2 minutos"},"schema":{"@context":"https:\/\/schema.org","@graph":[{"@type":"WebPage","@id":"https:\/\/demoweb.info\/sexshop001\/producto\/mega-milker-masturbador-vagina-con-vibracion\/","url":"https:\/\/demoweb.info\/sexshop001\/producto\/mega-milker-masturbador-vagina-con-vibracion\/","name":"MEGA MILKER MASTURBADOR VAGINA CON VIBRACI\u00d3N - Tienda Er\u00f3tica","isPartOf":{"@id":"https:\/\/demoweb.info\/sexshop001\/#website"},"datePublished":"2022-01-22T16:28:49+00:00","dateModified":"2022-01-22T16:28:56+00:00","breadcrumb":{"@id":"https:\/\/demoweb.info\/sexshop001\/producto\/mega-milker-masturbador-vagina-con-vibracion\/#breadcrumb"},"inLanguage":"es","potentialAction":[{"@type":"ReadAction","target":["https:\/\/demoweb.info\/sexshop001\/producto\/mega-milker-masturbador-vagina-con-vibracion\/"]}]},{"@type":"BreadcrumbList","@id":"https:\/\/demoweb.info\/sexshop001\/producto\/mega-milker-masturbador-vagina-con-vibracion\/#breadcrumb","itemListElement":[{"@type":"ListItem","position":1,"name":"Portada","item":"https:\/\/demoweb.info\/sexshop001\/"},{"@type":"ListItem","position":2,"name":"Tienda","item":"https:\/\/demoweb.info\/sexshop001\/tienda\/"},{"@type":"ListItem","position":3,"name":"MEGA MILKER MASTURBADOR VAGINA CON VIBRACI\u00d3N"}]},{"@type":"WebSite","@id":"https:\/\/demoweb.info\/sexshop001\/#website","url":"https:\/\/demoweb.info\/sexshop001\/","name":"Tienda Er\u00f3tica","description":"DEMOWEB SL","potentialAction":[{"@type":"SearchAction","target":{"@type":"EntryPoint","urlTemplate":"https:\/\/demoweb.info\/sexshop001\/?s={search_term_string}"},"query-input":"required name=search_term_string"}],"inLanguage":"es"}]}},"_links":{"self":[{"href":"https:\/\/demoweb.info\/sexshop001\/wp-json\/wp\/v3\/product\/57661","targetHints":{"allow":["GET"]}}],"collection":[{"href":"https:\/\/demoweb.info\/sexshop001\/wp-json\/wp\/v3\/product"}],"about":[{"href":"https:\/\/demoweb.info\/sexshop001\/wp-json\/wp\/v2\/types\/product"}],"replies":[{"embeddable":true,"href":"https:\/\/demoweb.info\/sexshop001\/wp-json\/wp\/v2\/comments?post=57661"}],"wp:featuredmedia":[{"embeddable":true,"href":"https:\/\/demoweb.info\/sexshop001\/wp-json\/wp\/v2\/media\/57662"}],"wp:attachment":[{"href":"https:\/\/demoweb.info\/sexshop001\/wp-json\/wp\/v2\/media?parent=57661"}],"wp:term":[{"taxonomy":"product_cat","embeddable":true,"href":"https:\/\/demoweb.info\/sexshop001\/wp-json\/wp\/v2\/product_cat?post=57661"},{"taxonomy":"product_tag","embeddable":true,"href":"https:\/\/demoweb.info\/sexshop001\/wp-json\/wp\/v2\/product_tag?post=57661"}],"curies":[{"name":"wp","href":"https:\/\/api.w.org\/{rel}","templated":true}]}}