{"id":57655,"date":"2022-01-22T17:28:49","date_gmt":"2022-01-22T16:28:49","guid":{"rendered":"https:\/\/demoweb.info\/sexshop001\/producto\/arnes-con-pene-realistico-uncut-19cm\/"},"modified":"2022-01-22T17:28:49","modified_gmt":"2022-01-22T16:28:49","slug":"arnes-con-pene-realistico-uncut-19cm","status":"publish","type":"product","link":"https:\/\/demoweb.info\/sexshop001\/producto\/arnes-con-pene-realistico-uncut-19cm\/","title":{"rendered":"ARN\u00c9S CON PENE REAL\u00cdSTICO UNCUT 19CM"},"content":{"rendered":"<p><strong>STRAP-ON HARNESS W\/7 UNCUT <\/strong><\/p>\n<p>Cuando desees una experiencia incre\u00edblemente realista, este King Cock Uncut con Strap-On Harness cumplir\u00e1 su fantas\u00eda con un prepucio m\u00f3vil realista que se desliza hacia atr\u00e1s, \u00a1como un verdadero pene sin cortes!<\/p>\n<p>El eje flexible y el prepucio est\u00e1n exquisitamente hechos a mano para proporcionar sensaciones intensamente estimulantes. La amplia base de la ventosa encaja perfectamente en el arn\u00e9s para un ajuste seguro e incluso se puede usar sin \u00e9l; p\u00e9gala a cualquier superficie lisa y plana para divertirte golpeando la pared.<\/p>\n<p>Cada King Cock no contiene ftalatos, no contiene l\u00e1tex, es seguro para el cuerpo e hipoalerg\u00e9nico.<\/p>\n<p>El arn\u00e9s de vinilo resistente mantiene todo en su lugar, incluso cuando la acci\u00f3n se calienta. El dise\u00f1o ajustado se adapta a los contornos de su cuerpo y se vuelve a\u00fan m\u00e1s suave y se adapta mejor a cada uso.<\/p>\n<p>Con una correa de tanga completamente ajustables, se adapta c\u00f3modamente a las cinturas de hasta 132 cm. Las hebillas de cintur\u00f3n de metal aseguran que no se suelten durante la diversi\u00f3n, mientras que las correas de velcro sostienen la junta t\u00f3rica en su lugar. Limpiar con limpiador de juguetes y agua tibia y dejar secar.<\/p>\n<p>Medidas:<\/p>\n<ul>\n<li>Longitud: 19 cm<\/li>\n<li>Alto: 4,6 cm<\/li>\n<li>Ancho: 4,6 cm<\/li>\n<li>Circunferencia: 14 cm<\/li>\n<li>Longitud Insertable: 18 cm<\/li>\n<\/ul>\n","protected":false},"excerpt":{"rendered":"<p>STRAP-ON HARNESS W\/7 UNCUT Cuando desees una experiencia incre\u00edblemente realista, este King Cock Uncut con Strap-On Harness cumplir\u00e1 su fantas\u00eda<\/p>\n","protected":false},"featured_media":57656,"comment_status":"open","ping_status":"open","template":"","meta":[],"product_cat":[629],"product_tag":[489,259],"class_list":["post-57655","product","type-product","status-publish","has-post-thumbnail","hentry","product_cat-silicona-con-pene","product_tag-king-cock","product_tag-pipedream"],"bundled_by":[],"bundle_stock_status":"instock","bundle_stock_quantity":1,"bundle_virtual":false,"bundle_layout":"","bundle_add_to_cart_form_location":"","bundle_editable_in_cart":false,"bundle_sold_individually_context":"","bundle_item_grouping":"","bundle_min_size":"","bundle_max_size":"","bundled_items":[],"yoast_head":"<!-- This site is optimized with the Yoast SEO plugin v20.6 - https:\/\/yoast.com\/wordpress\/plugins\/seo\/ -->\n<title>ARN\u00c9S CON PENE REAL\u00cdSTICO UNCUT 19CM - Tienda Er\u00f3tica<\/title>\n<meta name=\"robots\" content=\"noindex, follow, max-snippet:-1, max-image-preview:large, max-video-preview:-1\" \/>\n<meta property=\"og:locale\" content=\"es_ES\" \/>\n<meta property=\"og:type\" content=\"article\" \/>\n<meta property=\"og:title\" content=\"ARN\u00c9S CON PENE REAL\u00cdSTICO UNCUT 19CM - Tienda Er\u00f3tica\" \/>\n<meta property=\"og:description\" content=\"STRAP-ON HARNESS W\/7 UNCUT Cuando desees una experiencia incre\u00edblemente realista, este King Cock Uncut con Strap-On Harness cumplir\u00e1 su fantas\u00eda\" \/>\n<meta property=\"og:url\" content=\"https:\/\/demoweb.info\/sexshop001\/producto\/arnes-con-pene-realistico-uncut-19cm\/\" \/>\n<meta property=\"og:site_name\" content=\"Tienda Er\u00f3tica\" \/>\n<meta property=\"og:image\" content=\"https:\/\/demoweb.info\/sexshop001\/wp-content\/uploads\/2022\/01\/ARNES-CON-PENE-REALISTICO-UNCUT-19CM.jpg\" \/>\n\t<meta property=\"og:image:width\" content=\"550\" \/>\n\t<meta property=\"og:image:height\" content=\"550\" \/>\n\t<meta property=\"og:image:type\" content=\"image\/jpeg\" \/>\n<meta name=\"twitter:card\" content=\"summary_large_image\" \/>\n<meta name=\"twitter:label1\" content=\"Tiempo de lectura\" \/>\n\t<meta name=\"twitter:data1\" content=\"1 minuto\" \/>\n<script type=\"application\/ld+json\" class=\"yoast-schema-graph\">{\"@context\":\"https:\/\/schema.org\",\"@graph\":[{\"@type\":\"WebPage\",\"@id\":\"https:\/\/demoweb.info\/sexshop001\/producto\/arnes-con-pene-realistico-uncut-19cm\/\",\"url\":\"https:\/\/demoweb.info\/sexshop001\/producto\/arnes-con-pene-realistico-uncut-19cm\/\",\"name\":\"ARN\u00c9S CON PENE REAL\u00cdSTICO UNCUT 19CM - Tienda Er\u00f3tica\",\"isPartOf\":{\"@id\":\"https:\/\/demoweb.info\/sexshop001\/#website\"},\"datePublished\":\"2022-01-22T16:28:49+00:00\",\"dateModified\":\"2022-01-22T16:28:49+00:00\",\"breadcrumb\":{\"@id\":\"https:\/\/demoweb.info\/sexshop001\/producto\/arnes-con-pene-realistico-uncut-19cm\/#breadcrumb\"},\"inLanguage\":\"es\",\"potentialAction\":[{\"@type\":\"ReadAction\",\"target\":[\"https:\/\/demoweb.info\/sexshop001\/producto\/arnes-con-pene-realistico-uncut-19cm\/\"]}]},{\"@type\":\"BreadcrumbList\",\"@id\":\"https:\/\/demoweb.info\/sexshop001\/producto\/arnes-con-pene-realistico-uncut-19cm\/#breadcrumb\",\"itemListElement\":[{\"@type\":\"ListItem\",\"position\":1,\"name\":\"Portada\",\"item\":\"https:\/\/demoweb.info\/sexshop001\/\"},{\"@type\":\"ListItem\",\"position\":2,\"name\":\"Tienda\",\"item\":\"https:\/\/demoweb.info\/sexshop001\/tienda\/\"},{\"@type\":\"ListItem\",\"position\":3,\"name\":\"ARN\u00c9S CON PENE REAL\u00cdSTICO UNCUT 19CM\"}]},{\"@type\":\"WebSite\",\"@id\":\"https:\/\/demoweb.info\/sexshop001\/#website\",\"url\":\"https:\/\/demoweb.info\/sexshop001\/\",\"name\":\"Tienda Er\u00f3tica\",\"description\":\"DEMOWEB SL\",\"potentialAction\":[{\"@type\":\"SearchAction\",\"target\":{\"@type\":\"EntryPoint\",\"urlTemplate\":\"https:\/\/demoweb.info\/sexshop001\/?s={search_term_string}\"},\"query-input\":\"required name=search_term_string\"}],\"inLanguage\":\"es\"}]}<\/script>\n<!-- \/ Yoast SEO plugin. -->","yoast_head_json":{"title":"ARN\u00c9S CON PENE REAL\u00cdSTICO UNCUT 19CM - Tienda Er\u00f3tica","robots":{"index":"noindex","follow":"follow","max-snippet":"max-snippet:-1","max-image-preview":"max-image-preview:large","max-video-preview":"max-video-preview:-1"},"og_locale":"es_ES","og_type":"article","og_title":"ARN\u00c9S CON PENE REAL\u00cdSTICO UNCUT 19CM - Tienda Er\u00f3tica","og_description":"STRAP-ON HARNESS W\/7 UNCUT Cuando desees una experiencia incre\u00edblemente realista, este King Cock Uncut con Strap-On Harness cumplir\u00e1 su fantas\u00eda","og_url":"https:\/\/demoweb.info\/sexshop001\/producto\/arnes-con-pene-realistico-uncut-19cm\/","og_site_name":"Tienda Er\u00f3tica","og_image":[{"width":550,"height":550,"url":"https:\/\/demoweb.info\/sexshop001\/wp-content\/uploads\/2022\/01\/ARNES-CON-PENE-REALISTICO-UNCUT-19CM.jpg","type":"image\/jpeg"}],"twitter_card":"summary_large_image","twitter_misc":{"Tiempo de lectura":"1 minuto"},"schema":{"@context":"https:\/\/schema.org","@graph":[{"@type":"WebPage","@id":"https:\/\/demoweb.info\/sexshop001\/producto\/arnes-con-pene-realistico-uncut-19cm\/","url":"https:\/\/demoweb.info\/sexshop001\/producto\/arnes-con-pene-realistico-uncut-19cm\/","name":"ARN\u00c9S CON PENE REAL\u00cdSTICO UNCUT 19CM - Tienda Er\u00f3tica","isPartOf":{"@id":"https:\/\/demoweb.info\/sexshop001\/#website"},"datePublished":"2022-01-22T16:28:49+00:00","dateModified":"2022-01-22T16:28:49+00:00","breadcrumb":{"@id":"https:\/\/demoweb.info\/sexshop001\/producto\/arnes-con-pene-realistico-uncut-19cm\/#breadcrumb"},"inLanguage":"es","potentialAction":[{"@type":"ReadAction","target":["https:\/\/demoweb.info\/sexshop001\/producto\/arnes-con-pene-realistico-uncut-19cm\/"]}]},{"@type":"BreadcrumbList","@id":"https:\/\/demoweb.info\/sexshop001\/producto\/arnes-con-pene-realistico-uncut-19cm\/#breadcrumb","itemListElement":[{"@type":"ListItem","position":1,"name":"Portada","item":"https:\/\/demoweb.info\/sexshop001\/"},{"@type":"ListItem","position":2,"name":"Tienda","item":"https:\/\/demoweb.info\/sexshop001\/tienda\/"},{"@type":"ListItem","position":3,"name":"ARN\u00c9S CON PENE REAL\u00cdSTICO UNCUT 19CM"}]},{"@type":"WebSite","@id":"https:\/\/demoweb.info\/sexshop001\/#website","url":"https:\/\/demoweb.info\/sexshop001\/","name":"Tienda Er\u00f3tica","description":"DEMOWEB SL","potentialAction":[{"@type":"SearchAction","target":{"@type":"EntryPoint","urlTemplate":"https:\/\/demoweb.info\/sexshop001\/?s={search_term_string}"},"query-input":"required name=search_term_string"}],"inLanguage":"es"}]}},"_links":{"self":[{"href":"https:\/\/demoweb.info\/sexshop001\/wp-json\/wp\/v3\/product\/57655","targetHints":{"allow":["GET"]}}],"collection":[{"href":"https:\/\/demoweb.info\/sexshop001\/wp-json\/wp\/v3\/product"}],"about":[{"href":"https:\/\/demoweb.info\/sexshop001\/wp-json\/wp\/v2\/types\/product"}],"replies":[{"embeddable":true,"href":"https:\/\/demoweb.info\/sexshop001\/wp-json\/wp\/v2\/comments?post=57655"}],"wp:featuredmedia":[{"embeddable":true,"href":"https:\/\/demoweb.info\/sexshop001\/wp-json\/wp\/v2\/media\/57656"}],"wp:attachment":[{"href":"https:\/\/demoweb.info\/sexshop001\/wp-json\/wp\/v2\/media?parent=57655"}],"wp:term":[{"taxonomy":"product_cat","embeddable":true,"href":"https:\/\/demoweb.info\/sexshop001\/wp-json\/wp\/v2\/product_cat?post=57655"},{"taxonomy":"product_tag","embeddable":true,"href":"https:\/\/demoweb.info\/sexshop001\/wp-json\/wp\/v2\/product_tag?post=57655"}],"curies":[{"name":"wp","href":"https:\/\/api.w.org\/{rel}","templated":true}]}}