{"id":57625,"date":"2022-01-22T17:28:22","date_gmt":"2022-01-22T16:28:22","guid":{"rendered":"https:\/\/demoweb.info\/sexshop001\/producto\/basra-experiencia-romantica-6-pcs\/"},"modified":"2022-01-22T17:28:25","modified_gmt":"2022-01-22T16:28:25","slug":"basra-experiencia-romantica-6-pcs","status":"publish","type":"product","link":"https:\/\/demoweb.info\/sexshop001\/producto\/basra-experiencia-romantica-6-pcs\/","title":{"rendered":"BASRA &#8211; EXPERIENCIA ROM\u00c1NTICA 6 PCS"},"content":{"rendered":"<p>Set de Body con tanga +  esposas +  ligueros + Pa\u00f1uelo + Medias<\/p>\n<p>1 &#8211; Body rosa con tanga +  esposas +  ligueros<\/p>\n<p>-Cierre trasero: Clip<br \/>-Cierre delantero: Sin cierres<br \/>-Cuello: De pico<br \/>-Sin copa<br \/>-Sin aros<br \/>-Tipo de corte: Medio (Hasta gluteos)<br \/>-Tirantes regulables<br \/>-Sin mangas<br \/>-Tela: Encaje<br \/>-Detalles: Otros como se ve en la foto<br \/>-Tanga, Esposas, Ligueros color rosa incluido<\/p>\n<p>2 &#8211; El pa\u00f1uelo secreto del amor medida: <br \/>\t-Pa\u00f1uelo de seda fina y confortable. <br \/>\t-Puedes tapar los ojos de tu pareja y brindarle algo especial <br \/>\t-Puedes atar las manos de tu pareja, su longitud permite incluso atar a la cama.<br \/>\t-Para los m\u00e1s atrevidos, puedes crear tus fantas\u00edas amordazando la boca.<\/p>\n<p>3 &#8211; Medias semitransparentes color negro con encaje en la zona del muslo y silicona para poder usar sin ligueros<\/p>\n","protected":false},"excerpt":{"rendered":"<p>Set de Body con tanga + esposas + ligueros + Pa\u00f1uelo + Medias 1 &#8211; Body rosa con tanga +<\/p>\n","protected":false},"featured_media":57626,"comment_status":"open","ping_status":"open","template":"","meta":[],"product_cat":[350],"product_tag":[1249],"class_list":["post-57625","product","type-product","status-publish","has-post-thumbnail","hentry","product_cat-con-ligueros","product_tag-caramel-nuit"],"bundled_by":[],"bundle_stock_status":"outofstock","bundle_stock_quantity":0,"bundle_virtual":false,"bundle_layout":"","bundle_add_to_cart_form_location":"","bundle_editable_in_cart":false,"bundle_sold_individually_context":"","bundle_item_grouping":"","bundle_min_size":"","bundle_max_size":"","bundled_items":[],"yoast_head":"<!-- This site is optimized with the Yoast SEO plugin v20.6 - https:\/\/yoast.com\/wordpress\/plugins\/seo\/ -->\n<title>BASRA - EXPERIENCIA ROM\u00c1NTICA 6 PCS - Tienda Er\u00f3tica<\/title>\n<meta name=\"robots\" content=\"noindex, follow, max-snippet:-1, max-image-preview:large, max-video-preview:-1\" \/>\n<meta property=\"og:locale\" content=\"es_ES\" \/>\n<meta property=\"og:type\" content=\"article\" \/>\n<meta property=\"og:title\" content=\"BASRA - EXPERIENCIA ROM\u00c1NTICA 6 PCS - Tienda Er\u00f3tica\" \/>\n<meta property=\"og:description\" content=\"Set de Body con tanga + esposas + ligueros + Pa\u00f1uelo + Medias 1 &#8211; Body rosa con tanga +\" \/>\n<meta property=\"og:url\" content=\"https:\/\/demoweb.info\/sexshop001\/producto\/basra-experiencia-romantica-6-pcs\/\" \/>\n<meta property=\"og:site_name\" content=\"Tienda Er\u00f3tica\" \/>\n<meta property=\"article:modified_time\" content=\"2022-01-22T16:28:25+00:00\" \/>\n<meta property=\"og:image\" content=\"https:\/\/demoweb.info\/sexshop001\/wp-content\/uploads\/2022\/01\/BASRA-EXPERIENCIA-ROMANTICA-6-PCS.jpg\" \/>\n\t<meta property=\"og:image:width\" content=\"550\" \/>\n\t<meta property=\"og:image:height\" content=\"550\" \/>\n\t<meta property=\"og:image:type\" content=\"image\/jpeg\" \/>\n<meta name=\"twitter:card\" content=\"summary_large_image\" \/>\n<meta name=\"twitter:label1\" content=\"Tiempo de lectura\" \/>\n\t<meta name=\"twitter:data1\" content=\"1 minuto\" \/>\n<script type=\"application\/ld+json\" class=\"yoast-schema-graph\">{\"@context\":\"https:\/\/schema.org\",\"@graph\":[{\"@type\":\"WebPage\",\"@id\":\"https:\/\/demoweb.info\/sexshop001\/producto\/basra-experiencia-romantica-6-pcs\/\",\"url\":\"https:\/\/demoweb.info\/sexshop001\/producto\/basra-experiencia-romantica-6-pcs\/\",\"name\":\"BASRA - EXPERIENCIA ROM\u00c1NTICA 6 PCS - Tienda Er\u00f3tica\",\"isPartOf\":{\"@id\":\"https:\/\/demoweb.info\/sexshop001\/#website\"},\"datePublished\":\"2022-01-22T16:28:22+00:00\",\"dateModified\":\"2022-01-22T16:28:25+00:00\",\"breadcrumb\":{\"@id\":\"https:\/\/demoweb.info\/sexshop001\/producto\/basra-experiencia-romantica-6-pcs\/#breadcrumb\"},\"inLanguage\":\"es\",\"potentialAction\":[{\"@type\":\"ReadAction\",\"target\":[\"https:\/\/demoweb.info\/sexshop001\/producto\/basra-experiencia-romantica-6-pcs\/\"]}]},{\"@type\":\"BreadcrumbList\",\"@id\":\"https:\/\/demoweb.info\/sexshop001\/producto\/basra-experiencia-romantica-6-pcs\/#breadcrumb\",\"itemListElement\":[{\"@type\":\"ListItem\",\"position\":1,\"name\":\"Portada\",\"item\":\"https:\/\/demoweb.info\/sexshop001\/\"},{\"@type\":\"ListItem\",\"position\":2,\"name\":\"Tienda\",\"item\":\"https:\/\/demoweb.info\/sexshop001\/tienda\/\"},{\"@type\":\"ListItem\",\"position\":3,\"name\":\"BASRA &#8211; EXPERIENCIA ROM\u00c1NTICA 6 PCS\"}]},{\"@type\":\"WebSite\",\"@id\":\"https:\/\/demoweb.info\/sexshop001\/#website\",\"url\":\"https:\/\/demoweb.info\/sexshop001\/\",\"name\":\"Tienda Er\u00f3tica\",\"description\":\"DEMOWEB SL\",\"potentialAction\":[{\"@type\":\"SearchAction\",\"target\":{\"@type\":\"EntryPoint\",\"urlTemplate\":\"https:\/\/demoweb.info\/sexshop001\/?s={search_term_string}\"},\"query-input\":\"required name=search_term_string\"}],\"inLanguage\":\"es\"}]}<\/script>\n<!-- \/ Yoast SEO plugin. -->","yoast_head_json":{"title":"BASRA - EXPERIENCIA ROM\u00c1NTICA 6 PCS - Tienda Er\u00f3tica","robots":{"index":"noindex","follow":"follow","max-snippet":"max-snippet:-1","max-image-preview":"max-image-preview:large","max-video-preview":"max-video-preview:-1"},"og_locale":"es_ES","og_type":"article","og_title":"BASRA - EXPERIENCIA ROM\u00c1NTICA 6 PCS - Tienda Er\u00f3tica","og_description":"Set de Body con tanga + esposas + ligueros + Pa\u00f1uelo + Medias 1 &#8211; Body rosa con tanga +","og_url":"https:\/\/demoweb.info\/sexshop001\/producto\/basra-experiencia-romantica-6-pcs\/","og_site_name":"Tienda Er\u00f3tica","article_modified_time":"2022-01-22T16:28:25+00:00","og_image":[{"width":550,"height":550,"url":"https:\/\/demoweb.info\/sexshop001\/wp-content\/uploads\/2022\/01\/BASRA-EXPERIENCIA-ROMANTICA-6-PCS.jpg","type":"image\/jpeg"}],"twitter_card":"summary_large_image","twitter_misc":{"Tiempo de lectura":"1 minuto"},"schema":{"@context":"https:\/\/schema.org","@graph":[{"@type":"WebPage","@id":"https:\/\/demoweb.info\/sexshop001\/producto\/basra-experiencia-romantica-6-pcs\/","url":"https:\/\/demoweb.info\/sexshop001\/producto\/basra-experiencia-romantica-6-pcs\/","name":"BASRA - EXPERIENCIA ROM\u00c1NTICA 6 PCS - Tienda Er\u00f3tica","isPartOf":{"@id":"https:\/\/demoweb.info\/sexshop001\/#website"},"datePublished":"2022-01-22T16:28:22+00:00","dateModified":"2022-01-22T16:28:25+00:00","breadcrumb":{"@id":"https:\/\/demoweb.info\/sexshop001\/producto\/basra-experiencia-romantica-6-pcs\/#breadcrumb"},"inLanguage":"es","potentialAction":[{"@type":"ReadAction","target":["https:\/\/demoweb.info\/sexshop001\/producto\/basra-experiencia-romantica-6-pcs\/"]}]},{"@type":"BreadcrumbList","@id":"https:\/\/demoweb.info\/sexshop001\/producto\/basra-experiencia-romantica-6-pcs\/#breadcrumb","itemListElement":[{"@type":"ListItem","position":1,"name":"Portada","item":"https:\/\/demoweb.info\/sexshop001\/"},{"@type":"ListItem","position":2,"name":"Tienda","item":"https:\/\/demoweb.info\/sexshop001\/tienda\/"},{"@type":"ListItem","position":3,"name":"BASRA &#8211; EXPERIENCIA ROM\u00c1NTICA 6 PCS"}]},{"@type":"WebSite","@id":"https:\/\/demoweb.info\/sexshop001\/#website","url":"https:\/\/demoweb.info\/sexshop001\/","name":"Tienda Er\u00f3tica","description":"DEMOWEB SL","potentialAction":[{"@type":"SearchAction","target":{"@type":"EntryPoint","urlTemplate":"https:\/\/demoweb.info\/sexshop001\/?s={search_term_string}"},"query-input":"required name=search_term_string"}],"inLanguage":"es"}]}},"_links":{"self":[{"href":"https:\/\/demoweb.info\/sexshop001\/wp-json\/wp\/v3\/product\/57625","targetHints":{"allow":["GET"]}}],"collection":[{"href":"https:\/\/demoweb.info\/sexshop001\/wp-json\/wp\/v3\/product"}],"about":[{"href":"https:\/\/demoweb.info\/sexshop001\/wp-json\/wp\/v2\/types\/product"}],"replies":[{"embeddable":true,"href":"https:\/\/demoweb.info\/sexshop001\/wp-json\/wp\/v2\/comments?post=57625"}],"wp:featuredmedia":[{"embeddable":true,"href":"https:\/\/demoweb.info\/sexshop001\/wp-json\/wp\/v2\/media\/57626"}],"wp:attachment":[{"href":"https:\/\/demoweb.info\/sexshop001\/wp-json\/wp\/v2\/media?parent=57625"}],"wp:term":[{"taxonomy":"product_cat","embeddable":true,"href":"https:\/\/demoweb.info\/sexshop001\/wp-json\/wp\/v2\/product_cat?post=57625"},{"taxonomy":"product_tag","embeddable":true,"href":"https:\/\/demoweb.info\/sexshop001\/wp-json\/wp\/v2\/product_tag?post=57625"}],"curies":[{"name":"wp","href":"https:\/\/api.w.org\/{rel}","templated":true}]}}