{"id":57521,"date":"2022-01-22T17:27:13","date_gmt":"2022-01-22T16:27:13","guid":{"rendered":"https:\/\/demoweb.info\/sexshop001\/producto\/always-virgin-intimate-astringent\/"},"modified":"2022-01-22T17:27:13","modified_gmt":"2022-01-22T16:27:13","slug":"always-virgin-intimate-astringent","status":"publish","type":"product","link":"https:\/\/demoweb.info\/sexshop001\/producto\/always-virgin-intimate-astringent\/","title":{"rendered":"ALWAYS VIRGIN INTIMATE ASTRINGENT"},"content":{"rendered":"<p><strong>ALWAYS VIRGIN INTIMATE ASTRINGENT<\/strong><\/p>\n<p>\u00bfTe gustar\u00eda experimentar de nuevo la sensaci\u00f3n que tuviste en tu primera vez?<\/p>\n<p>Always Virgin es un astringente \u00edntimo compuesto de ingredientes naturales que proporciona una sensaci\u00f3n de estrechamiento de los m\u00fasculos vaginales, intensificado el placer en tus relaciones como si fuese la primera vez.<\/p>\n<p>Modo de empleo: Higienizar la zona interna y aplicar masajeando en las paredes vaginales hasta sentir la completa absorci\u00f3n 15 minutos antes de la relaci\u00f3n.<\/p>\n<p>Contiene: 15 ml.<\/p>\n","protected":false},"excerpt":{"rendered":"<p>ALWAYS VIRGIN INTIMATE ASTRINGENT \u00bfTe gustar\u00eda experimentar de nuevo la sensaci\u00f3n que tuviste en tu primera vez? Always Virgin es<\/p>\n","protected":false},"featured_media":57522,"comment_status":"open","ping_status":"open","template":"","meta":[],"product_cat":[530],"product_tag":[674,564],"class_list":["post-57521","product","type-product","status-publish","has-post-thumbnail","hentry","product_cat-para-ella-cremas","product_tag-secret-moments","product_tag-secret-play"],"bundled_by":[],"bundle_stock_status":"instock","bundle_stock_quantity":8,"bundle_virtual":false,"bundle_layout":"","bundle_add_to_cart_form_location":"","bundle_editable_in_cart":false,"bundle_sold_individually_context":"","bundle_item_grouping":"","bundle_min_size":"","bundle_max_size":"","bundled_items":[],"yoast_head":"<!-- This site is optimized with the Yoast SEO plugin v20.6 - https:\/\/yoast.com\/wordpress\/plugins\/seo\/ -->\n<title>ALWAYS VIRGIN INTIMATE ASTRINGENT - Tienda Er\u00f3tica<\/title>\n<meta name=\"robots\" content=\"noindex, follow, max-snippet:-1, max-image-preview:large, max-video-preview:-1\" \/>\n<meta property=\"og:locale\" content=\"es_ES\" \/>\n<meta property=\"og:type\" content=\"article\" \/>\n<meta property=\"og:title\" content=\"ALWAYS VIRGIN INTIMATE ASTRINGENT - Tienda Er\u00f3tica\" \/>\n<meta property=\"og:description\" content=\"ALWAYS VIRGIN INTIMATE ASTRINGENT \u00bfTe gustar\u00eda experimentar de nuevo la sensaci\u00f3n que tuviste en tu primera vez? Always Virgin es\" \/>\n<meta property=\"og:url\" content=\"https:\/\/demoweb.info\/sexshop001\/producto\/always-virgin-intimate-astringent\/\" \/>\n<meta property=\"og:site_name\" content=\"Tienda Er\u00f3tica\" \/>\n<meta property=\"og:image\" content=\"https:\/\/demoweb.info\/sexshop001\/wp-content\/uploads\/2022\/01\/ALWAYS-VIRGIN-INTIMATE-ASTRINGENT.jpg\" \/>\n\t<meta property=\"og:image:width\" content=\"550\" \/>\n\t<meta property=\"og:image:height\" content=\"550\" \/>\n\t<meta property=\"og:image:type\" content=\"image\/jpeg\" \/>\n<meta name=\"twitter:card\" content=\"summary_large_image\" \/>\n<script type=\"application\/ld+json\" class=\"yoast-schema-graph\">{\"@context\":\"https:\/\/schema.org\",\"@graph\":[{\"@type\":\"WebPage\",\"@id\":\"https:\/\/demoweb.info\/sexshop001\/producto\/always-virgin-intimate-astringent\/\",\"url\":\"https:\/\/demoweb.info\/sexshop001\/producto\/always-virgin-intimate-astringent\/\",\"name\":\"ALWAYS VIRGIN INTIMATE ASTRINGENT - Tienda Er\u00f3tica\",\"isPartOf\":{\"@id\":\"https:\/\/demoweb.info\/sexshop001\/#website\"},\"datePublished\":\"2022-01-22T16:27:13+00:00\",\"dateModified\":\"2022-01-22T16:27:13+00:00\",\"breadcrumb\":{\"@id\":\"https:\/\/demoweb.info\/sexshop001\/producto\/always-virgin-intimate-astringent\/#breadcrumb\"},\"inLanguage\":\"es\",\"potentialAction\":[{\"@type\":\"ReadAction\",\"target\":[\"https:\/\/demoweb.info\/sexshop001\/producto\/always-virgin-intimate-astringent\/\"]}]},{\"@type\":\"BreadcrumbList\",\"@id\":\"https:\/\/demoweb.info\/sexshop001\/producto\/always-virgin-intimate-astringent\/#breadcrumb\",\"itemListElement\":[{\"@type\":\"ListItem\",\"position\":1,\"name\":\"Portada\",\"item\":\"https:\/\/demoweb.info\/sexshop001\/\"},{\"@type\":\"ListItem\",\"position\":2,\"name\":\"Tienda\",\"item\":\"https:\/\/demoweb.info\/sexshop001\/tienda\/\"},{\"@type\":\"ListItem\",\"position\":3,\"name\":\"ALWAYS VIRGIN INTIMATE ASTRINGENT\"}]},{\"@type\":\"WebSite\",\"@id\":\"https:\/\/demoweb.info\/sexshop001\/#website\",\"url\":\"https:\/\/demoweb.info\/sexshop001\/\",\"name\":\"Tienda Er\u00f3tica\",\"description\":\"DEMOWEB SL\",\"potentialAction\":[{\"@type\":\"SearchAction\",\"target\":{\"@type\":\"EntryPoint\",\"urlTemplate\":\"https:\/\/demoweb.info\/sexshop001\/?s={search_term_string}\"},\"query-input\":\"required name=search_term_string\"}],\"inLanguage\":\"es\"}]}<\/script>\n<!-- \/ Yoast SEO plugin. -->","yoast_head_json":{"title":"ALWAYS VIRGIN INTIMATE ASTRINGENT - Tienda Er\u00f3tica","robots":{"index":"noindex","follow":"follow","max-snippet":"max-snippet:-1","max-image-preview":"max-image-preview:large","max-video-preview":"max-video-preview:-1"},"og_locale":"es_ES","og_type":"article","og_title":"ALWAYS VIRGIN INTIMATE ASTRINGENT - Tienda Er\u00f3tica","og_description":"ALWAYS VIRGIN INTIMATE ASTRINGENT \u00bfTe gustar\u00eda experimentar de nuevo la sensaci\u00f3n que tuviste en tu primera vez? Always Virgin es","og_url":"https:\/\/demoweb.info\/sexshop001\/producto\/always-virgin-intimate-astringent\/","og_site_name":"Tienda Er\u00f3tica","og_image":[{"width":550,"height":550,"url":"https:\/\/demoweb.info\/sexshop001\/wp-content\/uploads\/2022\/01\/ALWAYS-VIRGIN-INTIMATE-ASTRINGENT.jpg","type":"image\/jpeg"}],"twitter_card":"summary_large_image","schema":{"@context":"https:\/\/schema.org","@graph":[{"@type":"WebPage","@id":"https:\/\/demoweb.info\/sexshop001\/producto\/always-virgin-intimate-astringent\/","url":"https:\/\/demoweb.info\/sexshop001\/producto\/always-virgin-intimate-astringent\/","name":"ALWAYS VIRGIN INTIMATE ASTRINGENT - Tienda Er\u00f3tica","isPartOf":{"@id":"https:\/\/demoweb.info\/sexshop001\/#website"},"datePublished":"2022-01-22T16:27:13+00:00","dateModified":"2022-01-22T16:27:13+00:00","breadcrumb":{"@id":"https:\/\/demoweb.info\/sexshop001\/producto\/always-virgin-intimate-astringent\/#breadcrumb"},"inLanguage":"es","potentialAction":[{"@type":"ReadAction","target":["https:\/\/demoweb.info\/sexshop001\/producto\/always-virgin-intimate-astringent\/"]}]},{"@type":"BreadcrumbList","@id":"https:\/\/demoweb.info\/sexshop001\/producto\/always-virgin-intimate-astringent\/#breadcrumb","itemListElement":[{"@type":"ListItem","position":1,"name":"Portada","item":"https:\/\/demoweb.info\/sexshop001\/"},{"@type":"ListItem","position":2,"name":"Tienda","item":"https:\/\/demoweb.info\/sexshop001\/tienda\/"},{"@type":"ListItem","position":3,"name":"ALWAYS VIRGIN INTIMATE ASTRINGENT"}]},{"@type":"WebSite","@id":"https:\/\/demoweb.info\/sexshop001\/#website","url":"https:\/\/demoweb.info\/sexshop001\/","name":"Tienda Er\u00f3tica","description":"DEMOWEB SL","potentialAction":[{"@type":"SearchAction","target":{"@type":"EntryPoint","urlTemplate":"https:\/\/demoweb.info\/sexshop001\/?s={search_term_string}"},"query-input":"required name=search_term_string"}],"inLanguage":"es"}]}},"_links":{"self":[{"href":"https:\/\/demoweb.info\/sexshop001\/wp-json\/wp\/v3\/product\/57521","targetHints":{"allow":["GET"]}}],"collection":[{"href":"https:\/\/demoweb.info\/sexshop001\/wp-json\/wp\/v3\/product"}],"about":[{"href":"https:\/\/demoweb.info\/sexshop001\/wp-json\/wp\/v2\/types\/product"}],"replies":[{"embeddable":true,"href":"https:\/\/demoweb.info\/sexshop001\/wp-json\/wp\/v2\/comments?post=57521"}],"wp:featuredmedia":[{"embeddable":true,"href":"https:\/\/demoweb.info\/sexshop001\/wp-json\/wp\/v2\/media\/57522"}],"wp:attachment":[{"href":"https:\/\/demoweb.info\/sexshop001\/wp-json\/wp\/v2\/media?parent=57521"}],"wp:term":[{"taxonomy":"product_cat","embeddable":true,"href":"https:\/\/demoweb.info\/sexshop001\/wp-json\/wp\/v2\/product_cat?post=57521"},{"taxonomy":"product_tag","embeddable":true,"href":"https:\/\/demoweb.info\/sexshop001\/wp-json\/wp\/v2\/product_tag?post=57521"}],"curies":[{"name":"wp","href":"https:\/\/api.w.org\/{rel}","templated":true}]}}