{"id":57516,"date":"2022-01-22T17:26:54","date_gmt":"2022-01-22T16:26:54","guid":{"rendered":"https:\/\/demoweb.info\/sexshop001\/producto\/fleshjack-boys-liam-riley-forever\/"},"modified":"2022-01-22T17:27:09","modified_gmt":"2022-01-22T16:27:09","slug":"fleshjack-boys-liam-riley-forever","status":"publish","type":"product","link":"https:\/\/demoweb.info\/sexshop001\/producto\/fleshjack-boys-liam-riley-forever\/","title":{"rendered":"FLESHJACK BOYS LIAM RILEY FOREVER"},"content":{"rendered":"<p><strong>FLESHJACK BOYS LIAM RILEY FOREVER<\/strong><\/p>\n<p>Liam es delgado, pero para nada mezquino, de hecho, es uno de los tipos m\u00e1s briosos y amigables del negocio. Si no lo encuentras saliendo con su amigo y compa\u00f1ero CockyBoy Levi Karter, puedes verlo viajando por el pa\u00eds con su amiga y mentora Shangela de RuPaul&#39;s Drag Race. Liam era un animador profesional antes de convertirse en una estrella porno.<\/p>\n<p>Apareci\u00f3 en la serie de Cheer Channel, Secret Diary of a Cheerleader. Riley&#39;s Helix duo con Andy Taylor &#8211; Sex En Rouge, una escena de cabaret de estilo europeo &#8211; le vali\u00f3 un Premio Cybersocket 2015 por Mejor escena de sexo.<\/p>\n<p>M\u00e1s tarde en 2015, Graceffa \/ Riley se llev\u00f3 a casa el codiciado Premio Grabby por Mejor Jovencito Artista int\u00e9rprete o ejecutante y fue nominado como Mejor estrella porno gay del a\u00f1o de Str8UpGayPorn.<\/p>\n<p>SENSACI\u00d3N FLESHJACK PARA SIEMPRE<\/p>\n<p>Una vez que hayas probado la manga personalizada FleshJack de Liam, estar\u00e1s enganchado de por vida. Est\u00e1 dise\u00f1ado para brindarte los orgasmos m\u00e1s grandes y extremos. Su textura exclusiva es m\u00e1s intensa que casi cualquier otra cosa que hayas experimentado.<\/p>\n","protected":false},"excerpt":{"rendered":"<p>FLESHJACK BOYS LIAM RILEY FOREVER Liam es delgado, pero para nada mezquino, de hecho, es uno de los tipos m\u00e1s<\/p>\n","protected":false},"featured_media":57517,"comment_status":"open","ping_status":"open","template":"","meta":[],"product_cat":[468],"product_tag":[1080,576],"class_list":["post-57516","product","type-product","status-publish","has-post-thumbnail","hentry","product_cat-anos","product_tag-fleshjack-boys","product_tag-fleshlight"],"bundled_by":[],"bundle_stock_status":"instock","bundle_stock_quantity":1,"bundle_virtual":false,"bundle_layout":"","bundle_add_to_cart_form_location":"","bundle_editable_in_cart":false,"bundle_sold_individually_context":"","bundle_item_grouping":"","bundle_min_size":"","bundle_max_size":"","bundled_items":[],"yoast_head":"<!-- This site is optimized with the Yoast SEO plugin v20.6 - https:\/\/yoast.com\/wordpress\/plugins\/seo\/ -->\n<title>FLESHJACK BOYS LIAM RILEY FOREVER - Tienda Er\u00f3tica<\/title>\n<meta name=\"robots\" content=\"noindex, follow, max-snippet:-1, max-image-preview:large, max-video-preview:-1\" \/>\n<meta property=\"og:locale\" content=\"es_ES\" \/>\n<meta property=\"og:type\" content=\"article\" \/>\n<meta property=\"og:title\" content=\"FLESHJACK BOYS LIAM RILEY FOREVER - Tienda Er\u00f3tica\" \/>\n<meta property=\"og:description\" content=\"FLESHJACK BOYS LIAM RILEY FOREVER Liam es delgado, pero para nada mezquino, de hecho, es uno de los tipos m\u00e1s\" \/>\n<meta property=\"og:url\" content=\"https:\/\/demoweb.info\/sexshop001\/producto\/fleshjack-boys-liam-riley-forever\/\" \/>\n<meta property=\"og:site_name\" content=\"Tienda Er\u00f3tica\" \/>\n<meta property=\"article:modified_time\" content=\"2022-01-22T16:27:09+00:00\" \/>\n<meta property=\"og:image\" content=\"https:\/\/demoweb.info\/sexshop001\/wp-content\/uploads\/2022\/01\/FLESHJACK-BOYS-LIAM-RILEY-FOREVER.jpg\" \/>\n\t<meta property=\"og:image:width\" content=\"550\" \/>\n\t<meta property=\"og:image:height\" content=\"550\" \/>\n\t<meta property=\"og:image:type\" content=\"image\/jpeg\" \/>\n<meta name=\"twitter:card\" content=\"summary_large_image\" \/>\n<meta name=\"twitter:label1\" content=\"Tiempo de lectura\" \/>\n\t<meta name=\"twitter:data1\" content=\"1 minuto\" \/>\n<script type=\"application\/ld+json\" class=\"yoast-schema-graph\">{\"@context\":\"https:\/\/schema.org\",\"@graph\":[{\"@type\":\"WebPage\",\"@id\":\"https:\/\/demoweb.info\/sexshop001\/producto\/fleshjack-boys-liam-riley-forever\/\",\"url\":\"https:\/\/demoweb.info\/sexshop001\/producto\/fleshjack-boys-liam-riley-forever\/\",\"name\":\"FLESHJACK BOYS LIAM RILEY FOREVER - Tienda Er\u00f3tica\",\"isPartOf\":{\"@id\":\"https:\/\/demoweb.info\/sexshop001\/#website\"},\"datePublished\":\"2022-01-22T16:26:54+00:00\",\"dateModified\":\"2022-01-22T16:27:09+00:00\",\"breadcrumb\":{\"@id\":\"https:\/\/demoweb.info\/sexshop001\/producto\/fleshjack-boys-liam-riley-forever\/#breadcrumb\"},\"inLanguage\":\"es\",\"potentialAction\":[{\"@type\":\"ReadAction\",\"target\":[\"https:\/\/demoweb.info\/sexshop001\/producto\/fleshjack-boys-liam-riley-forever\/\"]}]},{\"@type\":\"BreadcrumbList\",\"@id\":\"https:\/\/demoweb.info\/sexshop001\/producto\/fleshjack-boys-liam-riley-forever\/#breadcrumb\",\"itemListElement\":[{\"@type\":\"ListItem\",\"position\":1,\"name\":\"Portada\",\"item\":\"https:\/\/demoweb.info\/sexshop001\/\"},{\"@type\":\"ListItem\",\"position\":2,\"name\":\"Tienda\",\"item\":\"https:\/\/demoweb.info\/sexshop001\/tienda\/\"},{\"@type\":\"ListItem\",\"position\":3,\"name\":\"FLESHJACK BOYS LIAM RILEY FOREVER\"}]},{\"@type\":\"WebSite\",\"@id\":\"https:\/\/demoweb.info\/sexshop001\/#website\",\"url\":\"https:\/\/demoweb.info\/sexshop001\/\",\"name\":\"Tienda Er\u00f3tica\",\"description\":\"DEMOWEB SL\",\"potentialAction\":[{\"@type\":\"SearchAction\",\"target\":{\"@type\":\"EntryPoint\",\"urlTemplate\":\"https:\/\/demoweb.info\/sexshop001\/?s={search_term_string}\"},\"query-input\":\"required name=search_term_string\"}],\"inLanguage\":\"es\"}]}<\/script>\n<!-- \/ Yoast SEO plugin. -->","yoast_head_json":{"title":"FLESHJACK BOYS LIAM RILEY FOREVER - Tienda Er\u00f3tica","robots":{"index":"noindex","follow":"follow","max-snippet":"max-snippet:-1","max-image-preview":"max-image-preview:large","max-video-preview":"max-video-preview:-1"},"og_locale":"es_ES","og_type":"article","og_title":"FLESHJACK BOYS LIAM RILEY FOREVER - Tienda Er\u00f3tica","og_description":"FLESHJACK BOYS LIAM RILEY FOREVER Liam es delgado, pero para nada mezquino, de hecho, es uno de los tipos m\u00e1s","og_url":"https:\/\/demoweb.info\/sexshop001\/producto\/fleshjack-boys-liam-riley-forever\/","og_site_name":"Tienda Er\u00f3tica","article_modified_time":"2022-01-22T16:27:09+00:00","og_image":[{"width":550,"height":550,"url":"https:\/\/demoweb.info\/sexshop001\/wp-content\/uploads\/2022\/01\/FLESHJACK-BOYS-LIAM-RILEY-FOREVER.jpg","type":"image\/jpeg"}],"twitter_card":"summary_large_image","twitter_misc":{"Tiempo de lectura":"1 minuto"},"schema":{"@context":"https:\/\/schema.org","@graph":[{"@type":"WebPage","@id":"https:\/\/demoweb.info\/sexshop001\/producto\/fleshjack-boys-liam-riley-forever\/","url":"https:\/\/demoweb.info\/sexshop001\/producto\/fleshjack-boys-liam-riley-forever\/","name":"FLESHJACK BOYS LIAM RILEY FOREVER - Tienda Er\u00f3tica","isPartOf":{"@id":"https:\/\/demoweb.info\/sexshop001\/#website"},"datePublished":"2022-01-22T16:26:54+00:00","dateModified":"2022-01-22T16:27:09+00:00","breadcrumb":{"@id":"https:\/\/demoweb.info\/sexshop001\/producto\/fleshjack-boys-liam-riley-forever\/#breadcrumb"},"inLanguage":"es","potentialAction":[{"@type":"ReadAction","target":["https:\/\/demoweb.info\/sexshop001\/producto\/fleshjack-boys-liam-riley-forever\/"]}]},{"@type":"BreadcrumbList","@id":"https:\/\/demoweb.info\/sexshop001\/producto\/fleshjack-boys-liam-riley-forever\/#breadcrumb","itemListElement":[{"@type":"ListItem","position":1,"name":"Portada","item":"https:\/\/demoweb.info\/sexshop001\/"},{"@type":"ListItem","position":2,"name":"Tienda","item":"https:\/\/demoweb.info\/sexshop001\/tienda\/"},{"@type":"ListItem","position":3,"name":"FLESHJACK BOYS LIAM RILEY FOREVER"}]},{"@type":"WebSite","@id":"https:\/\/demoweb.info\/sexshop001\/#website","url":"https:\/\/demoweb.info\/sexshop001\/","name":"Tienda Er\u00f3tica","description":"DEMOWEB SL","potentialAction":[{"@type":"SearchAction","target":{"@type":"EntryPoint","urlTemplate":"https:\/\/demoweb.info\/sexshop001\/?s={search_term_string}"},"query-input":"required name=search_term_string"}],"inLanguage":"es"}]}},"_links":{"self":[{"href":"https:\/\/demoweb.info\/sexshop001\/wp-json\/wp\/v3\/product\/57516","targetHints":{"allow":["GET"]}}],"collection":[{"href":"https:\/\/demoweb.info\/sexshop001\/wp-json\/wp\/v3\/product"}],"about":[{"href":"https:\/\/demoweb.info\/sexshop001\/wp-json\/wp\/v2\/types\/product"}],"replies":[{"embeddable":true,"href":"https:\/\/demoweb.info\/sexshop001\/wp-json\/wp\/v2\/comments?post=57516"}],"wp:featuredmedia":[{"embeddable":true,"href":"https:\/\/demoweb.info\/sexshop001\/wp-json\/wp\/v2\/media\/57517"}],"wp:attachment":[{"href":"https:\/\/demoweb.info\/sexshop001\/wp-json\/wp\/v2\/media?parent=57516"}],"wp:term":[{"taxonomy":"product_cat","embeddable":true,"href":"https:\/\/demoweb.info\/sexshop001\/wp-json\/wp\/v2\/product_cat?post=57516"},{"taxonomy":"product_tag","embeddable":true,"href":"https:\/\/demoweb.info\/sexshop001\/wp-json\/wp\/v2\/product_tag?post=57516"}],"curies":[{"name":"wp","href":"https:\/\/api.w.org\/{rel}","templated":true}]}}