{"id":57512,"date":"2022-01-22T17:26:54","date_gmt":"2022-01-22T16:26:54","guid":{"rendered":"https:\/\/demoweb.info\/sexshop001\/producto\/fleshjack-boys-levi-karter-explosive\/"},"modified":"2022-01-22T17:27:06","modified_gmt":"2022-01-22T16:27:06","slug":"fleshjack-boys-levi-karter-explosive","status":"publish","type":"product","link":"https:\/\/demoweb.info\/sexshop001\/producto\/fleshjack-boys-levi-karter-explosive\/","title":{"rendered":"FLESHJACK BOYS LEVI KARTER EXPLOSIVE"},"content":{"rendered":"<p><strong>FLESHJACK BOYS LEVI KARTER EXPLOSIVE<\/strong><\/p>\n<p>Este musculoso joven semental es un sue\u00f1o hecho realidad. Levi Karter naci\u00f3 en Paraguay pero se cri\u00f3 en una peque\u00f1a ciudad en Ohio. Creci\u00f3 hasta ser un gran admirador de Rihanna, de ah\u00ed el gran tatuaje R y el latido del coraz\u00f3n en su pecho.<\/p>\n<p>Levi puede ser bajo, pero eso lo hace a\u00fan m\u00e1s adorable. Te va a encantar c\u00f3mo se siente su juguete, \u00a1casi como real!<\/p>\n<p>FLESHJACK SENSATION EXPLOSIVE<\/p>\n<p>Estar\u00e1s explotando como Levi despu\u00e9s de probar su manga personalizada FleshJack. Est\u00e1 dise\u00f1ada para darte el mayor orgasmo de tu vida. Su textura exclusiva es m\u00e1s intensa que casi cualquier otra aventura que hayas experimentado.<\/p>\n","protected":false},"excerpt":{"rendered":"<p>FLESHJACK BOYS LEVI KARTER EXPLOSIVE Este musculoso joven semental es un sue\u00f1o hecho realidad. Levi Karter naci\u00f3 en Paraguay pero<\/p>\n","protected":false},"featured_media":57513,"comment_status":"open","ping_status":"open","template":"","meta":[],"product_cat":[468],"product_tag":[1080,576],"class_list":["post-57512","product","type-product","status-publish","has-post-thumbnail","hentry","product_cat-anos","product_tag-fleshjack-boys","product_tag-fleshlight"],"bundled_by":[],"bundle_stock_status":"instock","bundle_stock_quantity":4,"bundle_virtual":false,"bundle_layout":"","bundle_add_to_cart_form_location":"","bundle_editable_in_cart":false,"bundle_sold_individually_context":"","bundle_item_grouping":"","bundle_min_size":"","bundle_max_size":"","bundled_items":[],"yoast_head":"<!-- This site is optimized with the Yoast SEO plugin v20.6 - https:\/\/yoast.com\/wordpress\/plugins\/seo\/ -->\n<title>FLESHJACK BOYS LEVI KARTER EXPLOSIVE - Tienda Er\u00f3tica<\/title>\n<meta name=\"robots\" content=\"noindex, follow, max-snippet:-1, max-image-preview:large, max-video-preview:-1\" \/>\n<meta property=\"og:locale\" content=\"es_ES\" \/>\n<meta property=\"og:type\" content=\"article\" \/>\n<meta property=\"og:title\" content=\"FLESHJACK BOYS LEVI KARTER EXPLOSIVE - Tienda Er\u00f3tica\" \/>\n<meta property=\"og:description\" content=\"FLESHJACK BOYS LEVI KARTER EXPLOSIVE Este musculoso joven semental es un sue\u00f1o hecho realidad. Levi Karter naci\u00f3 en Paraguay pero\" \/>\n<meta property=\"og:url\" content=\"https:\/\/demoweb.info\/sexshop001\/producto\/fleshjack-boys-levi-karter-explosive\/\" \/>\n<meta property=\"og:site_name\" content=\"Tienda Er\u00f3tica\" \/>\n<meta property=\"article:modified_time\" content=\"2022-01-22T16:27:06+00:00\" \/>\n<meta property=\"og:image\" content=\"https:\/\/demoweb.info\/sexshop001\/wp-content\/uploads\/2022\/01\/FLESHJACK-BOYS-LEVI-KARTER-EXPLOSIVE.jpg\" \/>\n\t<meta property=\"og:image:width\" content=\"550\" \/>\n\t<meta property=\"og:image:height\" content=\"550\" \/>\n\t<meta property=\"og:image:type\" content=\"image\/jpeg\" \/>\n<meta name=\"twitter:card\" content=\"summary_large_image\" \/>\n<meta name=\"twitter:label1\" content=\"Tiempo de lectura\" \/>\n\t<meta name=\"twitter:data1\" content=\"1 minuto\" \/>\n<script type=\"application\/ld+json\" class=\"yoast-schema-graph\">{\"@context\":\"https:\/\/schema.org\",\"@graph\":[{\"@type\":\"WebPage\",\"@id\":\"https:\/\/demoweb.info\/sexshop001\/producto\/fleshjack-boys-levi-karter-explosive\/\",\"url\":\"https:\/\/demoweb.info\/sexshop001\/producto\/fleshjack-boys-levi-karter-explosive\/\",\"name\":\"FLESHJACK BOYS LEVI KARTER EXPLOSIVE - Tienda Er\u00f3tica\",\"isPartOf\":{\"@id\":\"https:\/\/demoweb.info\/sexshop001\/#website\"},\"datePublished\":\"2022-01-22T16:26:54+00:00\",\"dateModified\":\"2022-01-22T16:27:06+00:00\",\"breadcrumb\":{\"@id\":\"https:\/\/demoweb.info\/sexshop001\/producto\/fleshjack-boys-levi-karter-explosive\/#breadcrumb\"},\"inLanguage\":\"es\",\"potentialAction\":[{\"@type\":\"ReadAction\",\"target\":[\"https:\/\/demoweb.info\/sexshop001\/producto\/fleshjack-boys-levi-karter-explosive\/\"]}]},{\"@type\":\"BreadcrumbList\",\"@id\":\"https:\/\/demoweb.info\/sexshop001\/producto\/fleshjack-boys-levi-karter-explosive\/#breadcrumb\",\"itemListElement\":[{\"@type\":\"ListItem\",\"position\":1,\"name\":\"Portada\",\"item\":\"https:\/\/demoweb.info\/sexshop001\/\"},{\"@type\":\"ListItem\",\"position\":2,\"name\":\"Tienda\",\"item\":\"https:\/\/demoweb.info\/sexshop001\/tienda\/\"},{\"@type\":\"ListItem\",\"position\":3,\"name\":\"FLESHJACK BOYS LEVI KARTER EXPLOSIVE\"}]},{\"@type\":\"WebSite\",\"@id\":\"https:\/\/demoweb.info\/sexshop001\/#website\",\"url\":\"https:\/\/demoweb.info\/sexshop001\/\",\"name\":\"Tienda Er\u00f3tica\",\"description\":\"DEMOWEB SL\",\"potentialAction\":[{\"@type\":\"SearchAction\",\"target\":{\"@type\":\"EntryPoint\",\"urlTemplate\":\"https:\/\/demoweb.info\/sexshop001\/?s={search_term_string}\"},\"query-input\":\"required name=search_term_string\"}],\"inLanguage\":\"es\"}]}<\/script>\n<!-- \/ Yoast SEO plugin. -->","yoast_head_json":{"title":"FLESHJACK BOYS LEVI KARTER EXPLOSIVE - Tienda Er\u00f3tica","robots":{"index":"noindex","follow":"follow","max-snippet":"max-snippet:-1","max-image-preview":"max-image-preview:large","max-video-preview":"max-video-preview:-1"},"og_locale":"es_ES","og_type":"article","og_title":"FLESHJACK BOYS LEVI KARTER EXPLOSIVE - Tienda Er\u00f3tica","og_description":"FLESHJACK BOYS LEVI KARTER EXPLOSIVE Este musculoso joven semental es un sue\u00f1o hecho realidad. Levi Karter naci\u00f3 en Paraguay pero","og_url":"https:\/\/demoweb.info\/sexshop001\/producto\/fleshjack-boys-levi-karter-explosive\/","og_site_name":"Tienda Er\u00f3tica","article_modified_time":"2022-01-22T16:27:06+00:00","og_image":[{"width":550,"height":550,"url":"https:\/\/demoweb.info\/sexshop001\/wp-content\/uploads\/2022\/01\/FLESHJACK-BOYS-LEVI-KARTER-EXPLOSIVE.jpg","type":"image\/jpeg"}],"twitter_card":"summary_large_image","twitter_misc":{"Tiempo de lectura":"1 minuto"},"schema":{"@context":"https:\/\/schema.org","@graph":[{"@type":"WebPage","@id":"https:\/\/demoweb.info\/sexshop001\/producto\/fleshjack-boys-levi-karter-explosive\/","url":"https:\/\/demoweb.info\/sexshop001\/producto\/fleshjack-boys-levi-karter-explosive\/","name":"FLESHJACK BOYS LEVI KARTER EXPLOSIVE - Tienda Er\u00f3tica","isPartOf":{"@id":"https:\/\/demoweb.info\/sexshop001\/#website"},"datePublished":"2022-01-22T16:26:54+00:00","dateModified":"2022-01-22T16:27:06+00:00","breadcrumb":{"@id":"https:\/\/demoweb.info\/sexshop001\/producto\/fleshjack-boys-levi-karter-explosive\/#breadcrumb"},"inLanguage":"es","potentialAction":[{"@type":"ReadAction","target":["https:\/\/demoweb.info\/sexshop001\/producto\/fleshjack-boys-levi-karter-explosive\/"]}]},{"@type":"BreadcrumbList","@id":"https:\/\/demoweb.info\/sexshop001\/producto\/fleshjack-boys-levi-karter-explosive\/#breadcrumb","itemListElement":[{"@type":"ListItem","position":1,"name":"Portada","item":"https:\/\/demoweb.info\/sexshop001\/"},{"@type":"ListItem","position":2,"name":"Tienda","item":"https:\/\/demoweb.info\/sexshop001\/tienda\/"},{"@type":"ListItem","position":3,"name":"FLESHJACK BOYS LEVI KARTER EXPLOSIVE"}]},{"@type":"WebSite","@id":"https:\/\/demoweb.info\/sexshop001\/#website","url":"https:\/\/demoweb.info\/sexshop001\/","name":"Tienda Er\u00f3tica","description":"DEMOWEB SL","potentialAction":[{"@type":"SearchAction","target":{"@type":"EntryPoint","urlTemplate":"https:\/\/demoweb.info\/sexshop001\/?s={search_term_string}"},"query-input":"required name=search_term_string"}],"inLanguage":"es"}]}},"_links":{"self":[{"href":"https:\/\/demoweb.info\/sexshop001\/wp-json\/wp\/v3\/product\/57512","targetHints":{"allow":["GET"]}}],"collection":[{"href":"https:\/\/demoweb.info\/sexshop001\/wp-json\/wp\/v3\/product"}],"about":[{"href":"https:\/\/demoweb.info\/sexshop001\/wp-json\/wp\/v2\/types\/product"}],"replies":[{"embeddable":true,"href":"https:\/\/demoweb.info\/sexshop001\/wp-json\/wp\/v2\/comments?post=57512"}],"wp:featuredmedia":[{"embeddable":true,"href":"https:\/\/demoweb.info\/sexshop001\/wp-json\/wp\/v2\/media\/57513"}],"wp:attachment":[{"href":"https:\/\/demoweb.info\/sexshop001\/wp-json\/wp\/v2\/media?parent=57512"}],"wp:term":[{"taxonomy":"product_cat","embeddable":true,"href":"https:\/\/demoweb.info\/sexshop001\/wp-json\/wp\/v2\/product_cat?post=57512"},{"taxonomy":"product_tag","embeddable":true,"href":"https:\/\/demoweb.info\/sexshop001\/wp-json\/wp\/v2\/product_tag?post=57512"}],"curies":[{"name":"wp","href":"https:\/\/api.w.org\/{rel}","templated":true}]}}