{"id":57478,"date":"2022-01-22T17:26:19","date_gmt":"2022-01-22T16:26:19","guid":{"rendered":"https:\/\/demoweb.info\/sexshop001\/producto\/the-vicky-quickie-masturbador-doble-penetracion\/"},"modified":"2022-01-22T17:26:42","modified_gmt":"2022-01-22T16:26:42","slug":"the-vicky-quickie-masturbador-doble-penetracion","status":"publish","type":"product","link":"https:\/\/demoweb.info\/sexshop001\/producto\/the-vicky-quickie-masturbador-doble-penetracion\/","title":{"rendered":"THE VICKY QUICKIE MASTURBADOR DOBLE PENETRACI\u00d3N"},"content":{"rendered":"<p><strong>THE VICKY QUICKIE DOUBLE ENDED<\/strong><\/p>\n<p>Vicky Vette es la MILF m\u00e1s sexy de la Tierra y ahora podr\u00e1s llevarla contigo a donde quiera que vayas con el masturbador Vicky Quickie Double Ender.<\/p>\n<p>Moldeado directamente de la propia Vicky, un lado de este sexy stroker de ULTRASKYN \u2122 presenta una r\u00e9plica perfecta de su estrecha vagina, mientras que el otro lado presenta a su peque\u00f1o culo travieso.<\/p>\n<p>Adem\u00e1s, el Stroker cuenta con dos texturas internas \u00fanicas, para una diversi\u00f3n vers\u00e1til. Elige tu lado favorito.<\/p>\n<p>Medidas: 14 x 7 cm<\/p><\/p>\n","protected":false},"excerpt":{"rendered":"<p>THE VICKY QUICKIE DOUBLE ENDED Vicky Vette es la MILF m\u00e1s sexy de la Tierra y ahora podr\u00e1s llevarla contigo<\/p>\n","protected":false},"featured_media":57479,"comment_status":"open","ping_status":"open","template":"","meta":[],"product_cat":[687],"product_tag":[460],"class_list":["post-57478","product","type-product","status-publish","has-post-thumbnail","hentry","product_cat-dobles-masturbadores","product_tag-doc-johnson"],"bundled_by":[],"bundle_stock_status":"outofstock","bundle_stock_quantity":0,"bundle_virtual":false,"bundle_layout":"","bundle_add_to_cart_form_location":"","bundle_editable_in_cart":false,"bundle_sold_individually_context":"","bundle_item_grouping":"","bundle_min_size":"","bundle_max_size":"","bundled_items":[],"yoast_head":"<!-- This site is optimized with the Yoast SEO plugin v20.6 - https:\/\/yoast.com\/wordpress\/plugins\/seo\/ -->\n<title>THE VICKY QUICKIE MASTURBADOR DOBLE PENETRACI\u00d3N - Tienda Er\u00f3tica<\/title>\n<meta name=\"robots\" content=\"noindex, follow, max-snippet:-1, max-image-preview:large, max-video-preview:-1\" \/>\n<meta property=\"og:locale\" content=\"es_ES\" \/>\n<meta property=\"og:type\" content=\"article\" \/>\n<meta property=\"og:title\" content=\"THE VICKY QUICKIE MASTURBADOR DOBLE PENETRACI\u00d3N - Tienda Er\u00f3tica\" \/>\n<meta property=\"og:description\" content=\"THE VICKY QUICKIE DOUBLE ENDED Vicky Vette es la MILF m\u00e1s sexy de la Tierra y ahora podr\u00e1s llevarla contigo\" \/>\n<meta property=\"og:url\" content=\"https:\/\/demoweb.info\/sexshop001\/producto\/the-vicky-quickie-masturbador-doble-penetracion\/\" \/>\n<meta property=\"og:site_name\" content=\"Tienda Er\u00f3tica\" \/>\n<meta property=\"article:modified_time\" content=\"2022-01-22T16:26:42+00:00\" \/>\n<meta property=\"og:image\" content=\"https:\/\/demoweb.info\/sexshop001\/wp-content\/uploads\/2022\/01\/THE-VICKY-QUICKIE-MASTURBADOR-DOBLE-PENETRACION.jpg\" \/>\n\t<meta property=\"og:image:width\" content=\"550\" \/>\n\t<meta property=\"og:image:height\" content=\"550\" \/>\n\t<meta property=\"og:image:type\" content=\"image\/jpeg\" \/>\n<meta name=\"twitter:card\" content=\"summary_large_image\" \/>\n<script type=\"application\/ld+json\" class=\"yoast-schema-graph\">{\"@context\":\"https:\/\/schema.org\",\"@graph\":[{\"@type\":\"WebPage\",\"@id\":\"https:\/\/demoweb.info\/sexshop001\/producto\/the-vicky-quickie-masturbador-doble-penetracion\/\",\"url\":\"https:\/\/demoweb.info\/sexshop001\/producto\/the-vicky-quickie-masturbador-doble-penetracion\/\",\"name\":\"THE VICKY QUICKIE MASTURBADOR DOBLE PENETRACI\u00d3N - Tienda Er\u00f3tica\",\"isPartOf\":{\"@id\":\"https:\/\/demoweb.info\/sexshop001\/#website\"},\"datePublished\":\"2022-01-22T16:26:19+00:00\",\"dateModified\":\"2022-01-22T16:26:42+00:00\",\"breadcrumb\":{\"@id\":\"https:\/\/demoweb.info\/sexshop001\/producto\/the-vicky-quickie-masturbador-doble-penetracion\/#breadcrumb\"},\"inLanguage\":\"es\",\"potentialAction\":[{\"@type\":\"ReadAction\",\"target\":[\"https:\/\/demoweb.info\/sexshop001\/producto\/the-vicky-quickie-masturbador-doble-penetracion\/\"]}]},{\"@type\":\"BreadcrumbList\",\"@id\":\"https:\/\/demoweb.info\/sexshop001\/producto\/the-vicky-quickie-masturbador-doble-penetracion\/#breadcrumb\",\"itemListElement\":[{\"@type\":\"ListItem\",\"position\":1,\"name\":\"Portada\",\"item\":\"https:\/\/demoweb.info\/sexshop001\/\"},{\"@type\":\"ListItem\",\"position\":2,\"name\":\"Tienda\",\"item\":\"https:\/\/demoweb.info\/sexshop001\/tienda\/\"},{\"@type\":\"ListItem\",\"position\":3,\"name\":\"THE VICKY QUICKIE MASTURBADOR DOBLE PENETRACI\u00d3N\"}]},{\"@type\":\"WebSite\",\"@id\":\"https:\/\/demoweb.info\/sexshop001\/#website\",\"url\":\"https:\/\/demoweb.info\/sexshop001\/\",\"name\":\"Tienda Er\u00f3tica\",\"description\":\"DEMOWEB SL\",\"potentialAction\":[{\"@type\":\"SearchAction\",\"target\":{\"@type\":\"EntryPoint\",\"urlTemplate\":\"https:\/\/demoweb.info\/sexshop001\/?s={search_term_string}\"},\"query-input\":\"required name=search_term_string\"}],\"inLanguage\":\"es\"}]}<\/script>\n<!-- \/ Yoast SEO plugin. -->","yoast_head_json":{"title":"THE VICKY QUICKIE MASTURBADOR DOBLE PENETRACI\u00d3N - Tienda Er\u00f3tica","robots":{"index":"noindex","follow":"follow","max-snippet":"max-snippet:-1","max-image-preview":"max-image-preview:large","max-video-preview":"max-video-preview:-1"},"og_locale":"es_ES","og_type":"article","og_title":"THE VICKY QUICKIE MASTURBADOR DOBLE PENETRACI\u00d3N - Tienda Er\u00f3tica","og_description":"THE VICKY QUICKIE DOUBLE ENDED Vicky Vette es la MILF m\u00e1s sexy de la Tierra y ahora podr\u00e1s llevarla contigo","og_url":"https:\/\/demoweb.info\/sexshop001\/producto\/the-vicky-quickie-masturbador-doble-penetracion\/","og_site_name":"Tienda Er\u00f3tica","article_modified_time":"2022-01-22T16:26:42+00:00","og_image":[{"width":550,"height":550,"url":"https:\/\/demoweb.info\/sexshop001\/wp-content\/uploads\/2022\/01\/THE-VICKY-QUICKIE-MASTURBADOR-DOBLE-PENETRACION.jpg","type":"image\/jpeg"}],"twitter_card":"summary_large_image","schema":{"@context":"https:\/\/schema.org","@graph":[{"@type":"WebPage","@id":"https:\/\/demoweb.info\/sexshop001\/producto\/the-vicky-quickie-masturbador-doble-penetracion\/","url":"https:\/\/demoweb.info\/sexshop001\/producto\/the-vicky-quickie-masturbador-doble-penetracion\/","name":"THE VICKY QUICKIE MASTURBADOR DOBLE PENETRACI\u00d3N - Tienda Er\u00f3tica","isPartOf":{"@id":"https:\/\/demoweb.info\/sexshop001\/#website"},"datePublished":"2022-01-22T16:26:19+00:00","dateModified":"2022-01-22T16:26:42+00:00","breadcrumb":{"@id":"https:\/\/demoweb.info\/sexshop001\/producto\/the-vicky-quickie-masturbador-doble-penetracion\/#breadcrumb"},"inLanguage":"es","potentialAction":[{"@type":"ReadAction","target":["https:\/\/demoweb.info\/sexshop001\/producto\/the-vicky-quickie-masturbador-doble-penetracion\/"]}]},{"@type":"BreadcrumbList","@id":"https:\/\/demoweb.info\/sexshop001\/producto\/the-vicky-quickie-masturbador-doble-penetracion\/#breadcrumb","itemListElement":[{"@type":"ListItem","position":1,"name":"Portada","item":"https:\/\/demoweb.info\/sexshop001\/"},{"@type":"ListItem","position":2,"name":"Tienda","item":"https:\/\/demoweb.info\/sexshop001\/tienda\/"},{"@type":"ListItem","position":3,"name":"THE VICKY QUICKIE MASTURBADOR DOBLE PENETRACI\u00d3N"}]},{"@type":"WebSite","@id":"https:\/\/demoweb.info\/sexshop001\/#website","url":"https:\/\/demoweb.info\/sexshop001\/","name":"Tienda Er\u00f3tica","description":"DEMOWEB SL","potentialAction":[{"@type":"SearchAction","target":{"@type":"EntryPoint","urlTemplate":"https:\/\/demoweb.info\/sexshop001\/?s={search_term_string}"},"query-input":"required name=search_term_string"}],"inLanguage":"es"}]}},"_links":{"self":[{"href":"https:\/\/demoweb.info\/sexshop001\/wp-json\/wp\/v3\/product\/57478","targetHints":{"allow":["GET"]}}],"collection":[{"href":"https:\/\/demoweb.info\/sexshop001\/wp-json\/wp\/v3\/product"}],"about":[{"href":"https:\/\/demoweb.info\/sexshop001\/wp-json\/wp\/v2\/types\/product"}],"replies":[{"embeddable":true,"href":"https:\/\/demoweb.info\/sexshop001\/wp-json\/wp\/v2\/comments?post=57478"}],"wp:featuredmedia":[{"embeddable":true,"href":"https:\/\/demoweb.info\/sexshop001\/wp-json\/wp\/v2\/media\/57479"}],"wp:attachment":[{"href":"https:\/\/demoweb.info\/sexshop001\/wp-json\/wp\/v2\/media?parent=57478"}],"wp:term":[{"taxonomy":"product_cat","embeddable":true,"href":"https:\/\/demoweb.info\/sexshop001\/wp-json\/wp\/v2\/product_cat?post=57478"},{"taxonomy":"product_tag","embeddable":true,"href":"https:\/\/demoweb.info\/sexshop001\/wp-json\/wp\/v2\/product_tag?post=57478"}],"curies":[{"name":"wp","href":"https:\/\/api.w.org\/{rel}","templated":true}]}}