{"id":57475,"date":"2022-01-22T17:26:19","date_gmt":"2022-01-22T16:26:19","guid":{"rendered":"https:\/\/demoweb.info\/sexshop001\/producto\/sasha-grey-masturbador-garganta-profunda-con-vibracion\/"},"modified":"2022-01-22T17:26:37","modified_gmt":"2022-01-22T16:26:37","slug":"sasha-grey-masturbador-garganta-profunda-con-vibracion","status":"publish","type":"product","link":"https:\/\/demoweb.info\/sexshop001\/producto\/sasha-grey-masturbador-garganta-profunda-con-vibracion\/","title":{"rendered":"SASHA GREY MASTURBADOR GARGANTA PROFUNDA CON VIBRACI\u00d3N"},"content":{"rendered":"<p><strong>SASHA GREY VIBR. THROAT SUCKER<\/strong><\/p>\n<p>Sasha Grey es la estrella porno m\u00e1s caliente del mund. Este masturbador realista de material ULTRASKYN \u2122, moldeado directamente de la propia Sasha, tiene un solo orificio, creando una succi\u00f3n apretada y natural alrededor de tu pene, y una poderosa bala vibradora de 7 funciones que te ofrecer\u00e1 incre\u00edbles sensaciones.<\/p>\n<p>Pilas incluidas.<\/p>\n<p>Medidas: 14 x 7 cm<\/p><\/p>\n","protected":false},"excerpt":{"rendered":"<p>SASHA GREY VIBR. THROAT SUCKER Sasha Grey es la estrella porno m\u00e1s caliente del mund. Este masturbador realista de material<\/p>\n","protected":false},"featured_media":57476,"comment_status":"open","ping_status":"open","template":"","meta":[],"product_cat":[656],"product_tag":[460,1573],"class_list":["post-57475","product","type-product","status-publish","has-post-thumbnail","hentry","product_cat-bocas","product_tag-doc-johnson","product_tag-sasha-grey"],"bundled_by":[],"bundle_stock_status":"instock","bundle_stock_quantity":1,"bundle_virtual":false,"bundle_layout":"","bundle_add_to_cart_form_location":"","bundle_editable_in_cart":false,"bundle_sold_individually_context":"","bundle_item_grouping":"","bundle_min_size":"","bundle_max_size":"","bundled_items":[],"yoast_head":"<!-- This site is optimized with the Yoast SEO plugin v20.6 - https:\/\/yoast.com\/wordpress\/plugins\/seo\/ -->\n<title>SASHA GREY MASTURBADOR GARGANTA PROFUNDA CON VIBRACI\u00d3N - Tienda Er\u00f3tica<\/title>\n<meta name=\"robots\" content=\"noindex, follow, max-snippet:-1, max-image-preview:large, max-video-preview:-1\" \/>\n<meta property=\"og:locale\" content=\"es_ES\" \/>\n<meta property=\"og:type\" content=\"article\" \/>\n<meta property=\"og:title\" content=\"SASHA GREY MASTURBADOR GARGANTA PROFUNDA CON VIBRACI\u00d3N - Tienda Er\u00f3tica\" \/>\n<meta property=\"og:description\" content=\"SASHA GREY VIBR. THROAT SUCKER Sasha Grey es la estrella porno m\u00e1s caliente del mund. Este masturbador realista de material\" \/>\n<meta property=\"og:url\" content=\"https:\/\/demoweb.info\/sexshop001\/producto\/sasha-grey-masturbador-garganta-profunda-con-vibracion\/\" \/>\n<meta property=\"og:site_name\" content=\"Tienda Er\u00f3tica\" \/>\n<meta property=\"article:modified_time\" content=\"2022-01-22T16:26:37+00:00\" \/>\n<meta property=\"og:image\" content=\"https:\/\/demoweb.info\/sexshop001\/wp-content\/uploads\/2022\/01\/SASHA-GREY-MASTURBADOR-GARGANTA-PROFUNDA-CON-VIBRACION.jpg\" \/>\n\t<meta property=\"og:image:width\" content=\"550\" \/>\n\t<meta property=\"og:image:height\" content=\"550\" \/>\n\t<meta property=\"og:image:type\" content=\"image\/jpeg\" \/>\n<meta name=\"twitter:card\" content=\"summary_large_image\" \/>\n<script type=\"application\/ld+json\" class=\"yoast-schema-graph\">{\"@context\":\"https:\/\/schema.org\",\"@graph\":[{\"@type\":\"WebPage\",\"@id\":\"https:\/\/demoweb.info\/sexshop001\/producto\/sasha-grey-masturbador-garganta-profunda-con-vibracion\/\",\"url\":\"https:\/\/demoweb.info\/sexshop001\/producto\/sasha-grey-masturbador-garganta-profunda-con-vibracion\/\",\"name\":\"SASHA GREY MASTURBADOR GARGANTA PROFUNDA CON VIBRACI\u00d3N - Tienda Er\u00f3tica\",\"isPartOf\":{\"@id\":\"https:\/\/demoweb.info\/sexshop001\/#website\"},\"datePublished\":\"2022-01-22T16:26:19+00:00\",\"dateModified\":\"2022-01-22T16:26:37+00:00\",\"breadcrumb\":{\"@id\":\"https:\/\/demoweb.info\/sexshop001\/producto\/sasha-grey-masturbador-garganta-profunda-con-vibracion\/#breadcrumb\"},\"inLanguage\":\"es\",\"potentialAction\":[{\"@type\":\"ReadAction\",\"target\":[\"https:\/\/demoweb.info\/sexshop001\/producto\/sasha-grey-masturbador-garganta-profunda-con-vibracion\/\"]}]},{\"@type\":\"BreadcrumbList\",\"@id\":\"https:\/\/demoweb.info\/sexshop001\/producto\/sasha-grey-masturbador-garganta-profunda-con-vibracion\/#breadcrumb\",\"itemListElement\":[{\"@type\":\"ListItem\",\"position\":1,\"name\":\"Portada\",\"item\":\"https:\/\/demoweb.info\/sexshop001\/\"},{\"@type\":\"ListItem\",\"position\":2,\"name\":\"Tienda\",\"item\":\"https:\/\/demoweb.info\/sexshop001\/tienda\/\"},{\"@type\":\"ListItem\",\"position\":3,\"name\":\"SASHA GREY MASTURBADOR GARGANTA PROFUNDA CON VIBRACI\u00d3N\"}]},{\"@type\":\"WebSite\",\"@id\":\"https:\/\/demoweb.info\/sexshop001\/#website\",\"url\":\"https:\/\/demoweb.info\/sexshop001\/\",\"name\":\"Tienda Er\u00f3tica\",\"description\":\"DEMOWEB SL\",\"potentialAction\":[{\"@type\":\"SearchAction\",\"target\":{\"@type\":\"EntryPoint\",\"urlTemplate\":\"https:\/\/demoweb.info\/sexshop001\/?s={search_term_string}\"},\"query-input\":\"required name=search_term_string\"}],\"inLanguage\":\"es\"}]}<\/script>\n<!-- \/ Yoast SEO plugin. -->","yoast_head_json":{"title":"SASHA GREY MASTURBADOR GARGANTA PROFUNDA CON VIBRACI\u00d3N - Tienda Er\u00f3tica","robots":{"index":"noindex","follow":"follow","max-snippet":"max-snippet:-1","max-image-preview":"max-image-preview:large","max-video-preview":"max-video-preview:-1"},"og_locale":"es_ES","og_type":"article","og_title":"SASHA GREY MASTURBADOR GARGANTA PROFUNDA CON VIBRACI\u00d3N - Tienda Er\u00f3tica","og_description":"SASHA GREY VIBR. THROAT SUCKER Sasha Grey es la estrella porno m\u00e1s caliente del mund. Este masturbador realista de material","og_url":"https:\/\/demoweb.info\/sexshop001\/producto\/sasha-grey-masturbador-garganta-profunda-con-vibracion\/","og_site_name":"Tienda Er\u00f3tica","article_modified_time":"2022-01-22T16:26:37+00:00","og_image":[{"width":550,"height":550,"url":"https:\/\/demoweb.info\/sexshop001\/wp-content\/uploads\/2022\/01\/SASHA-GREY-MASTURBADOR-GARGANTA-PROFUNDA-CON-VIBRACION.jpg","type":"image\/jpeg"}],"twitter_card":"summary_large_image","schema":{"@context":"https:\/\/schema.org","@graph":[{"@type":"WebPage","@id":"https:\/\/demoweb.info\/sexshop001\/producto\/sasha-grey-masturbador-garganta-profunda-con-vibracion\/","url":"https:\/\/demoweb.info\/sexshop001\/producto\/sasha-grey-masturbador-garganta-profunda-con-vibracion\/","name":"SASHA GREY MASTURBADOR GARGANTA PROFUNDA CON VIBRACI\u00d3N - Tienda Er\u00f3tica","isPartOf":{"@id":"https:\/\/demoweb.info\/sexshop001\/#website"},"datePublished":"2022-01-22T16:26:19+00:00","dateModified":"2022-01-22T16:26:37+00:00","breadcrumb":{"@id":"https:\/\/demoweb.info\/sexshop001\/producto\/sasha-grey-masturbador-garganta-profunda-con-vibracion\/#breadcrumb"},"inLanguage":"es","potentialAction":[{"@type":"ReadAction","target":["https:\/\/demoweb.info\/sexshop001\/producto\/sasha-grey-masturbador-garganta-profunda-con-vibracion\/"]}]},{"@type":"BreadcrumbList","@id":"https:\/\/demoweb.info\/sexshop001\/producto\/sasha-grey-masturbador-garganta-profunda-con-vibracion\/#breadcrumb","itemListElement":[{"@type":"ListItem","position":1,"name":"Portada","item":"https:\/\/demoweb.info\/sexshop001\/"},{"@type":"ListItem","position":2,"name":"Tienda","item":"https:\/\/demoweb.info\/sexshop001\/tienda\/"},{"@type":"ListItem","position":3,"name":"SASHA GREY MASTURBADOR GARGANTA PROFUNDA CON VIBRACI\u00d3N"}]},{"@type":"WebSite","@id":"https:\/\/demoweb.info\/sexshop001\/#website","url":"https:\/\/demoweb.info\/sexshop001\/","name":"Tienda Er\u00f3tica","description":"DEMOWEB SL","potentialAction":[{"@type":"SearchAction","target":{"@type":"EntryPoint","urlTemplate":"https:\/\/demoweb.info\/sexshop001\/?s={search_term_string}"},"query-input":"required name=search_term_string"}],"inLanguage":"es"}]}},"_links":{"self":[{"href":"https:\/\/demoweb.info\/sexshop001\/wp-json\/wp\/v3\/product\/57475","targetHints":{"allow":["GET"]}}],"collection":[{"href":"https:\/\/demoweb.info\/sexshop001\/wp-json\/wp\/v3\/product"}],"about":[{"href":"https:\/\/demoweb.info\/sexshop001\/wp-json\/wp\/v2\/types\/product"}],"replies":[{"embeddable":true,"href":"https:\/\/demoweb.info\/sexshop001\/wp-json\/wp\/v2\/comments?post=57475"}],"wp:featuredmedia":[{"embeddable":true,"href":"https:\/\/demoweb.info\/sexshop001\/wp-json\/wp\/v2\/media\/57476"}],"wp:attachment":[{"href":"https:\/\/demoweb.info\/sexshop001\/wp-json\/wp\/v2\/media?parent=57475"}],"wp:term":[{"taxonomy":"product_cat","embeddable":true,"href":"https:\/\/demoweb.info\/sexshop001\/wp-json\/wp\/v2\/product_cat?post=57475"},{"taxonomy":"product_tag","embeddable":true,"href":"https:\/\/demoweb.info\/sexshop001\/wp-json\/wp\/v2\/product_tag?post=57475"}],"curies":[{"name":"wp","href":"https:\/\/api.w.org\/{rel}","templated":true}]}}