{"id":57454,"date":"2022-01-22T17:25:59","date_gmt":"2022-01-22T16:25:59","guid":{"rendered":"https:\/\/demoweb.info\/sexshop001\/producto\/kit-de-masturbadores-para-maquina-power-banger\/"},"modified":"2022-01-22T17:26:15","modified_gmt":"2022-01-22T16:26:15","slug":"kit-de-masturbadores-para-maquina-power-banger","status":"publish","type":"product","link":"https:\/\/demoweb.info\/sexshop001\/producto\/kit-de-masturbadores-para-maquina-power-banger\/","title":{"rendered":"KIT DE MASTURBADORES PARA M\u00c1QUINA POWER BANGER"},"content":{"rendered":"<p><strong>POWER BANGER COCK 8 PIECE KIT<\/strong><\/p>\n<p>Convierte tu m\u00e1quina Power Banger Fucking Machine en una org\u00eda total. Este paquete de accesorios de lujo contiene todo lo que necesitas para satisfacer todas tus fantas\u00edas, incluidos los penes real\u00edsticos de material ULTRASKYN \u2122 compatibles con Vac-U-Lock \u2122 en tres formas y tama\u00f1os distintos.<\/p>\n<p>El kit incluye:<\/p>\n<ul>\n<li>3 masturbadores Fuck Hole ULTRASKYN \u2122 con funda universal\n<ul>\n<li>Fuck Hole original vagina<\/li>\n<li>Fuck Hole Original ano<\/li>\n<li>Fuck Hole Tunnel<\/li>\n<\/ul>\n<\/li>\n<li>Conjunto de extensi\u00f3n de Power Banger, dos piezas crean tres opciones de longitud (10 cm, 20 cm y 30 cm)<\/li>\n<li>Adaptador de Power Banger.<\/li>\n<li>Lubricante a base de agua Doc Johnson\u00ae (118mL)<\/li>\n<li>Limpiador de juguetes Doc Johnson\u00ae Natural (118mL)<\/li>\n<li>Vac-U-Powder Doc Johnson\u00ae (28 g)<\/li>\n<li>Polvo Refrescante ULTRASKYN \u2122 de Doc Johnson\u00ae (28 g)<\/li>\n<li>Instrucciones completas de cuidado y uso.<\/li>\n<\/ul>\n","protected":false},"excerpt":{"rendered":"<p>POWER BANGER COCK 8 PIECE KIT Convierte tu m\u00e1quina Power Banger Fucking Machine en una org\u00eda total. Este paquete de<\/p>\n","protected":false},"featured_media":57455,"comment_status":"open","ping_status":"open","template":"","meta":[],"product_cat":[519],"product_tag":[460,1474],"class_list":["post-57454","product","type-product","status-publish","has-post-thumbnail","hentry","product_cat-parejas","product_tag-doc-johnson","product_tag-kink"],"bundled_by":[],"bundle_stock_status":"instock","bundle_stock_quantity":1,"bundle_virtual":false,"bundle_layout":"","bundle_add_to_cart_form_location":"","bundle_editable_in_cart":false,"bundle_sold_individually_context":"","bundle_item_grouping":"","bundle_min_size":"","bundle_max_size":"","bundled_items":[],"yoast_head":"<!-- This site is optimized with the Yoast SEO plugin v20.6 - https:\/\/yoast.com\/wordpress\/plugins\/seo\/ -->\n<title>KIT DE MASTURBADORES PARA M\u00c1QUINA POWER BANGER - Tienda Er\u00f3tica<\/title>\n<meta name=\"robots\" content=\"noindex, follow, max-snippet:-1, max-image-preview:large, max-video-preview:-1\" \/>\n<meta property=\"og:locale\" content=\"es_ES\" \/>\n<meta property=\"og:type\" content=\"article\" \/>\n<meta property=\"og:title\" content=\"KIT DE MASTURBADORES PARA M\u00c1QUINA POWER BANGER - Tienda Er\u00f3tica\" \/>\n<meta property=\"og:description\" content=\"POWER BANGER COCK 8 PIECE KIT Convierte tu m\u00e1quina Power Banger Fucking Machine en una org\u00eda total. Este paquete de\" \/>\n<meta property=\"og:url\" content=\"https:\/\/demoweb.info\/sexshop001\/producto\/kit-de-masturbadores-para-maquina-power-banger\/\" \/>\n<meta property=\"og:site_name\" content=\"Tienda Er\u00f3tica\" \/>\n<meta property=\"article:modified_time\" content=\"2022-01-22T16:26:15+00:00\" \/>\n<meta property=\"og:image\" content=\"https:\/\/demoweb.info\/sexshop001\/wp-content\/uploads\/2022\/01\/KIT-DE-MASTURBADORES-PARA-MAQUINA-POWER-BANGER.jpg\" \/>\n\t<meta property=\"og:image:width\" content=\"550\" \/>\n\t<meta property=\"og:image:height\" content=\"550\" \/>\n\t<meta property=\"og:image:type\" content=\"image\/jpeg\" \/>\n<meta name=\"twitter:card\" content=\"summary_large_image\" \/>\n<meta name=\"twitter:label1\" content=\"Tiempo de lectura\" \/>\n\t<meta name=\"twitter:data1\" content=\"1 minuto\" \/>\n<script type=\"application\/ld+json\" class=\"yoast-schema-graph\">{\"@context\":\"https:\/\/schema.org\",\"@graph\":[{\"@type\":\"WebPage\",\"@id\":\"https:\/\/demoweb.info\/sexshop001\/producto\/kit-de-masturbadores-para-maquina-power-banger\/\",\"url\":\"https:\/\/demoweb.info\/sexshop001\/producto\/kit-de-masturbadores-para-maquina-power-banger\/\",\"name\":\"KIT DE MASTURBADORES PARA M\u00c1QUINA POWER BANGER - Tienda Er\u00f3tica\",\"isPartOf\":{\"@id\":\"https:\/\/demoweb.info\/sexshop001\/#website\"},\"datePublished\":\"2022-01-22T16:25:59+00:00\",\"dateModified\":\"2022-01-22T16:26:15+00:00\",\"breadcrumb\":{\"@id\":\"https:\/\/demoweb.info\/sexshop001\/producto\/kit-de-masturbadores-para-maquina-power-banger\/#breadcrumb\"},\"inLanguage\":\"es\",\"potentialAction\":[{\"@type\":\"ReadAction\",\"target\":[\"https:\/\/demoweb.info\/sexshop001\/producto\/kit-de-masturbadores-para-maquina-power-banger\/\"]}]},{\"@type\":\"BreadcrumbList\",\"@id\":\"https:\/\/demoweb.info\/sexshop001\/producto\/kit-de-masturbadores-para-maquina-power-banger\/#breadcrumb\",\"itemListElement\":[{\"@type\":\"ListItem\",\"position\":1,\"name\":\"Portada\",\"item\":\"https:\/\/demoweb.info\/sexshop001\/\"},{\"@type\":\"ListItem\",\"position\":2,\"name\":\"Tienda\",\"item\":\"https:\/\/demoweb.info\/sexshop001\/tienda\/\"},{\"@type\":\"ListItem\",\"position\":3,\"name\":\"KIT DE MASTURBADORES PARA M\u00c1QUINA POWER BANGER\"}]},{\"@type\":\"WebSite\",\"@id\":\"https:\/\/demoweb.info\/sexshop001\/#website\",\"url\":\"https:\/\/demoweb.info\/sexshop001\/\",\"name\":\"Tienda Er\u00f3tica\",\"description\":\"DEMOWEB SL\",\"potentialAction\":[{\"@type\":\"SearchAction\",\"target\":{\"@type\":\"EntryPoint\",\"urlTemplate\":\"https:\/\/demoweb.info\/sexshop001\/?s={search_term_string}\"},\"query-input\":\"required name=search_term_string\"}],\"inLanguage\":\"es\"}]}<\/script>\n<!-- \/ Yoast SEO plugin. -->","yoast_head_json":{"title":"KIT DE MASTURBADORES PARA M\u00c1QUINA POWER BANGER - Tienda Er\u00f3tica","robots":{"index":"noindex","follow":"follow","max-snippet":"max-snippet:-1","max-image-preview":"max-image-preview:large","max-video-preview":"max-video-preview:-1"},"og_locale":"es_ES","og_type":"article","og_title":"KIT DE MASTURBADORES PARA M\u00c1QUINA POWER BANGER - Tienda Er\u00f3tica","og_description":"POWER BANGER COCK 8 PIECE KIT Convierte tu m\u00e1quina Power Banger Fucking Machine en una org\u00eda total. Este paquete de","og_url":"https:\/\/demoweb.info\/sexshop001\/producto\/kit-de-masturbadores-para-maquina-power-banger\/","og_site_name":"Tienda Er\u00f3tica","article_modified_time":"2022-01-22T16:26:15+00:00","og_image":[{"width":550,"height":550,"url":"https:\/\/demoweb.info\/sexshop001\/wp-content\/uploads\/2022\/01\/KIT-DE-MASTURBADORES-PARA-MAQUINA-POWER-BANGER.jpg","type":"image\/jpeg"}],"twitter_card":"summary_large_image","twitter_misc":{"Tiempo de lectura":"1 minuto"},"schema":{"@context":"https:\/\/schema.org","@graph":[{"@type":"WebPage","@id":"https:\/\/demoweb.info\/sexshop001\/producto\/kit-de-masturbadores-para-maquina-power-banger\/","url":"https:\/\/demoweb.info\/sexshop001\/producto\/kit-de-masturbadores-para-maquina-power-banger\/","name":"KIT DE MASTURBADORES PARA M\u00c1QUINA POWER BANGER - Tienda Er\u00f3tica","isPartOf":{"@id":"https:\/\/demoweb.info\/sexshop001\/#website"},"datePublished":"2022-01-22T16:25:59+00:00","dateModified":"2022-01-22T16:26:15+00:00","breadcrumb":{"@id":"https:\/\/demoweb.info\/sexshop001\/producto\/kit-de-masturbadores-para-maquina-power-banger\/#breadcrumb"},"inLanguage":"es","potentialAction":[{"@type":"ReadAction","target":["https:\/\/demoweb.info\/sexshop001\/producto\/kit-de-masturbadores-para-maquina-power-banger\/"]}]},{"@type":"BreadcrumbList","@id":"https:\/\/demoweb.info\/sexshop001\/producto\/kit-de-masturbadores-para-maquina-power-banger\/#breadcrumb","itemListElement":[{"@type":"ListItem","position":1,"name":"Portada","item":"https:\/\/demoweb.info\/sexshop001\/"},{"@type":"ListItem","position":2,"name":"Tienda","item":"https:\/\/demoweb.info\/sexshop001\/tienda\/"},{"@type":"ListItem","position":3,"name":"KIT DE MASTURBADORES PARA M\u00c1QUINA POWER BANGER"}]},{"@type":"WebSite","@id":"https:\/\/demoweb.info\/sexshop001\/#website","url":"https:\/\/demoweb.info\/sexshop001\/","name":"Tienda Er\u00f3tica","description":"DEMOWEB SL","potentialAction":[{"@type":"SearchAction","target":{"@type":"EntryPoint","urlTemplate":"https:\/\/demoweb.info\/sexshop001\/?s={search_term_string}"},"query-input":"required name=search_term_string"}],"inLanguage":"es"}]}},"_links":{"self":[{"href":"https:\/\/demoweb.info\/sexshop001\/wp-json\/wp\/v3\/product\/57454","targetHints":{"allow":["GET"]}}],"collection":[{"href":"https:\/\/demoweb.info\/sexshop001\/wp-json\/wp\/v3\/product"}],"about":[{"href":"https:\/\/demoweb.info\/sexshop001\/wp-json\/wp\/v2\/types\/product"}],"replies":[{"embeddable":true,"href":"https:\/\/demoweb.info\/sexshop001\/wp-json\/wp\/v2\/comments?post=57454"}],"wp:featuredmedia":[{"embeddable":true,"href":"https:\/\/demoweb.info\/sexshop001\/wp-json\/wp\/v2\/media\/57455"}],"wp:attachment":[{"href":"https:\/\/demoweb.info\/sexshop001\/wp-json\/wp\/v2\/media?parent=57454"}],"wp:term":[{"taxonomy":"product_cat","embeddable":true,"href":"https:\/\/demoweb.info\/sexshop001\/wp-json\/wp\/v2\/product_cat?post=57454"},{"taxonomy":"product_tag","embeddable":true,"href":"https:\/\/demoweb.info\/sexshop001\/wp-json\/wp\/v2\/product_tag?post=57454"}],"curies":[{"name":"wp","href":"https:\/\/api.w.org\/{rel}","templated":true}]}}