{"id":57431,"date":"2022-01-22T17:25:59","date_gmt":"2022-01-22T16:25:59","guid":{"rendered":"https:\/\/demoweb.info\/sexshop001\/producto\/swell-auto-succionador-pezones\/"},"modified":"2022-01-22T17:26:01","modified_gmt":"2022-01-22T16:26:01","slug":"swell-auto-succionador-pezones","status":"publish","type":"product","link":"https:\/\/demoweb.info\/sexshop001\/producto\/swell-auto-succionador-pezones\/","title":{"rendered":"SWELL AUTO SUCCIONADOR PEZONES"},"content":{"rendered":"<p><strong>SWELL AUTO NIPPLE SUCKER CUPS<\/strong><\/p>\n<p>Los pezones ultra sensibles y duros como la roca y la excitaci\u00f3n aumentada est\u00e1n a solo un toque de distancia. Con solo presionar un bot\u00f3n, Swell se adhiere perfectamente a la piel con un fuerte sello de succi\u00f3n autom\u00e1tico para la diversi\u00f3n sin manos: simplemente coloca las copas transparentes sobre cada pez\u00f3n, enciende y mira c\u00f3mo crecen.<\/p>\n<p>Las poderosas vibraciones multifuncionales con controles separados para cada copa aumentan la intensidad a\u00fan m\u00e1s, mientras que los controles simples hacen que Swell sea incre\u00edble para jugar solo o en pareja.<\/p>\n<p>Kink by Doc Johnson es una colaboraci\u00f3n emocionante con Kink.com para crear una colecci\u00f3n de art\u00edculos fetiche aut\u00e9nticos de alta calidad, adecuados tanto para los practicantes a largo plazo como para los nuevos iniciados.<\/p>\n<p>Caracter\u00edsticas:<\/p>\n<ul>\n<li>Copas vibratorias controladas individualmente<\/li>\n<li>7 Funciones, Multi-Speed<\/li>\n<li>Potente succi\u00f3n de bomba autom\u00e1tica<\/li>\n<li>Bot\u00f3n de liberaci\u00f3n de aire para una extracci\u00f3n r\u00e1pida y segura<\/li>\n<li>Copas de pez\u00f3n despejadas visualmente<\/li>\n<li>indicadores LED de alimentaci\u00f3n<\/li>\n<li>Libre de ftalatos.<\/li>\n<li>Funciona con 2 pilas AA<\/li>\n<li>Material: TPE\/ABS<\/li>\n<li>Di\u00e1metro: 5,72 cm<\/li>\n<\/ul>\n","protected":false},"excerpt":{"rendered":"<p>SWELL AUTO NIPPLE SUCKER CUPS Los pezones ultra sensibles y duros como la roca y la excitaci\u00f3n aumentada est\u00e1n a<\/p>\n","protected":false},"featured_media":57432,"comment_status":"open","ping_status":"open","template":"","meta":[],"product_cat":[488],"product_tag":[460,1474],"class_list":["post-57431","product","type-product","status-publish","has-post-thumbnail","hentry","product_cat-pezones","product_tag-doc-johnson","product_tag-kink"],"bundled_by":[],"bundle_stock_status":"instock","bundle_stock_quantity":1,"bundle_virtual":false,"bundle_layout":"","bundle_add_to_cart_form_location":"","bundle_editable_in_cart":false,"bundle_sold_individually_context":"","bundle_item_grouping":"","bundle_min_size":"","bundle_max_size":"","bundled_items":[],"yoast_head":"<!-- This site is optimized with the Yoast SEO plugin v20.6 - https:\/\/yoast.com\/wordpress\/plugins\/seo\/ -->\n<title>SWELL AUTO SUCCIONADOR PEZONES - Tienda Er\u00f3tica<\/title>\n<meta name=\"robots\" content=\"noindex, follow, max-snippet:-1, max-image-preview:large, max-video-preview:-1\" \/>\n<meta property=\"og:locale\" content=\"es_ES\" \/>\n<meta property=\"og:type\" content=\"article\" \/>\n<meta property=\"og:title\" content=\"SWELL AUTO SUCCIONADOR PEZONES - Tienda Er\u00f3tica\" \/>\n<meta property=\"og:description\" content=\"SWELL AUTO NIPPLE SUCKER CUPS Los pezones ultra sensibles y duros como la roca y la excitaci\u00f3n aumentada est\u00e1n a\" \/>\n<meta property=\"og:url\" content=\"https:\/\/demoweb.info\/sexshop001\/producto\/swell-auto-succionador-pezones\/\" \/>\n<meta property=\"og:site_name\" content=\"Tienda Er\u00f3tica\" \/>\n<meta property=\"article:modified_time\" content=\"2022-01-22T16:26:01+00:00\" \/>\n<meta property=\"og:image\" content=\"https:\/\/demoweb.info\/sexshop001\/wp-content\/uploads\/2022\/01\/SWELL-AUTO-SUCCIONADOR-PEZONES.jpg\" \/>\n\t<meta property=\"og:image:width\" content=\"550\" \/>\n\t<meta property=\"og:image:height\" content=\"550\" \/>\n\t<meta property=\"og:image:type\" content=\"image\/jpeg\" \/>\n<meta name=\"twitter:card\" content=\"summary_large_image\" \/>\n<meta name=\"twitter:label1\" content=\"Tiempo de lectura\" \/>\n\t<meta name=\"twitter:data1\" content=\"1 minuto\" \/>\n<script type=\"application\/ld+json\" class=\"yoast-schema-graph\">{\"@context\":\"https:\/\/schema.org\",\"@graph\":[{\"@type\":\"WebPage\",\"@id\":\"https:\/\/demoweb.info\/sexshop001\/producto\/swell-auto-succionador-pezones\/\",\"url\":\"https:\/\/demoweb.info\/sexshop001\/producto\/swell-auto-succionador-pezones\/\",\"name\":\"SWELL AUTO SUCCIONADOR PEZONES - Tienda Er\u00f3tica\",\"isPartOf\":{\"@id\":\"https:\/\/demoweb.info\/sexshop001\/#website\"},\"datePublished\":\"2022-01-22T16:25:59+00:00\",\"dateModified\":\"2022-01-22T16:26:01+00:00\",\"breadcrumb\":{\"@id\":\"https:\/\/demoweb.info\/sexshop001\/producto\/swell-auto-succionador-pezones\/#breadcrumb\"},\"inLanguage\":\"es\",\"potentialAction\":[{\"@type\":\"ReadAction\",\"target\":[\"https:\/\/demoweb.info\/sexshop001\/producto\/swell-auto-succionador-pezones\/\"]}]},{\"@type\":\"BreadcrumbList\",\"@id\":\"https:\/\/demoweb.info\/sexshop001\/producto\/swell-auto-succionador-pezones\/#breadcrumb\",\"itemListElement\":[{\"@type\":\"ListItem\",\"position\":1,\"name\":\"Portada\",\"item\":\"https:\/\/demoweb.info\/sexshop001\/\"},{\"@type\":\"ListItem\",\"position\":2,\"name\":\"Tienda\",\"item\":\"https:\/\/demoweb.info\/sexshop001\/tienda\/\"},{\"@type\":\"ListItem\",\"position\":3,\"name\":\"SWELL AUTO SUCCIONADOR PEZONES\"}]},{\"@type\":\"WebSite\",\"@id\":\"https:\/\/demoweb.info\/sexshop001\/#website\",\"url\":\"https:\/\/demoweb.info\/sexshop001\/\",\"name\":\"Tienda Er\u00f3tica\",\"description\":\"DEMOWEB SL\",\"potentialAction\":[{\"@type\":\"SearchAction\",\"target\":{\"@type\":\"EntryPoint\",\"urlTemplate\":\"https:\/\/demoweb.info\/sexshop001\/?s={search_term_string}\"},\"query-input\":\"required name=search_term_string\"}],\"inLanguage\":\"es\"}]}<\/script>\n<!-- \/ Yoast SEO plugin. -->","yoast_head_json":{"title":"SWELL AUTO SUCCIONADOR PEZONES - Tienda Er\u00f3tica","robots":{"index":"noindex","follow":"follow","max-snippet":"max-snippet:-1","max-image-preview":"max-image-preview:large","max-video-preview":"max-video-preview:-1"},"og_locale":"es_ES","og_type":"article","og_title":"SWELL AUTO SUCCIONADOR PEZONES - Tienda Er\u00f3tica","og_description":"SWELL AUTO NIPPLE SUCKER CUPS Los pezones ultra sensibles y duros como la roca y la excitaci\u00f3n aumentada est\u00e1n a","og_url":"https:\/\/demoweb.info\/sexshop001\/producto\/swell-auto-succionador-pezones\/","og_site_name":"Tienda Er\u00f3tica","article_modified_time":"2022-01-22T16:26:01+00:00","og_image":[{"width":550,"height":550,"url":"https:\/\/demoweb.info\/sexshop001\/wp-content\/uploads\/2022\/01\/SWELL-AUTO-SUCCIONADOR-PEZONES.jpg","type":"image\/jpeg"}],"twitter_card":"summary_large_image","twitter_misc":{"Tiempo de lectura":"1 minuto"},"schema":{"@context":"https:\/\/schema.org","@graph":[{"@type":"WebPage","@id":"https:\/\/demoweb.info\/sexshop001\/producto\/swell-auto-succionador-pezones\/","url":"https:\/\/demoweb.info\/sexshop001\/producto\/swell-auto-succionador-pezones\/","name":"SWELL AUTO SUCCIONADOR PEZONES - Tienda Er\u00f3tica","isPartOf":{"@id":"https:\/\/demoweb.info\/sexshop001\/#website"},"datePublished":"2022-01-22T16:25:59+00:00","dateModified":"2022-01-22T16:26:01+00:00","breadcrumb":{"@id":"https:\/\/demoweb.info\/sexshop001\/producto\/swell-auto-succionador-pezones\/#breadcrumb"},"inLanguage":"es","potentialAction":[{"@type":"ReadAction","target":["https:\/\/demoweb.info\/sexshop001\/producto\/swell-auto-succionador-pezones\/"]}]},{"@type":"BreadcrumbList","@id":"https:\/\/demoweb.info\/sexshop001\/producto\/swell-auto-succionador-pezones\/#breadcrumb","itemListElement":[{"@type":"ListItem","position":1,"name":"Portada","item":"https:\/\/demoweb.info\/sexshop001\/"},{"@type":"ListItem","position":2,"name":"Tienda","item":"https:\/\/demoweb.info\/sexshop001\/tienda\/"},{"@type":"ListItem","position":3,"name":"SWELL AUTO SUCCIONADOR PEZONES"}]},{"@type":"WebSite","@id":"https:\/\/demoweb.info\/sexshop001\/#website","url":"https:\/\/demoweb.info\/sexshop001\/","name":"Tienda Er\u00f3tica","description":"DEMOWEB SL","potentialAction":[{"@type":"SearchAction","target":{"@type":"EntryPoint","urlTemplate":"https:\/\/demoweb.info\/sexshop001\/?s={search_term_string}"},"query-input":"required name=search_term_string"}],"inLanguage":"es"}]}},"_links":{"self":[{"href":"https:\/\/demoweb.info\/sexshop001\/wp-json\/wp\/v3\/product\/57431","targetHints":{"allow":["GET"]}}],"collection":[{"href":"https:\/\/demoweb.info\/sexshop001\/wp-json\/wp\/v3\/product"}],"about":[{"href":"https:\/\/demoweb.info\/sexshop001\/wp-json\/wp\/v2\/types\/product"}],"replies":[{"embeddable":true,"href":"https:\/\/demoweb.info\/sexshop001\/wp-json\/wp\/v2\/comments?post=57431"}],"wp:featuredmedia":[{"embeddable":true,"href":"https:\/\/demoweb.info\/sexshop001\/wp-json\/wp\/v2\/media\/57432"}],"wp:attachment":[{"href":"https:\/\/demoweb.info\/sexshop001\/wp-json\/wp\/v2\/media?parent=57431"}],"wp:term":[{"taxonomy":"product_cat","embeddable":true,"href":"https:\/\/demoweb.info\/sexshop001\/wp-json\/wp\/v2\/product_cat?post=57431"},{"taxonomy":"product_tag","embeddable":true,"href":"https:\/\/demoweb.info\/sexshop001\/wp-json\/wp\/v2\/product_tag?post=57431"}],"curies":[{"name":"wp","href":"https:\/\/api.w.org\/{rel}","templated":true}]}}