{"id":57421,"date":"2022-01-22T17:25:43","date_gmt":"2022-01-22T16:25:43","guid":{"rendered":"https:\/\/demoweb.info\/sexshop001\/producto\/stroker-thrill-masturbador-masculino-azul\/"},"modified":"2022-01-22T17:25:53","modified_gmt":"2022-01-22T16:25:53","slug":"stroker-thrill-masturbador-masculino-azul","status":"publish","type":"product","link":"https:\/\/demoweb.info\/sexshop001\/producto\/stroker-thrill-masturbador-masculino-azul\/","title":{"rendered":"STROKER THRILL MASTURBADOR MASCULINO &#8211; AZUL"},"content":{"rendered":"<p><strong>STROKER THRILL<\/strong><\/p>\n<p>Triplica tu diversi\u00f3n con Mood Thrill. <\/p>\n<p>Hecho del material realista ULTRASKYN \u2122 material, este stroker manual presenta tres texturas internas para una estimulaci\u00f3n vers\u00e1til. El exclusivo t\u00fanel de placer de triple textura incluye grandes cuentas de masaje en la entrada, nervaduras gruesas en el centro y cuentas estimulantes que se estrechan hasta un final apretado en el extremo abierto.<\/p>\n<p>F\u00e1cil de limpiar. \u00a1Incluso se calienta al tacto!.<\/p>\n<p>Disponible en distintos colores.<\/p>\n<p>Medidas: 11,4 x 4,5 cm<\/p><\/p>\n","protected":false},"excerpt":{"rendered":"<p>STROKER THRILL Triplica tu diversi\u00f3n con Mood Thrill. Hecho del material realista ULTRASKYN \u2122 material, este stroker manual presenta tres<\/p>\n","protected":false},"featured_media":57422,"comment_status":"open","ping_status":"open","template":"","meta":[],"product_cat":[542],"product_tag":[460,847],"class_list":["post-57421","product","type-product","status-publish","has-post-thumbnail","hentry","product_cat-clasicos","product_tag-doc-johnson","product_tag-mood"],"bundled_by":[],"bundle_stock_status":"instock","bundle_stock_quantity":2,"bundle_virtual":false,"bundle_layout":"","bundle_add_to_cart_form_location":"","bundle_editable_in_cart":false,"bundle_sold_individually_context":"","bundle_item_grouping":"","bundle_min_size":"","bundle_max_size":"","bundled_items":[],"yoast_head":"<!-- This site is optimized with the Yoast SEO plugin v20.6 - https:\/\/yoast.com\/wordpress\/plugins\/seo\/ -->\n<title>STROKER THRILL MASTURBADOR MASCULINO - AZUL - Tienda Er\u00f3tica<\/title>\n<meta name=\"robots\" content=\"noindex, follow, max-snippet:-1, max-image-preview:large, max-video-preview:-1\" \/>\n<meta property=\"og:locale\" content=\"es_ES\" \/>\n<meta property=\"og:type\" content=\"article\" \/>\n<meta property=\"og:title\" content=\"STROKER THRILL MASTURBADOR MASCULINO - AZUL - Tienda Er\u00f3tica\" \/>\n<meta property=\"og:description\" content=\"STROKER THRILL Triplica tu diversi\u00f3n con Mood Thrill. Hecho del material realista ULTRASKYN \u2122 material, este stroker manual presenta tres\" \/>\n<meta property=\"og:url\" content=\"https:\/\/demoweb.info\/sexshop001\/producto\/stroker-thrill-masturbador-masculino-azul\/\" \/>\n<meta property=\"og:site_name\" content=\"Tienda Er\u00f3tica\" \/>\n<meta property=\"article:modified_time\" content=\"2022-01-22T16:25:53+00:00\" \/>\n<meta property=\"og:image\" content=\"https:\/\/demoweb.info\/sexshop001\/wp-content\/uploads\/2022\/01\/STROKER-THRILL-MASTURBADOR-MASCULINO-AZUL.jpg\" \/>\n\t<meta property=\"og:image:width\" content=\"550\" \/>\n\t<meta property=\"og:image:height\" content=\"550\" \/>\n\t<meta property=\"og:image:type\" content=\"image\/jpeg\" \/>\n<meta name=\"twitter:card\" content=\"summary_large_image\" \/>\n<script type=\"application\/ld+json\" class=\"yoast-schema-graph\">{\"@context\":\"https:\/\/schema.org\",\"@graph\":[{\"@type\":\"WebPage\",\"@id\":\"https:\/\/demoweb.info\/sexshop001\/producto\/stroker-thrill-masturbador-masculino-azul\/\",\"url\":\"https:\/\/demoweb.info\/sexshop001\/producto\/stroker-thrill-masturbador-masculino-azul\/\",\"name\":\"STROKER THRILL MASTURBADOR MASCULINO - AZUL - Tienda Er\u00f3tica\",\"isPartOf\":{\"@id\":\"https:\/\/demoweb.info\/sexshop001\/#website\"},\"datePublished\":\"2022-01-22T16:25:43+00:00\",\"dateModified\":\"2022-01-22T16:25:53+00:00\",\"breadcrumb\":{\"@id\":\"https:\/\/demoweb.info\/sexshop001\/producto\/stroker-thrill-masturbador-masculino-azul\/#breadcrumb\"},\"inLanguage\":\"es\",\"potentialAction\":[{\"@type\":\"ReadAction\",\"target\":[\"https:\/\/demoweb.info\/sexshop001\/producto\/stroker-thrill-masturbador-masculino-azul\/\"]}]},{\"@type\":\"BreadcrumbList\",\"@id\":\"https:\/\/demoweb.info\/sexshop001\/producto\/stroker-thrill-masturbador-masculino-azul\/#breadcrumb\",\"itemListElement\":[{\"@type\":\"ListItem\",\"position\":1,\"name\":\"Portada\",\"item\":\"https:\/\/demoweb.info\/sexshop001\/\"},{\"@type\":\"ListItem\",\"position\":2,\"name\":\"Tienda\",\"item\":\"https:\/\/demoweb.info\/sexshop001\/tienda\/\"},{\"@type\":\"ListItem\",\"position\":3,\"name\":\"STROKER THRILL MASTURBADOR MASCULINO &#8211; AZUL\"}]},{\"@type\":\"WebSite\",\"@id\":\"https:\/\/demoweb.info\/sexshop001\/#website\",\"url\":\"https:\/\/demoweb.info\/sexshop001\/\",\"name\":\"Tienda Er\u00f3tica\",\"description\":\"DEMOWEB SL\",\"potentialAction\":[{\"@type\":\"SearchAction\",\"target\":{\"@type\":\"EntryPoint\",\"urlTemplate\":\"https:\/\/demoweb.info\/sexshop001\/?s={search_term_string}\"},\"query-input\":\"required name=search_term_string\"}],\"inLanguage\":\"es\"}]}<\/script>\n<!-- \/ Yoast SEO plugin. -->","yoast_head_json":{"title":"STROKER THRILL MASTURBADOR MASCULINO - AZUL - Tienda Er\u00f3tica","robots":{"index":"noindex","follow":"follow","max-snippet":"max-snippet:-1","max-image-preview":"max-image-preview:large","max-video-preview":"max-video-preview:-1"},"og_locale":"es_ES","og_type":"article","og_title":"STROKER THRILL MASTURBADOR MASCULINO - AZUL - Tienda Er\u00f3tica","og_description":"STROKER THRILL Triplica tu diversi\u00f3n con Mood Thrill. Hecho del material realista ULTRASKYN \u2122 material, este stroker manual presenta tres","og_url":"https:\/\/demoweb.info\/sexshop001\/producto\/stroker-thrill-masturbador-masculino-azul\/","og_site_name":"Tienda Er\u00f3tica","article_modified_time":"2022-01-22T16:25:53+00:00","og_image":[{"width":550,"height":550,"url":"https:\/\/demoweb.info\/sexshop001\/wp-content\/uploads\/2022\/01\/STROKER-THRILL-MASTURBADOR-MASCULINO-AZUL.jpg","type":"image\/jpeg"}],"twitter_card":"summary_large_image","schema":{"@context":"https:\/\/schema.org","@graph":[{"@type":"WebPage","@id":"https:\/\/demoweb.info\/sexshop001\/producto\/stroker-thrill-masturbador-masculino-azul\/","url":"https:\/\/demoweb.info\/sexshop001\/producto\/stroker-thrill-masturbador-masculino-azul\/","name":"STROKER THRILL MASTURBADOR MASCULINO - AZUL - Tienda Er\u00f3tica","isPartOf":{"@id":"https:\/\/demoweb.info\/sexshop001\/#website"},"datePublished":"2022-01-22T16:25:43+00:00","dateModified":"2022-01-22T16:25:53+00:00","breadcrumb":{"@id":"https:\/\/demoweb.info\/sexshop001\/producto\/stroker-thrill-masturbador-masculino-azul\/#breadcrumb"},"inLanguage":"es","potentialAction":[{"@type":"ReadAction","target":["https:\/\/demoweb.info\/sexshop001\/producto\/stroker-thrill-masturbador-masculino-azul\/"]}]},{"@type":"BreadcrumbList","@id":"https:\/\/demoweb.info\/sexshop001\/producto\/stroker-thrill-masturbador-masculino-azul\/#breadcrumb","itemListElement":[{"@type":"ListItem","position":1,"name":"Portada","item":"https:\/\/demoweb.info\/sexshop001\/"},{"@type":"ListItem","position":2,"name":"Tienda","item":"https:\/\/demoweb.info\/sexshop001\/tienda\/"},{"@type":"ListItem","position":3,"name":"STROKER THRILL MASTURBADOR MASCULINO &#8211; AZUL"}]},{"@type":"WebSite","@id":"https:\/\/demoweb.info\/sexshop001\/#website","url":"https:\/\/demoweb.info\/sexshop001\/","name":"Tienda Er\u00f3tica","description":"DEMOWEB SL","potentialAction":[{"@type":"SearchAction","target":{"@type":"EntryPoint","urlTemplate":"https:\/\/demoweb.info\/sexshop001\/?s={search_term_string}"},"query-input":"required name=search_term_string"}],"inLanguage":"es"}]}},"_links":{"self":[{"href":"https:\/\/demoweb.info\/sexshop001\/wp-json\/wp\/v3\/product\/57421","targetHints":{"allow":["GET"]}}],"collection":[{"href":"https:\/\/demoweb.info\/sexshop001\/wp-json\/wp\/v3\/product"}],"about":[{"href":"https:\/\/demoweb.info\/sexshop001\/wp-json\/wp\/v2\/types\/product"}],"replies":[{"embeddable":true,"href":"https:\/\/demoweb.info\/sexshop001\/wp-json\/wp\/v2\/comments?post=57421"}],"wp:featuredmedia":[{"embeddable":true,"href":"https:\/\/demoweb.info\/sexshop001\/wp-json\/wp\/v2\/media\/57422"}],"wp:attachment":[{"href":"https:\/\/demoweb.info\/sexshop001\/wp-json\/wp\/v2\/media?parent=57421"}],"wp:term":[{"taxonomy":"product_cat","embeddable":true,"href":"https:\/\/demoweb.info\/sexshop001\/wp-json\/wp\/v2\/product_cat?post=57421"},{"taxonomy":"product_tag","embeddable":true,"href":"https:\/\/demoweb.info\/sexshop001\/wp-json\/wp\/v2\/product_tag?post=57421"}],"curies":[{"name":"wp","href":"https:\/\/api.w.org\/{rel}","templated":true}]}}