{"id":57408,"date":"2022-01-22T17:25:43","date_gmt":"2022-01-22T16:25:43","guid":{"rendered":"https:\/\/demoweb.info\/sexshop001\/producto\/rimming-masajeador-punto-p-negro\/"},"modified":"2022-01-22T17:25:46","modified_gmt":"2022-01-22T16:25:46","slug":"rimming-masajeador-punto-p-negro","status":"publish","type":"product","link":"https:\/\/demoweb.info\/sexshop001\/producto\/rimming-masajeador-punto-p-negro\/","title":{"rendered":"RIMMING MASAJEADOR PUNTO P &#8211; NEGRO"},"content":{"rendered":"<p><strong>RIMMING P-MASSAGER <\/strong><\/p>\n<p>Dise\u00f1ado como el mejor vibrador anal para hombres, este elegante masajeadro de silicona de la colecci\u00f3n de OptiMALE penetra profundamente para satisfacer m\u00faltiples \u00e1reas con fuertes vibraciones en el eje, un masajeador perineal y potentes surcos giratorios perfectamente colocados para estimular el punto de entrada anal m\u00e1s sensible.<\/p>\n<p>Controles separados con modos individualizados para cada punto de estimulaci\u00f3n: el eje vibratorio de 10 funciones, el estimulador de perineo vibratorio de 10 funciones y las crestas giratorias multidireccionales de 3 velocidades: personaliza tu experiencia en todo momento.<\/p>\n<p>Firme, pero flexible.<\/p>\n<p>Recargable con USB.<\/p>\n<p>Medidas:<\/p>\n<ul>\n<li>Longitud total: 17,8 cm<\/li>\n<li>Longitud insertable: 12,7 cm<\/li>\n<li>Di\u00e1metro: 3 cm<\/li>\n<\/ul>\n","protected":false},"excerpt":{"rendered":"<p>RIMMING P-MASSAGER Dise\u00f1ado como el mejor vibrador anal para hombres, este elegante masajeadro de silicona de la colecci\u00f3n de OptiMALE<\/p>\n","protected":false},"featured_media":57409,"comment_status":"open","ping_status":"open","template":"","meta":[],"product_cat":[301],"product_tag":[460,1264],"class_list":["post-57408","product","type-product","status-publish","has-post-thumbnail","hentry","product_cat-punto-p","product_tag-doc-johnson","product_tag-optimale"],"bundled_by":[],"bundle_stock_status":"instock","bundle_stock_quantity":3,"bundle_virtual":false,"bundle_layout":"","bundle_add_to_cart_form_location":"","bundle_editable_in_cart":false,"bundle_sold_individually_context":"","bundle_item_grouping":"","bundle_min_size":"","bundle_max_size":"","bundled_items":[],"yoast_head":"<!-- This site is optimized with the Yoast SEO plugin v20.6 - https:\/\/yoast.com\/wordpress\/plugins\/seo\/ -->\n<title>RIMMING MASAJEADOR PUNTO P - NEGRO - Tienda Er\u00f3tica<\/title>\n<meta name=\"robots\" content=\"noindex, follow, max-snippet:-1, max-image-preview:large, max-video-preview:-1\" \/>\n<meta property=\"og:locale\" content=\"es_ES\" \/>\n<meta property=\"og:type\" content=\"article\" \/>\n<meta property=\"og:title\" content=\"RIMMING MASAJEADOR PUNTO P - NEGRO - Tienda Er\u00f3tica\" \/>\n<meta property=\"og:description\" content=\"RIMMING P-MASSAGER Dise\u00f1ado como el mejor vibrador anal para hombres, este elegante masajeadro de silicona de la colecci\u00f3n de OptiMALE\" \/>\n<meta property=\"og:url\" content=\"https:\/\/demoweb.info\/sexshop001\/producto\/rimming-masajeador-punto-p-negro\/\" \/>\n<meta property=\"og:site_name\" content=\"Tienda Er\u00f3tica\" \/>\n<meta property=\"article:modified_time\" content=\"2022-01-22T16:25:46+00:00\" \/>\n<meta property=\"og:image\" content=\"https:\/\/demoweb.info\/sexshop001\/wp-content\/uploads\/2022\/01\/RIMMING-MASAJEADOR-PUNTO-P-NEGRO.jpg\" \/>\n\t<meta property=\"og:image:width\" content=\"550\" \/>\n\t<meta property=\"og:image:height\" content=\"550\" \/>\n\t<meta property=\"og:image:type\" content=\"image\/jpeg\" \/>\n<meta name=\"twitter:card\" content=\"summary_large_image\" \/>\n<meta name=\"twitter:label1\" content=\"Tiempo de lectura\" \/>\n\t<meta name=\"twitter:data1\" content=\"1 minuto\" \/>\n<script type=\"application\/ld+json\" class=\"yoast-schema-graph\">{\"@context\":\"https:\/\/schema.org\",\"@graph\":[{\"@type\":\"WebPage\",\"@id\":\"https:\/\/demoweb.info\/sexshop001\/producto\/rimming-masajeador-punto-p-negro\/\",\"url\":\"https:\/\/demoweb.info\/sexshop001\/producto\/rimming-masajeador-punto-p-negro\/\",\"name\":\"RIMMING MASAJEADOR PUNTO P - NEGRO - Tienda Er\u00f3tica\",\"isPartOf\":{\"@id\":\"https:\/\/demoweb.info\/sexshop001\/#website\"},\"datePublished\":\"2022-01-22T16:25:43+00:00\",\"dateModified\":\"2022-01-22T16:25:46+00:00\",\"breadcrumb\":{\"@id\":\"https:\/\/demoweb.info\/sexshop001\/producto\/rimming-masajeador-punto-p-negro\/#breadcrumb\"},\"inLanguage\":\"es\",\"potentialAction\":[{\"@type\":\"ReadAction\",\"target\":[\"https:\/\/demoweb.info\/sexshop001\/producto\/rimming-masajeador-punto-p-negro\/\"]}]},{\"@type\":\"BreadcrumbList\",\"@id\":\"https:\/\/demoweb.info\/sexshop001\/producto\/rimming-masajeador-punto-p-negro\/#breadcrumb\",\"itemListElement\":[{\"@type\":\"ListItem\",\"position\":1,\"name\":\"Portada\",\"item\":\"https:\/\/demoweb.info\/sexshop001\/\"},{\"@type\":\"ListItem\",\"position\":2,\"name\":\"Tienda\",\"item\":\"https:\/\/demoweb.info\/sexshop001\/tienda\/\"},{\"@type\":\"ListItem\",\"position\":3,\"name\":\"RIMMING MASAJEADOR PUNTO P &#8211; NEGRO\"}]},{\"@type\":\"WebSite\",\"@id\":\"https:\/\/demoweb.info\/sexshop001\/#website\",\"url\":\"https:\/\/demoweb.info\/sexshop001\/\",\"name\":\"Tienda Er\u00f3tica\",\"description\":\"DEMOWEB SL\",\"potentialAction\":[{\"@type\":\"SearchAction\",\"target\":{\"@type\":\"EntryPoint\",\"urlTemplate\":\"https:\/\/demoweb.info\/sexshop001\/?s={search_term_string}\"},\"query-input\":\"required name=search_term_string\"}],\"inLanguage\":\"es\"}]}<\/script>\n<!-- \/ Yoast SEO plugin. -->","yoast_head_json":{"title":"RIMMING MASAJEADOR PUNTO P - NEGRO - Tienda Er\u00f3tica","robots":{"index":"noindex","follow":"follow","max-snippet":"max-snippet:-1","max-image-preview":"max-image-preview:large","max-video-preview":"max-video-preview:-1"},"og_locale":"es_ES","og_type":"article","og_title":"RIMMING MASAJEADOR PUNTO P - NEGRO - Tienda Er\u00f3tica","og_description":"RIMMING P-MASSAGER Dise\u00f1ado como el mejor vibrador anal para hombres, este elegante masajeadro de silicona de la colecci\u00f3n de OptiMALE","og_url":"https:\/\/demoweb.info\/sexshop001\/producto\/rimming-masajeador-punto-p-negro\/","og_site_name":"Tienda Er\u00f3tica","article_modified_time":"2022-01-22T16:25:46+00:00","og_image":[{"width":550,"height":550,"url":"https:\/\/demoweb.info\/sexshop001\/wp-content\/uploads\/2022\/01\/RIMMING-MASAJEADOR-PUNTO-P-NEGRO.jpg","type":"image\/jpeg"}],"twitter_card":"summary_large_image","twitter_misc":{"Tiempo de lectura":"1 minuto"},"schema":{"@context":"https:\/\/schema.org","@graph":[{"@type":"WebPage","@id":"https:\/\/demoweb.info\/sexshop001\/producto\/rimming-masajeador-punto-p-negro\/","url":"https:\/\/demoweb.info\/sexshop001\/producto\/rimming-masajeador-punto-p-negro\/","name":"RIMMING MASAJEADOR PUNTO P - NEGRO - Tienda Er\u00f3tica","isPartOf":{"@id":"https:\/\/demoweb.info\/sexshop001\/#website"},"datePublished":"2022-01-22T16:25:43+00:00","dateModified":"2022-01-22T16:25:46+00:00","breadcrumb":{"@id":"https:\/\/demoweb.info\/sexshop001\/producto\/rimming-masajeador-punto-p-negro\/#breadcrumb"},"inLanguage":"es","potentialAction":[{"@type":"ReadAction","target":["https:\/\/demoweb.info\/sexshop001\/producto\/rimming-masajeador-punto-p-negro\/"]}]},{"@type":"BreadcrumbList","@id":"https:\/\/demoweb.info\/sexshop001\/producto\/rimming-masajeador-punto-p-negro\/#breadcrumb","itemListElement":[{"@type":"ListItem","position":1,"name":"Portada","item":"https:\/\/demoweb.info\/sexshop001\/"},{"@type":"ListItem","position":2,"name":"Tienda","item":"https:\/\/demoweb.info\/sexshop001\/tienda\/"},{"@type":"ListItem","position":3,"name":"RIMMING MASAJEADOR PUNTO P &#8211; NEGRO"}]},{"@type":"WebSite","@id":"https:\/\/demoweb.info\/sexshop001\/#website","url":"https:\/\/demoweb.info\/sexshop001\/","name":"Tienda Er\u00f3tica","description":"DEMOWEB SL","potentialAction":[{"@type":"SearchAction","target":{"@type":"EntryPoint","urlTemplate":"https:\/\/demoweb.info\/sexshop001\/?s={search_term_string}"},"query-input":"required name=search_term_string"}],"inLanguage":"es"}]}},"_links":{"self":[{"href":"https:\/\/demoweb.info\/sexshop001\/wp-json\/wp\/v3\/product\/57408","targetHints":{"allow":["GET"]}}],"collection":[{"href":"https:\/\/demoweb.info\/sexshop001\/wp-json\/wp\/v3\/product"}],"about":[{"href":"https:\/\/demoweb.info\/sexshop001\/wp-json\/wp\/v2\/types\/product"}],"replies":[{"embeddable":true,"href":"https:\/\/demoweb.info\/sexshop001\/wp-json\/wp\/v2\/comments?post=57408"}],"wp:featuredmedia":[{"embeddable":true,"href":"https:\/\/demoweb.info\/sexshop001\/wp-json\/wp\/v2\/media\/57409"}],"wp:attachment":[{"href":"https:\/\/demoweb.info\/sexshop001\/wp-json\/wp\/v2\/media?parent=57408"}],"wp:term":[{"taxonomy":"product_cat","embeddable":true,"href":"https:\/\/demoweb.info\/sexshop001\/wp-json\/wp\/v2\/product_cat?post=57408"},{"taxonomy":"product_tag","embeddable":true,"href":"https:\/\/demoweb.info\/sexshop001\/wp-json\/wp\/v2\/product_tag?post=57408"}],"curies":[{"name":"wp","href":"https:\/\/api.w.org\/{rel}","templated":true}]}}