{"id":57351,"date":"2022-01-22T17:25:02","date_gmt":"2022-01-22T16:25:02","guid":{"rendered":"https:\/\/demoweb.info\/sexshop001\/producto\/packing-penis-pene-realistico-1275-cm\/"},"modified":"2022-01-22T17:25:06","modified_gmt":"2022-01-22T16:25:06","slug":"packing-penis-pene-realistico-1275-cm","status":"publish","type":"product","link":"https:\/\/demoweb.info\/sexshop001\/producto\/packing-penis-pene-realistico-1275-cm\/","title":{"rendered":"PACKING PENIS &#8211; PENE REAL\u00cdSTICO 12,75 CM"},"content":{"rendered":"<p><strong>PACKING PENIS<\/strong><\/p>\n<p>El sensual Pecker Gear Packing Gear es un paquete masculino realista que crea un look sexy y masculino.<\/p>\n<p>Dise\u00f1ado para un ajuste c\u00f3modo y seguro en tu arn\u00e9s favorito Packer Gear \u2122, el pene s\u00faper suave y flexible es ideal para cualquier persona que desee exhibir estos bienes naturales.<\/p>\n<p>Hecho de material ultra puro, sin fragancia, Pure Skin, el esculpido Gear Packing Penis mide una longitud natural, presenta pliegues de piel realistas y un escroto texturizado.<\/p>\n<p>Disfruta de un nuevo nivel de masculinidad y confianza con el Pecker Packing Gear Packing.<\/p>\n<p>Material: TPR<\/p>\n<p>Medidas:<\/p>\n<ul>\n<li>Totales: 12,75 x 8,25 cm<\/li>\n<li>Insertables: 10,25 x 3,75 cm<\/li>\n<\/ul>\n","protected":false},"excerpt":{"rendered":"<p>PACKING PENIS El sensual Pecker Gear Packing Gear es un paquete masculino realista que crea un look sexy y masculino.<\/p>\n","protected":false},"featured_media":57352,"comment_status":"open","ping_status":"open","template":"","meta":[],"product_cat":[981],"product_tag":[660,980],"class_list":["post-57351","product","type-product","status-publish","has-post-thumbnail","hentry","product_cat-transexuales","product_tag-calexotics","product_tag-packer-gear"],"bundled_by":[],"bundle_stock_status":"outofstock","bundle_stock_quantity":0,"bundle_virtual":false,"bundle_layout":"","bundle_add_to_cart_form_location":"","bundle_editable_in_cart":false,"bundle_sold_individually_context":"","bundle_item_grouping":"","bundle_min_size":"","bundle_max_size":"","bundled_items":[],"yoast_head":"<!-- This site is optimized with the Yoast SEO plugin v20.6 - https:\/\/yoast.com\/wordpress\/plugins\/seo\/ -->\n<title>PACKING PENIS - PENE REAL\u00cdSTICO 12,75 CM - Tienda Er\u00f3tica<\/title>\n<meta name=\"robots\" content=\"noindex, follow, max-snippet:-1, max-image-preview:large, max-video-preview:-1\" \/>\n<meta property=\"og:locale\" content=\"es_ES\" \/>\n<meta property=\"og:type\" content=\"article\" \/>\n<meta property=\"og:title\" content=\"PACKING PENIS - PENE REAL\u00cdSTICO 12,75 CM - Tienda Er\u00f3tica\" \/>\n<meta property=\"og:description\" content=\"PACKING PENIS El sensual Pecker Gear Packing Gear es un paquete masculino realista que crea un look sexy y masculino.\" \/>\n<meta property=\"og:url\" content=\"https:\/\/demoweb.info\/sexshop001\/producto\/packing-penis-pene-realistico-1275-cm\/\" \/>\n<meta property=\"og:site_name\" content=\"Tienda Er\u00f3tica\" \/>\n<meta property=\"article:modified_time\" content=\"2022-01-22T16:25:06+00:00\" \/>\n<meta property=\"og:image\" content=\"https:\/\/demoweb.info\/sexshop001\/wp-content\/uploads\/2022\/01\/PACKING-PENIS-PENE-REALISTICO-1275-CM.jpg\" \/>\n\t<meta property=\"og:image:width\" content=\"550\" \/>\n\t<meta property=\"og:image:height\" content=\"550\" \/>\n\t<meta property=\"og:image:type\" content=\"image\/jpeg\" \/>\n<meta name=\"twitter:card\" content=\"summary_large_image\" \/>\n<meta name=\"twitter:label1\" content=\"Tiempo de lectura\" \/>\n\t<meta name=\"twitter:data1\" content=\"1 minuto\" \/>\n<script type=\"application\/ld+json\" class=\"yoast-schema-graph\">{\"@context\":\"https:\/\/schema.org\",\"@graph\":[{\"@type\":\"WebPage\",\"@id\":\"https:\/\/demoweb.info\/sexshop001\/producto\/packing-penis-pene-realistico-1275-cm\/\",\"url\":\"https:\/\/demoweb.info\/sexshop001\/producto\/packing-penis-pene-realistico-1275-cm\/\",\"name\":\"PACKING PENIS - PENE REAL\u00cdSTICO 12,75 CM - Tienda Er\u00f3tica\",\"isPartOf\":{\"@id\":\"https:\/\/demoweb.info\/sexshop001\/#website\"},\"datePublished\":\"2022-01-22T16:25:02+00:00\",\"dateModified\":\"2022-01-22T16:25:06+00:00\",\"breadcrumb\":{\"@id\":\"https:\/\/demoweb.info\/sexshop001\/producto\/packing-penis-pene-realistico-1275-cm\/#breadcrumb\"},\"inLanguage\":\"es\",\"potentialAction\":[{\"@type\":\"ReadAction\",\"target\":[\"https:\/\/demoweb.info\/sexshop001\/producto\/packing-penis-pene-realistico-1275-cm\/\"]}]},{\"@type\":\"BreadcrumbList\",\"@id\":\"https:\/\/demoweb.info\/sexshop001\/producto\/packing-penis-pene-realistico-1275-cm\/#breadcrumb\",\"itemListElement\":[{\"@type\":\"ListItem\",\"position\":1,\"name\":\"Portada\",\"item\":\"https:\/\/demoweb.info\/sexshop001\/\"},{\"@type\":\"ListItem\",\"position\":2,\"name\":\"Tienda\",\"item\":\"https:\/\/demoweb.info\/sexshop001\/tienda\/\"},{\"@type\":\"ListItem\",\"position\":3,\"name\":\"PACKING PENIS &#8211; PENE REAL\u00cdSTICO 12,75 CM\"}]},{\"@type\":\"WebSite\",\"@id\":\"https:\/\/demoweb.info\/sexshop001\/#website\",\"url\":\"https:\/\/demoweb.info\/sexshop001\/\",\"name\":\"Tienda Er\u00f3tica\",\"description\":\"DEMOWEB SL\",\"potentialAction\":[{\"@type\":\"SearchAction\",\"target\":{\"@type\":\"EntryPoint\",\"urlTemplate\":\"https:\/\/demoweb.info\/sexshop001\/?s={search_term_string}\"},\"query-input\":\"required name=search_term_string\"}],\"inLanguage\":\"es\"}]}<\/script>\n<!-- \/ Yoast SEO plugin. -->","yoast_head_json":{"title":"PACKING PENIS - PENE REAL\u00cdSTICO 12,75 CM - Tienda Er\u00f3tica","robots":{"index":"noindex","follow":"follow","max-snippet":"max-snippet:-1","max-image-preview":"max-image-preview:large","max-video-preview":"max-video-preview:-1"},"og_locale":"es_ES","og_type":"article","og_title":"PACKING PENIS - PENE REAL\u00cdSTICO 12,75 CM - Tienda Er\u00f3tica","og_description":"PACKING PENIS El sensual Pecker Gear Packing Gear es un paquete masculino realista que crea un look sexy y masculino.","og_url":"https:\/\/demoweb.info\/sexshop001\/producto\/packing-penis-pene-realistico-1275-cm\/","og_site_name":"Tienda Er\u00f3tica","article_modified_time":"2022-01-22T16:25:06+00:00","og_image":[{"width":550,"height":550,"url":"https:\/\/demoweb.info\/sexshop001\/wp-content\/uploads\/2022\/01\/PACKING-PENIS-PENE-REALISTICO-1275-CM.jpg","type":"image\/jpeg"}],"twitter_card":"summary_large_image","twitter_misc":{"Tiempo de lectura":"1 minuto"},"schema":{"@context":"https:\/\/schema.org","@graph":[{"@type":"WebPage","@id":"https:\/\/demoweb.info\/sexshop001\/producto\/packing-penis-pene-realistico-1275-cm\/","url":"https:\/\/demoweb.info\/sexshop001\/producto\/packing-penis-pene-realistico-1275-cm\/","name":"PACKING PENIS - PENE REAL\u00cdSTICO 12,75 CM - Tienda Er\u00f3tica","isPartOf":{"@id":"https:\/\/demoweb.info\/sexshop001\/#website"},"datePublished":"2022-01-22T16:25:02+00:00","dateModified":"2022-01-22T16:25:06+00:00","breadcrumb":{"@id":"https:\/\/demoweb.info\/sexshop001\/producto\/packing-penis-pene-realistico-1275-cm\/#breadcrumb"},"inLanguage":"es","potentialAction":[{"@type":"ReadAction","target":["https:\/\/demoweb.info\/sexshop001\/producto\/packing-penis-pene-realistico-1275-cm\/"]}]},{"@type":"BreadcrumbList","@id":"https:\/\/demoweb.info\/sexshop001\/producto\/packing-penis-pene-realistico-1275-cm\/#breadcrumb","itemListElement":[{"@type":"ListItem","position":1,"name":"Portada","item":"https:\/\/demoweb.info\/sexshop001\/"},{"@type":"ListItem","position":2,"name":"Tienda","item":"https:\/\/demoweb.info\/sexshop001\/tienda\/"},{"@type":"ListItem","position":3,"name":"PACKING PENIS &#8211; PENE REAL\u00cdSTICO 12,75 CM"}]},{"@type":"WebSite","@id":"https:\/\/demoweb.info\/sexshop001\/#website","url":"https:\/\/demoweb.info\/sexshop001\/","name":"Tienda Er\u00f3tica","description":"DEMOWEB SL","potentialAction":[{"@type":"SearchAction","target":{"@type":"EntryPoint","urlTemplate":"https:\/\/demoweb.info\/sexshop001\/?s={search_term_string}"},"query-input":"required name=search_term_string"}],"inLanguage":"es"}]}},"_links":{"self":[{"href":"https:\/\/demoweb.info\/sexshop001\/wp-json\/wp\/v3\/product\/57351","targetHints":{"allow":["GET"]}}],"collection":[{"href":"https:\/\/demoweb.info\/sexshop001\/wp-json\/wp\/v3\/product"}],"about":[{"href":"https:\/\/demoweb.info\/sexshop001\/wp-json\/wp\/v2\/types\/product"}],"replies":[{"embeddable":true,"href":"https:\/\/demoweb.info\/sexshop001\/wp-json\/wp\/v2\/comments?post=57351"}],"wp:featuredmedia":[{"embeddable":true,"href":"https:\/\/demoweb.info\/sexshop001\/wp-json\/wp\/v2\/media\/57352"}],"wp:attachment":[{"href":"https:\/\/demoweb.info\/sexshop001\/wp-json\/wp\/v2\/media?parent=57351"}],"wp:term":[{"taxonomy":"product_cat","embeddable":true,"href":"https:\/\/demoweb.info\/sexshop001\/wp-json\/wp\/v2\/product_cat?post=57351"},{"taxonomy":"product_tag","embeddable":true,"href":"https:\/\/demoweb.info\/sexshop001\/wp-json\/wp\/v2\/product_tag?post=57351"}],"curies":[{"name":"wp","href":"https:\/\/api.w.org\/{rel}","templated":true}]}}