{"id":57315,"date":"2022-01-22T17:24:36","date_gmt":"2022-01-22T16:24:36","guid":{"rendered":"https:\/\/demoweb.info\/sexshop001\/producto\/nick-manning-masturstroke-kit-de-masturbacion-rojo\/"},"modified":"2022-01-22T17:24:41","modified_gmt":"2022-01-22T16:24:41","slug":"nick-manning-masturstroke-kit-de-masturbacion-rojo","status":"publish","type":"product","link":"https:\/\/demoweb.info\/sexshop001\/producto\/nick-manning-masturstroke-kit-de-masturbacion-rojo\/","title":{"rendered":"NICK MANNING MASTURSTROKE KIT DE MASTURBACI\u00d3N &#8211; ROJO"},"content":{"rendered":"<p><strong>NICK MANNING MASTURSTROKE MASTURBATION KIT<\/strong><\/p>\n<p>Esta colecci\u00f3n de placer incluye una poderosa bomba de succi\u00f3n, tres anillos el\u00e1sticos, una manga de masturbaci\u00f3n inductora de orgasmo y lubricante para hacer que tu juego sea suave y h\u00famedo.<\/p>\n<p>El cilindro transl\u00facido ermite ver tu progreso mientras bombea. El dise\u00f1o de color rojo y negro har\u00e1 que tus fantas\u00edas se pongan en marcha en poco tiempo mientras disfrutas de una presi\u00f3n y succi\u00f3n estimulantes.<\/p>\n<p>Una manguera flexible y sin engarce te permite bombear sin esfuerzo en una gran variedad de posiciones. La manguera se separa para facilitar la limpieza una vez que finaliza tu sesi\u00f3n de bombeo. La funda suave y c\u00f3nica en la parte inferior del cilindro mantiene el pene c\u00f3modo y estimulado mientras bombea.<\/p>\n<p>Ampl\u00eda tu placer durante el juego en solitario o en pareja con los tres anillos el\u00e1sticos y multiusos. Vienen en tres tama\u00f1os diferentes para adaptarse a todos los tama\u00f1os y proporcionar diferentes grados de estimulaci\u00f3n. Los anillos cuentan con cuentas para proporcionar placer adicional mientras acaricias o empujas a orgasmos incre\u00edbles.<\/p>\n<p>Cuando hayas terminado de bombear, deja salir un poco de vapor y sum\u00e9rjete en el masturbador real\u00edstico Senso con forma de vagina y labios detallados totalmente realista.<\/p>\n<p>Lubrica tu pene con el lubricante incluido en tu kit de placer, te encantar\u00e1 la sensaci\u00f3n de esta manga suave, el\u00e1stica e intensamente placentera envuelta alrededor de tu erecci\u00f3n m\u00e1s dura que nunca.<\/p>\n<p>Disfruta de una amplia gama de placer y aumenta tu erecci\u00f3n como un profesional con este kit.<\/p>\n<p>Medidas de la bomba: 21 x 5 cm<\/p><\/p>\n","protected":false},"excerpt":{"rendered":"<p>NICK MANNING MASTURSTROKE MASTURBATION KIT Esta colecci\u00f3n de placer incluye una poderosa bomba de succi\u00f3n, tres anillos el\u00e1sticos, una manga<\/p>\n","protected":false},"featured_media":57316,"comment_status":"open","ping_status":"open","template":"","meta":[],"product_cat":[495],"product_tag":[660],"class_list":["post-57315","product","type-product","status-publish","has-post-thumbnail","hentry","product_cat-basicos","product_tag-calexotics"],"bundled_by":[],"bundle_stock_status":"outofstock","bundle_stock_quantity":0,"bundle_virtual":false,"bundle_layout":"","bundle_add_to_cart_form_location":"","bundle_editable_in_cart":false,"bundle_sold_individually_context":"","bundle_item_grouping":"","bundle_min_size":"","bundle_max_size":"","bundled_items":[],"yoast_head":"<!-- This site is optimized with the Yoast SEO plugin v20.6 - https:\/\/yoast.com\/wordpress\/plugins\/seo\/ -->\n<title>NICK MANNING MASTURSTROKE KIT DE MASTURBACI\u00d3N - ROJO - Tienda Er\u00f3tica<\/title>\n<meta name=\"robots\" content=\"noindex, follow, max-snippet:-1, max-image-preview:large, max-video-preview:-1\" \/>\n<meta property=\"og:locale\" content=\"es_ES\" \/>\n<meta property=\"og:type\" content=\"article\" \/>\n<meta property=\"og:title\" content=\"NICK MANNING MASTURSTROKE KIT DE MASTURBACI\u00d3N - ROJO - Tienda Er\u00f3tica\" \/>\n<meta property=\"og:description\" content=\"NICK MANNING MASTURSTROKE MASTURBATION KIT Esta colecci\u00f3n de placer incluye una poderosa bomba de succi\u00f3n, tres anillos el\u00e1sticos, una manga\" \/>\n<meta property=\"og:url\" content=\"https:\/\/demoweb.info\/sexshop001\/producto\/nick-manning-masturstroke-kit-de-masturbacion-rojo\/\" \/>\n<meta property=\"og:site_name\" content=\"Tienda Er\u00f3tica\" \/>\n<meta property=\"article:modified_time\" content=\"2022-01-22T16:24:41+00:00\" \/>\n<meta property=\"og:image\" content=\"https:\/\/demoweb.info\/sexshop001\/wp-content\/uploads\/2022\/01\/NICK-MANNING-MASTURSTROKE-KIT-DE-MASTURBACION-ROJO.jpg\" \/>\n\t<meta property=\"og:image:width\" content=\"550\" \/>\n\t<meta property=\"og:image:height\" content=\"550\" \/>\n\t<meta property=\"og:image:type\" content=\"image\/jpeg\" \/>\n<meta name=\"twitter:card\" content=\"summary_large_image\" \/>\n<meta name=\"twitter:label1\" content=\"Tiempo de lectura\" \/>\n\t<meta name=\"twitter:data1\" content=\"1 minuto\" \/>\n<script type=\"application\/ld+json\" class=\"yoast-schema-graph\">{\"@context\":\"https:\/\/schema.org\",\"@graph\":[{\"@type\":\"WebPage\",\"@id\":\"https:\/\/demoweb.info\/sexshop001\/producto\/nick-manning-masturstroke-kit-de-masturbacion-rojo\/\",\"url\":\"https:\/\/demoweb.info\/sexshop001\/producto\/nick-manning-masturstroke-kit-de-masturbacion-rojo\/\",\"name\":\"NICK MANNING MASTURSTROKE KIT DE MASTURBACI\u00d3N - ROJO - Tienda Er\u00f3tica\",\"isPartOf\":{\"@id\":\"https:\/\/demoweb.info\/sexshop001\/#website\"},\"datePublished\":\"2022-01-22T16:24:36+00:00\",\"dateModified\":\"2022-01-22T16:24:41+00:00\",\"breadcrumb\":{\"@id\":\"https:\/\/demoweb.info\/sexshop001\/producto\/nick-manning-masturstroke-kit-de-masturbacion-rojo\/#breadcrumb\"},\"inLanguage\":\"es\",\"potentialAction\":[{\"@type\":\"ReadAction\",\"target\":[\"https:\/\/demoweb.info\/sexshop001\/producto\/nick-manning-masturstroke-kit-de-masturbacion-rojo\/\"]}]},{\"@type\":\"BreadcrumbList\",\"@id\":\"https:\/\/demoweb.info\/sexshop001\/producto\/nick-manning-masturstroke-kit-de-masturbacion-rojo\/#breadcrumb\",\"itemListElement\":[{\"@type\":\"ListItem\",\"position\":1,\"name\":\"Portada\",\"item\":\"https:\/\/demoweb.info\/sexshop001\/\"},{\"@type\":\"ListItem\",\"position\":2,\"name\":\"Tienda\",\"item\":\"https:\/\/demoweb.info\/sexshop001\/tienda\/\"},{\"@type\":\"ListItem\",\"position\":3,\"name\":\"NICK MANNING MASTURSTROKE KIT DE MASTURBACI\u00d3N &#8211; ROJO\"}]},{\"@type\":\"WebSite\",\"@id\":\"https:\/\/demoweb.info\/sexshop001\/#website\",\"url\":\"https:\/\/demoweb.info\/sexshop001\/\",\"name\":\"Tienda Er\u00f3tica\",\"description\":\"DEMOWEB SL\",\"potentialAction\":[{\"@type\":\"SearchAction\",\"target\":{\"@type\":\"EntryPoint\",\"urlTemplate\":\"https:\/\/demoweb.info\/sexshop001\/?s={search_term_string}\"},\"query-input\":\"required name=search_term_string\"}],\"inLanguage\":\"es\"}]}<\/script>\n<!-- \/ Yoast SEO plugin. -->","yoast_head_json":{"title":"NICK MANNING MASTURSTROKE KIT DE MASTURBACI\u00d3N - ROJO - Tienda Er\u00f3tica","robots":{"index":"noindex","follow":"follow","max-snippet":"max-snippet:-1","max-image-preview":"max-image-preview:large","max-video-preview":"max-video-preview:-1"},"og_locale":"es_ES","og_type":"article","og_title":"NICK MANNING MASTURSTROKE KIT DE MASTURBACI\u00d3N - ROJO - Tienda Er\u00f3tica","og_description":"NICK MANNING MASTURSTROKE MASTURBATION KIT Esta colecci\u00f3n de placer incluye una poderosa bomba de succi\u00f3n, tres anillos el\u00e1sticos, una manga","og_url":"https:\/\/demoweb.info\/sexshop001\/producto\/nick-manning-masturstroke-kit-de-masturbacion-rojo\/","og_site_name":"Tienda Er\u00f3tica","article_modified_time":"2022-01-22T16:24:41+00:00","og_image":[{"width":550,"height":550,"url":"https:\/\/demoweb.info\/sexshop001\/wp-content\/uploads\/2022\/01\/NICK-MANNING-MASTURSTROKE-KIT-DE-MASTURBACION-ROJO.jpg","type":"image\/jpeg"}],"twitter_card":"summary_large_image","twitter_misc":{"Tiempo de lectura":"1 minuto"},"schema":{"@context":"https:\/\/schema.org","@graph":[{"@type":"WebPage","@id":"https:\/\/demoweb.info\/sexshop001\/producto\/nick-manning-masturstroke-kit-de-masturbacion-rojo\/","url":"https:\/\/demoweb.info\/sexshop001\/producto\/nick-manning-masturstroke-kit-de-masturbacion-rojo\/","name":"NICK MANNING MASTURSTROKE KIT DE MASTURBACI\u00d3N - ROJO - Tienda Er\u00f3tica","isPartOf":{"@id":"https:\/\/demoweb.info\/sexshop001\/#website"},"datePublished":"2022-01-22T16:24:36+00:00","dateModified":"2022-01-22T16:24:41+00:00","breadcrumb":{"@id":"https:\/\/demoweb.info\/sexshop001\/producto\/nick-manning-masturstroke-kit-de-masturbacion-rojo\/#breadcrumb"},"inLanguage":"es","potentialAction":[{"@type":"ReadAction","target":["https:\/\/demoweb.info\/sexshop001\/producto\/nick-manning-masturstroke-kit-de-masturbacion-rojo\/"]}]},{"@type":"BreadcrumbList","@id":"https:\/\/demoweb.info\/sexshop001\/producto\/nick-manning-masturstroke-kit-de-masturbacion-rojo\/#breadcrumb","itemListElement":[{"@type":"ListItem","position":1,"name":"Portada","item":"https:\/\/demoweb.info\/sexshop001\/"},{"@type":"ListItem","position":2,"name":"Tienda","item":"https:\/\/demoweb.info\/sexshop001\/tienda\/"},{"@type":"ListItem","position":3,"name":"NICK MANNING MASTURSTROKE KIT DE MASTURBACI\u00d3N &#8211; ROJO"}]},{"@type":"WebSite","@id":"https:\/\/demoweb.info\/sexshop001\/#website","url":"https:\/\/demoweb.info\/sexshop001\/","name":"Tienda Er\u00f3tica","description":"DEMOWEB SL","potentialAction":[{"@type":"SearchAction","target":{"@type":"EntryPoint","urlTemplate":"https:\/\/demoweb.info\/sexshop001\/?s={search_term_string}"},"query-input":"required name=search_term_string"}],"inLanguage":"es"}]}},"_links":{"self":[{"href":"https:\/\/demoweb.info\/sexshop001\/wp-json\/wp\/v3\/product\/57315","targetHints":{"allow":["GET"]}}],"collection":[{"href":"https:\/\/demoweb.info\/sexshop001\/wp-json\/wp\/v3\/product"}],"about":[{"href":"https:\/\/demoweb.info\/sexshop001\/wp-json\/wp\/v2\/types\/product"}],"replies":[{"embeddable":true,"href":"https:\/\/demoweb.info\/sexshop001\/wp-json\/wp\/v2\/comments?post=57315"}],"wp:featuredmedia":[{"embeddable":true,"href":"https:\/\/demoweb.info\/sexshop001\/wp-json\/wp\/v2\/media\/57316"}],"wp:attachment":[{"href":"https:\/\/demoweb.info\/sexshop001\/wp-json\/wp\/v2\/media?parent=57315"}],"wp:term":[{"taxonomy":"product_cat","embeddable":true,"href":"https:\/\/demoweb.info\/sexshop001\/wp-json\/wp\/v2\/product_cat?post=57315"},{"taxonomy":"product_tag","embeddable":true,"href":"https:\/\/demoweb.info\/sexshop001\/wp-json\/wp\/v2\/product_tag?post=57315"}],"curies":[{"name":"wp","href":"https:\/\/api.w.org\/{rel}","templated":true}]}}