{"id":57308,"date":"2022-01-22T17:24:36","date_gmt":"2022-01-22T16:24:36","guid":{"rendered":"https:\/\/demoweb.info\/sexshop001\/producto\/optimum-series-automatic-smart-pump\/"},"modified":"2022-01-22T17:24:37","modified_gmt":"2022-01-22T16:24:37","slug":"optimum-series-automatic-smart-pump","status":"publish","type":"product","link":"https:\/\/demoweb.info\/sexshop001\/producto\/optimum-series-automatic-smart-pump\/","title":{"rendered":"OPTIMUM SERIES AUTOMATIC SMART PUMP"},"content":{"rendered":"<p><strong>OPTIMUM SERIES AUTOMATIC SMART PUMP<\/strong><\/p>\n<p>Maximiza tu herramienta de placer con la bomba inteligente autom\u00e1tica Optimum \u2122 Series, un juguete sexual elegante y duradero para hombres, hecho para una mejor succi\u00f3n y mejora del rendimiento.<\/p>\n<p>Aumenta y mejora la resistencia y amplifica tu pene con 3 modos \u00fanicos de ejercicio de mejora. La elegante bomba inteligente tiene controles f\u00e1ciles de tocar y un bot\u00f3n de liberaci\u00f3n de aire r\u00e1pido para un bombeo personalizable. Mientras la manga gruesa de extremo abierto y la c\u00e1mara apretada y nublada te dan placer con o sin la bomba.<\/p>\n<p>La bomba cil\u00edndrica y la manga gruesa y duradera est\u00e1n dise\u00f1adas para crear el sello perfecto y una poderosa succi\u00f3n con solo tocar un bot\u00f3n. Una vez que hayas alcanzado tu pico de la bomba, usa la liberaci\u00f3n r\u00e1pida de aire para disminuir la succi\u00f3n o liberar el sello.<\/p>\n<p>Cuando se usa con regularidad, este poderoso bombeador puede aumentar la resistencia, mejorar el tama\u00f1o general y amplificar la sensaci\u00f3n.<\/p>\n<p>Recarga la bomba premium en 90 minutos con el cable de carga USB provisto para disfrutar de 60 minutos de estimulaci\u00f3n a alta velocidad u 80 minutos de succi\u00f3n a baja velocidad.<\/p>\n<p>Para seguir el progreso, usa las marcas de medici\u00f3n incrementales en el eje del cilindro. La manga premium se adapta a la mayor\u00eda de las bombas est\u00e1ndar, pero se puede utilizar de forma independiente para una experiencia apasionante de caricias.<\/p>\n<p>El material TPR premium es seguro para el cuerpo, sin perfume y libre de ftalatos para mantenerte en los puntos m\u00e1s sensibles, felices y saludables.<\/p>\n<p>Disfruta de una f\u00e1cil limpieza con este manguito estimulador sin mantenimiento, simplemente l\u00e1valo con jab\u00f3n y agua tibia antes y despu\u00e9s de cada uso. Usa gran cantidad de lubricante para una f\u00e1cil inserci\u00f3n.<\/p>\n<p>Medidas:<\/p>\n<ul>\n<li>Cilindro: 20,25 x 6,25 cm<\/li>\n<li>Funda: 13,25 x 7,5 cm<\/li>\n<\/ul>\n","protected":false},"excerpt":{"rendered":"<p>OPTIMUM SERIES AUTOMATIC SMART PUMP Maximiza tu herramienta de placer con la bomba inteligente autom\u00e1tica Optimum \u2122 Series, un juguete<\/p>\n","protected":false},"featured_media":57309,"comment_status":"open","ping_status":"open","template":"","meta":[],"product_cat":[479],"product_tag":[660,963],"class_list":["post-57308","product","type-product","status-publish","has-post-thumbnail","hentry","product_cat-automaticos","product_tag-calexotics","product_tag-optimum-power"],"bundled_by":[],"bundle_stock_status":"instock","bundle_stock_quantity":2,"bundle_virtual":false,"bundle_layout":"","bundle_add_to_cart_form_location":"","bundle_editable_in_cart":false,"bundle_sold_individually_context":"","bundle_item_grouping":"","bundle_min_size":"","bundle_max_size":"","bundled_items":[],"yoast_head":"<!-- This site is optimized with the Yoast SEO plugin v20.6 - https:\/\/yoast.com\/wordpress\/plugins\/seo\/ -->\n<title>OPTIMUM SERIES AUTOMATIC SMART PUMP - Tienda Er\u00f3tica<\/title>\n<meta name=\"robots\" content=\"noindex, follow, max-snippet:-1, max-image-preview:large, max-video-preview:-1\" \/>\n<meta property=\"og:locale\" content=\"es_ES\" \/>\n<meta property=\"og:type\" content=\"article\" \/>\n<meta property=\"og:title\" content=\"OPTIMUM SERIES AUTOMATIC SMART PUMP - Tienda Er\u00f3tica\" \/>\n<meta property=\"og:description\" content=\"OPTIMUM SERIES AUTOMATIC SMART PUMP Maximiza tu herramienta de placer con la bomba inteligente autom\u00e1tica Optimum \u2122 Series, un juguete\" \/>\n<meta property=\"og:url\" content=\"https:\/\/demoweb.info\/sexshop001\/producto\/optimum-series-automatic-smart-pump\/\" \/>\n<meta property=\"og:site_name\" content=\"Tienda Er\u00f3tica\" \/>\n<meta property=\"article:modified_time\" content=\"2022-01-22T16:24:37+00:00\" \/>\n<meta property=\"og:image\" content=\"https:\/\/demoweb.info\/sexshop001\/wp-content\/uploads\/2022\/01\/OPTIMUM-SERIES-AUTOMATIC-SMART-PUMP.jpg\" \/>\n\t<meta property=\"og:image:width\" content=\"550\" \/>\n\t<meta property=\"og:image:height\" content=\"550\" \/>\n\t<meta property=\"og:image:type\" content=\"image\/jpeg\" \/>\n<meta name=\"twitter:card\" content=\"summary_large_image\" \/>\n<meta name=\"twitter:label1\" content=\"Tiempo de lectura\" \/>\n\t<meta name=\"twitter:data1\" content=\"2 minutos\" \/>\n<script type=\"application\/ld+json\" class=\"yoast-schema-graph\">{\"@context\":\"https:\/\/schema.org\",\"@graph\":[{\"@type\":\"WebPage\",\"@id\":\"https:\/\/demoweb.info\/sexshop001\/producto\/optimum-series-automatic-smart-pump\/\",\"url\":\"https:\/\/demoweb.info\/sexshop001\/producto\/optimum-series-automatic-smart-pump\/\",\"name\":\"OPTIMUM SERIES AUTOMATIC SMART PUMP - Tienda Er\u00f3tica\",\"isPartOf\":{\"@id\":\"https:\/\/demoweb.info\/sexshop001\/#website\"},\"datePublished\":\"2022-01-22T16:24:36+00:00\",\"dateModified\":\"2022-01-22T16:24:37+00:00\",\"breadcrumb\":{\"@id\":\"https:\/\/demoweb.info\/sexshop001\/producto\/optimum-series-automatic-smart-pump\/#breadcrumb\"},\"inLanguage\":\"es\",\"potentialAction\":[{\"@type\":\"ReadAction\",\"target\":[\"https:\/\/demoweb.info\/sexshop001\/producto\/optimum-series-automatic-smart-pump\/\"]}]},{\"@type\":\"BreadcrumbList\",\"@id\":\"https:\/\/demoweb.info\/sexshop001\/producto\/optimum-series-automatic-smart-pump\/#breadcrumb\",\"itemListElement\":[{\"@type\":\"ListItem\",\"position\":1,\"name\":\"Portada\",\"item\":\"https:\/\/demoweb.info\/sexshop001\/\"},{\"@type\":\"ListItem\",\"position\":2,\"name\":\"Tienda\",\"item\":\"https:\/\/demoweb.info\/sexshop001\/tienda\/\"},{\"@type\":\"ListItem\",\"position\":3,\"name\":\"OPTIMUM SERIES AUTOMATIC SMART PUMP\"}]},{\"@type\":\"WebSite\",\"@id\":\"https:\/\/demoweb.info\/sexshop001\/#website\",\"url\":\"https:\/\/demoweb.info\/sexshop001\/\",\"name\":\"Tienda Er\u00f3tica\",\"description\":\"DEMOWEB SL\",\"potentialAction\":[{\"@type\":\"SearchAction\",\"target\":{\"@type\":\"EntryPoint\",\"urlTemplate\":\"https:\/\/demoweb.info\/sexshop001\/?s={search_term_string}\"},\"query-input\":\"required name=search_term_string\"}],\"inLanguage\":\"es\"}]}<\/script>\n<!-- \/ Yoast SEO plugin. -->","yoast_head_json":{"title":"OPTIMUM SERIES AUTOMATIC SMART PUMP - Tienda Er\u00f3tica","robots":{"index":"noindex","follow":"follow","max-snippet":"max-snippet:-1","max-image-preview":"max-image-preview:large","max-video-preview":"max-video-preview:-1"},"og_locale":"es_ES","og_type":"article","og_title":"OPTIMUM SERIES AUTOMATIC SMART PUMP - Tienda Er\u00f3tica","og_description":"OPTIMUM SERIES AUTOMATIC SMART PUMP Maximiza tu herramienta de placer con la bomba inteligente autom\u00e1tica Optimum \u2122 Series, un juguete","og_url":"https:\/\/demoweb.info\/sexshop001\/producto\/optimum-series-automatic-smart-pump\/","og_site_name":"Tienda Er\u00f3tica","article_modified_time":"2022-01-22T16:24:37+00:00","og_image":[{"width":550,"height":550,"url":"https:\/\/demoweb.info\/sexshop001\/wp-content\/uploads\/2022\/01\/OPTIMUM-SERIES-AUTOMATIC-SMART-PUMP.jpg","type":"image\/jpeg"}],"twitter_card":"summary_large_image","twitter_misc":{"Tiempo de lectura":"2 minutos"},"schema":{"@context":"https:\/\/schema.org","@graph":[{"@type":"WebPage","@id":"https:\/\/demoweb.info\/sexshop001\/producto\/optimum-series-automatic-smart-pump\/","url":"https:\/\/demoweb.info\/sexshop001\/producto\/optimum-series-automatic-smart-pump\/","name":"OPTIMUM SERIES AUTOMATIC SMART PUMP - Tienda Er\u00f3tica","isPartOf":{"@id":"https:\/\/demoweb.info\/sexshop001\/#website"},"datePublished":"2022-01-22T16:24:36+00:00","dateModified":"2022-01-22T16:24:37+00:00","breadcrumb":{"@id":"https:\/\/demoweb.info\/sexshop001\/producto\/optimum-series-automatic-smart-pump\/#breadcrumb"},"inLanguage":"es","potentialAction":[{"@type":"ReadAction","target":["https:\/\/demoweb.info\/sexshop001\/producto\/optimum-series-automatic-smart-pump\/"]}]},{"@type":"BreadcrumbList","@id":"https:\/\/demoweb.info\/sexshop001\/producto\/optimum-series-automatic-smart-pump\/#breadcrumb","itemListElement":[{"@type":"ListItem","position":1,"name":"Portada","item":"https:\/\/demoweb.info\/sexshop001\/"},{"@type":"ListItem","position":2,"name":"Tienda","item":"https:\/\/demoweb.info\/sexshop001\/tienda\/"},{"@type":"ListItem","position":3,"name":"OPTIMUM SERIES AUTOMATIC SMART PUMP"}]},{"@type":"WebSite","@id":"https:\/\/demoweb.info\/sexshop001\/#website","url":"https:\/\/demoweb.info\/sexshop001\/","name":"Tienda Er\u00f3tica","description":"DEMOWEB SL","potentialAction":[{"@type":"SearchAction","target":{"@type":"EntryPoint","urlTemplate":"https:\/\/demoweb.info\/sexshop001\/?s={search_term_string}"},"query-input":"required name=search_term_string"}],"inLanguage":"es"}]}},"_links":{"self":[{"href":"https:\/\/demoweb.info\/sexshop001\/wp-json\/wp\/v3\/product\/57308","targetHints":{"allow":["GET"]}}],"collection":[{"href":"https:\/\/demoweb.info\/sexshop001\/wp-json\/wp\/v3\/product"}],"about":[{"href":"https:\/\/demoweb.info\/sexshop001\/wp-json\/wp\/v2\/types\/product"}],"replies":[{"embeddable":true,"href":"https:\/\/demoweb.info\/sexshop001\/wp-json\/wp\/v2\/comments?post=57308"}],"wp:featuredmedia":[{"embeddable":true,"href":"https:\/\/demoweb.info\/sexshop001\/wp-json\/wp\/v2\/media\/57309"}],"wp:attachment":[{"href":"https:\/\/demoweb.info\/sexshop001\/wp-json\/wp\/v2\/media?parent=57308"}],"wp:term":[{"taxonomy":"product_cat","embeddable":true,"href":"https:\/\/demoweb.info\/sexshop001\/wp-json\/wp\/v2\/product_cat?post=57308"},{"taxonomy":"product_tag","embeddable":true,"href":"https:\/\/demoweb.info\/sexshop001\/wp-json\/wp\/v2\/product_tag?post=57308"}],"curies":[{"name":"wp","href":"https:\/\/api.w.org\/{rel}","templated":true}]}}