{"id":57303,"date":"2022-01-22T17:24:05","date_gmt":"2022-01-22T16:24:05","guid":{"rendered":"https:\/\/demoweb.info\/sexshop001\/producto\/optimum-series-magic-pump-negro\/"},"modified":"2022-01-22T17:24:32","modified_gmt":"2022-01-22T16:24:32","slug":"optimum-series-magic-pump-negro","status":"publish","type":"product","link":"https:\/\/demoweb.info\/sexshop001\/producto\/optimum-series-magic-pump-negro\/","title":{"rendered":"OPTIMUM SERIES MAGIC PUMP &#8211; NEGRO"},"content":{"rendered":"<p><strong>OPTIMUM SERIES MAGIC PUMP <\/strong><\/p>\n<p>Magnifica tus activos con la bomba MAGIC de la serie Optimum \u2122, una elegante y duradera bomba para el pene dise\u00f1ada para mejorar la succi\u00f3n y el rendimiento. Aumenta y mejora la resistencia y amplifica tu miembro con este juguete sexual masculino ideal para principiantes y expertos.<\/p>\n<p>Dispone de un mango de gatillo f\u00e1cil de apretar, una manga gruesa con c\u00e1mara abierta y una v\u00e1lvula de liberaci\u00f3n r\u00e1pida de aire. Su funda con extremo abierto y la c\u00e1mara compacta te proporcionan placer pecaminoso con o sin la bomba. <\/p>\n<p>La bomba cil\u00edndrica y la manga gruesa y duradera est\u00e1n dise\u00f1adas para crear sin esfuerzo el sellado perfecto y una poderosa succi\u00f3n. Una vez que hayas alcanzado tu pico de la bomba, usa la liberaci\u00f3n r\u00e1pida de aire para disminuir la succi\u00f3n o liberar el sello.<\/p>\n<p>Cuando se usa con regularidad, este poderoso bombeador puede aumentar la resistencia, mejorar el tama\u00f1o general y amplificar la sensaci\u00f3n. Para asegurarte de que nunca te pierdas tus ejercicios, la bomba tiene una tapa protectora de viaje.<\/p>\n<p>Para seguir el progreso, usa las marcas de medici\u00f3n incrementales en el eje del cilindro. La manga premium se adapta a la mayor\u00eda de las bombas est\u00e1ndar, pero se puede utilizar de forma independiente para una experiencia apasionante de caricias.<\/p>\n<p>El material TPR premium es seguro para el cuerpo, sin perfume y libre de ftalatos.<\/p>\n<p>Disfruta de una f\u00e1cil limpieza con este manguito estimulador sin mantenimiento, simplemente l\u00e1velo con jab\u00f3n y agua tibia antes y despu\u00e9s de cada uso. Usa una amplia cantidad de lubricante para una f\u00e1cil inserci\u00f3n.<\/p>\n<p>Medidas: <\/p>\n<ul>\n<li>Cilindro: 16 x 8,25 cm<\/li>\n<li>Funda: 15,25 x 7,5 cm<\/li>\n<\/ul>\n","protected":false},"excerpt":{"rendered":"<p>OPTIMUM SERIES MAGIC PUMP Magnifica tus activos con la bomba MAGIC de la serie Optimum \u2122, una elegante y duradera<\/p>\n","protected":false},"featured_media":57304,"comment_status":"open","ping_status":"open","template":"","meta":[],"product_cat":[495],"product_tag":[660,963],"class_list":["post-57303","product","type-product","status-publish","has-post-thumbnail","hentry","product_cat-basicos","product_tag-calexotics","product_tag-optimum-power"],"bundled_by":[],"bundle_stock_status":"instock","bundle_stock_quantity":1,"bundle_virtual":false,"bundle_layout":"","bundle_add_to_cart_form_location":"","bundle_editable_in_cart":false,"bundle_sold_individually_context":"","bundle_item_grouping":"","bundle_min_size":"","bundle_max_size":"","bundled_items":[],"yoast_head":"<!-- This site is optimized with the Yoast SEO plugin v20.6 - https:\/\/yoast.com\/wordpress\/plugins\/seo\/ -->\n<title>OPTIMUM SERIES MAGIC PUMP - NEGRO - Tienda Er\u00f3tica<\/title>\n<meta name=\"robots\" content=\"noindex, follow, max-snippet:-1, max-image-preview:large, max-video-preview:-1\" \/>\n<meta property=\"og:locale\" content=\"es_ES\" \/>\n<meta property=\"og:type\" content=\"article\" \/>\n<meta property=\"og:title\" content=\"OPTIMUM SERIES MAGIC PUMP - NEGRO - Tienda Er\u00f3tica\" \/>\n<meta property=\"og:description\" content=\"OPTIMUM SERIES MAGIC PUMP Magnifica tus activos con la bomba MAGIC de la serie Optimum \u2122, una elegante y duradera\" \/>\n<meta property=\"og:url\" content=\"https:\/\/demoweb.info\/sexshop001\/producto\/optimum-series-magic-pump-negro\/\" \/>\n<meta property=\"og:site_name\" content=\"Tienda Er\u00f3tica\" \/>\n<meta property=\"article:modified_time\" content=\"2022-01-22T16:24:32+00:00\" \/>\n<meta property=\"og:image\" content=\"https:\/\/demoweb.info\/sexshop001\/wp-content\/uploads\/2022\/01\/OPTIMUM-SERIES-MAGIC-PUMP-NEGRO.jpg\" \/>\n\t<meta property=\"og:image:width\" content=\"550\" \/>\n\t<meta property=\"og:image:height\" content=\"550\" \/>\n\t<meta property=\"og:image:type\" content=\"image\/jpeg\" \/>\n<meta name=\"twitter:card\" content=\"summary_large_image\" \/>\n<meta name=\"twitter:label1\" content=\"Tiempo de lectura\" \/>\n\t<meta name=\"twitter:data1\" content=\"1 minuto\" \/>\n<script type=\"application\/ld+json\" class=\"yoast-schema-graph\">{\"@context\":\"https:\/\/schema.org\",\"@graph\":[{\"@type\":\"WebPage\",\"@id\":\"https:\/\/demoweb.info\/sexshop001\/producto\/optimum-series-magic-pump-negro\/\",\"url\":\"https:\/\/demoweb.info\/sexshop001\/producto\/optimum-series-magic-pump-negro\/\",\"name\":\"OPTIMUM SERIES MAGIC PUMP - NEGRO - Tienda Er\u00f3tica\",\"isPartOf\":{\"@id\":\"https:\/\/demoweb.info\/sexshop001\/#website\"},\"datePublished\":\"2022-01-22T16:24:05+00:00\",\"dateModified\":\"2022-01-22T16:24:32+00:00\",\"breadcrumb\":{\"@id\":\"https:\/\/demoweb.info\/sexshop001\/producto\/optimum-series-magic-pump-negro\/#breadcrumb\"},\"inLanguage\":\"es\",\"potentialAction\":[{\"@type\":\"ReadAction\",\"target\":[\"https:\/\/demoweb.info\/sexshop001\/producto\/optimum-series-magic-pump-negro\/\"]}]},{\"@type\":\"BreadcrumbList\",\"@id\":\"https:\/\/demoweb.info\/sexshop001\/producto\/optimum-series-magic-pump-negro\/#breadcrumb\",\"itemListElement\":[{\"@type\":\"ListItem\",\"position\":1,\"name\":\"Portada\",\"item\":\"https:\/\/demoweb.info\/sexshop001\/\"},{\"@type\":\"ListItem\",\"position\":2,\"name\":\"Tienda\",\"item\":\"https:\/\/demoweb.info\/sexshop001\/tienda\/\"},{\"@type\":\"ListItem\",\"position\":3,\"name\":\"OPTIMUM SERIES MAGIC PUMP &#8211; NEGRO\"}]},{\"@type\":\"WebSite\",\"@id\":\"https:\/\/demoweb.info\/sexshop001\/#website\",\"url\":\"https:\/\/demoweb.info\/sexshop001\/\",\"name\":\"Tienda Er\u00f3tica\",\"description\":\"DEMOWEB SL\",\"potentialAction\":[{\"@type\":\"SearchAction\",\"target\":{\"@type\":\"EntryPoint\",\"urlTemplate\":\"https:\/\/demoweb.info\/sexshop001\/?s={search_term_string}\"},\"query-input\":\"required name=search_term_string\"}],\"inLanguage\":\"es\"}]}<\/script>\n<!-- \/ Yoast SEO plugin. -->","yoast_head_json":{"title":"OPTIMUM SERIES MAGIC PUMP - NEGRO - Tienda Er\u00f3tica","robots":{"index":"noindex","follow":"follow","max-snippet":"max-snippet:-1","max-image-preview":"max-image-preview:large","max-video-preview":"max-video-preview:-1"},"og_locale":"es_ES","og_type":"article","og_title":"OPTIMUM SERIES MAGIC PUMP - NEGRO - Tienda Er\u00f3tica","og_description":"OPTIMUM SERIES MAGIC PUMP Magnifica tus activos con la bomba MAGIC de la serie Optimum \u2122, una elegante y duradera","og_url":"https:\/\/demoweb.info\/sexshop001\/producto\/optimum-series-magic-pump-negro\/","og_site_name":"Tienda Er\u00f3tica","article_modified_time":"2022-01-22T16:24:32+00:00","og_image":[{"width":550,"height":550,"url":"https:\/\/demoweb.info\/sexshop001\/wp-content\/uploads\/2022\/01\/OPTIMUM-SERIES-MAGIC-PUMP-NEGRO.jpg","type":"image\/jpeg"}],"twitter_card":"summary_large_image","twitter_misc":{"Tiempo de lectura":"1 minuto"},"schema":{"@context":"https:\/\/schema.org","@graph":[{"@type":"WebPage","@id":"https:\/\/demoweb.info\/sexshop001\/producto\/optimum-series-magic-pump-negro\/","url":"https:\/\/demoweb.info\/sexshop001\/producto\/optimum-series-magic-pump-negro\/","name":"OPTIMUM SERIES MAGIC PUMP - NEGRO - Tienda Er\u00f3tica","isPartOf":{"@id":"https:\/\/demoweb.info\/sexshop001\/#website"},"datePublished":"2022-01-22T16:24:05+00:00","dateModified":"2022-01-22T16:24:32+00:00","breadcrumb":{"@id":"https:\/\/demoweb.info\/sexshop001\/producto\/optimum-series-magic-pump-negro\/#breadcrumb"},"inLanguage":"es","potentialAction":[{"@type":"ReadAction","target":["https:\/\/demoweb.info\/sexshop001\/producto\/optimum-series-magic-pump-negro\/"]}]},{"@type":"BreadcrumbList","@id":"https:\/\/demoweb.info\/sexshop001\/producto\/optimum-series-magic-pump-negro\/#breadcrumb","itemListElement":[{"@type":"ListItem","position":1,"name":"Portada","item":"https:\/\/demoweb.info\/sexshop001\/"},{"@type":"ListItem","position":2,"name":"Tienda","item":"https:\/\/demoweb.info\/sexshop001\/tienda\/"},{"@type":"ListItem","position":3,"name":"OPTIMUM SERIES MAGIC PUMP &#8211; NEGRO"}]},{"@type":"WebSite","@id":"https:\/\/demoweb.info\/sexshop001\/#website","url":"https:\/\/demoweb.info\/sexshop001\/","name":"Tienda Er\u00f3tica","description":"DEMOWEB SL","potentialAction":[{"@type":"SearchAction","target":{"@type":"EntryPoint","urlTemplate":"https:\/\/demoweb.info\/sexshop001\/?s={search_term_string}"},"query-input":"required name=search_term_string"}],"inLanguage":"es"}]}},"_links":{"self":[{"href":"https:\/\/demoweb.info\/sexshop001\/wp-json\/wp\/v3\/product\/57303","targetHints":{"allow":["GET"]}}],"collection":[{"href":"https:\/\/demoweb.info\/sexshop001\/wp-json\/wp\/v3\/product"}],"about":[{"href":"https:\/\/demoweb.info\/sexshop001\/wp-json\/wp\/v2\/types\/product"}],"replies":[{"embeddable":true,"href":"https:\/\/demoweb.info\/sexshop001\/wp-json\/wp\/v2\/comments?post=57303"}],"wp:featuredmedia":[{"embeddable":true,"href":"https:\/\/demoweb.info\/sexshop001\/wp-json\/wp\/v2\/media\/57304"}],"wp:attachment":[{"href":"https:\/\/demoweb.info\/sexshop001\/wp-json\/wp\/v2\/media?parent=57303"}],"wp:term":[{"taxonomy":"product_cat","embeddable":true,"href":"https:\/\/demoweb.info\/sexshop001\/wp-json\/wp\/v2\/product_cat?post=57303"},{"taxonomy":"product_tag","embeddable":true,"href":"https:\/\/demoweb.info\/sexshop001\/wp-json\/wp\/v2\/product_tag?post=57303"}],"curies":[{"name":"wp","href":"https:\/\/api.w.org\/{rel}","templated":true}]}}