{"id":57249,"date":"2022-01-22T17:23:45","date_gmt":"2022-01-22T16:23:45","guid":{"rendered":"https:\/\/demoweb.info\/sexshop001\/producto\/hard-vibes-masajeador-metalico-rosa\/"},"modified":"2022-01-22T17:23:54","modified_gmt":"2022-01-22T16:23:54","slug":"hard-vibes-masajeador-metalico-rosa","status":"publish","type":"product","link":"https:\/\/demoweb.info\/sexshop001\/producto\/hard-vibes-masajeador-metalico-rosa\/","title":{"rendered":"HARD VIBES MASAJEADOR MET\u00c1LICO &#8211; ROSA"},"content":{"rendered":"<p><strong>HARD VIBES METALLIC MASSAGER <\/strong><\/p>\n<p>Vibrador met\u00e1lico de tacto suave, un cl\u00e1sico renovado  que no puede faltar en tu colecci\u00f3n.<\/p>\n<p>Con un modo de vibraci\u00f3n. Es resistente al agua por lo que podr\u00e1s usarlo tambi\u00e9n en la ducha.<\/p>\n<p>Fabricado con pl\u00e1stico ABS de alta calidad.<\/p>\n<p>Medidas:<\/p>\n<ul>\n<li>Longitud total: 16,5 cm<\/li>\n<li>Di\u00e1metro: 3 cm<\/li>\n<\/ul>\n<p>Funciona con 2 pilas tipo C, no incluidas.<\/p><\/p>\n","protected":false},"excerpt":{"rendered":"<p>HARD VIBES METALLIC MASSAGER Vibrador met\u00e1lico de tacto suave, un cl\u00e1sico renovado que no puede faltar en tu colecci\u00f3n. Con<\/p>\n","protected":false},"featured_media":57250,"comment_status":"open","ping_status":"open","template":"","meta":[],"product_cat":[795],"product_tag":[660,1484],"class_list":["post-57249","product","type-product","status-publish","has-post-thumbnail","hentry","product_cat-basicos-vibradores-juguetes-xxx","product_tag-calexotics","product_tag-power"],"bundled_by":[],"bundle_stock_status":"instock","bundle_stock_quantity":3,"bundle_virtual":false,"bundle_layout":"","bundle_add_to_cart_form_location":"","bundle_editable_in_cart":false,"bundle_sold_individually_context":"","bundle_item_grouping":"","bundle_min_size":"","bundle_max_size":"","bundled_items":[],"yoast_head":"<!-- This site is optimized with the Yoast SEO plugin v20.6 - https:\/\/yoast.com\/wordpress\/plugins\/seo\/ -->\n<title>HARD VIBES MASAJEADOR MET\u00c1LICO - ROSA - Tienda Er\u00f3tica<\/title>\n<meta name=\"robots\" content=\"noindex, follow, max-snippet:-1, max-image-preview:large, max-video-preview:-1\" \/>\n<meta property=\"og:locale\" content=\"es_ES\" \/>\n<meta property=\"og:type\" content=\"article\" \/>\n<meta property=\"og:title\" content=\"HARD VIBES MASAJEADOR MET\u00c1LICO - ROSA - Tienda Er\u00f3tica\" \/>\n<meta property=\"og:description\" content=\"HARD VIBES METALLIC MASSAGER Vibrador met\u00e1lico de tacto suave, un cl\u00e1sico renovado que no puede faltar en tu colecci\u00f3n. Con\" \/>\n<meta property=\"og:url\" content=\"https:\/\/demoweb.info\/sexshop001\/producto\/hard-vibes-masajeador-metalico-rosa\/\" \/>\n<meta property=\"og:site_name\" content=\"Tienda Er\u00f3tica\" \/>\n<meta property=\"article:modified_time\" content=\"2022-01-22T16:23:54+00:00\" \/>\n<meta property=\"og:image\" content=\"https:\/\/demoweb.info\/sexshop001\/wp-content\/uploads\/2022\/01\/HARD-VIBES-MASAJEADOR-METALICO-ROSA.jpg\" \/>\n\t<meta property=\"og:image:width\" content=\"550\" \/>\n\t<meta property=\"og:image:height\" content=\"550\" \/>\n\t<meta property=\"og:image:type\" content=\"image\/jpeg\" \/>\n<meta name=\"twitter:card\" content=\"summary_large_image\" \/>\n<script type=\"application\/ld+json\" class=\"yoast-schema-graph\">{\"@context\":\"https:\/\/schema.org\",\"@graph\":[{\"@type\":\"WebPage\",\"@id\":\"https:\/\/demoweb.info\/sexshop001\/producto\/hard-vibes-masajeador-metalico-rosa\/\",\"url\":\"https:\/\/demoweb.info\/sexshop001\/producto\/hard-vibes-masajeador-metalico-rosa\/\",\"name\":\"HARD VIBES MASAJEADOR MET\u00c1LICO - ROSA - Tienda Er\u00f3tica\",\"isPartOf\":{\"@id\":\"https:\/\/demoweb.info\/sexshop001\/#website\"},\"datePublished\":\"2022-01-22T16:23:45+00:00\",\"dateModified\":\"2022-01-22T16:23:54+00:00\",\"breadcrumb\":{\"@id\":\"https:\/\/demoweb.info\/sexshop001\/producto\/hard-vibes-masajeador-metalico-rosa\/#breadcrumb\"},\"inLanguage\":\"es\",\"potentialAction\":[{\"@type\":\"ReadAction\",\"target\":[\"https:\/\/demoweb.info\/sexshop001\/producto\/hard-vibes-masajeador-metalico-rosa\/\"]}]},{\"@type\":\"BreadcrumbList\",\"@id\":\"https:\/\/demoweb.info\/sexshop001\/producto\/hard-vibes-masajeador-metalico-rosa\/#breadcrumb\",\"itemListElement\":[{\"@type\":\"ListItem\",\"position\":1,\"name\":\"Portada\",\"item\":\"https:\/\/demoweb.info\/sexshop001\/\"},{\"@type\":\"ListItem\",\"position\":2,\"name\":\"Tienda\",\"item\":\"https:\/\/demoweb.info\/sexshop001\/tienda\/\"},{\"@type\":\"ListItem\",\"position\":3,\"name\":\"HARD VIBES MASAJEADOR MET\u00c1LICO &#8211; ROSA\"}]},{\"@type\":\"WebSite\",\"@id\":\"https:\/\/demoweb.info\/sexshop001\/#website\",\"url\":\"https:\/\/demoweb.info\/sexshop001\/\",\"name\":\"Tienda Er\u00f3tica\",\"description\":\"DEMOWEB SL\",\"potentialAction\":[{\"@type\":\"SearchAction\",\"target\":{\"@type\":\"EntryPoint\",\"urlTemplate\":\"https:\/\/demoweb.info\/sexshop001\/?s={search_term_string}\"},\"query-input\":\"required name=search_term_string\"}],\"inLanguage\":\"es\"}]}<\/script>\n<!-- \/ Yoast SEO plugin. -->","yoast_head_json":{"title":"HARD VIBES MASAJEADOR MET\u00c1LICO - ROSA - Tienda Er\u00f3tica","robots":{"index":"noindex","follow":"follow","max-snippet":"max-snippet:-1","max-image-preview":"max-image-preview:large","max-video-preview":"max-video-preview:-1"},"og_locale":"es_ES","og_type":"article","og_title":"HARD VIBES MASAJEADOR MET\u00c1LICO - ROSA - Tienda Er\u00f3tica","og_description":"HARD VIBES METALLIC MASSAGER Vibrador met\u00e1lico de tacto suave, un cl\u00e1sico renovado que no puede faltar en tu colecci\u00f3n. Con","og_url":"https:\/\/demoweb.info\/sexshop001\/producto\/hard-vibes-masajeador-metalico-rosa\/","og_site_name":"Tienda Er\u00f3tica","article_modified_time":"2022-01-22T16:23:54+00:00","og_image":[{"width":550,"height":550,"url":"https:\/\/demoweb.info\/sexshop001\/wp-content\/uploads\/2022\/01\/HARD-VIBES-MASAJEADOR-METALICO-ROSA.jpg","type":"image\/jpeg"}],"twitter_card":"summary_large_image","schema":{"@context":"https:\/\/schema.org","@graph":[{"@type":"WebPage","@id":"https:\/\/demoweb.info\/sexshop001\/producto\/hard-vibes-masajeador-metalico-rosa\/","url":"https:\/\/demoweb.info\/sexshop001\/producto\/hard-vibes-masajeador-metalico-rosa\/","name":"HARD VIBES MASAJEADOR MET\u00c1LICO - ROSA - Tienda Er\u00f3tica","isPartOf":{"@id":"https:\/\/demoweb.info\/sexshop001\/#website"},"datePublished":"2022-01-22T16:23:45+00:00","dateModified":"2022-01-22T16:23:54+00:00","breadcrumb":{"@id":"https:\/\/demoweb.info\/sexshop001\/producto\/hard-vibes-masajeador-metalico-rosa\/#breadcrumb"},"inLanguage":"es","potentialAction":[{"@type":"ReadAction","target":["https:\/\/demoweb.info\/sexshop001\/producto\/hard-vibes-masajeador-metalico-rosa\/"]}]},{"@type":"BreadcrumbList","@id":"https:\/\/demoweb.info\/sexshop001\/producto\/hard-vibes-masajeador-metalico-rosa\/#breadcrumb","itemListElement":[{"@type":"ListItem","position":1,"name":"Portada","item":"https:\/\/demoweb.info\/sexshop001\/"},{"@type":"ListItem","position":2,"name":"Tienda","item":"https:\/\/demoweb.info\/sexshop001\/tienda\/"},{"@type":"ListItem","position":3,"name":"HARD VIBES MASAJEADOR MET\u00c1LICO &#8211; ROSA"}]},{"@type":"WebSite","@id":"https:\/\/demoweb.info\/sexshop001\/#website","url":"https:\/\/demoweb.info\/sexshop001\/","name":"Tienda Er\u00f3tica","description":"DEMOWEB SL","potentialAction":[{"@type":"SearchAction","target":{"@type":"EntryPoint","urlTemplate":"https:\/\/demoweb.info\/sexshop001\/?s={search_term_string}"},"query-input":"required name=search_term_string"}],"inLanguage":"es"}]}},"_links":{"self":[{"href":"https:\/\/demoweb.info\/sexshop001\/wp-json\/wp\/v3\/product\/57249","targetHints":{"allow":["GET"]}}],"collection":[{"href":"https:\/\/demoweb.info\/sexshop001\/wp-json\/wp\/v3\/product"}],"about":[{"href":"https:\/\/demoweb.info\/sexshop001\/wp-json\/wp\/v2\/types\/product"}],"replies":[{"embeddable":true,"href":"https:\/\/demoweb.info\/sexshop001\/wp-json\/wp\/v2\/comments?post=57249"}],"wp:featuredmedia":[{"embeddable":true,"href":"https:\/\/demoweb.info\/sexshop001\/wp-json\/wp\/v2\/media\/57250"}],"wp:attachment":[{"href":"https:\/\/demoweb.info\/sexshop001\/wp-json\/wp\/v2\/media?parent=57249"}],"wp:term":[{"taxonomy":"product_cat","embeddable":true,"href":"https:\/\/demoweb.info\/sexshop001\/wp-json\/wp\/v2\/product_cat?post=57249"},{"taxonomy":"product_tag","embeddable":true,"href":"https:\/\/demoweb.info\/sexshop001\/wp-json\/wp\/v2\/product_tag?post=57249"}],"curies":[{"name":"wp","href":"https:\/\/api.w.org\/{rel}","templated":true}]}}