{"id":57056,"date":"2022-01-22T17:21:40","date_gmt":"2022-01-22T16:21:40","guid":{"rendered":"https:\/\/demoweb.info\/sexshop001\/producto\/all-black-pene-realistico-21cm\/"},"modified":"2022-01-22T17:21:46","modified_gmt":"2022-01-22T16:21:46","slug":"all-black-pene-realistico-21cm","status":"publish","type":"product","link":"https:\/\/demoweb.info\/sexshop001\/producto\/all-black-pene-realistico-21cm\/","title":{"rendered":"ALL BLACK PENE REAL\u00cdSTICO 21CM"},"content":{"rendered":"<p><strong>ALL BLACK 21CM<\/strong><\/p>\n<p>Este dildo All Black tiene un dise\u00f1o realista en combinaci\u00f3n con una textura especial que proporciona un maravilloso est\u00edmulo como resultado. Garantiza una gran sensaci\u00f3n cuando se inserta en tu cueva de placer.<\/p>\n<p>Se pueden usar lubricantes a base de agua y sillicona. Es importante limpiar el consolador a fondo despu\u00e9s de su uso. Cada juguete est\u00e1 envuelto herm\u00e9ticamente en una funda protectora de pl\u00e1stico transparente.<\/p>\n<p>Material: PVC.<\/p>\n<p>Medidas: 21 x 4 cm<\/p>\n","protected":false},"excerpt":{"rendered":"<p>ALL BLACK 21CM Este dildo All Black tiene un dise\u00f1o realista en combinaci\u00f3n con una textura especial que proporciona un<\/p>\n","protected":false},"featured_media":57057,"comment_status":"open","ping_status":"open","template":"","meta":[],"product_cat":[915],"product_tag":[1139],"class_list":["post-57056","product","type-product","status-publish","has-post-thumbnail","hentry","product_cat-anales-penes","product_tag-all-black"],"bundled_by":[],"bundle_stock_status":"instock","bundle_stock_quantity":1,"bundle_virtual":false,"bundle_layout":"","bundle_add_to_cart_form_location":"","bundle_editable_in_cart":false,"bundle_sold_individually_context":"","bundle_item_grouping":"","bundle_min_size":"","bundle_max_size":"","bundled_items":[],"yoast_head":"<!-- This site is optimized with the Yoast SEO plugin v20.6 - https:\/\/yoast.com\/wordpress\/plugins\/seo\/ -->\n<title>ALL BLACK PENE REAL\u00cdSTICO 21CM - Tienda Er\u00f3tica<\/title>\n<meta name=\"robots\" content=\"noindex, follow, max-snippet:-1, max-image-preview:large, max-video-preview:-1\" \/>\n<meta property=\"og:locale\" content=\"es_ES\" \/>\n<meta property=\"og:type\" content=\"article\" \/>\n<meta property=\"og:title\" content=\"ALL BLACK PENE REAL\u00cdSTICO 21CM - Tienda Er\u00f3tica\" \/>\n<meta property=\"og:description\" content=\"ALL BLACK 21CM Este dildo All Black tiene un dise\u00f1o realista en combinaci\u00f3n con una textura especial que proporciona un\" \/>\n<meta property=\"og:url\" content=\"https:\/\/demoweb.info\/sexshop001\/producto\/all-black-pene-realistico-21cm\/\" \/>\n<meta property=\"og:site_name\" content=\"Tienda Er\u00f3tica\" \/>\n<meta property=\"article:modified_time\" content=\"2022-01-22T16:21:46+00:00\" \/>\n<meta property=\"og:image\" content=\"https:\/\/demoweb.info\/sexshop001\/wp-content\/uploads\/2022\/01\/ALL-BLACK-PENE-REALISTICO-21CM.jpg\" \/>\n\t<meta property=\"og:image:width\" content=\"550\" \/>\n\t<meta property=\"og:image:height\" content=\"550\" \/>\n\t<meta property=\"og:image:type\" content=\"image\/jpeg\" \/>\n<meta name=\"twitter:card\" content=\"summary_large_image\" \/>\n<script type=\"application\/ld+json\" class=\"yoast-schema-graph\">{\"@context\":\"https:\/\/schema.org\",\"@graph\":[{\"@type\":\"WebPage\",\"@id\":\"https:\/\/demoweb.info\/sexshop001\/producto\/all-black-pene-realistico-21cm\/\",\"url\":\"https:\/\/demoweb.info\/sexshop001\/producto\/all-black-pene-realistico-21cm\/\",\"name\":\"ALL BLACK PENE REAL\u00cdSTICO 21CM - Tienda Er\u00f3tica\",\"isPartOf\":{\"@id\":\"https:\/\/demoweb.info\/sexshop001\/#website\"},\"datePublished\":\"2022-01-22T16:21:40+00:00\",\"dateModified\":\"2022-01-22T16:21:46+00:00\",\"breadcrumb\":{\"@id\":\"https:\/\/demoweb.info\/sexshop001\/producto\/all-black-pene-realistico-21cm\/#breadcrumb\"},\"inLanguage\":\"es\",\"potentialAction\":[{\"@type\":\"ReadAction\",\"target\":[\"https:\/\/demoweb.info\/sexshop001\/producto\/all-black-pene-realistico-21cm\/\"]}]},{\"@type\":\"BreadcrumbList\",\"@id\":\"https:\/\/demoweb.info\/sexshop001\/producto\/all-black-pene-realistico-21cm\/#breadcrumb\",\"itemListElement\":[{\"@type\":\"ListItem\",\"position\":1,\"name\":\"Portada\",\"item\":\"https:\/\/demoweb.info\/sexshop001\/\"},{\"@type\":\"ListItem\",\"position\":2,\"name\":\"Tienda\",\"item\":\"https:\/\/demoweb.info\/sexshop001\/tienda\/\"},{\"@type\":\"ListItem\",\"position\":3,\"name\":\"ALL BLACK PENE REAL\u00cdSTICO 21CM\"}]},{\"@type\":\"WebSite\",\"@id\":\"https:\/\/demoweb.info\/sexshop001\/#website\",\"url\":\"https:\/\/demoweb.info\/sexshop001\/\",\"name\":\"Tienda Er\u00f3tica\",\"description\":\"DEMOWEB SL\",\"potentialAction\":[{\"@type\":\"SearchAction\",\"target\":{\"@type\":\"EntryPoint\",\"urlTemplate\":\"https:\/\/demoweb.info\/sexshop001\/?s={search_term_string}\"},\"query-input\":\"required name=search_term_string\"}],\"inLanguage\":\"es\"}]}<\/script>\n<!-- \/ Yoast SEO plugin. -->","yoast_head_json":{"title":"ALL BLACK PENE REAL\u00cdSTICO 21CM - Tienda Er\u00f3tica","robots":{"index":"noindex","follow":"follow","max-snippet":"max-snippet:-1","max-image-preview":"max-image-preview:large","max-video-preview":"max-video-preview:-1"},"og_locale":"es_ES","og_type":"article","og_title":"ALL BLACK PENE REAL\u00cdSTICO 21CM - Tienda Er\u00f3tica","og_description":"ALL BLACK 21CM Este dildo All Black tiene un dise\u00f1o realista en combinaci\u00f3n con una textura especial que proporciona un","og_url":"https:\/\/demoweb.info\/sexshop001\/producto\/all-black-pene-realistico-21cm\/","og_site_name":"Tienda Er\u00f3tica","article_modified_time":"2022-01-22T16:21:46+00:00","og_image":[{"width":550,"height":550,"url":"https:\/\/demoweb.info\/sexshop001\/wp-content\/uploads\/2022\/01\/ALL-BLACK-PENE-REALISTICO-21CM.jpg","type":"image\/jpeg"}],"twitter_card":"summary_large_image","schema":{"@context":"https:\/\/schema.org","@graph":[{"@type":"WebPage","@id":"https:\/\/demoweb.info\/sexshop001\/producto\/all-black-pene-realistico-21cm\/","url":"https:\/\/demoweb.info\/sexshop001\/producto\/all-black-pene-realistico-21cm\/","name":"ALL BLACK PENE REAL\u00cdSTICO 21CM - Tienda Er\u00f3tica","isPartOf":{"@id":"https:\/\/demoweb.info\/sexshop001\/#website"},"datePublished":"2022-01-22T16:21:40+00:00","dateModified":"2022-01-22T16:21:46+00:00","breadcrumb":{"@id":"https:\/\/demoweb.info\/sexshop001\/producto\/all-black-pene-realistico-21cm\/#breadcrumb"},"inLanguage":"es","potentialAction":[{"@type":"ReadAction","target":["https:\/\/demoweb.info\/sexshop001\/producto\/all-black-pene-realistico-21cm\/"]}]},{"@type":"BreadcrumbList","@id":"https:\/\/demoweb.info\/sexshop001\/producto\/all-black-pene-realistico-21cm\/#breadcrumb","itemListElement":[{"@type":"ListItem","position":1,"name":"Portada","item":"https:\/\/demoweb.info\/sexshop001\/"},{"@type":"ListItem","position":2,"name":"Tienda","item":"https:\/\/demoweb.info\/sexshop001\/tienda\/"},{"@type":"ListItem","position":3,"name":"ALL BLACK PENE REAL\u00cdSTICO 21CM"}]},{"@type":"WebSite","@id":"https:\/\/demoweb.info\/sexshop001\/#website","url":"https:\/\/demoweb.info\/sexshop001\/","name":"Tienda Er\u00f3tica","description":"DEMOWEB SL","potentialAction":[{"@type":"SearchAction","target":{"@type":"EntryPoint","urlTemplate":"https:\/\/demoweb.info\/sexshop001\/?s={search_term_string}"},"query-input":"required name=search_term_string"}],"inLanguage":"es"}]}},"_links":{"self":[{"href":"https:\/\/demoweb.info\/sexshop001\/wp-json\/wp\/v3\/product\/57056","targetHints":{"allow":["GET"]}}],"collection":[{"href":"https:\/\/demoweb.info\/sexshop001\/wp-json\/wp\/v3\/product"}],"about":[{"href":"https:\/\/demoweb.info\/sexshop001\/wp-json\/wp\/v2\/types\/product"}],"replies":[{"embeddable":true,"href":"https:\/\/demoweb.info\/sexshop001\/wp-json\/wp\/v2\/comments?post=57056"}],"wp:featuredmedia":[{"embeddable":true,"href":"https:\/\/demoweb.info\/sexshop001\/wp-json\/wp\/v2\/media\/57057"}],"wp:attachment":[{"href":"https:\/\/demoweb.info\/sexshop001\/wp-json\/wp\/v2\/media?parent=57056"}],"wp:term":[{"taxonomy":"product_cat","embeddable":true,"href":"https:\/\/demoweb.info\/sexshop001\/wp-json\/wp\/v2\/product_cat?post=57056"},{"taxonomy":"product_tag","embeddable":true,"href":"https:\/\/demoweb.info\/sexshop001\/wp-json\/wp\/v2\/product_tag?post=57056"}],"curies":[{"name":"wp","href":"https:\/\/api.w.org\/{rel}","templated":true}]}}