{"id":57011,"date":"2022-01-22T17:21:05","date_gmt":"2022-01-22T16:21:05","guid":{"rendered":"https:\/\/demoweb.info\/sexshop001\/producto\/mini-plug-8mm-hueco\/"},"modified":"2022-01-22T17:21:14","modified_gmt":"2022-01-22T16:21:14","slug":"mini-plug-8mm-hueco","status":"publish","type":"product","link":"https:\/\/demoweb.info\/sexshop001\/producto\/mini-plug-8mm-hueco\/","title":{"rendered":"MINI PLUG 8MM HUECO"},"content":{"rendered":"<p><strong>HOLLOW MINI PLUG<\/strong><\/p>\n<p>Este mini pene hueco es perfecto para principiantes o el chico que solo quiere agregar un poco m\u00e1s de placer a la experiencia. La punta en forma de cono se desliza suavemente en cualquier pene y se expande lentamente, aumentando el placer como lo hace.<\/p>\n<p>La cabeza del pene se cerrar\u00e1 alrededor del enchufe, que se mantendr\u00e1 en su lugar. El eje del tap\u00f3n es hueco, lo que permite que sus fluidos fluyan libremente a donde desees. Incluso hay un anillo en el extremo del enchufe que sirve para un doble prop\u00f3sito. Este anillo evita que el enchufe vaya demasiado profundo y tambi\u00e9n se puede usar para sujetar otros elementos como cadenas, cuerdas y pesas. C<\/p>\n<p>omo est\u00e1 hecho de acero inoxidable, no tienes que preocuparte de que se rompa nada y se puede limpiar con bastante facilidad. Elige el tama\u00f1o que sea adecuado para ti y comprueba la diferencia que este peque\u00f1o enchufe te puede ofrecer.<\/p>\n<p>Caracter\u00edsticas:<br \/>\n&#8211; Longitud: 7,8 cm<br \/>\n&#8211; Longitud Insertable: 4,5 cm<br \/>\n&#8211; Di\u00e1metro: 0,8 cm<br \/>\n&#8211; Material: Acero Inox.<\/p>\n","protected":false},"excerpt":{"rendered":"<p>HOLLOW MINI PLUG Este mini pene hueco es perfecto para principiantes o el chico que solo quiere agregar un poco<\/p>\n","protected":false},"featured_media":57012,"comment_status":"open","ping_status":"open","template":"","meta":[],"product_cat":[290],"product_tag":[283],"class_list":["post-57011","product","type-product","status-publish","has-post-thumbnail","hentry","product_cat-penis-plug","product_tag-triune"],"bundled_by":[],"bundle_stock_status":"outofstock","bundle_stock_quantity":0,"bundle_virtual":false,"bundle_layout":"","bundle_add_to_cart_form_location":"","bundle_editable_in_cart":false,"bundle_sold_individually_context":"","bundle_item_grouping":"","bundle_min_size":"","bundle_max_size":"","bundled_items":[],"yoast_head":"<!-- This site is optimized with the Yoast SEO plugin v20.6 - https:\/\/yoast.com\/wordpress\/plugins\/seo\/ -->\n<title>MINI PLUG 8MM HUECO - Tienda Er\u00f3tica<\/title>\n<meta name=\"robots\" content=\"noindex, follow, max-snippet:-1, max-image-preview:large, max-video-preview:-1\" \/>\n<meta property=\"og:locale\" content=\"es_ES\" \/>\n<meta property=\"og:type\" content=\"article\" \/>\n<meta property=\"og:title\" content=\"MINI PLUG 8MM HUECO - Tienda Er\u00f3tica\" \/>\n<meta property=\"og:description\" content=\"HOLLOW MINI PLUG Este mini pene hueco es perfecto para principiantes o el chico que solo quiere agregar un poco\" \/>\n<meta property=\"og:url\" content=\"https:\/\/demoweb.info\/sexshop001\/producto\/mini-plug-8mm-hueco\/\" \/>\n<meta property=\"og:site_name\" content=\"Tienda Er\u00f3tica\" \/>\n<meta property=\"article:modified_time\" content=\"2022-01-22T16:21:14+00:00\" \/>\n<meta property=\"og:image\" content=\"https:\/\/demoweb.info\/sexshop001\/wp-content\/uploads\/2022\/01\/MINI-PLUG-8MM-HUECO.jpg\" \/>\n\t<meta property=\"og:image:width\" content=\"550\" \/>\n\t<meta property=\"og:image:height\" content=\"550\" \/>\n\t<meta property=\"og:image:type\" content=\"image\/jpeg\" \/>\n<meta name=\"twitter:card\" content=\"summary_large_image\" \/>\n<meta name=\"twitter:label1\" content=\"Tiempo de lectura\" \/>\n\t<meta name=\"twitter:data1\" content=\"1 minuto\" \/>\n<script type=\"application\/ld+json\" class=\"yoast-schema-graph\">{\"@context\":\"https:\/\/schema.org\",\"@graph\":[{\"@type\":\"WebPage\",\"@id\":\"https:\/\/demoweb.info\/sexshop001\/producto\/mini-plug-8mm-hueco\/\",\"url\":\"https:\/\/demoweb.info\/sexshop001\/producto\/mini-plug-8mm-hueco\/\",\"name\":\"MINI PLUG 8MM HUECO - Tienda Er\u00f3tica\",\"isPartOf\":{\"@id\":\"https:\/\/demoweb.info\/sexshop001\/#website\"},\"datePublished\":\"2022-01-22T16:21:05+00:00\",\"dateModified\":\"2022-01-22T16:21:14+00:00\",\"breadcrumb\":{\"@id\":\"https:\/\/demoweb.info\/sexshop001\/producto\/mini-plug-8mm-hueco\/#breadcrumb\"},\"inLanguage\":\"es\",\"potentialAction\":[{\"@type\":\"ReadAction\",\"target\":[\"https:\/\/demoweb.info\/sexshop001\/producto\/mini-plug-8mm-hueco\/\"]}]},{\"@type\":\"BreadcrumbList\",\"@id\":\"https:\/\/demoweb.info\/sexshop001\/producto\/mini-plug-8mm-hueco\/#breadcrumb\",\"itemListElement\":[{\"@type\":\"ListItem\",\"position\":1,\"name\":\"Portada\",\"item\":\"https:\/\/demoweb.info\/sexshop001\/\"},{\"@type\":\"ListItem\",\"position\":2,\"name\":\"Tienda\",\"item\":\"https:\/\/demoweb.info\/sexshop001\/tienda\/\"},{\"@type\":\"ListItem\",\"position\":3,\"name\":\"MINI PLUG 8MM HUECO\"}]},{\"@type\":\"WebSite\",\"@id\":\"https:\/\/demoweb.info\/sexshop001\/#website\",\"url\":\"https:\/\/demoweb.info\/sexshop001\/\",\"name\":\"Tienda Er\u00f3tica\",\"description\":\"DEMOWEB SL\",\"potentialAction\":[{\"@type\":\"SearchAction\",\"target\":{\"@type\":\"EntryPoint\",\"urlTemplate\":\"https:\/\/demoweb.info\/sexshop001\/?s={search_term_string}\"},\"query-input\":\"required name=search_term_string\"}],\"inLanguage\":\"es\"}]}<\/script>\n<!-- \/ Yoast SEO plugin. -->","yoast_head_json":{"title":"MINI PLUG 8MM HUECO - Tienda Er\u00f3tica","robots":{"index":"noindex","follow":"follow","max-snippet":"max-snippet:-1","max-image-preview":"max-image-preview:large","max-video-preview":"max-video-preview:-1"},"og_locale":"es_ES","og_type":"article","og_title":"MINI PLUG 8MM HUECO - Tienda Er\u00f3tica","og_description":"HOLLOW MINI PLUG Este mini pene hueco es perfecto para principiantes o el chico que solo quiere agregar un poco","og_url":"https:\/\/demoweb.info\/sexshop001\/producto\/mini-plug-8mm-hueco\/","og_site_name":"Tienda Er\u00f3tica","article_modified_time":"2022-01-22T16:21:14+00:00","og_image":[{"width":550,"height":550,"url":"https:\/\/demoweb.info\/sexshop001\/wp-content\/uploads\/2022\/01\/MINI-PLUG-8MM-HUECO.jpg","type":"image\/jpeg"}],"twitter_card":"summary_large_image","twitter_misc":{"Tiempo de lectura":"1 minuto"},"schema":{"@context":"https:\/\/schema.org","@graph":[{"@type":"WebPage","@id":"https:\/\/demoweb.info\/sexshop001\/producto\/mini-plug-8mm-hueco\/","url":"https:\/\/demoweb.info\/sexshop001\/producto\/mini-plug-8mm-hueco\/","name":"MINI PLUG 8MM HUECO - Tienda Er\u00f3tica","isPartOf":{"@id":"https:\/\/demoweb.info\/sexshop001\/#website"},"datePublished":"2022-01-22T16:21:05+00:00","dateModified":"2022-01-22T16:21:14+00:00","breadcrumb":{"@id":"https:\/\/demoweb.info\/sexshop001\/producto\/mini-plug-8mm-hueco\/#breadcrumb"},"inLanguage":"es","potentialAction":[{"@type":"ReadAction","target":["https:\/\/demoweb.info\/sexshop001\/producto\/mini-plug-8mm-hueco\/"]}]},{"@type":"BreadcrumbList","@id":"https:\/\/demoweb.info\/sexshop001\/producto\/mini-plug-8mm-hueco\/#breadcrumb","itemListElement":[{"@type":"ListItem","position":1,"name":"Portada","item":"https:\/\/demoweb.info\/sexshop001\/"},{"@type":"ListItem","position":2,"name":"Tienda","item":"https:\/\/demoweb.info\/sexshop001\/tienda\/"},{"@type":"ListItem","position":3,"name":"MINI PLUG 8MM HUECO"}]},{"@type":"WebSite","@id":"https:\/\/demoweb.info\/sexshop001\/#website","url":"https:\/\/demoweb.info\/sexshop001\/","name":"Tienda Er\u00f3tica","description":"DEMOWEB SL","potentialAction":[{"@type":"SearchAction","target":{"@type":"EntryPoint","urlTemplate":"https:\/\/demoweb.info\/sexshop001\/?s={search_term_string}"},"query-input":"required name=search_term_string"}],"inLanguage":"es"}]}},"_links":{"self":[{"href":"https:\/\/demoweb.info\/sexshop001\/wp-json\/wp\/v3\/product\/57011","targetHints":{"allow":["GET"]}}],"collection":[{"href":"https:\/\/demoweb.info\/sexshop001\/wp-json\/wp\/v3\/product"}],"about":[{"href":"https:\/\/demoweb.info\/sexshop001\/wp-json\/wp\/v2\/types\/product"}],"replies":[{"embeddable":true,"href":"https:\/\/demoweb.info\/sexshop001\/wp-json\/wp\/v2\/comments?post=57011"}],"wp:featuredmedia":[{"embeddable":true,"href":"https:\/\/demoweb.info\/sexshop001\/wp-json\/wp\/v2\/media\/57012"}],"wp:attachment":[{"href":"https:\/\/demoweb.info\/sexshop001\/wp-json\/wp\/v2\/media?parent=57011"}],"wp:term":[{"taxonomy":"product_cat","embeddable":true,"href":"https:\/\/demoweb.info\/sexshop001\/wp-json\/wp\/v2\/product_cat?post=57011"},{"taxonomy":"product_tag","embeddable":true,"href":"https:\/\/demoweb.info\/sexshop001\/wp-json\/wp\/v2\/product_tag?post=57011"}],"curies":[{"name":"wp","href":"https:\/\/api.w.org\/{rel}","templated":true}]}}