{"id":56948,"date":"2022-01-22T17:20:07","date_gmt":"2022-01-22T16:20:07","guid":{"rendered":"https:\/\/demoweb.info\/sexshop001\/producto\/locking-cleopatra-colla-con-anillo-18cm\/"},"modified":"2022-01-22T17:20:26","modified_gmt":"2022-01-22T16:20:26","slug":"locking-cleopatra-colla-con-anillo-18cm","status":"publish","type":"product","link":"https:\/\/demoweb.info\/sexshop001\/producto\/locking-cleopatra-colla-con-anillo-18cm\/","title":{"rendered":"LOCKING CLEOPATRA COLLA CON ANILLO 18CM"},"content":{"rendered":"<p><strong>LOCKING CLEOPATRA COLLAR WITH RING<\/strong><\/p>\n<p>Este collar de esclavo exclusivamente femenino de acero inoxidable se puede usar como un s\u00edmbolo de sumisi\u00f3n, o como un accesorio atractivo para su conjunto de club, traje fetiche, disfraces, etc.<\/p>\n<p>Es liviano, tiene bordes lisos. Con una forma cl\u00e1sica que es estrecha en los lados pero larga y puntiaguda en el frente, hay un aspecto antiguo de poder en este collar.<\/p>\n<p>El lat\u00f3n cromado le da un aspecto atractivo pero ligero, ya que envuelve el cuello y resalta las caracter\u00edsticas de la parte superior del cuerpo, lo que lo hace ideal para usar en cualquier momento.<\/p>\n<p>Las bisagras en los lados que tambi\u00e9n se abren hacia afuera te permiten ponerlo y quitarlo f\u00e1cilmente, mientras que la parte posterior tiene un orificio del tama\u00f1o de un candado para asegurarse de que el collar permanezca encendido todo el tiempo que desees.<\/p>\n<p>Puedes optar por colocar una correa o anclaje al anillo que cuelga de la pieza central con hoyuelos en la parte delantera, por lo que este es un collar que realmente gobierna.<\/p>\n<p>Caracter\u00edsticas:<br \/>\n&#8211; Longitud: 18 cm<br \/>\n&#8211; Ancho: 7,6 cm<br \/>\n&#8211; Di\u00e1metro: 13,1 cm<br \/>\n&#8211; Di\u00e1metro interno: 12,5 cm<br \/>\n&#8211; Material: Acero Inoxidable<\/p>\n","protected":false},"excerpt":{"rendered":"<p>LOCKING CLEOPATRA COLLAR WITH RING Este collar de esclavo exclusivamente femenino de acero inoxidable se puede usar como un s\u00edmbolo<\/p>\n","protected":false},"featured_media":56949,"comment_status":"open","ping_status":"open","template":"","meta":[],"product_cat":[499],"product_tag":[283],"class_list":["post-56948","product","type-product","status-publish","has-post-thumbnail","hentry","product_cat-collares","product_tag-triune"],"bundled_by":[],"bundle_stock_status":"outofstock","bundle_stock_quantity":0,"bundle_virtual":false,"bundle_layout":"","bundle_add_to_cart_form_location":"","bundle_editable_in_cart":false,"bundle_sold_individually_context":"","bundle_item_grouping":"","bundle_min_size":"","bundle_max_size":"","bundled_items":[],"yoast_head":"<!-- This site is optimized with the Yoast SEO plugin v20.6 - https:\/\/yoast.com\/wordpress\/plugins\/seo\/ -->\n<title>LOCKING CLEOPATRA COLLA CON ANILLO 18CM - Tienda Er\u00f3tica<\/title>\n<meta name=\"robots\" content=\"noindex, follow, max-snippet:-1, max-image-preview:large, max-video-preview:-1\" \/>\n<meta property=\"og:locale\" content=\"es_ES\" \/>\n<meta property=\"og:type\" content=\"article\" \/>\n<meta property=\"og:title\" content=\"LOCKING CLEOPATRA COLLA CON ANILLO 18CM - Tienda Er\u00f3tica\" \/>\n<meta property=\"og:description\" content=\"LOCKING CLEOPATRA COLLAR WITH RING Este collar de esclavo exclusivamente femenino de acero inoxidable se puede usar como un s\u00edmbolo\" \/>\n<meta property=\"og:url\" content=\"https:\/\/demoweb.info\/sexshop001\/producto\/locking-cleopatra-colla-con-anillo-18cm\/\" \/>\n<meta property=\"og:site_name\" content=\"Tienda Er\u00f3tica\" \/>\n<meta property=\"article:modified_time\" content=\"2022-01-22T16:20:26+00:00\" \/>\n<meta property=\"og:image\" content=\"https:\/\/demoweb.info\/sexshop001\/wp-content\/uploads\/2022\/01\/LOCKING-CLEOPATRA-COLLA-CON-ANILLO-18CM.jpg\" \/>\n\t<meta property=\"og:image:width\" content=\"550\" \/>\n\t<meta property=\"og:image:height\" content=\"550\" \/>\n\t<meta property=\"og:image:type\" content=\"image\/jpeg\" \/>\n<meta name=\"twitter:card\" content=\"summary_large_image\" \/>\n<meta name=\"twitter:label1\" content=\"Tiempo de lectura\" \/>\n\t<meta name=\"twitter:data1\" content=\"1 minuto\" \/>\n<script type=\"application\/ld+json\" class=\"yoast-schema-graph\">{\"@context\":\"https:\/\/schema.org\",\"@graph\":[{\"@type\":\"WebPage\",\"@id\":\"https:\/\/demoweb.info\/sexshop001\/producto\/locking-cleopatra-colla-con-anillo-18cm\/\",\"url\":\"https:\/\/demoweb.info\/sexshop001\/producto\/locking-cleopatra-colla-con-anillo-18cm\/\",\"name\":\"LOCKING CLEOPATRA COLLA CON ANILLO 18CM - Tienda Er\u00f3tica\",\"isPartOf\":{\"@id\":\"https:\/\/demoweb.info\/sexshop001\/#website\"},\"datePublished\":\"2022-01-22T16:20:07+00:00\",\"dateModified\":\"2022-01-22T16:20:26+00:00\",\"breadcrumb\":{\"@id\":\"https:\/\/demoweb.info\/sexshop001\/producto\/locking-cleopatra-colla-con-anillo-18cm\/#breadcrumb\"},\"inLanguage\":\"es\",\"potentialAction\":[{\"@type\":\"ReadAction\",\"target\":[\"https:\/\/demoweb.info\/sexshop001\/producto\/locking-cleopatra-colla-con-anillo-18cm\/\"]}]},{\"@type\":\"BreadcrumbList\",\"@id\":\"https:\/\/demoweb.info\/sexshop001\/producto\/locking-cleopatra-colla-con-anillo-18cm\/#breadcrumb\",\"itemListElement\":[{\"@type\":\"ListItem\",\"position\":1,\"name\":\"Portada\",\"item\":\"https:\/\/demoweb.info\/sexshop001\/\"},{\"@type\":\"ListItem\",\"position\":2,\"name\":\"Tienda\",\"item\":\"https:\/\/demoweb.info\/sexshop001\/tienda\/\"},{\"@type\":\"ListItem\",\"position\":3,\"name\":\"LOCKING CLEOPATRA COLLA CON ANILLO 18CM\"}]},{\"@type\":\"WebSite\",\"@id\":\"https:\/\/demoweb.info\/sexshop001\/#website\",\"url\":\"https:\/\/demoweb.info\/sexshop001\/\",\"name\":\"Tienda Er\u00f3tica\",\"description\":\"DEMOWEB SL\",\"potentialAction\":[{\"@type\":\"SearchAction\",\"target\":{\"@type\":\"EntryPoint\",\"urlTemplate\":\"https:\/\/demoweb.info\/sexshop001\/?s={search_term_string}\"},\"query-input\":\"required name=search_term_string\"}],\"inLanguage\":\"es\"}]}<\/script>\n<!-- \/ Yoast SEO plugin. -->","yoast_head_json":{"title":"LOCKING CLEOPATRA COLLA CON ANILLO 18CM - Tienda Er\u00f3tica","robots":{"index":"noindex","follow":"follow","max-snippet":"max-snippet:-1","max-image-preview":"max-image-preview:large","max-video-preview":"max-video-preview:-1"},"og_locale":"es_ES","og_type":"article","og_title":"LOCKING CLEOPATRA COLLA CON ANILLO 18CM - Tienda Er\u00f3tica","og_description":"LOCKING CLEOPATRA COLLAR WITH RING Este collar de esclavo exclusivamente femenino de acero inoxidable se puede usar como un s\u00edmbolo","og_url":"https:\/\/demoweb.info\/sexshop001\/producto\/locking-cleopatra-colla-con-anillo-18cm\/","og_site_name":"Tienda Er\u00f3tica","article_modified_time":"2022-01-22T16:20:26+00:00","og_image":[{"width":550,"height":550,"url":"https:\/\/demoweb.info\/sexshop001\/wp-content\/uploads\/2022\/01\/LOCKING-CLEOPATRA-COLLA-CON-ANILLO-18CM.jpg","type":"image\/jpeg"}],"twitter_card":"summary_large_image","twitter_misc":{"Tiempo de lectura":"1 minuto"},"schema":{"@context":"https:\/\/schema.org","@graph":[{"@type":"WebPage","@id":"https:\/\/demoweb.info\/sexshop001\/producto\/locking-cleopatra-colla-con-anillo-18cm\/","url":"https:\/\/demoweb.info\/sexshop001\/producto\/locking-cleopatra-colla-con-anillo-18cm\/","name":"LOCKING CLEOPATRA COLLA CON ANILLO 18CM - Tienda Er\u00f3tica","isPartOf":{"@id":"https:\/\/demoweb.info\/sexshop001\/#website"},"datePublished":"2022-01-22T16:20:07+00:00","dateModified":"2022-01-22T16:20:26+00:00","breadcrumb":{"@id":"https:\/\/demoweb.info\/sexshop001\/producto\/locking-cleopatra-colla-con-anillo-18cm\/#breadcrumb"},"inLanguage":"es","potentialAction":[{"@type":"ReadAction","target":["https:\/\/demoweb.info\/sexshop001\/producto\/locking-cleopatra-colla-con-anillo-18cm\/"]}]},{"@type":"BreadcrumbList","@id":"https:\/\/demoweb.info\/sexshop001\/producto\/locking-cleopatra-colla-con-anillo-18cm\/#breadcrumb","itemListElement":[{"@type":"ListItem","position":1,"name":"Portada","item":"https:\/\/demoweb.info\/sexshop001\/"},{"@type":"ListItem","position":2,"name":"Tienda","item":"https:\/\/demoweb.info\/sexshop001\/tienda\/"},{"@type":"ListItem","position":3,"name":"LOCKING CLEOPATRA COLLA CON ANILLO 18CM"}]},{"@type":"WebSite","@id":"https:\/\/demoweb.info\/sexshop001\/#website","url":"https:\/\/demoweb.info\/sexshop001\/","name":"Tienda Er\u00f3tica","description":"DEMOWEB SL","potentialAction":[{"@type":"SearchAction","target":{"@type":"EntryPoint","urlTemplate":"https:\/\/demoweb.info\/sexshop001\/?s={search_term_string}"},"query-input":"required name=search_term_string"}],"inLanguage":"es"}]}},"_links":{"self":[{"href":"https:\/\/demoweb.info\/sexshop001\/wp-json\/wp\/v3\/product\/56948","targetHints":{"allow":["GET"]}}],"collection":[{"href":"https:\/\/demoweb.info\/sexshop001\/wp-json\/wp\/v3\/product"}],"about":[{"href":"https:\/\/demoweb.info\/sexshop001\/wp-json\/wp\/v2\/types\/product"}],"replies":[{"embeddable":true,"href":"https:\/\/demoweb.info\/sexshop001\/wp-json\/wp\/v2\/comments?post=56948"}],"wp:featuredmedia":[{"embeddable":true,"href":"https:\/\/demoweb.info\/sexshop001\/wp-json\/wp\/v2\/media\/56949"}],"wp:attachment":[{"href":"https:\/\/demoweb.info\/sexshop001\/wp-json\/wp\/v2\/media?parent=56948"}],"wp:term":[{"taxonomy":"product_cat","embeddable":true,"href":"https:\/\/demoweb.info\/sexshop001\/wp-json\/wp\/v2\/product_cat?post=56948"},{"taxonomy":"product_tag","embeddable":true,"href":"https:\/\/demoweb.info\/sexshop001\/wp-json\/wp\/v2\/product_tag?post=56948"}],"curies":[{"name":"wp","href":"https:\/\/api.w.org\/{rel}","templated":true}]}}