{"id":56872,"date":"2022-01-22T17:19:08","date_gmt":"2022-01-22T16:19:08","guid":{"rendered":"https:\/\/demoweb.info\/sexshop001\/producto\/enema-con-forma-de-acordeon\/"},"modified":"2022-01-22T17:19:28","modified_gmt":"2022-01-22T16:19:28","slug":"enema-con-forma-de-acordeon","status":"publish","type":"product","link":"https:\/\/demoweb.info\/sexshop001\/producto\/enema-con-forma-de-acordeon\/","title":{"rendered":"ENEMA CON FORMA DE ACORDE\u00d3N"},"content":{"rendered":"<\/p>\n<p><strong>HOT WATER LARGE ACCORDION ENEMA BULB<\/strong><\/p>\n<p>Esta bombilla de enema f\u00e1cil de usar te permite llenar r\u00e1pida y eficientemente tu culo con agua o la soluci\u00f3n que elijas.<\/p>\n<p>El dise\u00f1o de estilo acorde\u00f3n contiene hasta 500 ml de l\u00edquido, que se precipitar\u00e1 en tu trasero cuando empuje la bombilla sobre s\u00ed misma. Cinco orificios alrededor de la punta dispersar\u00e1n el fluido para un enjuague completo.<\/p>\n<p>Esta ducha anal reutilizable es una forma sencilla de limpiar en casa o en movimiento, ya sea para la salud, para la preparaci\u00f3n para el sexo anal o para el placer personal.<\/p>\n","protected":false},"excerpt":{"rendered":"<p>HOT WATER LARGE ACCORDION ENEMA BULB Esta bombilla de enema f\u00e1cil de usar te permite llenar r\u00e1pida y eficientemente tu<\/p>\n","protected":false},"featured_media":56873,"comment_status":"open","ping_status":"open","template":"","meta":[],"product_cat":[558],"product_tag":[501,274],"class_list":["post-56872","product","type-product","status-publish","has-post-thumbnail","hentry","product_cat-enemas","product_tag-tom-of-finland","product_tag-xr-brands"],"bundled_by":[],"bundle_stock_status":"instock","bundle_stock_quantity":4,"bundle_virtual":false,"bundle_layout":"","bundle_add_to_cart_form_location":"","bundle_editable_in_cart":false,"bundle_sold_individually_context":"","bundle_item_grouping":"","bundle_min_size":"","bundle_max_size":"","bundled_items":[],"yoast_head":"<!-- This site is optimized with the Yoast SEO plugin v20.6 - https:\/\/yoast.com\/wordpress\/plugins\/seo\/ -->\n<title>ENEMA CON FORMA DE ACORDE\u00d3N - Tienda Er\u00f3tica<\/title>\n<meta name=\"robots\" content=\"noindex, follow, max-snippet:-1, max-image-preview:large, max-video-preview:-1\" \/>\n<meta property=\"og:locale\" content=\"es_ES\" \/>\n<meta property=\"og:type\" content=\"article\" \/>\n<meta property=\"og:title\" content=\"ENEMA CON FORMA DE ACORDE\u00d3N - Tienda Er\u00f3tica\" \/>\n<meta property=\"og:description\" content=\"HOT WATER LARGE ACCORDION ENEMA BULB Esta bombilla de enema f\u00e1cil de usar te permite llenar r\u00e1pida y eficientemente tu\" \/>\n<meta property=\"og:url\" content=\"https:\/\/demoweb.info\/sexshop001\/producto\/enema-con-forma-de-acordeon\/\" \/>\n<meta property=\"og:site_name\" content=\"Tienda Er\u00f3tica\" \/>\n<meta property=\"article:modified_time\" content=\"2022-01-22T16:19:28+00:00\" \/>\n<meta property=\"og:image\" content=\"https:\/\/demoweb.info\/sexshop001\/wp-content\/uploads\/2022\/01\/ENEMA-CON-FORMA-DE-ACORDEON.jpg\" \/>\n\t<meta property=\"og:image:width\" content=\"550\" \/>\n\t<meta property=\"og:image:height\" content=\"550\" \/>\n\t<meta property=\"og:image:type\" content=\"image\/jpeg\" \/>\n<meta name=\"twitter:card\" content=\"summary_large_image\" \/>\n<meta name=\"twitter:label1\" content=\"Tiempo de lectura\" \/>\n\t<meta name=\"twitter:data1\" content=\"1 minuto\" \/>\n<script type=\"application\/ld+json\" class=\"yoast-schema-graph\">{\"@context\":\"https:\/\/schema.org\",\"@graph\":[{\"@type\":\"WebPage\",\"@id\":\"https:\/\/demoweb.info\/sexshop001\/producto\/enema-con-forma-de-acordeon\/\",\"url\":\"https:\/\/demoweb.info\/sexshop001\/producto\/enema-con-forma-de-acordeon\/\",\"name\":\"ENEMA CON FORMA DE ACORDE\u00d3N - Tienda Er\u00f3tica\",\"isPartOf\":{\"@id\":\"https:\/\/demoweb.info\/sexshop001\/#website\"},\"datePublished\":\"2022-01-22T16:19:08+00:00\",\"dateModified\":\"2022-01-22T16:19:28+00:00\",\"breadcrumb\":{\"@id\":\"https:\/\/demoweb.info\/sexshop001\/producto\/enema-con-forma-de-acordeon\/#breadcrumb\"},\"inLanguage\":\"es\",\"potentialAction\":[{\"@type\":\"ReadAction\",\"target\":[\"https:\/\/demoweb.info\/sexshop001\/producto\/enema-con-forma-de-acordeon\/\"]}]},{\"@type\":\"BreadcrumbList\",\"@id\":\"https:\/\/demoweb.info\/sexshop001\/producto\/enema-con-forma-de-acordeon\/#breadcrumb\",\"itemListElement\":[{\"@type\":\"ListItem\",\"position\":1,\"name\":\"Portada\",\"item\":\"https:\/\/demoweb.info\/sexshop001\/\"},{\"@type\":\"ListItem\",\"position\":2,\"name\":\"Tienda\",\"item\":\"https:\/\/demoweb.info\/sexshop001\/tienda\/\"},{\"@type\":\"ListItem\",\"position\":3,\"name\":\"ENEMA CON FORMA DE ACORDE\u00d3N\"}]},{\"@type\":\"WebSite\",\"@id\":\"https:\/\/demoweb.info\/sexshop001\/#website\",\"url\":\"https:\/\/demoweb.info\/sexshop001\/\",\"name\":\"Tienda Er\u00f3tica\",\"description\":\"DEMOWEB SL\",\"potentialAction\":[{\"@type\":\"SearchAction\",\"target\":{\"@type\":\"EntryPoint\",\"urlTemplate\":\"https:\/\/demoweb.info\/sexshop001\/?s={search_term_string}\"},\"query-input\":\"required name=search_term_string\"}],\"inLanguage\":\"es\"}]}<\/script>\n<!-- \/ Yoast SEO plugin. -->","yoast_head_json":{"title":"ENEMA CON FORMA DE ACORDE\u00d3N - Tienda Er\u00f3tica","robots":{"index":"noindex","follow":"follow","max-snippet":"max-snippet:-1","max-image-preview":"max-image-preview:large","max-video-preview":"max-video-preview:-1"},"og_locale":"es_ES","og_type":"article","og_title":"ENEMA CON FORMA DE ACORDE\u00d3N - Tienda Er\u00f3tica","og_description":"HOT WATER LARGE ACCORDION ENEMA BULB Esta bombilla de enema f\u00e1cil de usar te permite llenar r\u00e1pida y eficientemente tu","og_url":"https:\/\/demoweb.info\/sexshop001\/producto\/enema-con-forma-de-acordeon\/","og_site_name":"Tienda Er\u00f3tica","article_modified_time":"2022-01-22T16:19:28+00:00","og_image":[{"width":550,"height":550,"url":"https:\/\/demoweb.info\/sexshop001\/wp-content\/uploads\/2022\/01\/ENEMA-CON-FORMA-DE-ACORDEON.jpg","type":"image\/jpeg"}],"twitter_card":"summary_large_image","twitter_misc":{"Tiempo de lectura":"1 minuto"},"schema":{"@context":"https:\/\/schema.org","@graph":[{"@type":"WebPage","@id":"https:\/\/demoweb.info\/sexshop001\/producto\/enema-con-forma-de-acordeon\/","url":"https:\/\/demoweb.info\/sexshop001\/producto\/enema-con-forma-de-acordeon\/","name":"ENEMA CON FORMA DE ACORDE\u00d3N - Tienda Er\u00f3tica","isPartOf":{"@id":"https:\/\/demoweb.info\/sexshop001\/#website"},"datePublished":"2022-01-22T16:19:08+00:00","dateModified":"2022-01-22T16:19:28+00:00","breadcrumb":{"@id":"https:\/\/demoweb.info\/sexshop001\/producto\/enema-con-forma-de-acordeon\/#breadcrumb"},"inLanguage":"es","potentialAction":[{"@type":"ReadAction","target":["https:\/\/demoweb.info\/sexshop001\/producto\/enema-con-forma-de-acordeon\/"]}]},{"@type":"BreadcrumbList","@id":"https:\/\/demoweb.info\/sexshop001\/producto\/enema-con-forma-de-acordeon\/#breadcrumb","itemListElement":[{"@type":"ListItem","position":1,"name":"Portada","item":"https:\/\/demoweb.info\/sexshop001\/"},{"@type":"ListItem","position":2,"name":"Tienda","item":"https:\/\/demoweb.info\/sexshop001\/tienda\/"},{"@type":"ListItem","position":3,"name":"ENEMA CON FORMA DE ACORDE\u00d3N"}]},{"@type":"WebSite","@id":"https:\/\/demoweb.info\/sexshop001\/#website","url":"https:\/\/demoweb.info\/sexshop001\/","name":"Tienda Er\u00f3tica","description":"DEMOWEB SL","potentialAction":[{"@type":"SearchAction","target":{"@type":"EntryPoint","urlTemplate":"https:\/\/demoweb.info\/sexshop001\/?s={search_term_string}"},"query-input":"required name=search_term_string"}],"inLanguage":"es"}]}},"_links":{"self":[{"href":"https:\/\/demoweb.info\/sexshop001\/wp-json\/wp\/v3\/product\/56872","targetHints":{"allow":["GET"]}}],"collection":[{"href":"https:\/\/demoweb.info\/sexshop001\/wp-json\/wp\/v3\/product"}],"about":[{"href":"https:\/\/demoweb.info\/sexshop001\/wp-json\/wp\/v2\/types\/product"}],"replies":[{"embeddable":true,"href":"https:\/\/demoweb.info\/sexshop001\/wp-json\/wp\/v2\/comments?post=56872"}],"wp:featuredmedia":[{"embeddable":true,"href":"https:\/\/demoweb.info\/sexshop001\/wp-json\/wp\/v2\/media\/56873"}],"wp:attachment":[{"href":"https:\/\/demoweb.info\/sexshop001\/wp-json\/wp\/v2\/media?parent=56872"}],"wp:term":[{"taxonomy":"product_cat","embeddable":true,"href":"https:\/\/demoweb.info\/sexshop001\/wp-json\/wp\/v2\/product_cat?post=56872"},{"taxonomy":"product_tag","embeddable":true,"href":"https:\/\/demoweb.info\/sexshop001\/wp-json\/wp\/v2\/product_tag?post=56872"}],"curies":[{"name":"wp","href":"https:\/\/api.w.org\/{rel}","templated":true}]}}