{"id":56867,"date":"2022-01-22T17:19:08","date_gmt":"2022-01-22T16:19:08","guid":{"rendered":"https:\/\/demoweb.info\/sexshop001\/producto\/set-de-enemas-de-silicona-premium\/"},"modified":"2022-01-22T17:19:25","modified_gmt":"2022-01-22T16:19:25","slug":"set-de-enemas-de-silicona-premium","status":"publish","type":"product","link":"https:\/\/demoweb.info\/sexshop001\/producto\/set-de-enemas-de-silicona-premium\/","title":{"rendered":"SET DE ENEMAS DE SILICONA PREMIUM"},"content":{"rendered":"<p><strong>PREMIUM SILICONE ENEMA ATTATCHMENT SET<\/strong><\/p>\n<p>Moldeadas con silicona de primera calidad, las longitudes y formas de estos accesorios de boquillas ofrecen una experiencia de limpieza \u00fanica. Ambas puntas incluyen la base atornillada para conectarla a la manguera de tu sistema de enema.<\/p>\n<p>La boquilla m\u00e1s peque\u00f1a se estrecha para deslizarse f\u00e1cilmente dentro de ti hasta que la bombilla est\u00e9 completamente insertada para una penetraci\u00f3n c\u00f3moda. La boquilla grande tiene una cabeza curvada para proporcionar un placer espec\u00edfico durante el uso, con un eje m\u00e1s largo para una limpieza profunda. Ambos accesorios son lisos, duraderos y f\u00e1ciles de agarrar en la ducha. No es compatible con lubricante de silicona.<\/p>\n<p>Nota: la manguera de la ducha y el sistema de enema no est\u00e1n incluidos. Compatible con la mayor\u00eda de los sistemas est\u00e1ndar.<\/p>\n<p>Medidas:<\/p>\n<ul>\n<li>Accesorio peque\u00f1o:16,5 cm de longitud total, 12,7 cm insertables. 4,5 cm en el di\u00e1metro m\u00e1s ancho.<\/li>\n<li>Accesorio grande: 23 cm de longitud total, 19 cm de inserci\u00f3n.<\/li>\n<\/ul>\n","protected":false},"excerpt":{"rendered":"<p>PREMIUM SILICONE ENEMA ATTATCHMENT SET Moldeadas con silicona de primera calidad, las longitudes y formas de estos accesorios de boquillas<\/p>\n","protected":false},"featured_media":56868,"comment_status":"open","ping_status":"open","template":"","meta":[],"product_cat":[558],"product_tag":[786,274],"class_list":["post-56867","product","type-product","status-publish","has-post-thumbnail","hentry","product_cat-enemas","product_tag-clean-stream","product_tag-xr-brands"],"bundled_by":[],"bundle_stock_status":"instock","bundle_stock_quantity":1,"bundle_virtual":false,"bundle_layout":"","bundle_add_to_cart_form_location":"","bundle_editable_in_cart":false,"bundle_sold_individually_context":"","bundle_item_grouping":"","bundle_min_size":"","bundle_max_size":"","bundled_items":[],"yoast_head":"<!-- This site is optimized with the Yoast SEO plugin v20.6 - https:\/\/yoast.com\/wordpress\/plugins\/seo\/ -->\n<title>SET DE ENEMAS DE SILICONA PREMIUM - Tienda Er\u00f3tica<\/title>\n<meta name=\"robots\" content=\"noindex, follow, max-snippet:-1, max-image-preview:large, max-video-preview:-1\" \/>\n<meta property=\"og:locale\" content=\"es_ES\" \/>\n<meta property=\"og:type\" content=\"article\" \/>\n<meta property=\"og:title\" content=\"SET DE ENEMAS DE SILICONA PREMIUM - Tienda Er\u00f3tica\" \/>\n<meta property=\"og:description\" content=\"PREMIUM SILICONE ENEMA ATTATCHMENT SET Moldeadas con silicona de primera calidad, las longitudes y formas de estos accesorios de boquillas\" \/>\n<meta property=\"og:url\" content=\"https:\/\/demoweb.info\/sexshop001\/producto\/set-de-enemas-de-silicona-premium\/\" \/>\n<meta property=\"og:site_name\" content=\"Tienda Er\u00f3tica\" \/>\n<meta property=\"article:modified_time\" content=\"2022-01-22T16:19:25+00:00\" \/>\n<meta property=\"og:image\" content=\"https:\/\/demoweb.info\/sexshop001\/wp-content\/uploads\/2022\/01\/SET-DE-ENEMAS-DE-SILICONA-PREMIUM.jpg\" \/>\n\t<meta property=\"og:image:width\" content=\"550\" \/>\n\t<meta property=\"og:image:height\" content=\"550\" \/>\n\t<meta property=\"og:image:type\" content=\"image\/jpeg\" \/>\n<meta name=\"twitter:card\" content=\"summary_large_image\" \/>\n<meta name=\"twitter:label1\" content=\"Tiempo de lectura\" \/>\n\t<meta name=\"twitter:data1\" content=\"1 minuto\" \/>\n<script type=\"application\/ld+json\" class=\"yoast-schema-graph\">{\"@context\":\"https:\/\/schema.org\",\"@graph\":[{\"@type\":\"WebPage\",\"@id\":\"https:\/\/demoweb.info\/sexshop001\/producto\/set-de-enemas-de-silicona-premium\/\",\"url\":\"https:\/\/demoweb.info\/sexshop001\/producto\/set-de-enemas-de-silicona-premium\/\",\"name\":\"SET DE ENEMAS DE SILICONA PREMIUM - Tienda Er\u00f3tica\",\"isPartOf\":{\"@id\":\"https:\/\/demoweb.info\/sexshop001\/#website\"},\"datePublished\":\"2022-01-22T16:19:08+00:00\",\"dateModified\":\"2022-01-22T16:19:25+00:00\",\"breadcrumb\":{\"@id\":\"https:\/\/demoweb.info\/sexshop001\/producto\/set-de-enemas-de-silicona-premium\/#breadcrumb\"},\"inLanguage\":\"es\",\"potentialAction\":[{\"@type\":\"ReadAction\",\"target\":[\"https:\/\/demoweb.info\/sexshop001\/producto\/set-de-enemas-de-silicona-premium\/\"]}]},{\"@type\":\"BreadcrumbList\",\"@id\":\"https:\/\/demoweb.info\/sexshop001\/producto\/set-de-enemas-de-silicona-premium\/#breadcrumb\",\"itemListElement\":[{\"@type\":\"ListItem\",\"position\":1,\"name\":\"Portada\",\"item\":\"https:\/\/demoweb.info\/sexshop001\/\"},{\"@type\":\"ListItem\",\"position\":2,\"name\":\"Tienda\",\"item\":\"https:\/\/demoweb.info\/sexshop001\/tienda\/\"},{\"@type\":\"ListItem\",\"position\":3,\"name\":\"SET DE ENEMAS DE SILICONA PREMIUM\"}]},{\"@type\":\"WebSite\",\"@id\":\"https:\/\/demoweb.info\/sexshop001\/#website\",\"url\":\"https:\/\/demoweb.info\/sexshop001\/\",\"name\":\"Tienda Er\u00f3tica\",\"description\":\"DEMOWEB SL\",\"potentialAction\":[{\"@type\":\"SearchAction\",\"target\":{\"@type\":\"EntryPoint\",\"urlTemplate\":\"https:\/\/demoweb.info\/sexshop001\/?s={search_term_string}\"},\"query-input\":\"required name=search_term_string\"}],\"inLanguage\":\"es\"}]}<\/script>\n<!-- \/ Yoast SEO plugin. -->","yoast_head_json":{"title":"SET DE ENEMAS DE SILICONA PREMIUM - Tienda Er\u00f3tica","robots":{"index":"noindex","follow":"follow","max-snippet":"max-snippet:-1","max-image-preview":"max-image-preview:large","max-video-preview":"max-video-preview:-1"},"og_locale":"es_ES","og_type":"article","og_title":"SET DE ENEMAS DE SILICONA PREMIUM - Tienda Er\u00f3tica","og_description":"PREMIUM SILICONE ENEMA ATTATCHMENT SET Moldeadas con silicona de primera calidad, las longitudes y formas de estos accesorios de boquillas","og_url":"https:\/\/demoweb.info\/sexshop001\/producto\/set-de-enemas-de-silicona-premium\/","og_site_name":"Tienda Er\u00f3tica","article_modified_time":"2022-01-22T16:19:25+00:00","og_image":[{"width":550,"height":550,"url":"https:\/\/demoweb.info\/sexshop001\/wp-content\/uploads\/2022\/01\/SET-DE-ENEMAS-DE-SILICONA-PREMIUM.jpg","type":"image\/jpeg"}],"twitter_card":"summary_large_image","twitter_misc":{"Tiempo de lectura":"1 minuto"},"schema":{"@context":"https:\/\/schema.org","@graph":[{"@type":"WebPage","@id":"https:\/\/demoweb.info\/sexshop001\/producto\/set-de-enemas-de-silicona-premium\/","url":"https:\/\/demoweb.info\/sexshop001\/producto\/set-de-enemas-de-silicona-premium\/","name":"SET DE ENEMAS DE SILICONA PREMIUM - Tienda Er\u00f3tica","isPartOf":{"@id":"https:\/\/demoweb.info\/sexshop001\/#website"},"datePublished":"2022-01-22T16:19:08+00:00","dateModified":"2022-01-22T16:19:25+00:00","breadcrumb":{"@id":"https:\/\/demoweb.info\/sexshop001\/producto\/set-de-enemas-de-silicona-premium\/#breadcrumb"},"inLanguage":"es","potentialAction":[{"@type":"ReadAction","target":["https:\/\/demoweb.info\/sexshop001\/producto\/set-de-enemas-de-silicona-premium\/"]}]},{"@type":"BreadcrumbList","@id":"https:\/\/demoweb.info\/sexshop001\/producto\/set-de-enemas-de-silicona-premium\/#breadcrumb","itemListElement":[{"@type":"ListItem","position":1,"name":"Portada","item":"https:\/\/demoweb.info\/sexshop001\/"},{"@type":"ListItem","position":2,"name":"Tienda","item":"https:\/\/demoweb.info\/sexshop001\/tienda\/"},{"@type":"ListItem","position":3,"name":"SET DE ENEMAS DE SILICONA PREMIUM"}]},{"@type":"WebSite","@id":"https:\/\/demoweb.info\/sexshop001\/#website","url":"https:\/\/demoweb.info\/sexshop001\/","name":"Tienda Er\u00f3tica","description":"DEMOWEB SL","potentialAction":[{"@type":"SearchAction","target":{"@type":"EntryPoint","urlTemplate":"https:\/\/demoweb.info\/sexshop001\/?s={search_term_string}"},"query-input":"required name=search_term_string"}],"inLanguage":"es"}]}},"_links":{"self":[{"href":"https:\/\/demoweb.info\/sexshop001\/wp-json\/wp\/v3\/product\/56867","targetHints":{"allow":["GET"]}}],"collection":[{"href":"https:\/\/demoweb.info\/sexshop001\/wp-json\/wp\/v3\/product"}],"about":[{"href":"https:\/\/demoweb.info\/sexshop001\/wp-json\/wp\/v2\/types\/product"}],"replies":[{"embeddable":true,"href":"https:\/\/demoweb.info\/sexshop001\/wp-json\/wp\/v2\/comments?post=56867"}],"wp:featuredmedia":[{"embeddable":true,"href":"https:\/\/demoweb.info\/sexshop001\/wp-json\/wp\/v2\/media\/56868"}],"wp:attachment":[{"href":"https:\/\/demoweb.info\/sexshop001\/wp-json\/wp\/v2\/media?parent=56867"}],"wp:term":[{"taxonomy":"product_cat","embeddable":true,"href":"https:\/\/demoweb.info\/sexshop001\/wp-json\/wp\/v2\/product_cat?post=56867"},{"taxonomy":"product_tag","embeddable":true,"href":"https:\/\/demoweb.info\/sexshop001\/wp-json\/wp\/v2\/product_tag?post=56867"}],"curies":[{"name":"wp","href":"https:\/\/api.w.org\/{rel}","templated":true}]}}