{"id":56859,"date":"2022-01-22T17:19:08","date_gmt":"2022-01-22T16:19:08","guid":{"rendered":"https:\/\/demoweb.info\/sexshop001\/producto\/dispositivo-de-castidad-opaco-y-con-nubes-negro\/"},"modified":"2022-01-22T17:19:19","modified_gmt":"2022-01-22T16:19:19","slug":"dispositivo-de-castidad-opaco-y-con-nubes-negro","status":"publish","type":"product","link":"https:\/\/demoweb.info\/sexshop001\/producto\/dispositivo-de-castidad-opaco-y-con-nubes-negro\/","title":{"rendered":"DISPOSITIVO DE CASTIDAD OPACO Y CON NUBES &#8211; NEGRO"},"content":{"rendered":"<p><strong>BLACK RESTRICTED CHASTITY CAGE WITH NUBS<\/strong><\/p>\n<p>\u00a1Ahora en un sombr\u00edo matiz de negro! La nueva versi\u00f3n de la jaula de castidad de cuerpo blando tiene todos los beneficios de su predecesora, en un dise\u00f1o m\u00e1s peque\u00f1o. Tambi\u00e9n son nuevas las protuberancias internas para molestar a tu esclavo mientras est\u00e1 atrapado en este dispositivo sin ser liberado.<\/p>\n<p>Este dispositivo de castidad de goma es la mejor manera de experimentar la restricci\u00f3n de erecci\u00f3n con comodidad discreta y flexible. Con una jaula de goma de paredes r\u00edgidas, con una abertura de paso y c\u00e1maras separadas para el pene y los test\u00edculos, este dispositivo de cuerpo blando es casi indetectable debajo de la ropa.<\/p>\n<p>El perfil bajo y el material amigable lo hacen ideal para viajes a trav\u00e9s de detectores de metales, y es lo suficientemente c\u00f3modo para un uso prolongado.<\/p>\n<p>Medidas:<\/p>\n<ul>\n<li>7,6 cm de longitud total, sin estirar.<\/li>\n<li>2,8 cm de di\u00e1metro interno, sin estirar.<\/li>\n<\/ul>\n","protected":false},"excerpt":{"rendered":"<p>BLACK RESTRICTED CHASTITY CAGE WITH NUBS \u00a1Ahora en un sombr\u00edo matiz de negro! La nueva versi\u00f3n de la jaula de<\/p>\n","protected":false},"featured_media":56860,"comment_status":"open","ping_status":"open","template":"","meta":[],"product_cat":[305],"product_tag":[463,274],"class_list":["post-56859","product","type-product","status-publish","has-post-thumbnail","hentry","product_cat-castidad","product_tag-master-series","product_tag-xr-brands"],"bundled_by":[],"bundle_stock_status":"instock","bundle_stock_quantity":1,"bundle_virtual":false,"bundle_layout":"","bundle_add_to_cart_form_location":"","bundle_editable_in_cart":false,"bundle_sold_individually_context":"","bundle_item_grouping":"","bundle_min_size":"","bundle_max_size":"","bundled_items":[],"yoast_head":"<!-- This site is optimized with the Yoast SEO plugin v20.6 - https:\/\/yoast.com\/wordpress\/plugins\/seo\/ -->\n<title>DISPOSITIVO DE CASTIDAD OPACO Y CON NUBES - NEGRO - Tienda Er\u00f3tica<\/title>\n<meta name=\"robots\" content=\"noindex, follow, max-snippet:-1, max-image-preview:large, max-video-preview:-1\" \/>\n<meta property=\"og:locale\" content=\"es_ES\" \/>\n<meta property=\"og:type\" content=\"article\" \/>\n<meta property=\"og:title\" content=\"DISPOSITIVO DE CASTIDAD OPACO Y CON NUBES - NEGRO - Tienda Er\u00f3tica\" \/>\n<meta property=\"og:description\" content=\"BLACK RESTRICTED CHASTITY CAGE WITH NUBS \u00a1Ahora en un sombr\u00edo matiz de negro! La nueva versi\u00f3n de la jaula de\" \/>\n<meta property=\"og:url\" content=\"https:\/\/demoweb.info\/sexshop001\/producto\/dispositivo-de-castidad-opaco-y-con-nubes-negro\/\" \/>\n<meta property=\"og:site_name\" content=\"Tienda Er\u00f3tica\" \/>\n<meta property=\"article:modified_time\" content=\"2022-01-22T16:19:19+00:00\" \/>\n<meta property=\"og:image\" content=\"https:\/\/demoweb.info\/sexshop001\/wp-content\/uploads\/2022\/01\/DISPOSITIVO-DE-CASTIDAD-OPACO-Y-CON-NUBES-NEGRO.jpg\" \/>\n\t<meta property=\"og:image:width\" content=\"550\" \/>\n\t<meta property=\"og:image:height\" content=\"550\" \/>\n\t<meta property=\"og:image:type\" content=\"image\/jpeg\" \/>\n<meta name=\"twitter:card\" content=\"summary_large_image\" \/>\n<meta name=\"twitter:label1\" content=\"Tiempo de lectura\" \/>\n\t<meta name=\"twitter:data1\" content=\"1 minuto\" \/>\n<script type=\"application\/ld+json\" class=\"yoast-schema-graph\">{\"@context\":\"https:\/\/schema.org\",\"@graph\":[{\"@type\":\"WebPage\",\"@id\":\"https:\/\/demoweb.info\/sexshop001\/producto\/dispositivo-de-castidad-opaco-y-con-nubes-negro\/\",\"url\":\"https:\/\/demoweb.info\/sexshop001\/producto\/dispositivo-de-castidad-opaco-y-con-nubes-negro\/\",\"name\":\"DISPOSITIVO DE CASTIDAD OPACO Y CON NUBES - NEGRO - Tienda Er\u00f3tica\",\"isPartOf\":{\"@id\":\"https:\/\/demoweb.info\/sexshop001\/#website\"},\"datePublished\":\"2022-01-22T16:19:08+00:00\",\"dateModified\":\"2022-01-22T16:19:19+00:00\",\"breadcrumb\":{\"@id\":\"https:\/\/demoweb.info\/sexshop001\/producto\/dispositivo-de-castidad-opaco-y-con-nubes-negro\/#breadcrumb\"},\"inLanguage\":\"es\",\"potentialAction\":[{\"@type\":\"ReadAction\",\"target\":[\"https:\/\/demoweb.info\/sexshop001\/producto\/dispositivo-de-castidad-opaco-y-con-nubes-negro\/\"]}]},{\"@type\":\"BreadcrumbList\",\"@id\":\"https:\/\/demoweb.info\/sexshop001\/producto\/dispositivo-de-castidad-opaco-y-con-nubes-negro\/#breadcrumb\",\"itemListElement\":[{\"@type\":\"ListItem\",\"position\":1,\"name\":\"Portada\",\"item\":\"https:\/\/demoweb.info\/sexshop001\/\"},{\"@type\":\"ListItem\",\"position\":2,\"name\":\"Tienda\",\"item\":\"https:\/\/demoweb.info\/sexshop001\/tienda\/\"},{\"@type\":\"ListItem\",\"position\":3,\"name\":\"DISPOSITIVO DE CASTIDAD OPACO Y CON NUBES &#8211; NEGRO\"}]},{\"@type\":\"WebSite\",\"@id\":\"https:\/\/demoweb.info\/sexshop001\/#website\",\"url\":\"https:\/\/demoweb.info\/sexshop001\/\",\"name\":\"Tienda Er\u00f3tica\",\"description\":\"DEMOWEB SL\",\"potentialAction\":[{\"@type\":\"SearchAction\",\"target\":{\"@type\":\"EntryPoint\",\"urlTemplate\":\"https:\/\/demoweb.info\/sexshop001\/?s={search_term_string}\"},\"query-input\":\"required name=search_term_string\"}],\"inLanguage\":\"es\"}]}<\/script>\n<!-- \/ Yoast SEO plugin. -->","yoast_head_json":{"title":"DISPOSITIVO DE CASTIDAD OPACO Y CON NUBES - NEGRO - Tienda Er\u00f3tica","robots":{"index":"noindex","follow":"follow","max-snippet":"max-snippet:-1","max-image-preview":"max-image-preview:large","max-video-preview":"max-video-preview:-1"},"og_locale":"es_ES","og_type":"article","og_title":"DISPOSITIVO DE CASTIDAD OPACO Y CON NUBES - NEGRO - Tienda Er\u00f3tica","og_description":"BLACK RESTRICTED CHASTITY CAGE WITH NUBS \u00a1Ahora en un sombr\u00edo matiz de negro! La nueva versi\u00f3n de la jaula de","og_url":"https:\/\/demoweb.info\/sexshop001\/producto\/dispositivo-de-castidad-opaco-y-con-nubes-negro\/","og_site_name":"Tienda Er\u00f3tica","article_modified_time":"2022-01-22T16:19:19+00:00","og_image":[{"width":550,"height":550,"url":"https:\/\/demoweb.info\/sexshop001\/wp-content\/uploads\/2022\/01\/DISPOSITIVO-DE-CASTIDAD-OPACO-Y-CON-NUBES-NEGRO.jpg","type":"image\/jpeg"}],"twitter_card":"summary_large_image","twitter_misc":{"Tiempo de lectura":"1 minuto"},"schema":{"@context":"https:\/\/schema.org","@graph":[{"@type":"WebPage","@id":"https:\/\/demoweb.info\/sexshop001\/producto\/dispositivo-de-castidad-opaco-y-con-nubes-negro\/","url":"https:\/\/demoweb.info\/sexshop001\/producto\/dispositivo-de-castidad-opaco-y-con-nubes-negro\/","name":"DISPOSITIVO DE CASTIDAD OPACO Y CON NUBES - NEGRO - Tienda Er\u00f3tica","isPartOf":{"@id":"https:\/\/demoweb.info\/sexshop001\/#website"},"datePublished":"2022-01-22T16:19:08+00:00","dateModified":"2022-01-22T16:19:19+00:00","breadcrumb":{"@id":"https:\/\/demoweb.info\/sexshop001\/producto\/dispositivo-de-castidad-opaco-y-con-nubes-negro\/#breadcrumb"},"inLanguage":"es","potentialAction":[{"@type":"ReadAction","target":["https:\/\/demoweb.info\/sexshop001\/producto\/dispositivo-de-castidad-opaco-y-con-nubes-negro\/"]}]},{"@type":"BreadcrumbList","@id":"https:\/\/demoweb.info\/sexshop001\/producto\/dispositivo-de-castidad-opaco-y-con-nubes-negro\/#breadcrumb","itemListElement":[{"@type":"ListItem","position":1,"name":"Portada","item":"https:\/\/demoweb.info\/sexshop001\/"},{"@type":"ListItem","position":2,"name":"Tienda","item":"https:\/\/demoweb.info\/sexshop001\/tienda\/"},{"@type":"ListItem","position":3,"name":"DISPOSITIVO DE CASTIDAD OPACO Y CON NUBES &#8211; NEGRO"}]},{"@type":"WebSite","@id":"https:\/\/demoweb.info\/sexshop001\/#website","url":"https:\/\/demoweb.info\/sexshop001\/","name":"Tienda Er\u00f3tica","description":"DEMOWEB SL","potentialAction":[{"@type":"SearchAction","target":{"@type":"EntryPoint","urlTemplate":"https:\/\/demoweb.info\/sexshop001\/?s={search_term_string}"},"query-input":"required name=search_term_string"}],"inLanguage":"es"}]}},"_links":{"self":[{"href":"https:\/\/demoweb.info\/sexshop001\/wp-json\/wp\/v3\/product\/56859","targetHints":{"allow":["GET"]}}],"collection":[{"href":"https:\/\/demoweb.info\/sexshop001\/wp-json\/wp\/v3\/product"}],"about":[{"href":"https:\/\/demoweb.info\/sexshop001\/wp-json\/wp\/v2\/types\/product"}],"replies":[{"embeddable":true,"href":"https:\/\/demoweb.info\/sexshop001\/wp-json\/wp\/v2\/comments?post=56859"}],"wp:featuredmedia":[{"embeddable":true,"href":"https:\/\/demoweb.info\/sexshop001\/wp-json\/wp\/v2\/media\/56860"}],"wp:attachment":[{"href":"https:\/\/demoweb.info\/sexshop001\/wp-json\/wp\/v2\/media?parent=56859"}],"wp:term":[{"taxonomy":"product_cat","embeddable":true,"href":"https:\/\/demoweb.info\/sexshop001\/wp-json\/wp\/v2\/product_cat?post=56859"},{"taxonomy":"product_tag","embeddable":true,"href":"https:\/\/demoweb.info\/sexshop001\/wp-json\/wp\/v2\/product_tag?post=56859"}],"curies":[{"name":"wp","href":"https:\/\/api.w.org\/{rel}","templated":true}]}}