{"id":56855,"date":"2022-01-22T17:19:08","date_gmt":"2022-01-22T16:19:08","guid":{"rendered":"https:\/\/demoweb.info\/sexshop001\/producto\/infiltrator-anres-con-pene-hueco\/"},"modified":"2022-01-22T17:19:17","modified_gmt":"2022-01-22T16:19:17","slug":"infiltrator-anres-con-pene-hueco","status":"publish","type":"product","link":"https:\/\/demoweb.info\/sexshop001\/producto\/infiltrator-anres-con-pene-hueco\/","title":{"rendered":"INFILTRATOR ANR\u00c9S CON PENE HUECO"},"content":{"rendered":"<p><strong>INFILTRATOR HOLLOW STRAP ON<\/strong><\/p>\n<p>Penetra a tu compa\u00f1ero con una vara larga y corpulenta. Este dong con textura realista est\u00e1 abultado con ondulaciones y venas. El interior hueco permite que una persona con cuerpo masculino inserte su pene durante el uso, pero se ajusta perfectamente a una persona con cuerpo femenino.<\/p>\n<p>El arn\u00e9s de servicio pesado tiene correas ajustables y resistentes alrededor de la cintura y la entrepierna. La junta t\u00f3rica de metal se sujeta mediante correas de velcro, lo que le permite asegurar f\u00e1cilmente el consolador, o incluso cambiarlo por otro en cualquier momento que desee.<\/p>\n<p>Nota: Incluye consolador y arn\u00e9s.<\/p>\n<p>El consolador mide:<\/p>\n<ul>\n<li>25,4 cm de longitud total<\/li>\n<li>21,6 cm de inserci\u00f3n<\/li>\n<li>6,35 cm en el di\u00e1metro de inserci\u00f3n m\u00e1s amplio.<\/li>\n<li>El interior hueco tiene 15 cm de largo, 3,8 cm de di\u00e1metro.<\/li>\n<li>La correa de la cintura se ajusta hasta 140 cm de circunferencia.<\/li>\n<li>La correa de la entrepierna se ajusta hasta 53 cm de largo.<\/li>\n<\/ul>\n","protected":false},"excerpt":{"rendered":"<p>INFILTRATOR HOLLOW STRAP ON Penetra a tu compa\u00f1ero con una vara larga y corpulenta. Este dong con textura realista est\u00e1<\/p>\n","protected":false},"featured_media":56856,"comment_status":"open","ping_status":"open","template":"","meta":[],"product_cat":[481],"product_tag":[463,274],"class_list":["post-56855","product","type-product","status-publish","has-post-thumbnail","hentry","product_cat-huecos","product_tag-master-series","product_tag-xr-brands"],"bundled_by":[],"bundle_stock_status":"instock","bundle_stock_quantity":1,"bundle_virtual":false,"bundle_layout":"","bundle_add_to_cart_form_location":"","bundle_editable_in_cart":false,"bundle_sold_individually_context":"","bundle_item_grouping":"","bundle_min_size":"","bundle_max_size":"","bundled_items":[],"yoast_head":"<!-- This site is optimized with the Yoast SEO plugin v20.6 - https:\/\/yoast.com\/wordpress\/plugins\/seo\/ -->\n<title>INFILTRATOR ANR\u00c9S CON PENE HUECO - Tienda Er\u00f3tica<\/title>\n<meta name=\"robots\" content=\"noindex, follow, max-snippet:-1, max-image-preview:large, max-video-preview:-1\" \/>\n<meta property=\"og:locale\" content=\"es_ES\" \/>\n<meta property=\"og:type\" content=\"article\" \/>\n<meta property=\"og:title\" content=\"INFILTRATOR ANR\u00c9S CON PENE HUECO - Tienda Er\u00f3tica\" \/>\n<meta property=\"og:description\" content=\"INFILTRATOR HOLLOW STRAP ON Penetra a tu compa\u00f1ero con una vara larga y corpulenta. Este dong con textura realista est\u00e1\" \/>\n<meta property=\"og:url\" content=\"https:\/\/demoweb.info\/sexshop001\/producto\/infiltrator-anres-con-pene-hueco\/\" \/>\n<meta property=\"og:site_name\" content=\"Tienda Er\u00f3tica\" \/>\n<meta property=\"article:modified_time\" content=\"2022-01-22T16:19:17+00:00\" \/>\n<meta property=\"og:image\" content=\"https:\/\/demoweb.info\/sexshop001\/wp-content\/uploads\/2022\/01\/INFILTRATOR-ANRES-CON-PENE-HUECO.jpg\" \/>\n\t<meta property=\"og:image:width\" content=\"550\" \/>\n\t<meta property=\"og:image:height\" content=\"550\" \/>\n\t<meta property=\"og:image:type\" content=\"image\/jpeg\" \/>\n<meta name=\"twitter:card\" content=\"summary_large_image\" \/>\n<meta name=\"twitter:label1\" content=\"Tiempo de lectura\" \/>\n\t<meta name=\"twitter:data1\" content=\"1 minuto\" \/>\n<script type=\"application\/ld+json\" class=\"yoast-schema-graph\">{\"@context\":\"https:\/\/schema.org\",\"@graph\":[{\"@type\":\"WebPage\",\"@id\":\"https:\/\/demoweb.info\/sexshop001\/producto\/infiltrator-anres-con-pene-hueco\/\",\"url\":\"https:\/\/demoweb.info\/sexshop001\/producto\/infiltrator-anres-con-pene-hueco\/\",\"name\":\"INFILTRATOR ANR\u00c9S CON PENE HUECO - Tienda Er\u00f3tica\",\"isPartOf\":{\"@id\":\"https:\/\/demoweb.info\/sexshop001\/#website\"},\"datePublished\":\"2022-01-22T16:19:08+00:00\",\"dateModified\":\"2022-01-22T16:19:17+00:00\",\"breadcrumb\":{\"@id\":\"https:\/\/demoweb.info\/sexshop001\/producto\/infiltrator-anres-con-pene-hueco\/#breadcrumb\"},\"inLanguage\":\"es\",\"potentialAction\":[{\"@type\":\"ReadAction\",\"target\":[\"https:\/\/demoweb.info\/sexshop001\/producto\/infiltrator-anres-con-pene-hueco\/\"]}]},{\"@type\":\"BreadcrumbList\",\"@id\":\"https:\/\/demoweb.info\/sexshop001\/producto\/infiltrator-anres-con-pene-hueco\/#breadcrumb\",\"itemListElement\":[{\"@type\":\"ListItem\",\"position\":1,\"name\":\"Portada\",\"item\":\"https:\/\/demoweb.info\/sexshop001\/\"},{\"@type\":\"ListItem\",\"position\":2,\"name\":\"Tienda\",\"item\":\"https:\/\/demoweb.info\/sexshop001\/tienda\/\"},{\"@type\":\"ListItem\",\"position\":3,\"name\":\"INFILTRATOR ANR\u00c9S CON PENE HUECO\"}]},{\"@type\":\"WebSite\",\"@id\":\"https:\/\/demoweb.info\/sexshop001\/#website\",\"url\":\"https:\/\/demoweb.info\/sexshop001\/\",\"name\":\"Tienda Er\u00f3tica\",\"description\":\"DEMOWEB SL\",\"potentialAction\":[{\"@type\":\"SearchAction\",\"target\":{\"@type\":\"EntryPoint\",\"urlTemplate\":\"https:\/\/demoweb.info\/sexshop001\/?s={search_term_string}\"},\"query-input\":\"required name=search_term_string\"}],\"inLanguage\":\"es\"}]}<\/script>\n<!-- \/ Yoast SEO plugin. -->","yoast_head_json":{"title":"INFILTRATOR ANR\u00c9S CON PENE HUECO - Tienda Er\u00f3tica","robots":{"index":"noindex","follow":"follow","max-snippet":"max-snippet:-1","max-image-preview":"max-image-preview:large","max-video-preview":"max-video-preview:-1"},"og_locale":"es_ES","og_type":"article","og_title":"INFILTRATOR ANR\u00c9S CON PENE HUECO - Tienda Er\u00f3tica","og_description":"INFILTRATOR HOLLOW STRAP ON Penetra a tu compa\u00f1ero con una vara larga y corpulenta. Este dong con textura realista est\u00e1","og_url":"https:\/\/demoweb.info\/sexshop001\/producto\/infiltrator-anres-con-pene-hueco\/","og_site_name":"Tienda Er\u00f3tica","article_modified_time":"2022-01-22T16:19:17+00:00","og_image":[{"width":550,"height":550,"url":"https:\/\/demoweb.info\/sexshop001\/wp-content\/uploads\/2022\/01\/INFILTRATOR-ANRES-CON-PENE-HUECO.jpg","type":"image\/jpeg"}],"twitter_card":"summary_large_image","twitter_misc":{"Tiempo de lectura":"1 minuto"},"schema":{"@context":"https:\/\/schema.org","@graph":[{"@type":"WebPage","@id":"https:\/\/demoweb.info\/sexshop001\/producto\/infiltrator-anres-con-pene-hueco\/","url":"https:\/\/demoweb.info\/sexshop001\/producto\/infiltrator-anres-con-pene-hueco\/","name":"INFILTRATOR ANR\u00c9S CON PENE HUECO - Tienda Er\u00f3tica","isPartOf":{"@id":"https:\/\/demoweb.info\/sexshop001\/#website"},"datePublished":"2022-01-22T16:19:08+00:00","dateModified":"2022-01-22T16:19:17+00:00","breadcrumb":{"@id":"https:\/\/demoweb.info\/sexshop001\/producto\/infiltrator-anres-con-pene-hueco\/#breadcrumb"},"inLanguage":"es","potentialAction":[{"@type":"ReadAction","target":["https:\/\/demoweb.info\/sexshop001\/producto\/infiltrator-anres-con-pene-hueco\/"]}]},{"@type":"BreadcrumbList","@id":"https:\/\/demoweb.info\/sexshop001\/producto\/infiltrator-anres-con-pene-hueco\/#breadcrumb","itemListElement":[{"@type":"ListItem","position":1,"name":"Portada","item":"https:\/\/demoweb.info\/sexshop001\/"},{"@type":"ListItem","position":2,"name":"Tienda","item":"https:\/\/demoweb.info\/sexshop001\/tienda\/"},{"@type":"ListItem","position":3,"name":"INFILTRATOR ANR\u00c9S CON PENE HUECO"}]},{"@type":"WebSite","@id":"https:\/\/demoweb.info\/sexshop001\/#website","url":"https:\/\/demoweb.info\/sexshop001\/","name":"Tienda Er\u00f3tica","description":"DEMOWEB SL","potentialAction":[{"@type":"SearchAction","target":{"@type":"EntryPoint","urlTemplate":"https:\/\/demoweb.info\/sexshop001\/?s={search_term_string}"},"query-input":"required name=search_term_string"}],"inLanguage":"es"}]}},"_links":{"self":[{"href":"https:\/\/demoweb.info\/sexshop001\/wp-json\/wp\/v3\/product\/56855","targetHints":{"allow":["GET"]}}],"collection":[{"href":"https:\/\/demoweb.info\/sexshop001\/wp-json\/wp\/v3\/product"}],"about":[{"href":"https:\/\/demoweb.info\/sexshop001\/wp-json\/wp\/v2\/types\/product"}],"replies":[{"embeddable":true,"href":"https:\/\/demoweb.info\/sexshop001\/wp-json\/wp\/v2\/comments?post=56855"}],"wp:featuredmedia":[{"embeddable":true,"href":"https:\/\/demoweb.info\/sexshop001\/wp-json\/wp\/v2\/media\/56856"}],"wp:attachment":[{"href":"https:\/\/demoweb.info\/sexshop001\/wp-json\/wp\/v2\/media?parent=56855"}],"wp:term":[{"taxonomy":"product_cat","embeddable":true,"href":"https:\/\/demoweb.info\/sexshop001\/wp-json\/wp\/v2\/product_cat?post=56855"},{"taxonomy":"product_tag","embeddable":true,"href":"https:\/\/demoweb.info\/sexshop001\/wp-json\/wp\/v2\/product_tag?post=56855"}],"curies":[{"name":"wp","href":"https:\/\/api.w.org\/{rel}","templated":true}]}}