{"id":56850,"date":"2022-01-22T17:19:08","date_gmt":"2022-01-22T16:19:08","guid":{"rendered":"https:\/\/demoweb.info\/sexshop001\/producto\/clawed-expanding-dilatador-anal\/"},"modified":"2022-01-22T17:19:13","modified_gmt":"2022-01-22T16:19:13","slug":"clawed-expanding-dilatador-anal","status":"publish","type":"product","link":"https:\/\/demoweb.info\/sexshop001\/producto\/clawed-expanding-dilatador-anal\/","title":{"rendered":"CLAWED EXPANDING DILATADOR ANAL"},"content":{"rendered":"<p><strong>CLAWED EXPANDING CLEAR DILATOR<\/strong><\/p>\n<p>Esta intensa garra anal no te abrir\u00e1 nada m\u00e1s, y le dar\u00e1 a tu compa\u00f1ero una nueva visi\u00f3n de tu trasero.<\/p>\n<p>Pellizca las cuatro cu\u00f1as juntas para una penetraci\u00f3n m\u00e1s manejable. Una vez pasado su esf\u00ednter, este conector \u00fanico se expandir\u00e1, \u00a1abriendo sus interiores!. El material transparente y una abertura en la base del tap\u00f3n le permiten a tu pareja mirar tus profundidades anales, o incluso llenarte con un consolador, un enema, o lo que sea que encuentren tus mentes inmundas.<\/p>\n<p>El material libre de ftalatos es firme, pero flexible y presiona contra todos los puntos correctos dentro de t\u00ed. Disfruta con lubricante a base de agua o de silicona y limpia con un jab\u00f3n suave y agua tibia.<\/p>\n<p>Medidas:<\/p>\n<ul>\n<li>11,43 cm de longitud total.<\/li>\n<li>8,9 cm insertables.<\/li>\n<li>Cuando est\u00e1 cerrado, el di\u00e1metro mide 5,7 cm en el punto m\u00e1s ancho.<\/li>\n<li>Cuando se abre, el di\u00e1metro mide 10,8 cm.<\/li>\n<li>El orificio central mide 3,8 cm de di\u00e1metro.<\/li>\n<\/ul>\n","protected":false},"excerpt":{"rendered":"<p>CLAWED EXPANDING CLEAR DILATOR Esta intensa garra anal no te abrir\u00e1 nada m\u00e1s, y le dar\u00e1 a tu compa\u00f1ero una<\/p>\n","protected":false},"featured_media":56851,"comment_status":"open","ping_status":"open","template":"","meta":[],"product_cat":[853],"product_tag":[463,274],"class_list":["post-56850","product","type-product","status-publish","has-post-thumbnail","hentry","product_cat-dilatadores","product_tag-master-series","product_tag-xr-brands"],"bundled_by":[],"bundle_stock_status":"outofstock","bundle_stock_quantity":0,"bundle_virtual":false,"bundle_layout":"","bundle_add_to_cart_form_location":"","bundle_editable_in_cart":false,"bundle_sold_individually_context":"","bundle_item_grouping":"","bundle_min_size":"","bundle_max_size":"","bundled_items":[],"yoast_head":"<!-- This site is optimized with the Yoast SEO plugin v20.6 - https:\/\/yoast.com\/wordpress\/plugins\/seo\/ -->\n<title>CLAWED EXPANDING DILATADOR ANAL - Tienda Er\u00f3tica<\/title>\n<meta name=\"robots\" content=\"noindex, follow, max-snippet:-1, max-image-preview:large, max-video-preview:-1\" \/>\n<meta property=\"og:locale\" content=\"es_ES\" \/>\n<meta property=\"og:type\" content=\"article\" \/>\n<meta property=\"og:title\" content=\"CLAWED EXPANDING DILATADOR ANAL - Tienda Er\u00f3tica\" \/>\n<meta property=\"og:description\" content=\"CLAWED EXPANDING CLEAR DILATOR Esta intensa garra anal no te abrir\u00e1 nada m\u00e1s, y le dar\u00e1 a tu compa\u00f1ero una\" \/>\n<meta property=\"og:url\" content=\"https:\/\/demoweb.info\/sexshop001\/producto\/clawed-expanding-dilatador-anal\/\" \/>\n<meta property=\"og:site_name\" content=\"Tienda Er\u00f3tica\" \/>\n<meta property=\"article:modified_time\" content=\"2022-01-22T16:19:13+00:00\" \/>\n<meta property=\"og:image\" content=\"https:\/\/demoweb.info\/sexshop001\/wp-content\/uploads\/2022\/01\/CLAWED-EXPANDING-DILATADOR-ANAL.jpg\" \/>\n\t<meta property=\"og:image:width\" content=\"550\" \/>\n\t<meta property=\"og:image:height\" content=\"550\" \/>\n\t<meta property=\"og:image:type\" content=\"image\/jpeg\" \/>\n<meta name=\"twitter:card\" content=\"summary_large_image\" \/>\n<meta name=\"twitter:label1\" content=\"Tiempo de lectura\" \/>\n\t<meta name=\"twitter:data1\" content=\"1 minuto\" \/>\n<script type=\"application\/ld+json\" class=\"yoast-schema-graph\">{\"@context\":\"https:\/\/schema.org\",\"@graph\":[{\"@type\":\"WebPage\",\"@id\":\"https:\/\/demoweb.info\/sexshop001\/producto\/clawed-expanding-dilatador-anal\/\",\"url\":\"https:\/\/demoweb.info\/sexshop001\/producto\/clawed-expanding-dilatador-anal\/\",\"name\":\"CLAWED EXPANDING DILATADOR ANAL - Tienda Er\u00f3tica\",\"isPartOf\":{\"@id\":\"https:\/\/demoweb.info\/sexshop001\/#website\"},\"datePublished\":\"2022-01-22T16:19:08+00:00\",\"dateModified\":\"2022-01-22T16:19:13+00:00\",\"breadcrumb\":{\"@id\":\"https:\/\/demoweb.info\/sexshop001\/producto\/clawed-expanding-dilatador-anal\/#breadcrumb\"},\"inLanguage\":\"es\",\"potentialAction\":[{\"@type\":\"ReadAction\",\"target\":[\"https:\/\/demoweb.info\/sexshop001\/producto\/clawed-expanding-dilatador-anal\/\"]}]},{\"@type\":\"BreadcrumbList\",\"@id\":\"https:\/\/demoweb.info\/sexshop001\/producto\/clawed-expanding-dilatador-anal\/#breadcrumb\",\"itemListElement\":[{\"@type\":\"ListItem\",\"position\":1,\"name\":\"Portada\",\"item\":\"https:\/\/demoweb.info\/sexshop001\/\"},{\"@type\":\"ListItem\",\"position\":2,\"name\":\"Tienda\",\"item\":\"https:\/\/demoweb.info\/sexshop001\/tienda\/\"},{\"@type\":\"ListItem\",\"position\":3,\"name\":\"CLAWED EXPANDING DILATADOR ANAL\"}]},{\"@type\":\"WebSite\",\"@id\":\"https:\/\/demoweb.info\/sexshop001\/#website\",\"url\":\"https:\/\/demoweb.info\/sexshop001\/\",\"name\":\"Tienda Er\u00f3tica\",\"description\":\"DEMOWEB SL\",\"potentialAction\":[{\"@type\":\"SearchAction\",\"target\":{\"@type\":\"EntryPoint\",\"urlTemplate\":\"https:\/\/demoweb.info\/sexshop001\/?s={search_term_string}\"},\"query-input\":\"required name=search_term_string\"}],\"inLanguage\":\"es\"}]}<\/script>\n<!-- \/ Yoast SEO plugin. -->","yoast_head_json":{"title":"CLAWED EXPANDING DILATADOR ANAL - Tienda Er\u00f3tica","robots":{"index":"noindex","follow":"follow","max-snippet":"max-snippet:-1","max-image-preview":"max-image-preview:large","max-video-preview":"max-video-preview:-1"},"og_locale":"es_ES","og_type":"article","og_title":"CLAWED EXPANDING DILATADOR ANAL - Tienda Er\u00f3tica","og_description":"CLAWED EXPANDING CLEAR DILATOR Esta intensa garra anal no te abrir\u00e1 nada m\u00e1s, y le dar\u00e1 a tu compa\u00f1ero una","og_url":"https:\/\/demoweb.info\/sexshop001\/producto\/clawed-expanding-dilatador-anal\/","og_site_name":"Tienda Er\u00f3tica","article_modified_time":"2022-01-22T16:19:13+00:00","og_image":[{"width":550,"height":550,"url":"https:\/\/demoweb.info\/sexshop001\/wp-content\/uploads\/2022\/01\/CLAWED-EXPANDING-DILATADOR-ANAL.jpg","type":"image\/jpeg"}],"twitter_card":"summary_large_image","twitter_misc":{"Tiempo de lectura":"1 minuto"},"schema":{"@context":"https:\/\/schema.org","@graph":[{"@type":"WebPage","@id":"https:\/\/demoweb.info\/sexshop001\/producto\/clawed-expanding-dilatador-anal\/","url":"https:\/\/demoweb.info\/sexshop001\/producto\/clawed-expanding-dilatador-anal\/","name":"CLAWED EXPANDING DILATADOR ANAL - Tienda Er\u00f3tica","isPartOf":{"@id":"https:\/\/demoweb.info\/sexshop001\/#website"},"datePublished":"2022-01-22T16:19:08+00:00","dateModified":"2022-01-22T16:19:13+00:00","breadcrumb":{"@id":"https:\/\/demoweb.info\/sexshop001\/producto\/clawed-expanding-dilatador-anal\/#breadcrumb"},"inLanguage":"es","potentialAction":[{"@type":"ReadAction","target":["https:\/\/demoweb.info\/sexshop001\/producto\/clawed-expanding-dilatador-anal\/"]}]},{"@type":"BreadcrumbList","@id":"https:\/\/demoweb.info\/sexshop001\/producto\/clawed-expanding-dilatador-anal\/#breadcrumb","itemListElement":[{"@type":"ListItem","position":1,"name":"Portada","item":"https:\/\/demoweb.info\/sexshop001\/"},{"@type":"ListItem","position":2,"name":"Tienda","item":"https:\/\/demoweb.info\/sexshop001\/tienda\/"},{"@type":"ListItem","position":3,"name":"CLAWED EXPANDING DILATADOR ANAL"}]},{"@type":"WebSite","@id":"https:\/\/demoweb.info\/sexshop001\/#website","url":"https:\/\/demoweb.info\/sexshop001\/","name":"Tienda Er\u00f3tica","description":"DEMOWEB SL","potentialAction":[{"@type":"SearchAction","target":{"@type":"EntryPoint","urlTemplate":"https:\/\/demoweb.info\/sexshop001\/?s={search_term_string}"},"query-input":"required name=search_term_string"}],"inLanguage":"es"}]}},"_links":{"self":[{"href":"https:\/\/demoweb.info\/sexshop001\/wp-json\/wp\/v3\/product\/56850","targetHints":{"allow":["GET"]}}],"collection":[{"href":"https:\/\/demoweb.info\/sexshop001\/wp-json\/wp\/v3\/product"}],"about":[{"href":"https:\/\/demoweb.info\/sexshop001\/wp-json\/wp\/v2\/types\/product"}],"replies":[{"embeddable":true,"href":"https:\/\/demoweb.info\/sexshop001\/wp-json\/wp\/v2\/comments?post=56850"}],"wp:featuredmedia":[{"embeddable":true,"href":"https:\/\/demoweb.info\/sexshop001\/wp-json\/wp\/v2\/media\/56851"}],"wp:attachment":[{"href":"https:\/\/demoweb.info\/sexshop001\/wp-json\/wp\/v2\/media?parent=56850"}],"wp:term":[{"taxonomy":"product_cat","embeddable":true,"href":"https:\/\/demoweb.info\/sexshop001\/wp-json\/wp\/v2\/product_cat?post=56850"},{"taxonomy":"product_tag","embeddable":true,"href":"https:\/\/demoweb.info\/sexshop001\/wp-json\/wp\/v2\/product_tag?post=56850"}],"curies":[{"name":"wp","href":"https:\/\/api.w.org\/{rel}","templated":true}]}}