{"id":56816,"date":"2022-01-22T17:18:27","date_gmt":"2022-01-22T16:18:27","guid":{"rendered":"https:\/\/demoweb.info\/sexshop001\/producto\/fleshlight-girls-brandi-love-heartthrob-vagina\/"},"modified":"2022-01-22T17:18:48","modified_gmt":"2022-01-22T16:18:48","slug":"fleshlight-girls-brandi-love-heartthrob-vagina","status":"publish","type":"product","link":"https:\/\/demoweb.info\/sexshop001\/producto\/fleshlight-girls-brandi-love-heartthrob-vagina\/","title":{"rendered":"FLESHLIGHT GIRLS BRANDI LOVE HEARTTHROB &#8211; VAGINA"},"content":{"rendered":"<p><strong>FLESHLIGHT GIRLS BRANDI LOVE HEARTTHROB (VAGINA)<\/strong><\/p>\n<p>Brandi Love hizo su debut en el porno un poco m\u00e1s tarde que la mayor\u00eda de las estrellas. Mientras que muchos comienzan sus carreras en su adolescencia o principios de los a\u00f1os veinte, Brandi comenz\u00f3 a la edad de 31 a\u00f1os, lo que autom\u00e1ticamente coloca al cuerpo rubio en la categor\u00eda MILF, una que sigue dominando.<\/p>\n<p>A medida que su carrera contin\u00faa creciendo a niveles a\u00fan m\u00e1s altos, Brandi espera compartir sus partes m\u00e1s \u00edntimas con sus fan\u00e1ticos. La colecci\u00f3n Brandi Love Fleshlight (que incluye Heartthrob pocketpussy y Shameless travesti inspirada en el anal) consolida su condici\u00f3n de madre de todas las MILF y te proporcionar\u00e1 un placer infinito.<\/p>\n<p>Caracter\u00edsticas principales:<\/p>\n<ul>\n<li>Hecho de material Superskin patentado.<\/li>\n<li>F\u00e1cil de usar y limpiar.<\/li>\n<li>Discreto.<\/li>\n<li>Canal interno de textura intensa<\/li>\n<\/ul>\n<p><strong>Fleshlight Sensation: Heartthrob <\/strong><\/p>\n<p>Brandi Love&#39;s Heartthrob ofrece la incre\u00edble sensaci\u00f3n realista de tener sexo con la MILF m\u00e1s caliente del mundo. Suave pero al control de tu pene, se sabe que esta textura causa orgasmos de cuerpo completo como nunca antes hab\u00edas sentido.<\/p>\n<p>Fleshlight\u00ae es l\u00edder mundial en la fabricacion de masturbadores masculinos utilizando moldes de personas reales, sus grandes calidades y cualidades han dado lugar a una marca pensada para el hombre y su placer \u00fanica en el Mundo!!<\/p><\/p>\n","protected":false},"excerpt":{"rendered":"<p>FLESHLIGHT GIRLS BRANDI LOVE HEARTTHROB (VAGINA) Brandi Love hizo su debut en el porno un poco m\u00e1s tarde que la<\/p>\n","protected":false},"featured_media":56817,"comment_status":"open","ping_status":"open","template":"","meta":[],"product_cat":[541],"product_tag":[576,690],"class_list":["post-56816","product","type-product","status-publish","has-post-thumbnail","hentry","product_cat-vaginas","product_tag-fleshlight","product_tag-fleshlight-girls"],"bundled_by":[],"bundle_stock_status":"instock","bundle_stock_quantity":3,"bundle_virtual":false,"bundle_layout":"","bundle_add_to_cart_form_location":"","bundle_editable_in_cart":false,"bundle_sold_individually_context":"","bundle_item_grouping":"","bundle_min_size":"","bundle_max_size":"","bundled_items":[],"yoast_head":"<!-- This site is optimized with the Yoast SEO plugin v20.6 - https:\/\/yoast.com\/wordpress\/plugins\/seo\/ -->\n<title>FLESHLIGHT GIRLS BRANDI LOVE HEARTTHROB - VAGINA - Tienda Er\u00f3tica<\/title>\n<meta name=\"robots\" content=\"noindex, follow, max-snippet:-1, max-image-preview:large, max-video-preview:-1\" \/>\n<meta property=\"og:locale\" content=\"es_ES\" \/>\n<meta property=\"og:type\" content=\"article\" \/>\n<meta property=\"og:title\" content=\"FLESHLIGHT GIRLS BRANDI LOVE HEARTTHROB - VAGINA - Tienda Er\u00f3tica\" \/>\n<meta property=\"og:description\" content=\"FLESHLIGHT GIRLS BRANDI LOVE HEARTTHROB (VAGINA) Brandi Love hizo su debut en el porno un poco m\u00e1s tarde que la\" \/>\n<meta property=\"og:url\" content=\"https:\/\/demoweb.info\/sexshop001\/producto\/fleshlight-girls-brandi-love-heartthrob-vagina\/\" \/>\n<meta property=\"og:site_name\" content=\"Tienda Er\u00f3tica\" \/>\n<meta property=\"article:modified_time\" content=\"2022-01-22T16:18:48+00:00\" \/>\n<meta property=\"og:image\" content=\"https:\/\/demoweb.info\/sexshop001\/wp-content\/uploads\/2022\/01\/FLESHLIGHT-GIRLS-BRANDI-LOVE-HEARTTHROB-VAGINA.jpg\" \/>\n\t<meta property=\"og:image:width\" content=\"550\" \/>\n\t<meta property=\"og:image:height\" content=\"550\" \/>\n\t<meta property=\"og:image:type\" content=\"image\/jpeg\" \/>\n<meta name=\"twitter:card\" content=\"summary_large_image\" \/>\n<meta name=\"twitter:label1\" content=\"Tiempo de lectura\" \/>\n\t<meta name=\"twitter:data1\" content=\"1 minuto\" \/>\n<script type=\"application\/ld+json\" class=\"yoast-schema-graph\">{\"@context\":\"https:\/\/schema.org\",\"@graph\":[{\"@type\":\"WebPage\",\"@id\":\"https:\/\/demoweb.info\/sexshop001\/producto\/fleshlight-girls-brandi-love-heartthrob-vagina\/\",\"url\":\"https:\/\/demoweb.info\/sexshop001\/producto\/fleshlight-girls-brandi-love-heartthrob-vagina\/\",\"name\":\"FLESHLIGHT GIRLS BRANDI LOVE HEARTTHROB - VAGINA - Tienda Er\u00f3tica\",\"isPartOf\":{\"@id\":\"https:\/\/demoweb.info\/sexshop001\/#website\"},\"datePublished\":\"2022-01-22T16:18:27+00:00\",\"dateModified\":\"2022-01-22T16:18:48+00:00\",\"breadcrumb\":{\"@id\":\"https:\/\/demoweb.info\/sexshop001\/producto\/fleshlight-girls-brandi-love-heartthrob-vagina\/#breadcrumb\"},\"inLanguage\":\"es\",\"potentialAction\":[{\"@type\":\"ReadAction\",\"target\":[\"https:\/\/demoweb.info\/sexshop001\/producto\/fleshlight-girls-brandi-love-heartthrob-vagina\/\"]}]},{\"@type\":\"BreadcrumbList\",\"@id\":\"https:\/\/demoweb.info\/sexshop001\/producto\/fleshlight-girls-brandi-love-heartthrob-vagina\/#breadcrumb\",\"itemListElement\":[{\"@type\":\"ListItem\",\"position\":1,\"name\":\"Portada\",\"item\":\"https:\/\/demoweb.info\/sexshop001\/\"},{\"@type\":\"ListItem\",\"position\":2,\"name\":\"Tienda\",\"item\":\"https:\/\/demoweb.info\/sexshop001\/tienda\/\"},{\"@type\":\"ListItem\",\"position\":3,\"name\":\"FLESHLIGHT GIRLS BRANDI LOVE HEARTTHROB &#8211; VAGINA\"}]},{\"@type\":\"WebSite\",\"@id\":\"https:\/\/demoweb.info\/sexshop001\/#website\",\"url\":\"https:\/\/demoweb.info\/sexshop001\/\",\"name\":\"Tienda Er\u00f3tica\",\"description\":\"DEMOWEB SL\",\"potentialAction\":[{\"@type\":\"SearchAction\",\"target\":{\"@type\":\"EntryPoint\",\"urlTemplate\":\"https:\/\/demoweb.info\/sexshop001\/?s={search_term_string}\"},\"query-input\":\"required name=search_term_string\"}],\"inLanguage\":\"es\"}]}<\/script>\n<!-- \/ Yoast SEO plugin. -->","yoast_head_json":{"title":"FLESHLIGHT GIRLS BRANDI LOVE HEARTTHROB - VAGINA - Tienda Er\u00f3tica","robots":{"index":"noindex","follow":"follow","max-snippet":"max-snippet:-1","max-image-preview":"max-image-preview:large","max-video-preview":"max-video-preview:-1"},"og_locale":"es_ES","og_type":"article","og_title":"FLESHLIGHT GIRLS BRANDI LOVE HEARTTHROB - VAGINA - Tienda Er\u00f3tica","og_description":"FLESHLIGHT GIRLS BRANDI LOVE HEARTTHROB (VAGINA) Brandi Love hizo su debut en el porno un poco m\u00e1s tarde que la","og_url":"https:\/\/demoweb.info\/sexshop001\/producto\/fleshlight-girls-brandi-love-heartthrob-vagina\/","og_site_name":"Tienda Er\u00f3tica","article_modified_time":"2022-01-22T16:18:48+00:00","og_image":[{"width":550,"height":550,"url":"https:\/\/demoweb.info\/sexshop001\/wp-content\/uploads\/2022\/01\/FLESHLIGHT-GIRLS-BRANDI-LOVE-HEARTTHROB-VAGINA.jpg","type":"image\/jpeg"}],"twitter_card":"summary_large_image","twitter_misc":{"Tiempo de lectura":"1 minuto"},"schema":{"@context":"https:\/\/schema.org","@graph":[{"@type":"WebPage","@id":"https:\/\/demoweb.info\/sexshop001\/producto\/fleshlight-girls-brandi-love-heartthrob-vagina\/","url":"https:\/\/demoweb.info\/sexshop001\/producto\/fleshlight-girls-brandi-love-heartthrob-vagina\/","name":"FLESHLIGHT GIRLS BRANDI LOVE HEARTTHROB - VAGINA - Tienda Er\u00f3tica","isPartOf":{"@id":"https:\/\/demoweb.info\/sexshop001\/#website"},"datePublished":"2022-01-22T16:18:27+00:00","dateModified":"2022-01-22T16:18:48+00:00","breadcrumb":{"@id":"https:\/\/demoweb.info\/sexshop001\/producto\/fleshlight-girls-brandi-love-heartthrob-vagina\/#breadcrumb"},"inLanguage":"es","potentialAction":[{"@type":"ReadAction","target":["https:\/\/demoweb.info\/sexshop001\/producto\/fleshlight-girls-brandi-love-heartthrob-vagina\/"]}]},{"@type":"BreadcrumbList","@id":"https:\/\/demoweb.info\/sexshop001\/producto\/fleshlight-girls-brandi-love-heartthrob-vagina\/#breadcrumb","itemListElement":[{"@type":"ListItem","position":1,"name":"Portada","item":"https:\/\/demoweb.info\/sexshop001\/"},{"@type":"ListItem","position":2,"name":"Tienda","item":"https:\/\/demoweb.info\/sexshop001\/tienda\/"},{"@type":"ListItem","position":3,"name":"FLESHLIGHT GIRLS BRANDI LOVE HEARTTHROB &#8211; VAGINA"}]},{"@type":"WebSite","@id":"https:\/\/demoweb.info\/sexshop001\/#website","url":"https:\/\/demoweb.info\/sexshop001\/","name":"Tienda Er\u00f3tica","description":"DEMOWEB SL","potentialAction":[{"@type":"SearchAction","target":{"@type":"EntryPoint","urlTemplate":"https:\/\/demoweb.info\/sexshop001\/?s={search_term_string}"},"query-input":"required name=search_term_string"}],"inLanguage":"es"}]}},"_links":{"self":[{"href":"https:\/\/demoweb.info\/sexshop001\/wp-json\/wp\/v3\/product\/56816","targetHints":{"allow":["GET"]}}],"collection":[{"href":"https:\/\/demoweb.info\/sexshop001\/wp-json\/wp\/v3\/product"}],"about":[{"href":"https:\/\/demoweb.info\/sexshop001\/wp-json\/wp\/v2\/types\/product"}],"replies":[{"embeddable":true,"href":"https:\/\/demoweb.info\/sexshop001\/wp-json\/wp\/v2\/comments?post=56816"}],"wp:featuredmedia":[{"embeddable":true,"href":"https:\/\/demoweb.info\/sexshop001\/wp-json\/wp\/v2\/media\/56817"}],"wp:attachment":[{"href":"https:\/\/demoweb.info\/sexshop001\/wp-json\/wp\/v2\/media?parent=56816"}],"wp:term":[{"taxonomy":"product_cat","embeddable":true,"href":"https:\/\/demoweb.info\/sexshop001\/wp-json\/wp\/v2\/product_cat?post=56816"},{"taxonomy":"product_tag","embeddable":true,"href":"https:\/\/demoweb.info\/sexshop001\/wp-json\/wp\/v2\/product_tag?post=56816"}],"curies":[{"name":"wp","href":"https:\/\/api.w.org\/{rel}","templated":true}]}}