{"id":56811,"date":"2022-01-22T17:18:27","date_gmt":"2022-01-22T16:18:27","guid":{"rendered":"https:\/\/demoweb.info\/sexshop001\/producto\/petite-plug-dilatador-acero-inox\/"},"modified":"2022-01-22T17:18:44","modified_gmt":"2022-01-22T16:18:44","slug":"petite-plug-dilatador-acero-inox","status":"publish","type":"product","link":"https:\/\/demoweb.info\/sexshop001\/producto\/petite-plug-dilatador-acero-inox\/","title":{"rendered":"PETITE PLUG DILATADOR ACERO INOX"},"content":{"rendered":"<p><strong>PETITE STAINLESS STEEL ASS LOCK<\/strong><\/p>\n<p>Este tap\u00f3n de expansi\u00f3n y bloqueo te permite abrirlo dentro del ano de su pareja y luego asegurarlo en su lugar.<\/p>\n<p>Mientras est\u00e1 cerrado, empuja el enchufe liso y duro en su agujero. Despu\u00e9s de que est\u00e9 completamente insertado, tira hacia atr\u00e1s del v\u00e1stago que sobresale de la base. Los tres dientes dentro de su juguete florecer\u00e1n, estirando su culo abierto. Una vez que el v\u00e1stago se ha retra\u00eddo lo suficiente como para exponer un orificio a trav\u00e9s de \u00e9l, desliza el seguro hacia adentro para mantener el plug abierto.<\/p>\n<p>Hecho del acero inoxidable, este enchufe es no poroso y libre de ftalatos. \u00dasalo con cualquier lubricante que elijaa. Limpia a fondo despu\u00e9s de cada uso con jab\u00f3n y agua tibia.<\/p>\n<p>Medidas: 13 cm de largo total, 10,8 cm insertables. El di\u00e1metro insertable m\u00e1s grande se ajusta de 3,1 cm a 5 cm.<\/p>\n","protected":false},"excerpt":{"rendered":"<p>PETITE STAINLESS STEEL ASS LOCK Este tap\u00f3n de expansi\u00f3n y bloqueo te permite abrirlo dentro del ano de su pareja<\/p>\n","protected":false},"featured_media":56812,"comment_status":"open","ping_status":"open","template":"","meta":[],"product_cat":[464],"product_tag":[463,274],"class_list":["post-56811","product","type-product","status-publish","has-post-thumbnail","hentry","product_cat-metal-plugs","product_tag-master-series","product_tag-xr-brands"],"bundled_by":[],"bundle_stock_status":"instock","bundle_stock_quantity":1,"bundle_virtual":false,"bundle_layout":"","bundle_add_to_cart_form_location":"","bundle_editable_in_cart":false,"bundle_sold_individually_context":"","bundle_item_grouping":"","bundle_min_size":"","bundle_max_size":"","bundled_items":[],"yoast_head":"<!-- This site is optimized with the Yoast SEO plugin v20.6 - https:\/\/yoast.com\/wordpress\/plugins\/seo\/ -->\n<title>PETITE PLUG DILATADOR ACERO INOX - Tienda Er\u00f3tica<\/title>\n<meta name=\"robots\" content=\"noindex, follow, max-snippet:-1, max-image-preview:large, max-video-preview:-1\" \/>\n<meta property=\"og:locale\" content=\"es_ES\" \/>\n<meta property=\"og:type\" content=\"article\" \/>\n<meta property=\"og:title\" content=\"PETITE PLUG DILATADOR ACERO INOX - Tienda Er\u00f3tica\" \/>\n<meta property=\"og:description\" content=\"PETITE STAINLESS STEEL ASS LOCK Este tap\u00f3n de expansi\u00f3n y bloqueo te permite abrirlo dentro del ano de su pareja\" \/>\n<meta property=\"og:url\" content=\"https:\/\/demoweb.info\/sexshop001\/producto\/petite-plug-dilatador-acero-inox\/\" \/>\n<meta property=\"og:site_name\" content=\"Tienda Er\u00f3tica\" \/>\n<meta property=\"article:modified_time\" content=\"2022-01-22T16:18:44+00:00\" \/>\n<meta property=\"og:image\" content=\"https:\/\/demoweb.info\/sexshop001\/wp-content\/uploads\/2022\/01\/PETITE-PLUG-DILATADOR-ACERO-INOX.jpg\" \/>\n\t<meta property=\"og:image:width\" content=\"550\" \/>\n\t<meta property=\"og:image:height\" content=\"550\" \/>\n\t<meta property=\"og:image:type\" content=\"image\/jpeg\" \/>\n<meta name=\"twitter:card\" content=\"summary_large_image\" \/>\n<meta name=\"twitter:label1\" content=\"Tiempo de lectura\" \/>\n\t<meta name=\"twitter:data1\" content=\"1 minuto\" \/>\n<script type=\"application\/ld+json\" class=\"yoast-schema-graph\">{\"@context\":\"https:\/\/schema.org\",\"@graph\":[{\"@type\":\"WebPage\",\"@id\":\"https:\/\/demoweb.info\/sexshop001\/producto\/petite-plug-dilatador-acero-inox\/\",\"url\":\"https:\/\/demoweb.info\/sexshop001\/producto\/petite-plug-dilatador-acero-inox\/\",\"name\":\"PETITE PLUG DILATADOR ACERO INOX - Tienda Er\u00f3tica\",\"isPartOf\":{\"@id\":\"https:\/\/demoweb.info\/sexshop001\/#website\"},\"datePublished\":\"2022-01-22T16:18:27+00:00\",\"dateModified\":\"2022-01-22T16:18:44+00:00\",\"breadcrumb\":{\"@id\":\"https:\/\/demoweb.info\/sexshop001\/producto\/petite-plug-dilatador-acero-inox\/#breadcrumb\"},\"inLanguage\":\"es\",\"potentialAction\":[{\"@type\":\"ReadAction\",\"target\":[\"https:\/\/demoweb.info\/sexshop001\/producto\/petite-plug-dilatador-acero-inox\/\"]}]},{\"@type\":\"BreadcrumbList\",\"@id\":\"https:\/\/demoweb.info\/sexshop001\/producto\/petite-plug-dilatador-acero-inox\/#breadcrumb\",\"itemListElement\":[{\"@type\":\"ListItem\",\"position\":1,\"name\":\"Portada\",\"item\":\"https:\/\/demoweb.info\/sexshop001\/\"},{\"@type\":\"ListItem\",\"position\":2,\"name\":\"Tienda\",\"item\":\"https:\/\/demoweb.info\/sexshop001\/tienda\/\"},{\"@type\":\"ListItem\",\"position\":3,\"name\":\"PETITE PLUG DILATADOR ACERO INOX\"}]},{\"@type\":\"WebSite\",\"@id\":\"https:\/\/demoweb.info\/sexshop001\/#website\",\"url\":\"https:\/\/demoweb.info\/sexshop001\/\",\"name\":\"Tienda Er\u00f3tica\",\"description\":\"DEMOWEB SL\",\"potentialAction\":[{\"@type\":\"SearchAction\",\"target\":{\"@type\":\"EntryPoint\",\"urlTemplate\":\"https:\/\/demoweb.info\/sexshop001\/?s={search_term_string}\"},\"query-input\":\"required name=search_term_string\"}],\"inLanguage\":\"es\"}]}<\/script>\n<!-- \/ Yoast SEO plugin. -->","yoast_head_json":{"title":"PETITE PLUG DILATADOR ACERO INOX - Tienda Er\u00f3tica","robots":{"index":"noindex","follow":"follow","max-snippet":"max-snippet:-1","max-image-preview":"max-image-preview:large","max-video-preview":"max-video-preview:-1"},"og_locale":"es_ES","og_type":"article","og_title":"PETITE PLUG DILATADOR ACERO INOX - Tienda Er\u00f3tica","og_description":"PETITE STAINLESS STEEL ASS LOCK Este tap\u00f3n de expansi\u00f3n y bloqueo te permite abrirlo dentro del ano de su pareja","og_url":"https:\/\/demoweb.info\/sexshop001\/producto\/petite-plug-dilatador-acero-inox\/","og_site_name":"Tienda Er\u00f3tica","article_modified_time":"2022-01-22T16:18:44+00:00","og_image":[{"width":550,"height":550,"url":"https:\/\/demoweb.info\/sexshop001\/wp-content\/uploads\/2022\/01\/PETITE-PLUG-DILATADOR-ACERO-INOX.jpg","type":"image\/jpeg"}],"twitter_card":"summary_large_image","twitter_misc":{"Tiempo de lectura":"1 minuto"},"schema":{"@context":"https:\/\/schema.org","@graph":[{"@type":"WebPage","@id":"https:\/\/demoweb.info\/sexshop001\/producto\/petite-plug-dilatador-acero-inox\/","url":"https:\/\/demoweb.info\/sexshop001\/producto\/petite-plug-dilatador-acero-inox\/","name":"PETITE PLUG DILATADOR ACERO INOX - Tienda Er\u00f3tica","isPartOf":{"@id":"https:\/\/demoweb.info\/sexshop001\/#website"},"datePublished":"2022-01-22T16:18:27+00:00","dateModified":"2022-01-22T16:18:44+00:00","breadcrumb":{"@id":"https:\/\/demoweb.info\/sexshop001\/producto\/petite-plug-dilatador-acero-inox\/#breadcrumb"},"inLanguage":"es","potentialAction":[{"@type":"ReadAction","target":["https:\/\/demoweb.info\/sexshop001\/producto\/petite-plug-dilatador-acero-inox\/"]}]},{"@type":"BreadcrumbList","@id":"https:\/\/demoweb.info\/sexshop001\/producto\/petite-plug-dilatador-acero-inox\/#breadcrumb","itemListElement":[{"@type":"ListItem","position":1,"name":"Portada","item":"https:\/\/demoweb.info\/sexshop001\/"},{"@type":"ListItem","position":2,"name":"Tienda","item":"https:\/\/demoweb.info\/sexshop001\/tienda\/"},{"@type":"ListItem","position":3,"name":"PETITE PLUG DILATADOR ACERO INOX"}]},{"@type":"WebSite","@id":"https:\/\/demoweb.info\/sexshop001\/#website","url":"https:\/\/demoweb.info\/sexshop001\/","name":"Tienda Er\u00f3tica","description":"DEMOWEB SL","potentialAction":[{"@type":"SearchAction","target":{"@type":"EntryPoint","urlTemplate":"https:\/\/demoweb.info\/sexshop001\/?s={search_term_string}"},"query-input":"required name=search_term_string"}],"inLanguage":"es"}]}},"_links":{"self":[{"href":"https:\/\/demoweb.info\/sexshop001\/wp-json\/wp\/v3\/product\/56811","targetHints":{"allow":["GET"]}}],"collection":[{"href":"https:\/\/demoweb.info\/sexshop001\/wp-json\/wp\/v3\/product"}],"about":[{"href":"https:\/\/demoweb.info\/sexshop001\/wp-json\/wp\/v2\/types\/product"}],"replies":[{"embeddable":true,"href":"https:\/\/demoweb.info\/sexshop001\/wp-json\/wp\/v2\/comments?post=56811"}],"wp:featuredmedia":[{"embeddable":true,"href":"https:\/\/demoweb.info\/sexshop001\/wp-json\/wp\/v2\/media\/56812"}],"wp:attachment":[{"href":"https:\/\/demoweb.info\/sexshop001\/wp-json\/wp\/v2\/media?parent=56811"}],"wp:term":[{"taxonomy":"product_cat","embeddable":true,"href":"https:\/\/demoweb.info\/sexshop001\/wp-json\/wp\/v2\/product_cat?post=56811"},{"taxonomy":"product_tag","embeddable":true,"href":"https:\/\/demoweb.info\/sexshop001\/wp-json\/wp\/v2\/product_tag?post=56811"}],"curies":[{"name":"wp","href":"https:\/\/api.w.org\/{rel}","templated":true}]}}