{"id":56806,"date":"2022-01-22T17:18:27","date_gmt":"2022-01-22T16:18:27","guid":{"rendered":"https:\/\/demoweb.info\/sexshop001\/producto\/latrine-extreme-funnel-morzada\/"},"modified":"2022-01-22T17:18:41","modified_gmt":"2022-01-22T16:18:41","slug":"latrine-extreme-funnel-morzada","status":"publish","type":"product","link":"https:\/\/demoweb.info\/sexshop001\/producto\/latrine-extreme-funnel-morzada\/","title":{"rendered":"LATRINE EXTREME FUNNEL MORZADA"},"content":{"rendered":"<p><strong>LATRINE EXTREME FUNNEL GAG<\/strong><\/p>\n<p>\u00a1El nombre lo dice todo!<\/p>\n<p>Vierte el l\u00edquido de tu elecci\u00f3n en la garganta de tus esclavos, oblig\u00e1ndolos a tragar cada gota. Esta innovadora e inusual mordaza se ajusta alrededor de la cabeza de tus amantes sumisos, se aprieta e incluso se bloquea para que no puedan escapar de tus deseos retorcidos.<\/p>\n<p>El embudo flexible se mantiene vertical mediante una correa que se ajusta en su lugar, pero se puede quitar para que tengas m\u00e1s control. El embudo que emerge de la mordaza te permite llenar tu juguete con lo que quieras.<\/p>\n<p>\u00a1Lleva las cosas a un nivel superior con este dispositivo enfermo y s\u00e1dico!<\/p>\n","protected":false},"excerpt":{"rendered":"<p>LATRINE EXTREME FUNNEL GAG \u00a1El nombre lo dice todo! Vierte el l\u00edquido de tu elecci\u00f3n en la garganta de tus<\/p>\n","protected":false},"featured_media":56807,"comment_status":"open","ping_status":"open","template":"","meta":[],"product_cat":[287],"product_tag":[463,274],"class_list":["post-56806","product","type-product","status-publish","has-post-thumbnail","hentry","product_cat-extreme-bdsm","product_tag-master-series","product_tag-xr-brands"],"bundled_by":[],"bundle_stock_status":"instock","bundle_stock_quantity":3,"bundle_virtual":false,"bundle_layout":"","bundle_add_to_cart_form_location":"","bundle_editable_in_cart":false,"bundle_sold_individually_context":"","bundle_item_grouping":"","bundle_min_size":"","bundle_max_size":"","bundled_items":[],"yoast_head":"<!-- This site is optimized with the Yoast SEO plugin v20.6 - https:\/\/yoast.com\/wordpress\/plugins\/seo\/ -->\n<title>LATRINE EXTREME FUNNEL MORZADA - Tienda Er\u00f3tica<\/title>\n<meta name=\"robots\" content=\"noindex, follow, max-snippet:-1, max-image-preview:large, max-video-preview:-1\" \/>\n<meta property=\"og:locale\" content=\"es_ES\" \/>\n<meta property=\"og:type\" content=\"article\" \/>\n<meta property=\"og:title\" content=\"LATRINE EXTREME FUNNEL MORZADA - Tienda Er\u00f3tica\" \/>\n<meta property=\"og:description\" content=\"LATRINE EXTREME FUNNEL GAG \u00a1El nombre lo dice todo! Vierte el l\u00edquido de tu elecci\u00f3n en la garganta de tus\" \/>\n<meta property=\"og:url\" content=\"https:\/\/demoweb.info\/sexshop001\/producto\/latrine-extreme-funnel-morzada\/\" \/>\n<meta property=\"og:site_name\" content=\"Tienda Er\u00f3tica\" \/>\n<meta property=\"article:modified_time\" content=\"2022-01-22T16:18:41+00:00\" \/>\n<meta property=\"og:image\" content=\"https:\/\/demoweb.info\/sexshop001\/wp-content\/uploads\/2022\/01\/LATRINE-EXTREME-FUNNEL-MORZADA.jpg\" \/>\n\t<meta property=\"og:image:width\" content=\"550\" \/>\n\t<meta property=\"og:image:height\" content=\"550\" \/>\n\t<meta property=\"og:image:type\" content=\"image\/jpeg\" \/>\n<meta name=\"twitter:card\" content=\"summary_large_image\" \/>\n<meta name=\"twitter:label1\" content=\"Tiempo de lectura\" \/>\n\t<meta name=\"twitter:data1\" content=\"1 minuto\" \/>\n<script type=\"application\/ld+json\" class=\"yoast-schema-graph\">{\"@context\":\"https:\/\/schema.org\",\"@graph\":[{\"@type\":\"WebPage\",\"@id\":\"https:\/\/demoweb.info\/sexshop001\/producto\/latrine-extreme-funnel-morzada\/\",\"url\":\"https:\/\/demoweb.info\/sexshop001\/producto\/latrine-extreme-funnel-morzada\/\",\"name\":\"LATRINE EXTREME FUNNEL MORZADA - Tienda Er\u00f3tica\",\"isPartOf\":{\"@id\":\"https:\/\/demoweb.info\/sexshop001\/#website\"},\"datePublished\":\"2022-01-22T16:18:27+00:00\",\"dateModified\":\"2022-01-22T16:18:41+00:00\",\"breadcrumb\":{\"@id\":\"https:\/\/demoweb.info\/sexshop001\/producto\/latrine-extreme-funnel-morzada\/#breadcrumb\"},\"inLanguage\":\"es\",\"potentialAction\":[{\"@type\":\"ReadAction\",\"target\":[\"https:\/\/demoweb.info\/sexshop001\/producto\/latrine-extreme-funnel-morzada\/\"]}]},{\"@type\":\"BreadcrumbList\",\"@id\":\"https:\/\/demoweb.info\/sexshop001\/producto\/latrine-extreme-funnel-morzada\/#breadcrumb\",\"itemListElement\":[{\"@type\":\"ListItem\",\"position\":1,\"name\":\"Portada\",\"item\":\"https:\/\/demoweb.info\/sexshop001\/\"},{\"@type\":\"ListItem\",\"position\":2,\"name\":\"Tienda\",\"item\":\"https:\/\/demoweb.info\/sexshop001\/tienda\/\"},{\"@type\":\"ListItem\",\"position\":3,\"name\":\"LATRINE EXTREME FUNNEL MORZADA\"}]},{\"@type\":\"WebSite\",\"@id\":\"https:\/\/demoweb.info\/sexshop001\/#website\",\"url\":\"https:\/\/demoweb.info\/sexshop001\/\",\"name\":\"Tienda Er\u00f3tica\",\"description\":\"DEMOWEB SL\",\"potentialAction\":[{\"@type\":\"SearchAction\",\"target\":{\"@type\":\"EntryPoint\",\"urlTemplate\":\"https:\/\/demoweb.info\/sexshop001\/?s={search_term_string}\"},\"query-input\":\"required name=search_term_string\"}],\"inLanguage\":\"es\"}]}<\/script>\n<!-- \/ Yoast SEO plugin. -->","yoast_head_json":{"title":"LATRINE EXTREME FUNNEL MORZADA - Tienda Er\u00f3tica","robots":{"index":"noindex","follow":"follow","max-snippet":"max-snippet:-1","max-image-preview":"max-image-preview:large","max-video-preview":"max-video-preview:-1"},"og_locale":"es_ES","og_type":"article","og_title":"LATRINE EXTREME FUNNEL MORZADA - Tienda Er\u00f3tica","og_description":"LATRINE EXTREME FUNNEL GAG \u00a1El nombre lo dice todo! Vierte el l\u00edquido de tu elecci\u00f3n en la garganta de tus","og_url":"https:\/\/demoweb.info\/sexshop001\/producto\/latrine-extreme-funnel-morzada\/","og_site_name":"Tienda Er\u00f3tica","article_modified_time":"2022-01-22T16:18:41+00:00","og_image":[{"width":550,"height":550,"url":"https:\/\/demoweb.info\/sexshop001\/wp-content\/uploads\/2022\/01\/LATRINE-EXTREME-FUNNEL-MORZADA.jpg","type":"image\/jpeg"}],"twitter_card":"summary_large_image","twitter_misc":{"Tiempo de lectura":"1 minuto"},"schema":{"@context":"https:\/\/schema.org","@graph":[{"@type":"WebPage","@id":"https:\/\/demoweb.info\/sexshop001\/producto\/latrine-extreme-funnel-morzada\/","url":"https:\/\/demoweb.info\/sexshop001\/producto\/latrine-extreme-funnel-morzada\/","name":"LATRINE EXTREME FUNNEL MORZADA - Tienda Er\u00f3tica","isPartOf":{"@id":"https:\/\/demoweb.info\/sexshop001\/#website"},"datePublished":"2022-01-22T16:18:27+00:00","dateModified":"2022-01-22T16:18:41+00:00","breadcrumb":{"@id":"https:\/\/demoweb.info\/sexshop001\/producto\/latrine-extreme-funnel-morzada\/#breadcrumb"},"inLanguage":"es","potentialAction":[{"@type":"ReadAction","target":["https:\/\/demoweb.info\/sexshop001\/producto\/latrine-extreme-funnel-morzada\/"]}]},{"@type":"BreadcrumbList","@id":"https:\/\/demoweb.info\/sexshop001\/producto\/latrine-extreme-funnel-morzada\/#breadcrumb","itemListElement":[{"@type":"ListItem","position":1,"name":"Portada","item":"https:\/\/demoweb.info\/sexshop001\/"},{"@type":"ListItem","position":2,"name":"Tienda","item":"https:\/\/demoweb.info\/sexshop001\/tienda\/"},{"@type":"ListItem","position":3,"name":"LATRINE EXTREME FUNNEL MORZADA"}]},{"@type":"WebSite","@id":"https:\/\/demoweb.info\/sexshop001\/#website","url":"https:\/\/demoweb.info\/sexshop001\/","name":"Tienda Er\u00f3tica","description":"DEMOWEB SL","potentialAction":[{"@type":"SearchAction","target":{"@type":"EntryPoint","urlTemplate":"https:\/\/demoweb.info\/sexshop001\/?s={search_term_string}"},"query-input":"required name=search_term_string"}],"inLanguage":"es"}]}},"_links":{"self":[{"href":"https:\/\/demoweb.info\/sexshop001\/wp-json\/wp\/v3\/product\/56806","targetHints":{"allow":["GET"]}}],"collection":[{"href":"https:\/\/demoweb.info\/sexshop001\/wp-json\/wp\/v3\/product"}],"about":[{"href":"https:\/\/demoweb.info\/sexshop001\/wp-json\/wp\/v2\/types\/product"}],"replies":[{"embeddable":true,"href":"https:\/\/demoweb.info\/sexshop001\/wp-json\/wp\/v2\/comments?post=56806"}],"wp:featuredmedia":[{"embeddable":true,"href":"https:\/\/demoweb.info\/sexshop001\/wp-json\/wp\/v2\/media\/56807"}],"wp:attachment":[{"href":"https:\/\/demoweb.info\/sexshop001\/wp-json\/wp\/v2\/media?parent=56806"}],"wp:term":[{"taxonomy":"product_cat","embeddable":true,"href":"https:\/\/demoweb.info\/sexshop001\/wp-json\/wp\/v2\/product_cat?post=56806"},{"taxonomy":"product_tag","embeddable":true,"href":"https:\/\/demoweb.info\/sexshop001\/wp-json\/wp\/v2\/product_tag?post=56806"}],"curies":[{"name":"wp","href":"https:\/\/api.w.org\/{rel}","templated":true}]}}