{"id":56801,"date":"2022-01-22T17:18:27","date_gmt":"2022-01-22T16:18:27","guid":{"rendered":"https:\/\/demoweb.info\/sexshop001\/producto\/strict-arnes-para-testiculos-con-correa\/"},"modified":"2022-01-22T17:18:37","modified_gmt":"2022-01-22T16:18:37","slug":"strict-arnes-para-testiculos-con-correa","status":"publish","type":"product","link":"https:\/\/demoweb.info\/sexshop001\/producto\/strict-arnes-para-testiculos-con-correa\/","title":{"rendered":"STRICT ARN\u00c9S PARA TEST\u00cdCULOS CON CORREA"},"content":{"rendered":"<p><strong>STRICT BALL STRETCHER WITH LEASH<\/strong><\/p>\n<p>Saca a tu pareja a pasear con este arn\u00e9s para test\u00edculos con correa.<\/p>\n<p>La camilla ajustable se enrollar\u00e1 alrededor de su escroto y lo arrastrar\u00e1 hacia abajo, creando una sensaci\u00f3n \u00fanica que lo mantendr\u00e1 nervioso.<\/p>\n<p>Fija la correa al anillo en D en el frente o en las correas en la parte inferior, para tirar del juguete alrededor de sus test\u00edculos.<\/p>\n<p>Tambi\u00e9n puedes usar los anillos en D para conectar pesas para que tu esclavo se atormente a\u00fan m\u00e1s.<\/p>\n<p>Medidas: La correa tiene 90 cm de largo. La camilla mide 5 cm de ancho y se ajusta hasta 15 cm de circunferencia.\n <\/p>\n","protected":false},"excerpt":{"rendered":"<p>STRICT BALL STRETCHER WITH LEASH Saca a tu pareja a pasear con este arn\u00e9s para test\u00edculos con correa. La camilla<\/p>\n","protected":false},"featured_media":56802,"comment_status":"open","ping_status":"open","template":"","meta":[],"product_cat":[1239],"product_tag":[779,274],"class_list":["post-56801","product","type-product","status-publish","has-post-thumbnail","hentry","product_cat-arneses-accesorios-pene-bdsm","product_tag-strict","product_tag-xr-brands"],"bundled_by":[],"bundle_stock_status":"outofstock","bundle_stock_quantity":0,"bundle_virtual":false,"bundle_layout":"","bundle_add_to_cart_form_location":"","bundle_editable_in_cart":false,"bundle_sold_individually_context":"","bundle_item_grouping":"","bundle_min_size":"","bundle_max_size":"","bundled_items":[],"yoast_head":"<!-- This site is optimized with the Yoast SEO plugin v20.6 - https:\/\/yoast.com\/wordpress\/plugins\/seo\/ -->\n<title>STRICT ARN\u00c9S PARA TEST\u00cdCULOS CON CORREA - Tienda Er\u00f3tica<\/title>\n<meta name=\"robots\" content=\"noindex, follow, max-snippet:-1, max-image-preview:large, max-video-preview:-1\" \/>\n<meta property=\"og:locale\" content=\"es_ES\" \/>\n<meta property=\"og:type\" content=\"article\" \/>\n<meta property=\"og:title\" content=\"STRICT ARN\u00c9S PARA TEST\u00cdCULOS CON CORREA - Tienda Er\u00f3tica\" \/>\n<meta property=\"og:description\" content=\"STRICT BALL STRETCHER WITH LEASH Saca a tu pareja a pasear con este arn\u00e9s para test\u00edculos con correa. La camilla\" \/>\n<meta property=\"og:url\" content=\"https:\/\/demoweb.info\/sexshop001\/producto\/strict-arnes-para-testiculos-con-correa\/\" \/>\n<meta property=\"og:site_name\" content=\"Tienda Er\u00f3tica\" \/>\n<meta property=\"article:modified_time\" content=\"2022-01-22T16:18:37+00:00\" \/>\n<meta property=\"og:image\" content=\"https:\/\/demoweb.info\/sexshop001\/wp-content\/uploads\/2022\/01\/STRICT-ARNES-PARA-TESTICULOS-CON-CORREA.jpg\" \/>\n\t<meta property=\"og:image:width\" content=\"550\" \/>\n\t<meta property=\"og:image:height\" content=\"550\" \/>\n\t<meta property=\"og:image:type\" content=\"image\/jpeg\" \/>\n<meta name=\"twitter:card\" content=\"summary_large_image\" \/>\n<meta name=\"twitter:label1\" content=\"Tiempo de lectura\" \/>\n\t<meta name=\"twitter:data1\" content=\"1 minuto\" \/>\n<script type=\"application\/ld+json\" class=\"yoast-schema-graph\">{\"@context\":\"https:\/\/schema.org\",\"@graph\":[{\"@type\":\"WebPage\",\"@id\":\"https:\/\/demoweb.info\/sexshop001\/producto\/strict-arnes-para-testiculos-con-correa\/\",\"url\":\"https:\/\/demoweb.info\/sexshop001\/producto\/strict-arnes-para-testiculos-con-correa\/\",\"name\":\"STRICT ARN\u00c9S PARA TEST\u00cdCULOS CON CORREA - Tienda Er\u00f3tica\",\"isPartOf\":{\"@id\":\"https:\/\/demoweb.info\/sexshop001\/#website\"},\"datePublished\":\"2022-01-22T16:18:27+00:00\",\"dateModified\":\"2022-01-22T16:18:37+00:00\",\"breadcrumb\":{\"@id\":\"https:\/\/demoweb.info\/sexshop001\/producto\/strict-arnes-para-testiculos-con-correa\/#breadcrumb\"},\"inLanguage\":\"es\",\"potentialAction\":[{\"@type\":\"ReadAction\",\"target\":[\"https:\/\/demoweb.info\/sexshop001\/producto\/strict-arnes-para-testiculos-con-correa\/\"]}]},{\"@type\":\"BreadcrumbList\",\"@id\":\"https:\/\/demoweb.info\/sexshop001\/producto\/strict-arnes-para-testiculos-con-correa\/#breadcrumb\",\"itemListElement\":[{\"@type\":\"ListItem\",\"position\":1,\"name\":\"Portada\",\"item\":\"https:\/\/demoweb.info\/sexshop001\/\"},{\"@type\":\"ListItem\",\"position\":2,\"name\":\"Tienda\",\"item\":\"https:\/\/demoweb.info\/sexshop001\/tienda\/\"},{\"@type\":\"ListItem\",\"position\":3,\"name\":\"STRICT ARN\u00c9S PARA TEST\u00cdCULOS CON CORREA\"}]},{\"@type\":\"WebSite\",\"@id\":\"https:\/\/demoweb.info\/sexshop001\/#website\",\"url\":\"https:\/\/demoweb.info\/sexshop001\/\",\"name\":\"Tienda Er\u00f3tica\",\"description\":\"DEMOWEB SL\",\"potentialAction\":[{\"@type\":\"SearchAction\",\"target\":{\"@type\":\"EntryPoint\",\"urlTemplate\":\"https:\/\/demoweb.info\/sexshop001\/?s={search_term_string}\"},\"query-input\":\"required name=search_term_string\"}],\"inLanguage\":\"es\"}]}<\/script>\n<!-- \/ Yoast SEO plugin. -->","yoast_head_json":{"title":"STRICT ARN\u00c9S PARA TEST\u00cdCULOS CON CORREA - Tienda Er\u00f3tica","robots":{"index":"noindex","follow":"follow","max-snippet":"max-snippet:-1","max-image-preview":"max-image-preview:large","max-video-preview":"max-video-preview:-1"},"og_locale":"es_ES","og_type":"article","og_title":"STRICT ARN\u00c9S PARA TEST\u00cdCULOS CON CORREA - Tienda Er\u00f3tica","og_description":"STRICT BALL STRETCHER WITH LEASH Saca a tu pareja a pasear con este arn\u00e9s para test\u00edculos con correa. La camilla","og_url":"https:\/\/demoweb.info\/sexshop001\/producto\/strict-arnes-para-testiculos-con-correa\/","og_site_name":"Tienda Er\u00f3tica","article_modified_time":"2022-01-22T16:18:37+00:00","og_image":[{"width":550,"height":550,"url":"https:\/\/demoweb.info\/sexshop001\/wp-content\/uploads\/2022\/01\/STRICT-ARNES-PARA-TESTICULOS-CON-CORREA.jpg","type":"image\/jpeg"}],"twitter_card":"summary_large_image","twitter_misc":{"Tiempo de lectura":"1 minuto"},"schema":{"@context":"https:\/\/schema.org","@graph":[{"@type":"WebPage","@id":"https:\/\/demoweb.info\/sexshop001\/producto\/strict-arnes-para-testiculos-con-correa\/","url":"https:\/\/demoweb.info\/sexshop001\/producto\/strict-arnes-para-testiculos-con-correa\/","name":"STRICT ARN\u00c9S PARA TEST\u00cdCULOS CON CORREA - Tienda Er\u00f3tica","isPartOf":{"@id":"https:\/\/demoweb.info\/sexshop001\/#website"},"datePublished":"2022-01-22T16:18:27+00:00","dateModified":"2022-01-22T16:18:37+00:00","breadcrumb":{"@id":"https:\/\/demoweb.info\/sexshop001\/producto\/strict-arnes-para-testiculos-con-correa\/#breadcrumb"},"inLanguage":"es","potentialAction":[{"@type":"ReadAction","target":["https:\/\/demoweb.info\/sexshop001\/producto\/strict-arnes-para-testiculos-con-correa\/"]}]},{"@type":"BreadcrumbList","@id":"https:\/\/demoweb.info\/sexshop001\/producto\/strict-arnes-para-testiculos-con-correa\/#breadcrumb","itemListElement":[{"@type":"ListItem","position":1,"name":"Portada","item":"https:\/\/demoweb.info\/sexshop001\/"},{"@type":"ListItem","position":2,"name":"Tienda","item":"https:\/\/demoweb.info\/sexshop001\/tienda\/"},{"@type":"ListItem","position":3,"name":"STRICT ARN\u00c9S PARA TEST\u00cdCULOS CON CORREA"}]},{"@type":"WebSite","@id":"https:\/\/demoweb.info\/sexshop001\/#website","url":"https:\/\/demoweb.info\/sexshop001\/","name":"Tienda Er\u00f3tica","description":"DEMOWEB SL","potentialAction":[{"@type":"SearchAction","target":{"@type":"EntryPoint","urlTemplate":"https:\/\/demoweb.info\/sexshop001\/?s={search_term_string}"},"query-input":"required name=search_term_string"}],"inLanguage":"es"}]}},"_links":{"self":[{"href":"https:\/\/demoweb.info\/sexshop001\/wp-json\/wp\/v3\/product\/56801","targetHints":{"allow":["GET"]}}],"collection":[{"href":"https:\/\/demoweb.info\/sexshop001\/wp-json\/wp\/v3\/product"}],"about":[{"href":"https:\/\/demoweb.info\/sexshop001\/wp-json\/wp\/v2\/types\/product"}],"replies":[{"embeddable":true,"href":"https:\/\/demoweb.info\/sexshop001\/wp-json\/wp\/v2\/comments?post=56801"}],"wp:featuredmedia":[{"embeddable":true,"href":"https:\/\/demoweb.info\/sexshop001\/wp-json\/wp\/v2\/media\/56802"}],"wp:attachment":[{"href":"https:\/\/demoweb.info\/sexshop001\/wp-json\/wp\/v2\/media?parent=56801"}],"wp:term":[{"taxonomy":"product_cat","embeddable":true,"href":"https:\/\/demoweb.info\/sexshop001\/wp-json\/wp\/v2\/product_cat?post=56801"},{"taxonomy":"product_tag","embeddable":true,"href":"https:\/\/demoweb.info\/sexshop001\/wp-json\/wp\/v2\/product_tag?post=56801"}],"curies":[{"name":"wp","href":"https:\/\/api.w.org\/{rel}","templated":true}]}}