{"id":56790,"date":"2022-01-22T17:18:27","date_gmt":"2022-01-22T16:18:27","guid":{"rendered":"https:\/\/demoweb.info\/sexshop001\/producto\/spiked-cbt-dispositivo-de-castidad-separador-de-escroto\/"},"modified":"2022-01-22T17:18:30","modified_gmt":"2022-01-22T16:18:30","slug":"spiked-cbt-dispositivo-de-castidad-separador-de-escroto","status":"publish","type":"product","link":"https:\/\/demoweb.info\/sexshop001\/producto\/spiked-cbt-dispositivo-de-castidad-separador-de-escroto\/","title":{"rendered":"SPIKED CBT DISPOSITIVO DE CASTIDAD SEPARADOR DE ESCROTO"},"content":{"rendered":"<p><strong>SPIKED CBT BALL STRETCHER SCROTUM SEPERATOR<\/strong><\/p>\n<p>Este dispositivo desviado separar\u00e1 y restringir\u00e1 tus test\u00edculos mientras que los tornillos de intensidad ajustable brindan una intensa sensaci\u00f3n de TCC. Cada uno de los tornillos est\u00e1 rematado por un punto, dise\u00f1ado para girar m\u00e1s profundamente en su tierna carne con cada giro.<\/p>\n<p>El ca\u00f1\u00f3n est\u00e1 dividido para abrirse completamente, y el brazo se mueve hacia afuera para facilitar la instalaci\u00f3n. Simplemente sujeta el cilindro alrededor de la base de tu escroto y fija el brazo con el candado incluido. Ahora, no hay escapatoria.<\/p>\n<p>Hay una llave Allen incluida para ajustar la presi\u00f3n de cada punto, 6 en total. Usa este juguete intenso para probar tus l\u00edmites o quita los tornillos completamente para usarlo como un ensanchador de test\u00edculos est\u00e1ndar. La decisi\u00f3n es tuya&#8230;<\/p>\n<p>Incluye camilla de bola, llave Allen, cerradura y llaves.<\/p>\n","protected":false},"excerpt":{"rendered":"<p>SPIKED CBT BALL STRETCHER SCROTUM SEPERATOR Este dispositivo desviado separar\u00e1 y restringir\u00e1 tus test\u00edculos mientras que los tornillos de intensidad<\/p>\n","protected":false},"featured_media":56791,"comment_status":"open","ping_status":"open","template":"","meta":[],"product_cat":[305],"product_tag":[463,274],"class_list":["post-56790","product","type-product","status-publish","has-post-thumbnail","hentry","product_cat-castidad","product_tag-master-series","product_tag-xr-brands"],"bundled_by":[],"bundle_stock_status":"instock","bundle_stock_quantity":2,"bundle_virtual":false,"bundle_layout":"","bundle_add_to_cart_form_location":"","bundle_editable_in_cart":false,"bundle_sold_individually_context":"","bundle_item_grouping":"","bundle_min_size":"","bundle_max_size":"","bundled_items":[],"yoast_head":"<!-- This site is optimized with the Yoast SEO plugin v20.6 - https:\/\/yoast.com\/wordpress\/plugins\/seo\/ -->\n<title>SPIKED CBT DISPOSITIVO DE CASTIDAD SEPARADOR DE ESCROTO - Tienda Er\u00f3tica<\/title>\n<meta name=\"robots\" content=\"noindex, follow, max-snippet:-1, max-image-preview:large, max-video-preview:-1\" \/>\n<meta property=\"og:locale\" content=\"es_ES\" \/>\n<meta property=\"og:type\" content=\"article\" \/>\n<meta property=\"og:title\" content=\"SPIKED CBT DISPOSITIVO DE CASTIDAD SEPARADOR DE ESCROTO - Tienda Er\u00f3tica\" \/>\n<meta property=\"og:description\" content=\"SPIKED CBT BALL STRETCHER SCROTUM SEPERATOR Este dispositivo desviado separar\u00e1 y restringir\u00e1 tus test\u00edculos mientras que los tornillos de intensidad\" \/>\n<meta property=\"og:url\" content=\"https:\/\/demoweb.info\/sexshop001\/producto\/spiked-cbt-dispositivo-de-castidad-separador-de-escroto\/\" \/>\n<meta property=\"og:site_name\" content=\"Tienda Er\u00f3tica\" \/>\n<meta property=\"article:modified_time\" content=\"2022-01-22T16:18:30+00:00\" \/>\n<meta property=\"og:image\" content=\"https:\/\/demoweb.info\/sexshop001\/wp-content\/uploads\/2022\/01\/SPIKED-CBT-DISPOSITIVO-DE-CASTIDAD-SEPARADOR-DE-ESCROTO.jpg\" \/>\n\t<meta property=\"og:image:width\" content=\"550\" \/>\n\t<meta property=\"og:image:height\" content=\"550\" \/>\n\t<meta property=\"og:image:type\" content=\"image\/jpeg\" \/>\n<meta name=\"twitter:card\" content=\"summary_large_image\" \/>\n<meta name=\"twitter:label1\" content=\"Tiempo de lectura\" \/>\n\t<meta name=\"twitter:data1\" content=\"1 minuto\" \/>\n<script type=\"application\/ld+json\" class=\"yoast-schema-graph\">{\"@context\":\"https:\/\/schema.org\",\"@graph\":[{\"@type\":\"WebPage\",\"@id\":\"https:\/\/demoweb.info\/sexshop001\/producto\/spiked-cbt-dispositivo-de-castidad-separador-de-escroto\/\",\"url\":\"https:\/\/demoweb.info\/sexshop001\/producto\/spiked-cbt-dispositivo-de-castidad-separador-de-escroto\/\",\"name\":\"SPIKED CBT DISPOSITIVO DE CASTIDAD SEPARADOR DE ESCROTO - Tienda Er\u00f3tica\",\"isPartOf\":{\"@id\":\"https:\/\/demoweb.info\/sexshop001\/#website\"},\"datePublished\":\"2022-01-22T16:18:27+00:00\",\"dateModified\":\"2022-01-22T16:18:30+00:00\",\"breadcrumb\":{\"@id\":\"https:\/\/demoweb.info\/sexshop001\/producto\/spiked-cbt-dispositivo-de-castidad-separador-de-escroto\/#breadcrumb\"},\"inLanguage\":\"es\",\"potentialAction\":[{\"@type\":\"ReadAction\",\"target\":[\"https:\/\/demoweb.info\/sexshop001\/producto\/spiked-cbt-dispositivo-de-castidad-separador-de-escroto\/\"]}]},{\"@type\":\"BreadcrumbList\",\"@id\":\"https:\/\/demoweb.info\/sexshop001\/producto\/spiked-cbt-dispositivo-de-castidad-separador-de-escroto\/#breadcrumb\",\"itemListElement\":[{\"@type\":\"ListItem\",\"position\":1,\"name\":\"Portada\",\"item\":\"https:\/\/demoweb.info\/sexshop001\/\"},{\"@type\":\"ListItem\",\"position\":2,\"name\":\"Tienda\",\"item\":\"https:\/\/demoweb.info\/sexshop001\/tienda\/\"},{\"@type\":\"ListItem\",\"position\":3,\"name\":\"SPIKED CBT DISPOSITIVO DE CASTIDAD SEPARADOR DE ESCROTO\"}]},{\"@type\":\"WebSite\",\"@id\":\"https:\/\/demoweb.info\/sexshop001\/#website\",\"url\":\"https:\/\/demoweb.info\/sexshop001\/\",\"name\":\"Tienda Er\u00f3tica\",\"description\":\"DEMOWEB SL\",\"potentialAction\":[{\"@type\":\"SearchAction\",\"target\":{\"@type\":\"EntryPoint\",\"urlTemplate\":\"https:\/\/demoweb.info\/sexshop001\/?s={search_term_string}\"},\"query-input\":\"required name=search_term_string\"}],\"inLanguage\":\"es\"}]}<\/script>\n<!-- \/ Yoast SEO plugin. -->","yoast_head_json":{"title":"SPIKED CBT DISPOSITIVO DE CASTIDAD SEPARADOR DE ESCROTO - Tienda Er\u00f3tica","robots":{"index":"noindex","follow":"follow","max-snippet":"max-snippet:-1","max-image-preview":"max-image-preview:large","max-video-preview":"max-video-preview:-1"},"og_locale":"es_ES","og_type":"article","og_title":"SPIKED CBT DISPOSITIVO DE CASTIDAD SEPARADOR DE ESCROTO - Tienda Er\u00f3tica","og_description":"SPIKED CBT BALL STRETCHER SCROTUM SEPERATOR Este dispositivo desviado separar\u00e1 y restringir\u00e1 tus test\u00edculos mientras que los tornillos de intensidad","og_url":"https:\/\/demoweb.info\/sexshop001\/producto\/spiked-cbt-dispositivo-de-castidad-separador-de-escroto\/","og_site_name":"Tienda Er\u00f3tica","article_modified_time":"2022-01-22T16:18:30+00:00","og_image":[{"width":550,"height":550,"url":"https:\/\/demoweb.info\/sexshop001\/wp-content\/uploads\/2022\/01\/SPIKED-CBT-DISPOSITIVO-DE-CASTIDAD-SEPARADOR-DE-ESCROTO.jpg","type":"image\/jpeg"}],"twitter_card":"summary_large_image","twitter_misc":{"Tiempo de lectura":"1 minuto"},"schema":{"@context":"https:\/\/schema.org","@graph":[{"@type":"WebPage","@id":"https:\/\/demoweb.info\/sexshop001\/producto\/spiked-cbt-dispositivo-de-castidad-separador-de-escroto\/","url":"https:\/\/demoweb.info\/sexshop001\/producto\/spiked-cbt-dispositivo-de-castidad-separador-de-escroto\/","name":"SPIKED CBT DISPOSITIVO DE CASTIDAD SEPARADOR DE ESCROTO - Tienda Er\u00f3tica","isPartOf":{"@id":"https:\/\/demoweb.info\/sexshop001\/#website"},"datePublished":"2022-01-22T16:18:27+00:00","dateModified":"2022-01-22T16:18:30+00:00","breadcrumb":{"@id":"https:\/\/demoweb.info\/sexshop001\/producto\/spiked-cbt-dispositivo-de-castidad-separador-de-escroto\/#breadcrumb"},"inLanguage":"es","potentialAction":[{"@type":"ReadAction","target":["https:\/\/demoweb.info\/sexshop001\/producto\/spiked-cbt-dispositivo-de-castidad-separador-de-escroto\/"]}]},{"@type":"BreadcrumbList","@id":"https:\/\/demoweb.info\/sexshop001\/producto\/spiked-cbt-dispositivo-de-castidad-separador-de-escroto\/#breadcrumb","itemListElement":[{"@type":"ListItem","position":1,"name":"Portada","item":"https:\/\/demoweb.info\/sexshop001\/"},{"@type":"ListItem","position":2,"name":"Tienda","item":"https:\/\/demoweb.info\/sexshop001\/tienda\/"},{"@type":"ListItem","position":3,"name":"SPIKED CBT DISPOSITIVO DE CASTIDAD SEPARADOR DE ESCROTO"}]},{"@type":"WebSite","@id":"https:\/\/demoweb.info\/sexshop001\/#website","url":"https:\/\/demoweb.info\/sexshop001\/","name":"Tienda Er\u00f3tica","description":"DEMOWEB SL","potentialAction":[{"@type":"SearchAction","target":{"@type":"EntryPoint","urlTemplate":"https:\/\/demoweb.info\/sexshop001\/?s={search_term_string}"},"query-input":"required name=search_term_string"}],"inLanguage":"es"}]}},"_links":{"self":[{"href":"https:\/\/demoweb.info\/sexshop001\/wp-json\/wp\/v3\/product\/56790","targetHints":{"allow":["GET"]}}],"collection":[{"href":"https:\/\/demoweb.info\/sexshop001\/wp-json\/wp\/v3\/product"}],"about":[{"href":"https:\/\/demoweb.info\/sexshop001\/wp-json\/wp\/v2\/types\/product"}],"replies":[{"embeddable":true,"href":"https:\/\/demoweb.info\/sexshop001\/wp-json\/wp\/v2\/comments?post=56790"}],"wp:featuredmedia":[{"embeddable":true,"href":"https:\/\/demoweb.info\/sexshop001\/wp-json\/wp\/v2\/media\/56791"}],"wp:attachment":[{"href":"https:\/\/demoweb.info\/sexshop001\/wp-json\/wp\/v2\/media?parent=56790"}],"wp:term":[{"taxonomy":"product_cat","embeddable":true,"href":"https:\/\/demoweb.info\/sexshop001\/wp-json\/wp\/v2\/product_cat?post=56790"},{"taxonomy":"product_tag","embeddable":true,"href":"https:\/\/demoweb.info\/sexshop001\/wp-json\/wp\/v2\/product_tag?post=56790"}],"curies":[{"name":"wp","href":"https:\/\/api.w.org\/{rel}","templated":true}]}}