{"id":56786,"date":"2022-01-22T17:18:27","date_gmt":"2022-01-22T16:18:27","guid":{"rendered":"https:\/\/demoweb.info\/sexshop001\/producto\/strict-male-body-con-arnes\/"},"modified":"2022-01-22T17:18:27","modified_gmt":"2022-01-22T16:18:27","slug":"strict-male-body-con-arnes","status":"publish","type":"product","link":"https:\/\/demoweb.info\/sexshop001\/producto\/strict-male-body-con-arnes\/","title":{"rendered":"STRICT MALE BODY CON ARN\u00c9S"},"content":{"rendered":"<p><strong>STRICT MALE BODY HARNESS<\/strong><\/p>\n<p>Col\u00f3cate este arn\u00e9s de cuerpo completo, dise\u00f1ado para envolver seductoramente todo tu cuerpo.<\/p>\n<p>Tres correas ajustables aseguran que este atractivo accesorio de bondage se adapte a la mayor\u00eda de los cuerpos masculinos, con dos anillos para el pene que te permiten colocar todo tu paquete a trav\u00e9s de uno, y solo tu pene a trav\u00e9s del otro.<\/p>\n<p>As\u00f3mate intimidantemente sobre tu amante con este arn\u00e9s \u00fanico, o presta servicio a tu Maestro o Ama. Este dispositivo es perfecto para aquellos a los que les gustan los roles dominantes o sumisos.<\/p>\n<p>La correa de pecho tiene una circunferencia m\u00e1xima de 137 cm. La correa de la cintura tiene una circunferencia m\u00e1xima de 104 cm. Di\u00e1metro del anillo del martillo es 4,5 cm. Anillo de pene y test\u00edculos tiene un di\u00e1metro de 5 cm.<\/p>\n","protected":false},"excerpt":{"rendered":"<p>STRICT MALE BODY HARNESS Col\u00f3cate este arn\u00e9s de cuerpo completo, dise\u00f1ado para envolver seductoramente todo tu cuerpo. Tres correas ajustables<\/p>\n","protected":false},"featured_media":56787,"comment_status":"open","ping_status":"open","template":"","meta":[],"product_cat":[603],"product_tag":[779,274],"class_list":["post-56786","product","type-product","status-publish","has-post-thumbnail","hentry","product_cat-arneses-ataduras","product_tag-strict","product_tag-xr-brands"],"bundled_by":[],"bundle_stock_status":"instock","bundle_stock_quantity":2,"bundle_virtual":false,"bundle_layout":"","bundle_add_to_cart_form_location":"","bundle_editable_in_cart":false,"bundle_sold_individually_context":"","bundle_item_grouping":"","bundle_min_size":"","bundle_max_size":"","bundled_items":[],"yoast_head":"<!-- This site is optimized with the Yoast SEO plugin v20.6 - https:\/\/yoast.com\/wordpress\/plugins\/seo\/ -->\n<title>STRICT MALE BODY CON ARN\u00c9S - Tienda Er\u00f3tica<\/title>\n<meta name=\"robots\" content=\"noindex, follow, max-snippet:-1, max-image-preview:large, max-video-preview:-1\" \/>\n<meta property=\"og:locale\" content=\"es_ES\" \/>\n<meta property=\"og:type\" content=\"article\" \/>\n<meta property=\"og:title\" content=\"STRICT MALE BODY CON ARN\u00c9S - Tienda Er\u00f3tica\" \/>\n<meta property=\"og:description\" content=\"STRICT MALE BODY HARNESS Col\u00f3cate este arn\u00e9s de cuerpo completo, dise\u00f1ado para envolver seductoramente todo tu cuerpo. Tres correas ajustables\" \/>\n<meta property=\"og:url\" content=\"https:\/\/demoweb.info\/sexshop001\/producto\/strict-male-body-con-arnes\/\" \/>\n<meta property=\"og:site_name\" content=\"Tienda Er\u00f3tica\" \/>\n<meta property=\"og:image\" content=\"https:\/\/demoweb.info\/sexshop001\/wp-content\/uploads\/2022\/01\/STRICT-MALE-BODY-CON-ARNES.jpg\" \/>\n\t<meta property=\"og:image:width\" content=\"550\" \/>\n\t<meta property=\"og:image:height\" content=\"550\" \/>\n\t<meta property=\"og:image:type\" content=\"image\/jpeg\" \/>\n<meta name=\"twitter:card\" content=\"summary_large_image\" \/>\n<meta name=\"twitter:label1\" content=\"Tiempo de lectura\" \/>\n\t<meta name=\"twitter:data1\" content=\"1 minuto\" \/>\n<script type=\"application\/ld+json\" class=\"yoast-schema-graph\">{\"@context\":\"https:\/\/schema.org\",\"@graph\":[{\"@type\":\"WebPage\",\"@id\":\"https:\/\/demoweb.info\/sexshop001\/producto\/strict-male-body-con-arnes\/\",\"url\":\"https:\/\/demoweb.info\/sexshop001\/producto\/strict-male-body-con-arnes\/\",\"name\":\"STRICT MALE BODY CON ARN\u00c9S - Tienda Er\u00f3tica\",\"isPartOf\":{\"@id\":\"https:\/\/demoweb.info\/sexshop001\/#website\"},\"datePublished\":\"2022-01-22T16:18:27+00:00\",\"dateModified\":\"2022-01-22T16:18:27+00:00\",\"breadcrumb\":{\"@id\":\"https:\/\/demoweb.info\/sexshop001\/producto\/strict-male-body-con-arnes\/#breadcrumb\"},\"inLanguage\":\"es\",\"potentialAction\":[{\"@type\":\"ReadAction\",\"target\":[\"https:\/\/demoweb.info\/sexshop001\/producto\/strict-male-body-con-arnes\/\"]}]},{\"@type\":\"BreadcrumbList\",\"@id\":\"https:\/\/demoweb.info\/sexshop001\/producto\/strict-male-body-con-arnes\/#breadcrumb\",\"itemListElement\":[{\"@type\":\"ListItem\",\"position\":1,\"name\":\"Portada\",\"item\":\"https:\/\/demoweb.info\/sexshop001\/\"},{\"@type\":\"ListItem\",\"position\":2,\"name\":\"Tienda\",\"item\":\"https:\/\/demoweb.info\/sexshop001\/tienda\/\"},{\"@type\":\"ListItem\",\"position\":3,\"name\":\"STRICT MALE BODY CON ARN\u00c9S\"}]},{\"@type\":\"WebSite\",\"@id\":\"https:\/\/demoweb.info\/sexshop001\/#website\",\"url\":\"https:\/\/demoweb.info\/sexshop001\/\",\"name\":\"Tienda Er\u00f3tica\",\"description\":\"DEMOWEB SL\",\"potentialAction\":[{\"@type\":\"SearchAction\",\"target\":{\"@type\":\"EntryPoint\",\"urlTemplate\":\"https:\/\/demoweb.info\/sexshop001\/?s={search_term_string}\"},\"query-input\":\"required name=search_term_string\"}],\"inLanguage\":\"es\"}]}<\/script>\n<!-- \/ Yoast SEO plugin. -->","yoast_head_json":{"title":"STRICT MALE BODY CON ARN\u00c9S - Tienda Er\u00f3tica","robots":{"index":"noindex","follow":"follow","max-snippet":"max-snippet:-1","max-image-preview":"max-image-preview:large","max-video-preview":"max-video-preview:-1"},"og_locale":"es_ES","og_type":"article","og_title":"STRICT MALE BODY CON ARN\u00c9S - Tienda Er\u00f3tica","og_description":"STRICT MALE BODY HARNESS Col\u00f3cate este arn\u00e9s de cuerpo completo, dise\u00f1ado para envolver seductoramente todo tu cuerpo. Tres correas ajustables","og_url":"https:\/\/demoweb.info\/sexshop001\/producto\/strict-male-body-con-arnes\/","og_site_name":"Tienda Er\u00f3tica","og_image":[{"width":550,"height":550,"url":"https:\/\/demoweb.info\/sexshop001\/wp-content\/uploads\/2022\/01\/STRICT-MALE-BODY-CON-ARNES.jpg","type":"image\/jpeg"}],"twitter_card":"summary_large_image","twitter_misc":{"Tiempo de lectura":"1 minuto"},"schema":{"@context":"https:\/\/schema.org","@graph":[{"@type":"WebPage","@id":"https:\/\/demoweb.info\/sexshop001\/producto\/strict-male-body-con-arnes\/","url":"https:\/\/demoweb.info\/sexshop001\/producto\/strict-male-body-con-arnes\/","name":"STRICT MALE BODY CON ARN\u00c9S - Tienda Er\u00f3tica","isPartOf":{"@id":"https:\/\/demoweb.info\/sexshop001\/#website"},"datePublished":"2022-01-22T16:18:27+00:00","dateModified":"2022-01-22T16:18:27+00:00","breadcrumb":{"@id":"https:\/\/demoweb.info\/sexshop001\/producto\/strict-male-body-con-arnes\/#breadcrumb"},"inLanguage":"es","potentialAction":[{"@type":"ReadAction","target":["https:\/\/demoweb.info\/sexshop001\/producto\/strict-male-body-con-arnes\/"]}]},{"@type":"BreadcrumbList","@id":"https:\/\/demoweb.info\/sexshop001\/producto\/strict-male-body-con-arnes\/#breadcrumb","itemListElement":[{"@type":"ListItem","position":1,"name":"Portada","item":"https:\/\/demoweb.info\/sexshop001\/"},{"@type":"ListItem","position":2,"name":"Tienda","item":"https:\/\/demoweb.info\/sexshop001\/tienda\/"},{"@type":"ListItem","position":3,"name":"STRICT MALE BODY CON ARN\u00c9S"}]},{"@type":"WebSite","@id":"https:\/\/demoweb.info\/sexshop001\/#website","url":"https:\/\/demoweb.info\/sexshop001\/","name":"Tienda Er\u00f3tica","description":"DEMOWEB SL","potentialAction":[{"@type":"SearchAction","target":{"@type":"EntryPoint","urlTemplate":"https:\/\/demoweb.info\/sexshop001\/?s={search_term_string}"},"query-input":"required name=search_term_string"}],"inLanguage":"es"}]}},"_links":{"self":[{"href":"https:\/\/demoweb.info\/sexshop001\/wp-json\/wp\/v3\/product\/56786","targetHints":{"allow":["GET"]}}],"collection":[{"href":"https:\/\/demoweb.info\/sexshop001\/wp-json\/wp\/v3\/product"}],"about":[{"href":"https:\/\/demoweb.info\/sexshop001\/wp-json\/wp\/v2\/types\/product"}],"replies":[{"embeddable":true,"href":"https:\/\/demoweb.info\/sexshop001\/wp-json\/wp\/v2\/comments?post=56786"}],"wp:featuredmedia":[{"embeddable":true,"href":"https:\/\/demoweb.info\/sexshop001\/wp-json\/wp\/v2\/media\/56787"}],"wp:attachment":[{"href":"https:\/\/demoweb.info\/sexshop001\/wp-json\/wp\/v2\/media?parent=56786"}],"wp:term":[{"taxonomy":"product_cat","embeddable":true,"href":"https:\/\/demoweb.info\/sexshop001\/wp-json\/wp\/v2\/product_cat?post=56786"},{"taxonomy":"product_tag","embeddable":true,"href":"https:\/\/demoweb.info\/sexshop001\/wp-json\/wp\/v2\/product_tag?post=56786"}],"curies":[{"name":"wp","href":"https:\/\/api.w.org\/{rel}","templated":true}]}}