{"id":56774,"date":"2022-01-22T17:18:01","date_gmt":"2022-01-22T16:18:01","guid":{"rendered":"https:\/\/demoweb.info\/sexshop001\/producto\/anillo-para-el-pene-de-metal-solido-34mm\/"},"modified":"2022-01-22T17:18:18","modified_gmt":"2022-01-22T16:18:18","slug":"anillo-para-el-pene-de-metal-solido-34mm","status":"publish","type":"product","link":"https:\/\/demoweb.info\/sexshop001\/producto\/anillo-para-el-pene-de-metal-solido-34mm\/","title":{"rendered":"ANILLO PARA EL PENE DE METAL S\u00d3LIDO 34MM"},"content":{"rendered":"<p><strong>34MM SOLID METAL COCK RING<\/strong><\/p>\n<p>Consigue el ajuste perfecto para tu longitud con este anillo para pene individual ElectraRing. Dise\u00f1ado para conectarse a tu estimulador ElectraStim (vendido por separado), este anillo el\u00e9ctrico para pene tiene una entrada unipolar de 2 mm y est\u00e1 dise\u00f1ado para utilizarse junto con cualquier otro electrodo unipolar (tambi\u00e9n vendidos por separado). Se pueden comprar dos anillos y llevar uno alrededor del pene y el otro por debajo del glande o elegir entre una amplia selecci\u00f3n de electrodos ElectraStim.<\/p>\n<p>De cualquier modo que decidas llevar este anillo para pene \u00fanico, puedes esperar unas contracciones potentes y hormigueos intensos que pueden llevar al cl\u00edmax a algunos hombres sin ning\u00fan otro tipo de estimulaci\u00f3n. Tambi\u00e9n act\u00faan igual que un anillo para pene de metal tradicional, restringiendo el flujo sangu\u00edneo durante su uso para mejorar el poder de permanencia de su erecci\u00f3n y ayudar a mejorar la intensidad de su cl\u00edmax.<\/p>\n<p>Este anillo mide 34 mm.\n <\/p>\n","protected":false},"excerpt":{"rendered":"<p>34MM SOLID METAL COCK RING Consigue el ajuste perfecto para tu longitud con este anillo para pene individual ElectraRing. Dise\u00f1ado<\/p>\n","protected":false},"featured_media":56775,"comment_status":"open","ping_status":"open","template":"","meta":[],"product_cat":[286],"product_tag":[648],"class_list":["post-56774","product","type-product","status-publish","has-post-thumbnail","hentry","product_cat-metal","product_tag-electrastim"],"bundled_by":[],"bundle_stock_status":"instock","bundle_stock_quantity":1,"bundle_virtual":false,"bundle_layout":"","bundle_add_to_cart_form_location":"","bundle_editable_in_cart":false,"bundle_sold_individually_context":"","bundle_item_grouping":"","bundle_min_size":"","bundle_max_size":"","bundled_items":[],"yoast_head":"<!-- This site is optimized with the Yoast SEO plugin v20.6 - https:\/\/yoast.com\/wordpress\/plugins\/seo\/ -->\n<title>ANILLO PARA EL PENE DE METAL S\u00d3LIDO 34MM - Tienda Er\u00f3tica<\/title>\n<meta name=\"robots\" content=\"noindex, follow, max-snippet:-1, max-image-preview:large, max-video-preview:-1\" \/>\n<meta property=\"og:locale\" content=\"es_ES\" \/>\n<meta property=\"og:type\" content=\"article\" \/>\n<meta property=\"og:title\" content=\"ANILLO PARA EL PENE DE METAL S\u00d3LIDO 34MM - Tienda Er\u00f3tica\" \/>\n<meta property=\"og:description\" content=\"34MM SOLID METAL COCK RING Consigue el ajuste perfecto para tu longitud con este anillo para pene individual ElectraRing. Dise\u00f1ado\" \/>\n<meta property=\"og:url\" content=\"https:\/\/demoweb.info\/sexshop001\/producto\/anillo-para-el-pene-de-metal-solido-34mm\/\" \/>\n<meta property=\"og:site_name\" content=\"Tienda Er\u00f3tica\" \/>\n<meta property=\"article:modified_time\" content=\"2022-01-22T16:18:18+00:00\" \/>\n<meta property=\"og:image\" content=\"https:\/\/demoweb.info\/sexshop001\/wp-content\/uploads\/2022\/01\/ANILLO-PARA-EL-PENE-DE-METAL-SOLIDO-34MM.jpg\" \/>\n\t<meta property=\"og:image:width\" content=\"550\" \/>\n\t<meta property=\"og:image:height\" content=\"550\" \/>\n\t<meta property=\"og:image:type\" content=\"image\/jpeg\" \/>\n<meta name=\"twitter:card\" content=\"summary_large_image\" \/>\n<meta name=\"twitter:label1\" content=\"Tiempo de lectura\" \/>\n\t<meta name=\"twitter:data1\" content=\"1 minuto\" \/>\n<script type=\"application\/ld+json\" class=\"yoast-schema-graph\">{\"@context\":\"https:\/\/schema.org\",\"@graph\":[{\"@type\":\"WebPage\",\"@id\":\"https:\/\/demoweb.info\/sexshop001\/producto\/anillo-para-el-pene-de-metal-solido-34mm\/\",\"url\":\"https:\/\/demoweb.info\/sexshop001\/producto\/anillo-para-el-pene-de-metal-solido-34mm\/\",\"name\":\"ANILLO PARA EL PENE DE METAL S\u00d3LIDO 34MM - Tienda Er\u00f3tica\",\"isPartOf\":{\"@id\":\"https:\/\/demoweb.info\/sexshop001\/#website\"},\"datePublished\":\"2022-01-22T16:18:01+00:00\",\"dateModified\":\"2022-01-22T16:18:18+00:00\",\"breadcrumb\":{\"@id\":\"https:\/\/demoweb.info\/sexshop001\/producto\/anillo-para-el-pene-de-metal-solido-34mm\/#breadcrumb\"},\"inLanguage\":\"es\",\"potentialAction\":[{\"@type\":\"ReadAction\",\"target\":[\"https:\/\/demoweb.info\/sexshop001\/producto\/anillo-para-el-pene-de-metal-solido-34mm\/\"]}]},{\"@type\":\"BreadcrumbList\",\"@id\":\"https:\/\/demoweb.info\/sexshop001\/producto\/anillo-para-el-pene-de-metal-solido-34mm\/#breadcrumb\",\"itemListElement\":[{\"@type\":\"ListItem\",\"position\":1,\"name\":\"Portada\",\"item\":\"https:\/\/demoweb.info\/sexshop001\/\"},{\"@type\":\"ListItem\",\"position\":2,\"name\":\"Tienda\",\"item\":\"https:\/\/demoweb.info\/sexshop001\/tienda\/\"},{\"@type\":\"ListItem\",\"position\":3,\"name\":\"ANILLO PARA EL PENE DE METAL S\u00d3LIDO 34MM\"}]},{\"@type\":\"WebSite\",\"@id\":\"https:\/\/demoweb.info\/sexshop001\/#website\",\"url\":\"https:\/\/demoweb.info\/sexshop001\/\",\"name\":\"Tienda Er\u00f3tica\",\"description\":\"DEMOWEB SL\",\"potentialAction\":[{\"@type\":\"SearchAction\",\"target\":{\"@type\":\"EntryPoint\",\"urlTemplate\":\"https:\/\/demoweb.info\/sexshop001\/?s={search_term_string}\"},\"query-input\":\"required name=search_term_string\"}],\"inLanguage\":\"es\"}]}<\/script>\n<!-- \/ Yoast SEO plugin. -->","yoast_head_json":{"title":"ANILLO PARA EL PENE DE METAL S\u00d3LIDO 34MM - Tienda Er\u00f3tica","robots":{"index":"noindex","follow":"follow","max-snippet":"max-snippet:-1","max-image-preview":"max-image-preview:large","max-video-preview":"max-video-preview:-1"},"og_locale":"es_ES","og_type":"article","og_title":"ANILLO PARA EL PENE DE METAL S\u00d3LIDO 34MM - Tienda Er\u00f3tica","og_description":"34MM SOLID METAL COCK RING Consigue el ajuste perfecto para tu longitud con este anillo para pene individual ElectraRing. Dise\u00f1ado","og_url":"https:\/\/demoweb.info\/sexshop001\/producto\/anillo-para-el-pene-de-metal-solido-34mm\/","og_site_name":"Tienda Er\u00f3tica","article_modified_time":"2022-01-22T16:18:18+00:00","og_image":[{"width":550,"height":550,"url":"https:\/\/demoweb.info\/sexshop001\/wp-content\/uploads\/2022\/01\/ANILLO-PARA-EL-PENE-DE-METAL-SOLIDO-34MM.jpg","type":"image\/jpeg"}],"twitter_card":"summary_large_image","twitter_misc":{"Tiempo de lectura":"1 minuto"},"schema":{"@context":"https:\/\/schema.org","@graph":[{"@type":"WebPage","@id":"https:\/\/demoweb.info\/sexshop001\/producto\/anillo-para-el-pene-de-metal-solido-34mm\/","url":"https:\/\/demoweb.info\/sexshop001\/producto\/anillo-para-el-pene-de-metal-solido-34mm\/","name":"ANILLO PARA EL PENE DE METAL S\u00d3LIDO 34MM - Tienda Er\u00f3tica","isPartOf":{"@id":"https:\/\/demoweb.info\/sexshop001\/#website"},"datePublished":"2022-01-22T16:18:01+00:00","dateModified":"2022-01-22T16:18:18+00:00","breadcrumb":{"@id":"https:\/\/demoweb.info\/sexshop001\/producto\/anillo-para-el-pene-de-metal-solido-34mm\/#breadcrumb"},"inLanguage":"es","potentialAction":[{"@type":"ReadAction","target":["https:\/\/demoweb.info\/sexshop001\/producto\/anillo-para-el-pene-de-metal-solido-34mm\/"]}]},{"@type":"BreadcrumbList","@id":"https:\/\/demoweb.info\/sexshop001\/producto\/anillo-para-el-pene-de-metal-solido-34mm\/#breadcrumb","itemListElement":[{"@type":"ListItem","position":1,"name":"Portada","item":"https:\/\/demoweb.info\/sexshop001\/"},{"@type":"ListItem","position":2,"name":"Tienda","item":"https:\/\/demoweb.info\/sexshop001\/tienda\/"},{"@type":"ListItem","position":3,"name":"ANILLO PARA EL PENE DE METAL S\u00d3LIDO 34MM"}]},{"@type":"WebSite","@id":"https:\/\/demoweb.info\/sexshop001\/#website","url":"https:\/\/demoweb.info\/sexshop001\/","name":"Tienda Er\u00f3tica","description":"DEMOWEB SL","potentialAction":[{"@type":"SearchAction","target":{"@type":"EntryPoint","urlTemplate":"https:\/\/demoweb.info\/sexshop001\/?s={search_term_string}"},"query-input":"required name=search_term_string"}],"inLanguage":"es"}]}},"_links":{"self":[{"href":"https:\/\/demoweb.info\/sexshop001\/wp-json\/wp\/v3\/product\/56774","targetHints":{"allow":["GET"]}}],"collection":[{"href":"https:\/\/demoweb.info\/sexshop001\/wp-json\/wp\/v3\/product"}],"about":[{"href":"https:\/\/demoweb.info\/sexshop001\/wp-json\/wp\/v2\/types\/product"}],"replies":[{"embeddable":true,"href":"https:\/\/demoweb.info\/sexshop001\/wp-json\/wp\/v2\/comments?post=56774"}],"wp:featuredmedia":[{"embeddable":true,"href":"https:\/\/demoweb.info\/sexshop001\/wp-json\/wp\/v2\/media\/56775"}],"wp:attachment":[{"href":"https:\/\/demoweb.info\/sexshop001\/wp-json\/wp\/v2\/media?parent=56774"}],"wp:term":[{"taxonomy":"product_cat","embeddable":true,"href":"https:\/\/demoweb.info\/sexshop001\/wp-json\/wp\/v2\/product_cat?post=56774"},{"taxonomy":"product_tag","embeddable":true,"href":"https:\/\/demoweb.info\/sexshop001\/wp-json\/wp\/v2\/product_tag?post=56774"}],"curies":[{"name":"wp","href":"https:\/\/api.w.org\/{rel}","templated":true}]}}