{"id":56756,"date":"2022-01-22T17:18:01","date_gmt":"2022-01-22T16:18:01","guid":{"rendered":"https:\/\/demoweb.info\/sexshop001\/producto\/anais-y-style-set-de-pinzas-para-pezones\/"},"modified":"2022-01-22T17:18:05","modified_gmt":"2022-01-22T16:18:05","slug":"anais-y-style-set-de-pinzas-para-pezones","status":"publish","type":"product","link":"https:\/\/demoweb.info\/sexshop001\/producto\/anais-y-style-set-de-pinzas-para-pezones\/","title":{"rendered":"ANAIS Y-STYLE SET DE PINZAS PARA PEZONES"},"content":{"rendered":"<p><strong>ANAIS Y-STYLE NIPPLE TO CLIT SET<\/strong><\/p>\n<p>Conecta tus \u00e1reas m\u00e1s sensibles entre s\u00ed. Estas abrazaderas tienen extremos recubiertos de vinilo, cadena enlazada y un anillo deslizante para ajustar la tensi\u00f3n en cualquier lugar, desde lo suficiente para sostenerlas hasta una pizca de tortura realmente severa.<\/p>\n<p>Se quedan, son f\u00e1ciles de usar, se ven bien y pueden ser pesados o livianos o en cualquier lugar intermedio.<\/p>\n<p>Longitud total: 37 cm<\/p>\n","protected":false},"excerpt":{"rendered":"<p>ANAIS Y-STYLE NIPPLE TO CLIT SET Conecta tus \u00e1reas m\u00e1s sensibles entre s\u00ed. Estas abrazaderas tienen extremos recubiertos de vinilo,<\/p>\n","protected":false},"featured_media":56757,"comment_status":"open","ping_status":"open","template":"","meta":[],"product_cat":[282],"product_tag":[463,274],"class_list":["post-56756","product","type-product","status-publish","has-post-thumbnail","hentry","product_cat-pinzas-pezones","product_tag-master-series","product_tag-xr-brands"],"bundled_by":[],"bundle_stock_status":"instock","bundle_stock_quantity":2,"bundle_virtual":false,"bundle_layout":"","bundle_add_to_cart_form_location":"","bundle_editable_in_cart":false,"bundle_sold_individually_context":"","bundle_item_grouping":"","bundle_min_size":"","bundle_max_size":"","bundled_items":[],"yoast_head":"<!-- This site is optimized with the Yoast SEO plugin v20.6 - https:\/\/yoast.com\/wordpress\/plugins\/seo\/ -->\n<title>ANAIS Y-STYLE SET DE PINZAS PARA PEZONES - Tienda Er\u00f3tica<\/title>\n<meta name=\"robots\" content=\"noindex, follow, max-snippet:-1, max-image-preview:large, max-video-preview:-1\" \/>\n<meta property=\"og:locale\" content=\"es_ES\" \/>\n<meta property=\"og:type\" content=\"article\" \/>\n<meta property=\"og:title\" content=\"ANAIS Y-STYLE SET DE PINZAS PARA PEZONES - Tienda Er\u00f3tica\" \/>\n<meta property=\"og:description\" content=\"ANAIS Y-STYLE NIPPLE TO CLIT SET Conecta tus \u00e1reas m\u00e1s sensibles entre s\u00ed. Estas abrazaderas tienen extremos recubiertos de vinilo,\" \/>\n<meta property=\"og:url\" content=\"https:\/\/demoweb.info\/sexshop001\/producto\/anais-y-style-set-de-pinzas-para-pezones\/\" \/>\n<meta property=\"og:site_name\" content=\"Tienda Er\u00f3tica\" \/>\n<meta property=\"article:modified_time\" content=\"2022-01-22T16:18:05+00:00\" \/>\n<meta property=\"og:image\" content=\"https:\/\/demoweb.info\/sexshop001\/wp-content\/uploads\/2022\/01\/ANAIS-Y-STYLE-SET-DE-PINZAS-PARA-PEZONES.jpg\" \/>\n\t<meta property=\"og:image:width\" content=\"550\" \/>\n\t<meta property=\"og:image:height\" content=\"550\" \/>\n\t<meta property=\"og:image:type\" content=\"image\/jpeg\" \/>\n<meta name=\"twitter:card\" content=\"summary_large_image\" \/>\n<script type=\"application\/ld+json\" class=\"yoast-schema-graph\">{\"@context\":\"https:\/\/schema.org\",\"@graph\":[{\"@type\":\"WebPage\",\"@id\":\"https:\/\/demoweb.info\/sexshop001\/producto\/anais-y-style-set-de-pinzas-para-pezones\/\",\"url\":\"https:\/\/demoweb.info\/sexshop001\/producto\/anais-y-style-set-de-pinzas-para-pezones\/\",\"name\":\"ANAIS Y-STYLE SET DE PINZAS PARA PEZONES - Tienda Er\u00f3tica\",\"isPartOf\":{\"@id\":\"https:\/\/demoweb.info\/sexshop001\/#website\"},\"datePublished\":\"2022-01-22T16:18:01+00:00\",\"dateModified\":\"2022-01-22T16:18:05+00:00\",\"breadcrumb\":{\"@id\":\"https:\/\/demoweb.info\/sexshop001\/producto\/anais-y-style-set-de-pinzas-para-pezones\/#breadcrumb\"},\"inLanguage\":\"es\",\"potentialAction\":[{\"@type\":\"ReadAction\",\"target\":[\"https:\/\/demoweb.info\/sexshop001\/producto\/anais-y-style-set-de-pinzas-para-pezones\/\"]}]},{\"@type\":\"BreadcrumbList\",\"@id\":\"https:\/\/demoweb.info\/sexshop001\/producto\/anais-y-style-set-de-pinzas-para-pezones\/#breadcrumb\",\"itemListElement\":[{\"@type\":\"ListItem\",\"position\":1,\"name\":\"Portada\",\"item\":\"https:\/\/demoweb.info\/sexshop001\/\"},{\"@type\":\"ListItem\",\"position\":2,\"name\":\"Tienda\",\"item\":\"https:\/\/demoweb.info\/sexshop001\/tienda\/\"},{\"@type\":\"ListItem\",\"position\":3,\"name\":\"ANAIS Y-STYLE SET DE PINZAS PARA PEZONES\"}]},{\"@type\":\"WebSite\",\"@id\":\"https:\/\/demoweb.info\/sexshop001\/#website\",\"url\":\"https:\/\/demoweb.info\/sexshop001\/\",\"name\":\"Tienda Er\u00f3tica\",\"description\":\"DEMOWEB SL\",\"potentialAction\":[{\"@type\":\"SearchAction\",\"target\":{\"@type\":\"EntryPoint\",\"urlTemplate\":\"https:\/\/demoweb.info\/sexshop001\/?s={search_term_string}\"},\"query-input\":\"required name=search_term_string\"}],\"inLanguage\":\"es\"}]}<\/script>\n<!-- \/ Yoast SEO plugin. -->","yoast_head_json":{"title":"ANAIS Y-STYLE SET DE PINZAS PARA PEZONES - Tienda Er\u00f3tica","robots":{"index":"noindex","follow":"follow","max-snippet":"max-snippet:-1","max-image-preview":"max-image-preview:large","max-video-preview":"max-video-preview:-1"},"og_locale":"es_ES","og_type":"article","og_title":"ANAIS Y-STYLE SET DE PINZAS PARA PEZONES - Tienda Er\u00f3tica","og_description":"ANAIS Y-STYLE NIPPLE TO CLIT SET Conecta tus \u00e1reas m\u00e1s sensibles entre s\u00ed. Estas abrazaderas tienen extremos recubiertos de vinilo,","og_url":"https:\/\/demoweb.info\/sexshop001\/producto\/anais-y-style-set-de-pinzas-para-pezones\/","og_site_name":"Tienda Er\u00f3tica","article_modified_time":"2022-01-22T16:18:05+00:00","og_image":[{"width":550,"height":550,"url":"https:\/\/demoweb.info\/sexshop001\/wp-content\/uploads\/2022\/01\/ANAIS-Y-STYLE-SET-DE-PINZAS-PARA-PEZONES.jpg","type":"image\/jpeg"}],"twitter_card":"summary_large_image","schema":{"@context":"https:\/\/schema.org","@graph":[{"@type":"WebPage","@id":"https:\/\/demoweb.info\/sexshop001\/producto\/anais-y-style-set-de-pinzas-para-pezones\/","url":"https:\/\/demoweb.info\/sexshop001\/producto\/anais-y-style-set-de-pinzas-para-pezones\/","name":"ANAIS Y-STYLE SET DE PINZAS PARA PEZONES - Tienda Er\u00f3tica","isPartOf":{"@id":"https:\/\/demoweb.info\/sexshop001\/#website"},"datePublished":"2022-01-22T16:18:01+00:00","dateModified":"2022-01-22T16:18:05+00:00","breadcrumb":{"@id":"https:\/\/demoweb.info\/sexshop001\/producto\/anais-y-style-set-de-pinzas-para-pezones\/#breadcrumb"},"inLanguage":"es","potentialAction":[{"@type":"ReadAction","target":["https:\/\/demoweb.info\/sexshop001\/producto\/anais-y-style-set-de-pinzas-para-pezones\/"]}]},{"@type":"BreadcrumbList","@id":"https:\/\/demoweb.info\/sexshop001\/producto\/anais-y-style-set-de-pinzas-para-pezones\/#breadcrumb","itemListElement":[{"@type":"ListItem","position":1,"name":"Portada","item":"https:\/\/demoweb.info\/sexshop001\/"},{"@type":"ListItem","position":2,"name":"Tienda","item":"https:\/\/demoweb.info\/sexshop001\/tienda\/"},{"@type":"ListItem","position":3,"name":"ANAIS Y-STYLE SET DE PINZAS PARA PEZONES"}]},{"@type":"WebSite","@id":"https:\/\/demoweb.info\/sexshop001\/#website","url":"https:\/\/demoweb.info\/sexshop001\/","name":"Tienda Er\u00f3tica","description":"DEMOWEB SL","potentialAction":[{"@type":"SearchAction","target":{"@type":"EntryPoint","urlTemplate":"https:\/\/demoweb.info\/sexshop001\/?s={search_term_string}"},"query-input":"required name=search_term_string"}],"inLanguage":"es"}]}},"_links":{"self":[{"href":"https:\/\/demoweb.info\/sexshop001\/wp-json\/wp\/v3\/product\/56756","targetHints":{"allow":["GET"]}}],"collection":[{"href":"https:\/\/demoweb.info\/sexshop001\/wp-json\/wp\/v3\/product"}],"about":[{"href":"https:\/\/demoweb.info\/sexshop001\/wp-json\/wp\/v2\/types\/product"}],"replies":[{"embeddable":true,"href":"https:\/\/demoweb.info\/sexshop001\/wp-json\/wp\/v2\/comments?post=56756"}],"wp:featuredmedia":[{"embeddable":true,"href":"https:\/\/demoweb.info\/sexshop001\/wp-json\/wp\/v2\/media\/56757"}],"wp:attachment":[{"href":"https:\/\/demoweb.info\/sexshop001\/wp-json\/wp\/v2\/media?parent=56756"}],"wp:term":[{"taxonomy":"product_cat","embeddable":true,"href":"https:\/\/demoweb.info\/sexshop001\/wp-json\/wp\/v2\/product_cat?post=56756"},{"taxonomy":"product_tag","embeddable":true,"href":"https:\/\/demoweb.info\/sexshop001\/wp-json\/wp\/v2\/product_tag?post=56756"}],"curies":[{"name":"wp","href":"https:\/\/api.w.org\/{rel}","templated":true}]}}