{"id":56665,"date":"2022-01-22T17:16:48","date_gmt":"2022-01-22T16:16:48","guid":{"rendered":"https:\/\/demoweb.info\/sexshop001\/producto\/arnes-de-cuero-con-tachuelas-para-el-pene\/"},"modified":"2022-01-22T17:16:59","modified_gmt":"2022-01-22T16:16:59","slug":"arnes-de-cuero-con-tachuelas-para-el-pene","status":"publish","type":"product","link":"https:\/\/demoweb.info\/sexshop001\/producto\/arnes-de-cuero-con-tachuelas-para-el-pene\/","title":{"rendered":"ARN\u00c9S DE CUERO CON TACHUELAS PARA EL PENE"},"content":{"rendered":"<p><strong>COCK STRAP AND BALL STRETCHER<\/strong><\/p>\n<p>Disfruta de erecciones duraderas.<\/p>\n<p>El anillo de presi\u00f3n alrededor del pene y test\u00edculos restringe el flujo sangu\u00edneo, haciendo que el pene se hinche con sensibilidad. Tendr\u00e1s una erecci\u00f3n m\u00e1s fuerte, dura y venosa que durar\u00e1 hasta que est\u00e9s listo para volar.<\/p>\n<p>La camilla y el separador tirar\u00e1n de los test\u00edculos. El \u00e9xtasis se intensificar\u00e1 cuando los test\u00edculos intenten retraerse durante la estimulaci\u00f3n.<\/p>\n<p>Todas las correas se ajustan para una experiencia personalizada. Un anillo en D permite colocar pesas u otros accesorios BDSM.<\/p>\n<p>Medidas: 13 x 5,5 cm<\/p>\n","protected":false},"excerpt":{"rendered":"<p>COCK STRAP AND BALL STRETCHER Disfruta de erecciones duraderas. El anillo de presi\u00f3n alrededor del pene y test\u00edculos restringe el<\/p>\n","protected":false},"featured_media":56666,"comment_status":"open","ping_status":"open","template":"","meta":[],"product_cat":[1239],"product_tag":[779,274],"class_list":["post-56665","product","type-product","status-publish","has-post-thumbnail","hentry","product_cat-arneses-accesorios-pene-bdsm","product_tag-strict","product_tag-xr-brands"],"bundled_by":[],"bundle_stock_status":"instock","bundle_stock_quantity":1,"bundle_virtual":false,"bundle_layout":"","bundle_add_to_cart_form_location":"","bundle_editable_in_cart":false,"bundle_sold_individually_context":"","bundle_item_grouping":"","bundle_min_size":"","bundle_max_size":"","bundled_items":[],"yoast_head":"<!-- This site is optimized with the Yoast SEO plugin v20.6 - https:\/\/yoast.com\/wordpress\/plugins\/seo\/ -->\n<title>ARN\u00c9S DE CUERO CON TACHUELAS PARA EL PENE - Tienda Er\u00f3tica<\/title>\n<meta name=\"robots\" content=\"noindex, follow, max-snippet:-1, max-image-preview:large, max-video-preview:-1\" \/>\n<meta property=\"og:locale\" content=\"es_ES\" \/>\n<meta property=\"og:type\" content=\"article\" \/>\n<meta property=\"og:title\" content=\"ARN\u00c9S DE CUERO CON TACHUELAS PARA EL PENE - Tienda Er\u00f3tica\" \/>\n<meta property=\"og:description\" content=\"COCK STRAP AND BALL STRETCHER Disfruta de erecciones duraderas. El anillo de presi\u00f3n alrededor del pene y test\u00edculos restringe el\" \/>\n<meta property=\"og:url\" content=\"https:\/\/demoweb.info\/sexshop001\/producto\/arnes-de-cuero-con-tachuelas-para-el-pene\/\" \/>\n<meta property=\"og:site_name\" content=\"Tienda Er\u00f3tica\" \/>\n<meta property=\"article:modified_time\" content=\"2022-01-22T16:16:59+00:00\" \/>\n<meta property=\"og:image\" content=\"https:\/\/demoweb.info\/sexshop001\/wp-content\/uploads\/2022\/01\/ARNES-DE-CUERO-CON-TACHUELAS-PARA-EL-PENE.jpg\" \/>\n\t<meta property=\"og:image:width\" content=\"550\" \/>\n\t<meta property=\"og:image:height\" content=\"550\" \/>\n\t<meta property=\"og:image:type\" content=\"image\/jpeg\" \/>\n<meta name=\"twitter:card\" content=\"summary_large_image\" \/>\n<meta name=\"twitter:label1\" content=\"Tiempo de lectura\" \/>\n\t<meta name=\"twitter:data1\" content=\"1 minuto\" \/>\n<script type=\"application\/ld+json\" class=\"yoast-schema-graph\">{\"@context\":\"https:\/\/schema.org\",\"@graph\":[{\"@type\":\"WebPage\",\"@id\":\"https:\/\/demoweb.info\/sexshop001\/producto\/arnes-de-cuero-con-tachuelas-para-el-pene\/\",\"url\":\"https:\/\/demoweb.info\/sexshop001\/producto\/arnes-de-cuero-con-tachuelas-para-el-pene\/\",\"name\":\"ARN\u00c9S DE CUERO CON TACHUELAS PARA EL PENE - Tienda Er\u00f3tica\",\"isPartOf\":{\"@id\":\"https:\/\/demoweb.info\/sexshop001\/#website\"},\"datePublished\":\"2022-01-22T16:16:48+00:00\",\"dateModified\":\"2022-01-22T16:16:59+00:00\",\"breadcrumb\":{\"@id\":\"https:\/\/demoweb.info\/sexshop001\/producto\/arnes-de-cuero-con-tachuelas-para-el-pene\/#breadcrumb\"},\"inLanguage\":\"es\",\"potentialAction\":[{\"@type\":\"ReadAction\",\"target\":[\"https:\/\/demoweb.info\/sexshop001\/producto\/arnes-de-cuero-con-tachuelas-para-el-pene\/\"]}]},{\"@type\":\"BreadcrumbList\",\"@id\":\"https:\/\/demoweb.info\/sexshop001\/producto\/arnes-de-cuero-con-tachuelas-para-el-pene\/#breadcrumb\",\"itemListElement\":[{\"@type\":\"ListItem\",\"position\":1,\"name\":\"Portada\",\"item\":\"https:\/\/demoweb.info\/sexshop001\/\"},{\"@type\":\"ListItem\",\"position\":2,\"name\":\"Tienda\",\"item\":\"https:\/\/demoweb.info\/sexshop001\/tienda\/\"},{\"@type\":\"ListItem\",\"position\":3,\"name\":\"ARN\u00c9S DE CUERO CON TACHUELAS PARA EL PENE\"}]},{\"@type\":\"WebSite\",\"@id\":\"https:\/\/demoweb.info\/sexshop001\/#website\",\"url\":\"https:\/\/demoweb.info\/sexshop001\/\",\"name\":\"Tienda Er\u00f3tica\",\"description\":\"DEMOWEB SL\",\"potentialAction\":[{\"@type\":\"SearchAction\",\"target\":{\"@type\":\"EntryPoint\",\"urlTemplate\":\"https:\/\/demoweb.info\/sexshop001\/?s={search_term_string}\"},\"query-input\":\"required name=search_term_string\"}],\"inLanguage\":\"es\"}]}<\/script>\n<!-- \/ Yoast SEO plugin. -->","yoast_head_json":{"title":"ARN\u00c9S DE CUERO CON TACHUELAS PARA EL PENE - Tienda Er\u00f3tica","robots":{"index":"noindex","follow":"follow","max-snippet":"max-snippet:-1","max-image-preview":"max-image-preview:large","max-video-preview":"max-video-preview:-1"},"og_locale":"es_ES","og_type":"article","og_title":"ARN\u00c9S DE CUERO CON TACHUELAS PARA EL PENE - Tienda Er\u00f3tica","og_description":"COCK STRAP AND BALL STRETCHER Disfruta de erecciones duraderas. El anillo de presi\u00f3n alrededor del pene y test\u00edculos restringe el","og_url":"https:\/\/demoweb.info\/sexshop001\/producto\/arnes-de-cuero-con-tachuelas-para-el-pene\/","og_site_name":"Tienda Er\u00f3tica","article_modified_time":"2022-01-22T16:16:59+00:00","og_image":[{"width":550,"height":550,"url":"https:\/\/demoweb.info\/sexshop001\/wp-content\/uploads\/2022\/01\/ARNES-DE-CUERO-CON-TACHUELAS-PARA-EL-PENE.jpg","type":"image\/jpeg"}],"twitter_card":"summary_large_image","twitter_misc":{"Tiempo de lectura":"1 minuto"},"schema":{"@context":"https:\/\/schema.org","@graph":[{"@type":"WebPage","@id":"https:\/\/demoweb.info\/sexshop001\/producto\/arnes-de-cuero-con-tachuelas-para-el-pene\/","url":"https:\/\/demoweb.info\/sexshop001\/producto\/arnes-de-cuero-con-tachuelas-para-el-pene\/","name":"ARN\u00c9S DE CUERO CON TACHUELAS PARA EL PENE - Tienda Er\u00f3tica","isPartOf":{"@id":"https:\/\/demoweb.info\/sexshop001\/#website"},"datePublished":"2022-01-22T16:16:48+00:00","dateModified":"2022-01-22T16:16:59+00:00","breadcrumb":{"@id":"https:\/\/demoweb.info\/sexshop001\/producto\/arnes-de-cuero-con-tachuelas-para-el-pene\/#breadcrumb"},"inLanguage":"es","potentialAction":[{"@type":"ReadAction","target":["https:\/\/demoweb.info\/sexshop001\/producto\/arnes-de-cuero-con-tachuelas-para-el-pene\/"]}]},{"@type":"BreadcrumbList","@id":"https:\/\/demoweb.info\/sexshop001\/producto\/arnes-de-cuero-con-tachuelas-para-el-pene\/#breadcrumb","itemListElement":[{"@type":"ListItem","position":1,"name":"Portada","item":"https:\/\/demoweb.info\/sexshop001\/"},{"@type":"ListItem","position":2,"name":"Tienda","item":"https:\/\/demoweb.info\/sexshop001\/tienda\/"},{"@type":"ListItem","position":3,"name":"ARN\u00c9S DE CUERO CON TACHUELAS PARA EL PENE"}]},{"@type":"WebSite","@id":"https:\/\/demoweb.info\/sexshop001\/#website","url":"https:\/\/demoweb.info\/sexshop001\/","name":"Tienda Er\u00f3tica","description":"DEMOWEB SL","potentialAction":[{"@type":"SearchAction","target":{"@type":"EntryPoint","urlTemplate":"https:\/\/demoweb.info\/sexshop001\/?s={search_term_string}"},"query-input":"required name=search_term_string"}],"inLanguage":"es"}]}},"_links":{"self":[{"href":"https:\/\/demoweb.info\/sexshop001\/wp-json\/wp\/v3\/product\/56665","targetHints":{"allow":["GET"]}}],"collection":[{"href":"https:\/\/demoweb.info\/sexshop001\/wp-json\/wp\/v3\/product"}],"about":[{"href":"https:\/\/demoweb.info\/sexshop001\/wp-json\/wp\/v2\/types\/product"}],"replies":[{"embeddable":true,"href":"https:\/\/demoweb.info\/sexshop001\/wp-json\/wp\/v2\/comments?post=56665"}],"wp:featuredmedia":[{"embeddable":true,"href":"https:\/\/demoweb.info\/sexshop001\/wp-json\/wp\/v2\/media\/56666"}],"wp:attachment":[{"href":"https:\/\/demoweb.info\/sexshop001\/wp-json\/wp\/v2\/media?parent=56665"}],"wp:term":[{"taxonomy":"product_cat","embeddable":true,"href":"https:\/\/demoweb.info\/sexshop001\/wp-json\/wp\/v2\/product_cat?post=56665"},{"taxonomy":"product_tag","embeddable":true,"href":"https:\/\/demoweb.info\/sexshop001\/wp-json\/wp\/v2\/product_tag?post=56665"}],"curies":[{"name":"wp","href":"https:\/\/api.w.org\/{rel}","templated":true}]}}