{"id":56660,"date":"2022-01-22T17:16:48","date_gmt":"2022-01-22T16:16:48","guid":{"rendered":"https:\/\/demoweb.info\/sexshop001\/producto\/kit-de-restricciones-para-la-cama\/"},"modified":"2022-01-22T17:16:55","modified_gmt":"2022-01-22T16:16:55","slug":"kit-de-restricciones-para-la-cama","status":"publish","type":"product","link":"https:\/\/demoweb.info\/sexshop001\/producto\/kit-de-restricciones-para-la-cama\/","title":{"rendered":"KIT DE RESTRICCIONES PARA LA CAMA"},"content":{"rendered":"<p><strong>BED RESTRAINT KIT<\/strong><\/p>\n<p>Transforma instant\u00e1neamente tu cama en un mueble de esclavitud. Los pu\u00f1os robustos est\u00e1n forrados con un c\u00f3modo acolchado para que puedas jugar con las mu\u00f1ecas y los tobillos sin que te duela, ya que las sesiones de juego duran hasta bien entrada la noche.<\/p>\n<p>La hebilla permite una amplia gama de ajustes para adaptarse a la mayor\u00eda de los tama\u00f1os, y tambi\u00e9n se traba para que tu amante se sienta a\u00fan m\u00e1s atrapado y confinado. Simplemente desliza el conjunto de sujeci\u00f3n debajo de tu colch\u00f3n y tira de los pu\u00f1os y las correas hacia arriba en las esquinas.<\/p>\n<p>Ajusta las correas seg\u00fan sea necesario para adaptarse a todos los tama\u00f1os de cama.<\/p>\n<p>Dale sabor a tu vida sexual y nunca querr\u00e1s salir de la cama.<\/p>\n","protected":false},"excerpt":{"rendered":"<p>BED RESTRAINT KIT Transforma instant\u00e1neamente tu cama en un mueble de esclavitud. Los pu\u00f1os robustos est\u00e1n forrados con un c\u00f3modo<\/p>\n","protected":false},"featured_media":56661,"comment_status":"open","ping_status":"open","template":"","meta":[],"product_cat":[679],"product_tag":[779,274],"class_list":["post-56660","product","type-product","status-publish","has-post-thumbnail","hentry","product_cat-para-cama","product_tag-strict","product_tag-xr-brands"],"bundled_by":[],"bundle_stock_status":"instock","bundle_stock_quantity":2,"bundle_virtual":false,"bundle_layout":"","bundle_add_to_cart_form_location":"","bundle_editable_in_cart":false,"bundle_sold_individually_context":"","bundle_item_grouping":"","bundle_min_size":"","bundle_max_size":"","bundled_items":[],"yoast_head":"<!-- This site is optimized with the Yoast SEO plugin v20.6 - https:\/\/yoast.com\/wordpress\/plugins\/seo\/ -->\n<title>KIT DE RESTRICCIONES PARA LA CAMA - Tienda Er\u00f3tica<\/title>\n<meta name=\"robots\" content=\"noindex, follow, max-snippet:-1, max-image-preview:large, max-video-preview:-1\" \/>\n<meta property=\"og:locale\" content=\"es_ES\" \/>\n<meta property=\"og:type\" content=\"article\" \/>\n<meta property=\"og:title\" content=\"KIT DE RESTRICCIONES PARA LA CAMA - Tienda Er\u00f3tica\" \/>\n<meta property=\"og:description\" content=\"BED RESTRAINT KIT Transforma instant\u00e1neamente tu cama en un mueble de esclavitud. Los pu\u00f1os robustos est\u00e1n forrados con un c\u00f3modo\" \/>\n<meta property=\"og:url\" content=\"https:\/\/demoweb.info\/sexshop001\/producto\/kit-de-restricciones-para-la-cama\/\" \/>\n<meta property=\"og:site_name\" content=\"Tienda Er\u00f3tica\" \/>\n<meta property=\"article:modified_time\" content=\"2022-01-22T16:16:55+00:00\" \/>\n<meta property=\"og:image\" content=\"https:\/\/demoweb.info\/sexshop001\/wp-content\/uploads\/2022\/01\/KIT-DE-RESTRICCIONES-PARA-LA-CAMA.jpg\" \/>\n\t<meta property=\"og:image:width\" content=\"550\" \/>\n\t<meta property=\"og:image:height\" content=\"550\" \/>\n\t<meta property=\"og:image:type\" content=\"image\/jpeg\" \/>\n<meta name=\"twitter:card\" content=\"summary_large_image\" \/>\n<meta name=\"twitter:label1\" content=\"Tiempo de lectura\" \/>\n\t<meta name=\"twitter:data1\" content=\"1 minuto\" \/>\n<script type=\"application\/ld+json\" class=\"yoast-schema-graph\">{\"@context\":\"https:\/\/schema.org\",\"@graph\":[{\"@type\":\"WebPage\",\"@id\":\"https:\/\/demoweb.info\/sexshop001\/producto\/kit-de-restricciones-para-la-cama\/\",\"url\":\"https:\/\/demoweb.info\/sexshop001\/producto\/kit-de-restricciones-para-la-cama\/\",\"name\":\"KIT DE RESTRICCIONES PARA LA CAMA - Tienda Er\u00f3tica\",\"isPartOf\":{\"@id\":\"https:\/\/demoweb.info\/sexshop001\/#website\"},\"datePublished\":\"2022-01-22T16:16:48+00:00\",\"dateModified\":\"2022-01-22T16:16:55+00:00\",\"breadcrumb\":{\"@id\":\"https:\/\/demoweb.info\/sexshop001\/producto\/kit-de-restricciones-para-la-cama\/#breadcrumb\"},\"inLanguage\":\"es\",\"potentialAction\":[{\"@type\":\"ReadAction\",\"target\":[\"https:\/\/demoweb.info\/sexshop001\/producto\/kit-de-restricciones-para-la-cama\/\"]}]},{\"@type\":\"BreadcrumbList\",\"@id\":\"https:\/\/demoweb.info\/sexshop001\/producto\/kit-de-restricciones-para-la-cama\/#breadcrumb\",\"itemListElement\":[{\"@type\":\"ListItem\",\"position\":1,\"name\":\"Portada\",\"item\":\"https:\/\/demoweb.info\/sexshop001\/\"},{\"@type\":\"ListItem\",\"position\":2,\"name\":\"Tienda\",\"item\":\"https:\/\/demoweb.info\/sexshop001\/tienda\/\"},{\"@type\":\"ListItem\",\"position\":3,\"name\":\"KIT DE RESTRICCIONES PARA LA CAMA\"}]},{\"@type\":\"WebSite\",\"@id\":\"https:\/\/demoweb.info\/sexshop001\/#website\",\"url\":\"https:\/\/demoweb.info\/sexshop001\/\",\"name\":\"Tienda Er\u00f3tica\",\"description\":\"DEMOWEB SL\",\"potentialAction\":[{\"@type\":\"SearchAction\",\"target\":{\"@type\":\"EntryPoint\",\"urlTemplate\":\"https:\/\/demoweb.info\/sexshop001\/?s={search_term_string}\"},\"query-input\":\"required name=search_term_string\"}],\"inLanguage\":\"es\"}]}<\/script>\n<!-- \/ Yoast SEO plugin. -->","yoast_head_json":{"title":"KIT DE RESTRICCIONES PARA LA CAMA - Tienda Er\u00f3tica","robots":{"index":"noindex","follow":"follow","max-snippet":"max-snippet:-1","max-image-preview":"max-image-preview:large","max-video-preview":"max-video-preview:-1"},"og_locale":"es_ES","og_type":"article","og_title":"KIT DE RESTRICCIONES PARA LA CAMA - Tienda Er\u00f3tica","og_description":"BED RESTRAINT KIT Transforma instant\u00e1neamente tu cama en un mueble de esclavitud. Los pu\u00f1os robustos est\u00e1n forrados con un c\u00f3modo","og_url":"https:\/\/demoweb.info\/sexshop001\/producto\/kit-de-restricciones-para-la-cama\/","og_site_name":"Tienda Er\u00f3tica","article_modified_time":"2022-01-22T16:16:55+00:00","og_image":[{"width":550,"height":550,"url":"https:\/\/demoweb.info\/sexshop001\/wp-content\/uploads\/2022\/01\/KIT-DE-RESTRICCIONES-PARA-LA-CAMA.jpg","type":"image\/jpeg"}],"twitter_card":"summary_large_image","twitter_misc":{"Tiempo de lectura":"1 minuto"},"schema":{"@context":"https:\/\/schema.org","@graph":[{"@type":"WebPage","@id":"https:\/\/demoweb.info\/sexshop001\/producto\/kit-de-restricciones-para-la-cama\/","url":"https:\/\/demoweb.info\/sexshop001\/producto\/kit-de-restricciones-para-la-cama\/","name":"KIT DE RESTRICCIONES PARA LA CAMA - Tienda Er\u00f3tica","isPartOf":{"@id":"https:\/\/demoweb.info\/sexshop001\/#website"},"datePublished":"2022-01-22T16:16:48+00:00","dateModified":"2022-01-22T16:16:55+00:00","breadcrumb":{"@id":"https:\/\/demoweb.info\/sexshop001\/producto\/kit-de-restricciones-para-la-cama\/#breadcrumb"},"inLanguage":"es","potentialAction":[{"@type":"ReadAction","target":["https:\/\/demoweb.info\/sexshop001\/producto\/kit-de-restricciones-para-la-cama\/"]}]},{"@type":"BreadcrumbList","@id":"https:\/\/demoweb.info\/sexshop001\/producto\/kit-de-restricciones-para-la-cama\/#breadcrumb","itemListElement":[{"@type":"ListItem","position":1,"name":"Portada","item":"https:\/\/demoweb.info\/sexshop001\/"},{"@type":"ListItem","position":2,"name":"Tienda","item":"https:\/\/demoweb.info\/sexshop001\/tienda\/"},{"@type":"ListItem","position":3,"name":"KIT DE RESTRICCIONES PARA LA CAMA"}]},{"@type":"WebSite","@id":"https:\/\/demoweb.info\/sexshop001\/#website","url":"https:\/\/demoweb.info\/sexshop001\/","name":"Tienda Er\u00f3tica","description":"DEMOWEB SL","potentialAction":[{"@type":"SearchAction","target":{"@type":"EntryPoint","urlTemplate":"https:\/\/demoweb.info\/sexshop001\/?s={search_term_string}"},"query-input":"required name=search_term_string"}],"inLanguage":"es"}]}},"_links":{"self":[{"href":"https:\/\/demoweb.info\/sexshop001\/wp-json\/wp\/v3\/product\/56660","targetHints":{"allow":["GET"]}}],"collection":[{"href":"https:\/\/demoweb.info\/sexshop001\/wp-json\/wp\/v3\/product"}],"about":[{"href":"https:\/\/demoweb.info\/sexshop001\/wp-json\/wp\/v2\/types\/product"}],"replies":[{"embeddable":true,"href":"https:\/\/demoweb.info\/sexshop001\/wp-json\/wp\/v2\/comments?post=56660"}],"wp:featuredmedia":[{"embeddable":true,"href":"https:\/\/demoweb.info\/sexshop001\/wp-json\/wp\/v2\/media\/56661"}],"wp:attachment":[{"href":"https:\/\/demoweb.info\/sexshop001\/wp-json\/wp\/v2\/media?parent=56660"}],"wp:term":[{"taxonomy":"product_cat","embeddable":true,"href":"https:\/\/demoweb.info\/sexshop001\/wp-json\/wp\/v2\/product_cat?post=56660"},{"taxonomy":"product_tag","embeddable":true,"href":"https:\/\/demoweb.info\/sexshop001\/wp-json\/wp\/v2\/product_tag?post=56660"}],"curies":[{"name":"wp","href":"https:\/\/api.w.org\/{rel}","templated":true}]}}