{"id":56582,"date":"2022-01-22T17:15:50","date_gmt":"2022-01-22T16:15:50","guid":{"rendered":"https:\/\/demoweb.info\/sexshop001\/producto\/flamingo-low-rise-arnes-bondage\/"},"modified":"2022-01-22T17:15:57","modified_gmt":"2022-01-22T16:15:57","slug":"flamingo-low-rise-arnes-bondage","status":"publish","type":"product","link":"https:\/\/demoweb.info\/sexshop001\/producto\/flamingo-low-rise-arnes-bondage\/","title":{"rendered":"FLAMINGO LOW RISE ARN\u00c9S BONDAGE"},"content":{"rendered":"<p><strong>FLAMINGO LOW RISE STRAP ON<\/strong><\/p>\n<p>Este arn\u00e9s de correa vegana amigable tiene detalles de color rosa y un corte bajo dise\u00f1ado para ayudar a llamar tu atenci\u00f3n y mantenerla fijada en ti.<\/p>\n<p>El cintur\u00f3n es totalmente ajustable, con hebillas en las caderas y correas traseras para un ajuste ce\u00f1ido. La parte posterior es ancha para mayor soporte y forrada con tela suave para mayor comodidad.<\/p>\n<p>La parte frontal tiene una funci\u00f3n de complemento f\u00e1cil. Usando una de las dos juntas t\u00f3ricas de acero incluidas, puedes agregar tu consolador favorito con m\u00faltiples opciones de tama\u00f1o. El dise\u00f1o abierto trasero a\u00fan deja todo libre para un f\u00e1cil acceso.<\/p>\n","protected":false},"excerpt":{"rendered":"<p>FLAMINGO LOW RISE STRAP ON Este arn\u00e9s de correa vegana amigable tiene detalles de color rosa y un corte bajo<\/p>\n","protected":false},"featured_media":56583,"comment_status":"open","ping_status":"open","template":"","meta":[],"product_cat":[780],"product_tag":[275,274],"class_list":["post-56582","product","type-product","status-publish","has-post-thumbnail","hentry","product_cat-basicos-arneses","product_tag-strap-u","product_tag-xr-brands"],"bundled_by":[],"bundle_stock_status":"instock","bundle_stock_quantity":2,"bundle_virtual":false,"bundle_layout":"","bundle_add_to_cart_form_location":"","bundle_editable_in_cart":false,"bundle_sold_individually_context":"","bundle_item_grouping":"","bundle_min_size":"","bundle_max_size":"","bundled_items":[],"yoast_head":"<!-- This site is optimized with the Yoast SEO plugin v20.6 - https:\/\/yoast.com\/wordpress\/plugins\/seo\/ -->\n<title>FLAMINGO LOW RISE ARN\u00c9S BONDAGE - Tienda Er\u00f3tica<\/title>\n<meta name=\"robots\" content=\"noindex, follow, max-snippet:-1, max-image-preview:large, max-video-preview:-1\" \/>\n<meta property=\"og:locale\" content=\"es_ES\" \/>\n<meta property=\"og:type\" content=\"article\" \/>\n<meta property=\"og:title\" content=\"FLAMINGO LOW RISE ARN\u00c9S BONDAGE - Tienda Er\u00f3tica\" \/>\n<meta property=\"og:description\" content=\"FLAMINGO LOW RISE STRAP ON Este arn\u00e9s de correa vegana amigable tiene detalles de color rosa y un corte bajo\" \/>\n<meta property=\"og:url\" content=\"https:\/\/demoweb.info\/sexshop001\/producto\/flamingo-low-rise-arnes-bondage\/\" \/>\n<meta property=\"og:site_name\" content=\"Tienda Er\u00f3tica\" \/>\n<meta property=\"article:modified_time\" content=\"2022-01-22T16:15:57+00:00\" \/>\n<meta property=\"og:image\" content=\"https:\/\/demoweb.info\/sexshop001\/wp-content\/uploads\/2022\/01\/FLAMINGO-LOW-RISE-ARNES-BONDAGE.jpg\" \/>\n\t<meta property=\"og:image:width\" content=\"550\" \/>\n\t<meta property=\"og:image:height\" content=\"550\" \/>\n\t<meta property=\"og:image:type\" content=\"image\/jpeg\" \/>\n<meta name=\"twitter:card\" content=\"summary_large_image\" \/>\n<meta name=\"twitter:label1\" content=\"Tiempo de lectura\" \/>\n\t<meta name=\"twitter:data1\" content=\"1 minuto\" \/>\n<script type=\"application\/ld+json\" class=\"yoast-schema-graph\">{\"@context\":\"https:\/\/schema.org\",\"@graph\":[{\"@type\":\"WebPage\",\"@id\":\"https:\/\/demoweb.info\/sexshop001\/producto\/flamingo-low-rise-arnes-bondage\/\",\"url\":\"https:\/\/demoweb.info\/sexshop001\/producto\/flamingo-low-rise-arnes-bondage\/\",\"name\":\"FLAMINGO LOW RISE ARN\u00c9S BONDAGE - Tienda Er\u00f3tica\",\"isPartOf\":{\"@id\":\"https:\/\/demoweb.info\/sexshop001\/#website\"},\"datePublished\":\"2022-01-22T16:15:50+00:00\",\"dateModified\":\"2022-01-22T16:15:57+00:00\",\"breadcrumb\":{\"@id\":\"https:\/\/demoweb.info\/sexshop001\/producto\/flamingo-low-rise-arnes-bondage\/#breadcrumb\"},\"inLanguage\":\"es\",\"potentialAction\":[{\"@type\":\"ReadAction\",\"target\":[\"https:\/\/demoweb.info\/sexshop001\/producto\/flamingo-low-rise-arnes-bondage\/\"]}]},{\"@type\":\"BreadcrumbList\",\"@id\":\"https:\/\/demoweb.info\/sexshop001\/producto\/flamingo-low-rise-arnes-bondage\/#breadcrumb\",\"itemListElement\":[{\"@type\":\"ListItem\",\"position\":1,\"name\":\"Portada\",\"item\":\"https:\/\/demoweb.info\/sexshop001\/\"},{\"@type\":\"ListItem\",\"position\":2,\"name\":\"Tienda\",\"item\":\"https:\/\/demoweb.info\/sexshop001\/tienda\/\"},{\"@type\":\"ListItem\",\"position\":3,\"name\":\"FLAMINGO LOW RISE ARN\u00c9S BONDAGE\"}]},{\"@type\":\"WebSite\",\"@id\":\"https:\/\/demoweb.info\/sexshop001\/#website\",\"url\":\"https:\/\/demoweb.info\/sexshop001\/\",\"name\":\"Tienda Er\u00f3tica\",\"description\":\"DEMOWEB SL\",\"potentialAction\":[{\"@type\":\"SearchAction\",\"target\":{\"@type\":\"EntryPoint\",\"urlTemplate\":\"https:\/\/demoweb.info\/sexshop001\/?s={search_term_string}\"},\"query-input\":\"required name=search_term_string\"}],\"inLanguage\":\"es\"}]}<\/script>\n<!-- \/ Yoast SEO plugin. -->","yoast_head_json":{"title":"FLAMINGO LOW RISE ARN\u00c9S BONDAGE - Tienda Er\u00f3tica","robots":{"index":"noindex","follow":"follow","max-snippet":"max-snippet:-1","max-image-preview":"max-image-preview:large","max-video-preview":"max-video-preview:-1"},"og_locale":"es_ES","og_type":"article","og_title":"FLAMINGO LOW RISE ARN\u00c9S BONDAGE - Tienda Er\u00f3tica","og_description":"FLAMINGO LOW RISE STRAP ON Este arn\u00e9s de correa vegana amigable tiene detalles de color rosa y un corte bajo","og_url":"https:\/\/demoweb.info\/sexshop001\/producto\/flamingo-low-rise-arnes-bondage\/","og_site_name":"Tienda Er\u00f3tica","article_modified_time":"2022-01-22T16:15:57+00:00","og_image":[{"width":550,"height":550,"url":"https:\/\/demoweb.info\/sexshop001\/wp-content\/uploads\/2022\/01\/FLAMINGO-LOW-RISE-ARNES-BONDAGE.jpg","type":"image\/jpeg"}],"twitter_card":"summary_large_image","twitter_misc":{"Tiempo de lectura":"1 minuto"},"schema":{"@context":"https:\/\/schema.org","@graph":[{"@type":"WebPage","@id":"https:\/\/demoweb.info\/sexshop001\/producto\/flamingo-low-rise-arnes-bondage\/","url":"https:\/\/demoweb.info\/sexshop001\/producto\/flamingo-low-rise-arnes-bondage\/","name":"FLAMINGO LOW RISE ARN\u00c9S BONDAGE - Tienda Er\u00f3tica","isPartOf":{"@id":"https:\/\/demoweb.info\/sexshop001\/#website"},"datePublished":"2022-01-22T16:15:50+00:00","dateModified":"2022-01-22T16:15:57+00:00","breadcrumb":{"@id":"https:\/\/demoweb.info\/sexshop001\/producto\/flamingo-low-rise-arnes-bondage\/#breadcrumb"},"inLanguage":"es","potentialAction":[{"@type":"ReadAction","target":["https:\/\/demoweb.info\/sexshop001\/producto\/flamingo-low-rise-arnes-bondage\/"]}]},{"@type":"BreadcrumbList","@id":"https:\/\/demoweb.info\/sexshop001\/producto\/flamingo-low-rise-arnes-bondage\/#breadcrumb","itemListElement":[{"@type":"ListItem","position":1,"name":"Portada","item":"https:\/\/demoweb.info\/sexshop001\/"},{"@type":"ListItem","position":2,"name":"Tienda","item":"https:\/\/demoweb.info\/sexshop001\/tienda\/"},{"@type":"ListItem","position":3,"name":"FLAMINGO LOW RISE ARN\u00c9S BONDAGE"}]},{"@type":"WebSite","@id":"https:\/\/demoweb.info\/sexshop001\/#website","url":"https:\/\/demoweb.info\/sexshop001\/","name":"Tienda Er\u00f3tica","description":"DEMOWEB SL","potentialAction":[{"@type":"SearchAction","target":{"@type":"EntryPoint","urlTemplate":"https:\/\/demoweb.info\/sexshop001\/?s={search_term_string}"},"query-input":"required name=search_term_string"}],"inLanguage":"es"}]}},"_links":{"self":[{"href":"https:\/\/demoweb.info\/sexshop001\/wp-json\/wp\/v3\/product\/56582","targetHints":{"allow":["GET"]}}],"collection":[{"href":"https:\/\/demoweb.info\/sexshop001\/wp-json\/wp\/v3\/product"}],"about":[{"href":"https:\/\/demoweb.info\/sexshop001\/wp-json\/wp\/v2\/types\/product"}],"replies":[{"embeddable":true,"href":"https:\/\/demoweb.info\/sexshop001\/wp-json\/wp\/v2\/comments?post=56582"}],"wp:featuredmedia":[{"embeddable":true,"href":"https:\/\/demoweb.info\/sexshop001\/wp-json\/wp\/v2\/media\/56583"}],"wp:attachment":[{"href":"https:\/\/demoweb.info\/sexshop001\/wp-json\/wp\/v2\/media?parent=56582"}],"wp:term":[{"taxonomy":"product_cat","embeddable":true,"href":"https:\/\/demoweb.info\/sexshop001\/wp-json\/wp\/v2\/product_cat?post=56582"},{"taxonomy":"product_tag","embeddable":true,"href":"https:\/\/demoweb.info\/sexshop001\/wp-json\/wp\/v2\/product_tag?post=56582"}],"curies":[{"name":"wp","href":"https:\/\/api.w.org\/{rel}","templated":true}]}}