{"id":56572,"date":"2022-01-22T17:15:50","date_gmt":"2022-01-22T16:15:50","guid":{"rendered":"https:\/\/demoweb.info\/sexshop001\/producto\/avalon-jock-style-arnes-bondage\/"},"modified":"2022-01-22T17:15:50","modified_gmt":"2022-01-22T16:15:50","slug":"avalon-jock-style-arnes-bondage","status":"publish","type":"product","link":"https:\/\/demoweb.info\/sexshop001\/producto\/avalon-jock-style-arnes-bondage\/","title":{"rendered":"AVALON JOCK STYLE ARN\u00c9S BONDAGE"},"content":{"rendered":"<p><strong>AVALON JOCK STYLE STRAP ON HARNESS<\/strong><\/p>\n<p>La alta costura y la comodidad chocan con el sistema de arn\u00e9s Avalon de dise\u00f1o exclusivo de Strap U.<\/p>\n<p>Con paneles de tela estilo X \u00fanicos para ayudar a asegurar el consolador y evitar que se pegue contra la piel, lo que lo hace ideal para un uso prolongado. Este dise\u00f1o excepcional te permite cambiar juguetes f\u00e1cilmente durante el juego.<\/p>\n<p>Avalon est\u00e1 equipado con correas de hebilla deslizables que se ajustan a una cintura de hasta 117 cm. Este sistema favorece una cintura el\u00e1stica gruesa y de apoyo, lo que permite un mayor movimiento, comodidad y soporte. Con una junta t\u00f3rica universal en la parte delantera, este arn\u00e9s se puede usar con pr\u00e1cticamente cualquier consolador de base ancha. Las correas traseras dejan la parte posterior abierta para posibilidades divertidas.<\/p>\n","protected":false},"excerpt":{"rendered":"<p>AVALON JOCK STYLE STRAP ON HARNESS La alta costura y la comodidad chocan con el sistema de arn\u00e9s Avalon de<\/p>\n","protected":false},"featured_media":56573,"comment_status":"open","ping_status":"open","template":"","meta":[],"product_cat":[780],"product_tag":[275,274],"class_list":["post-56572","product","type-product","status-publish","has-post-thumbnail","hentry","product_cat-basicos-arneses","product_tag-strap-u","product_tag-xr-brands"],"bundled_by":[],"bundle_stock_status":"outofstock","bundle_stock_quantity":0,"bundle_virtual":false,"bundle_layout":"","bundle_add_to_cart_form_location":"","bundle_editable_in_cart":false,"bundle_sold_individually_context":"","bundle_item_grouping":"","bundle_min_size":"","bundle_max_size":"","bundled_items":[],"yoast_head":"<!-- This site is optimized with the Yoast SEO plugin v20.6 - https:\/\/yoast.com\/wordpress\/plugins\/seo\/ -->\n<title>AVALON JOCK STYLE ARN\u00c9S BONDAGE - Tienda Er\u00f3tica<\/title>\n<meta name=\"robots\" content=\"noindex, follow, max-snippet:-1, max-image-preview:large, max-video-preview:-1\" \/>\n<meta property=\"og:locale\" content=\"es_ES\" \/>\n<meta property=\"og:type\" content=\"article\" \/>\n<meta property=\"og:title\" content=\"AVALON JOCK STYLE ARN\u00c9S BONDAGE - Tienda Er\u00f3tica\" \/>\n<meta property=\"og:description\" content=\"AVALON JOCK STYLE STRAP ON HARNESS La alta costura y la comodidad chocan con el sistema de arn\u00e9s Avalon de\" \/>\n<meta property=\"og:url\" content=\"https:\/\/demoweb.info\/sexshop001\/producto\/avalon-jock-style-arnes-bondage\/\" \/>\n<meta property=\"og:site_name\" content=\"Tienda Er\u00f3tica\" \/>\n<meta property=\"og:image\" content=\"https:\/\/demoweb.info\/sexshop001\/wp-content\/uploads\/2022\/01\/AVALON-JOCK-STYLE-ARNES-BONDAGE.jpg\" \/>\n\t<meta property=\"og:image:width\" content=\"550\" \/>\n\t<meta property=\"og:image:height\" content=\"550\" \/>\n\t<meta property=\"og:image:type\" content=\"image\/jpeg\" \/>\n<meta name=\"twitter:card\" content=\"summary_large_image\" \/>\n<meta name=\"twitter:label1\" content=\"Tiempo de lectura\" \/>\n\t<meta name=\"twitter:data1\" content=\"1 minuto\" \/>\n<script type=\"application\/ld+json\" class=\"yoast-schema-graph\">{\"@context\":\"https:\/\/schema.org\",\"@graph\":[{\"@type\":\"WebPage\",\"@id\":\"https:\/\/demoweb.info\/sexshop001\/producto\/avalon-jock-style-arnes-bondage\/\",\"url\":\"https:\/\/demoweb.info\/sexshop001\/producto\/avalon-jock-style-arnes-bondage\/\",\"name\":\"AVALON JOCK STYLE ARN\u00c9S BONDAGE - Tienda Er\u00f3tica\",\"isPartOf\":{\"@id\":\"https:\/\/demoweb.info\/sexshop001\/#website\"},\"datePublished\":\"2022-01-22T16:15:50+00:00\",\"dateModified\":\"2022-01-22T16:15:50+00:00\",\"breadcrumb\":{\"@id\":\"https:\/\/demoweb.info\/sexshop001\/producto\/avalon-jock-style-arnes-bondage\/#breadcrumb\"},\"inLanguage\":\"es\",\"potentialAction\":[{\"@type\":\"ReadAction\",\"target\":[\"https:\/\/demoweb.info\/sexshop001\/producto\/avalon-jock-style-arnes-bondage\/\"]}]},{\"@type\":\"BreadcrumbList\",\"@id\":\"https:\/\/demoweb.info\/sexshop001\/producto\/avalon-jock-style-arnes-bondage\/#breadcrumb\",\"itemListElement\":[{\"@type\":\"ListItem\",\"position\":1,\"name\":\"Portada\",\"item\":\"https:\/\/demoweb.info\/sexshop001\/\"},{\"@type\":\"ListItem\",\"position\":2,\"name\":\"Tienda\",\"item\":\"https:\/\/demoweb.info\/sexshop001\/tienda\/\"},{\"@type\":\"ListItem\",\"position\":3,\"name\":\"AVALON JOCK STYLE ARN\u00c9S BONDAGE\"}]},{\"@type\":\"WebSite\",\"@id\":\"https:\/\/demoweb.info\/sexshop001\/#website\",\"url\":\"https:\/\/demoweb.info\/sexshop001\/\",\"name\":\"Tienda Er\u00f3tica\",\"description\":\"DEMOWEB SL\",\"potentialAction\":[{\"@type\":\"SearchAction\",\"target\":{\"@type\":\"EntryPoint\",\"urlTemplate\":\"https:\/\/demoweb.info\/sexshop001\/?s={search_term_string}\"},\"query-input\":\"required name=search_term_string\"}],\"inLanguage\":\"es\"}]}<\/script>\n<!-- \/ Yoast SEO plugin. -->","yoast_head_json":{"title":"AVALON JOCK STYLE ARN\u00c9S BONDAGE - Tienda Er\u00f3tica","robots":{"index":"noindex","follow":"follow","max-snippet":"max-snippet:-1","max-image-preview":"max-image-preview:large","max-video-preview":"max-video-preview:-1"},"og_locale":"es_ES","og_type":"article","og_title":"AVALON JOCK STYLE ARN\u00c9S BONDAGE - Tienda Er\u00f3tica","og_description":"AVALON JOCK STYLE STRAP ON HARNESS La alta costura y la comodidad chocan con el sistema de arn\u00e9s Avalon de","og_url":"https:\/\/demoweb.info\/sexshop001\/producto\/avalon-jock-style-arnes-bondage\/","og_site_name":"Tienda Er\u00f3tica","og_image":[{"width":550,"height":550,"url":"https:\/\/demoweb.info\/sexshop001\/wp-content\/uploads\/2022\/01\/AVALON-JOCK-STYLE-ARNES-BONDAGE.jpg","type":"image\/jpeg"}],"twitter_card":"summary_large_image","twitter_misc":{"Tiempo de lectura":"1 minuto"},"schema":{"@context":"https:\/\/schema.org","@graph":[{"@type":"WebPage","@id":"https:\/\/demoweb.info\/sexshop001\/producto\/avalon-jock-style-arnes-bondage\/","url":"https:\/\/demoweb.info\/sexshop001\/producto\/avalon-jock-style-arnes-bondage\/","name":"AVALON JOCK STYLE ARN\u00c9S BONDAGE - Tienda Er\u00f3tica","isPartOf":{"@id":"https:\/\/demoweb.info\/sexshop001\/#website"},"datePublished":"2022-01-22T16:15:50+00:00","dateModified":"2022-01-22T16:15:50+00:00","breadcrumb":{"@id":"https:\/\/demoweb.info\/sexshop001\/producto\/avalon-jock-style-arnes-bondage\/#breadcrumb"},"inLanguage":"es","potentialAction":[{"@type":"ReadAction","target":["https:\/\/demoweb.info\/sexshop001\/producto\/avalon-jock-style-arnes-bondage\/"]}]},{"@type":"BreadcrumbList","@id":"https:\/\/demoweb.info\/sexshop001\/producto\/avalon-jock-style-arnes-bondage\/#breadcrumb","itemListElement":[{"@type":"ListItem","position":1,"name":"Portada","item":"https:\/\/demoweb.info\/sexshop001\/"},{"@type":"ListItem","position":2,"name":"Tienda","item":"https:\/\/demoweb.info\/sexshop001\/tienda\/"},{"@type":"ListItem","position":3,"name":"AVALON JOCK STYLE ARN\u00c9S BONDAGE"}]},{"@type":"WebSite","@id":"https:\/\/demoweb.info\/sexshop001\/#website","url":"https:\/\/demoweb.info\/sexshop001\/","name":"Tienda Er\u00f3tica","description":"DEMOWEB SL","potentialAction":[{"@type":"SearchAction","target":{"@type":"EntryPoint","urlTemplate":"https:\/\/demoweb.info\/sexshop001\/?s={search_term_string}"},"query-input":"required name=search_term_string"}],"inLanguage":"es"}]}},"_links":{"self":[{"href":"https:\/\/demoweb.info\/sexshop001\/wp-json\/wp\/v3\/product\/56572","targetHints":{"allow":["GET"]}}],"collection":[{"href":"https:\/\/demoweb.info\/sexshop001\/wp-json\/wp\/v3\/product"}],"about":[{"href":"https:\/\/demoweb.info\/sexshop001\/wp-json\/wp\/v2\/types\/product"}],"replies":[{"embeddable":true,"href":"https:\/\/demoweb.info\/sexshop001\/wp-json\/wp\/v2\/comments?post=56572"}],"wp:featuredmedia":[{"embeddable":true,"href":"https:\/\/demoweb.info\/sexshop001\/wp-json\/wp\/v2\/media\/56573"}],"wp:attachment":[{"href":"https:\/\/demoweb.info\/sexshop001\/wp-json\/wp\/v2\/media?parent=56572"}],"wp:term":[{"taxonomy":"product_cat","embeddable":true,"href":"https:\/\/demoweb.info\/sexshop001\/wp-json\/wp\/v2\/product_cat?post=56572"},{"taxonomy":"product_tag","embeddable":true,"href":"https:\/\/demoweb.info\/sexshop001\/wp-json\/wp\/v2\/product_tag?post=56572"}],"curies":[{"name":"wp","href":"https:\/\/api.w.org\/{rel}","templated":true}]}}