{"id":56567,"date":"2022-01-22T17:15:23","date_gmt":"2022-01-22T16:15:23","guid":{"rendered":"https:\/\/demoweb.info\/sexshop001\/producto\/crave-arnes-de-cuero-doble-penetracion\/"},"modified":"2022-01-22T17:15:45","modified_gmt":"2022-01-22T16:15:45","slug":"crave-arnes-de-cuero-doble-penetracion","status":"publish","type":"product","link":"https:\/\/demoweb.info\/sexshop001\/producto\/crave-arnes-de-cuero-doble-penetracion\/","title":{"rendered":"CRAVE ARN\u00c9S DE CUERO DOBLE PENETRACI\u00d3N"},"content":{"rendered":"<p><strong>CRAVE DOUBLE PENETRATION FAUX LEATHER STRAP ON<\/strong><\/p>\n<p>Con la correa Crave Double Penetration Strap On, puedes darle a tu compa\u00f1ero la mejor experiencia DP.<\/p>\n<p>Con un dise\u00f1o de doble anillo integrado que est\u00e1 perfectamente espaciado, puedes elegir qu\u00e9 consolador usar para cumplir tus fantas\u00edas. La c\u00f3moda cintura el\u00e1stica de banda ancha se estira f\u00e1cilmente para adaptarse a la mayor\u00eda de los tama\u00f1os y formas.<\/p>\n<p>El forro interior de terciopelo ultra suave asegura una experiencia c\u00f3moda y lujosa.<\/p>\n<p>Este sistema de arn\u00e9s es la mejor experiencia de doble penetraci\u00f3n. \u00a1A disfrutar!<\/p>\n","protected":false},"excerpt":{"rendered":"<p>CRAVE DOUBLE PENETRATION FAUX LEATHER STRAP ON Con la correa Crave Double Penetration Strap On, puedes darle a tu compa\u00f1ero<\/p>\n","protected":false},"featured_media":56568,"comment_status":"open","ping_status":"open","template":"","meta":[],"product_cat":[780],"product_tag":[275,274],"class_list":["post-56567","product","type-product","status-publish","has-post-thumbnail","hentry","product_cat-basicos-arneses","product_tag-strap-u","product_tag-xr-brands"],"bundled_by":[],"bundle_stock_status":"outofstock","bundle_stock_quantity":0,"bundle_virtual":false,"bundle_layout":"","bundle_add_to_cart_form_location":"","bundle_editable_in_cart":false,"bundle_sold_individually_context":"","bundle_item_grouping":"","bundle_min_size":"","bundle_max_size":"","bundled_items":[],"yoast_head":"<!-- This site is optimized with the Yoast SEO plugin v20.6 - https:\/\/yoast.com\/wordpress\/plugins\/seo\/ -->\n<title>CRAVE ARN\u00c9S DE CUERO DOBLE PENETRACI\u00d3N - Tienda Er\u00f3tica<\/title>\n<meta name=\"robots\" content=\"noindex, follow, max-snippet:-1, max-image-preview:large, max-video-preview:-1\" \/>\n<meta property=\"og:locale\" content=\"es_ES\" \/>\n<meta property=\"og:type\" content=\"article\" \/>\n<meta property=\"og:title\" content=\"CRAVE ARN\u00c9S DE CUERO DOBLE PENETRACI\u00d3N - Tienda Er\u00f3tica\" \/>\n<meta property=\"og:description\" content=\"CRAVE DOUBLE PENETRATION FAUX LEATHER STRAP ON Con la correa Crave Double Penetration Strap On, puedes darle a tu compa\u00f1ero\" \/>\n<meta property=\"og:url\" content=\"https:\/\/demoweb.info\/sexshop001\/producto\/crave-arnes-de-cuero-doble-penetracion\/\" \/>\n<meta property=\"og:site_name\" content=\"Tienda Er\u00f3tica\" \/>\n<meta property=\"article:modified_time\" content=\"2022-01-22T16:15:45+00:00\" \/>\n<meta property=\"og:image\" content=\"https:\/\/demoweb.info\/sexshop001\/wp-content\/uploads\/2022\/01\/CRAVE-ARNES-DE-CUERO-DOBLE-PENETRACION.jpg\" \/>\n\t<meta property=\"og:image:width\" content=\"550\" \/>\n\t<meta property=\"og:image:height\" content=\"550\" \/>\n\t<meta property=\"og:image:type\" content=\"image\/jpeg\" \/>\n<meta name=\"twitter:card\" content=\"summary_large_image\" \/>\n<meta name=\"twitter:label1\" content=\"Tiempo de lectura\" \/>\n\t<meta name=\"twitter:data1\" content=\"1 minuto\" \/>\n<script type=\"application\/ld+json\" class=\"yoast-schema-graph\">{\"@context\":\"https:\/\/schema.org\",\"@graph\":[{\"@type\":\"WebPage\",\"@id\":\"https:\/\/demoweb.info\/sexshop001\/producto\/crave-arnes-de-cuero-doble-penetracion\/\",\"url\":\"https:\/\/demoweb.info\/sexshop001\/producto\/crave-arnes-de-cuero-doble-penetracion\/\",\"name\":\"CRAVE ARN\u00c9S DE CUERO DOBLE PENETRACI\u00d3N - Tienda Er\u00f3tica\",\"isPartOf\":{\"@id\":\"https:\/\/demoweb.info\/sexshop001\/#website\"},\"datePublished\":\"2022-01-22T16:15:23+00:00\",\"dateModified\":\"2022-01-22T16:15:45+00:00\",\"breadcrumb\":{\"@id\":\"https:\/\/demoweb.info\/sexshop001\/producto\/crave-arnes-de-cuero-doble-penetracion\/#breadcrumb\"},\"inLanguage\":\"es\",\"potentialAction\":[{\"@type\":\"ReadAction\",\"target\":[\"https:\/\/demoweb.info\/sexshop001\/producto\/crave-arnes-de-cuero-doble-penetracion\/\"]}]},{\"@type\":\"BreadcrumbList\",\"@id\":\"https:\/\/demoweb.info\/sexshop001\/producto\/crave-arnes-de-cuero-doble-penetracion\/#breadcrumb\",\"itemListElement\":[{\"@type\":\"ListItem\",\"position\":1,\"name\":\"Portada\",\"item\":\"https:\/\/demoweb.info\/sexshop001\/\"},{\"@type\":\"ListItem\",\"position\":2,\"name\":\"Tienda\",\"item\":\"https:\/\/demoweb.info\/sexshop001\/tienda\/\"},{\"@type\":\"ListItem\",\"position\":3,\"name\":\"CRAVE ARN\u00c9S DE CUERO DOBLE PENETRACI\u00d3N\"}]},{\"@type\":\"WebSite\",\"@id\":\"https:\/\/demoweb.info\/sexshop001\/#website\",\"url\":\"https:\/\/demoweb.info\/sexshop001\/\",\"name\":\"Tienda Er\u00f3tica\",\"description\":\"DEMOWEB SL\",\"potentialAction\":[{\"@type\":\"SearchAction\",\"target\":{\"@type\":\"EntryPoint\",\"urlTemplate\":\"https:\/\/demoweb.info\/sexshop001\/?s={search_term_string}\"},\"query-input\":\"required name=search_term_string\"}],\"inLanguage\":\"es\"}]}<\/script>\n<!-- \/ Yoast SEO plugin. -->","yoast_head_json":{"title":"CRAVE ARN\u00c9S DE CUERO DOBLE PENETRACI\u00d3N - Tienda Er\u00f3tica","robots":{"index":"noindex","follow":"follow","max-snippet":"max-snippet:-1","max-image-preview":"max-image-preview:large","max-video-preview":"max-video-preview:-1"},"og_locale":"es_ES","og_type":"article","og_title":"CRAVE ARN\u00c9S DE CUERO DOBLE PENETRACI\u00d3N - Tienda Er\u00f3tica","og_description":"CRAVE DOUBLE PENETRATION FAUX LEATHER STRAP ON Con la correa Crave Double Penetration Strap On, puedes darle a tu compa\u00f1ero","og_url":"https:\/\/demoweb.info\/sexshop001\/producto\/crave-arnes-de-cuero-doble-penetracion\/","og_site_name":"Tienda Er\u00f3tica","article_modified_time":"2022-01-22T16:15:45+00:00","og_image":[{"width":550,"height":550,"url":"https:\/\/demoweb.info\/sexshop001\/wp-content\/uploads\/2022\/01\/CRAVE-ARNES-DE-CUERO-DOBLE-PENETRACION.jpg","type":"image\/jpeg"}],"twitter_card":"summary_large_image","twitter_misc":{"Tiempo de lectura":"1 minuto"},"schema":{"@context":"https:\/\/schema.org","@graph":[{"@type":"WebPage","@id":"https:\/\/demoweb.info\/sexshop001\/producto\/crave-arnes-de-cuero-doble-penetracion\/","url":"https:\/\/demoweb.info\/sexshop001\/producto\/crave-arnes-de-cuero-doble-penetracion\/","name":"CRAVE ARN\u00c9S DE CUERO DOBLE PENETRACI\u00d3N - Tienda Er\u00f3tica","isPartOf":{"@id":"https:\/\/demoweb.info\/sexshop001\/#website"},"datePublished":"2022-01-22T16:15:23+00:00","dateModified":"2022-01-22T16:15:45+00:00","breadcrumb":{"@id":"https:\/\/demoweb.info\/sexshop001\/producto\/crave-arnes-de-cuero-doble-penetracion\/#breadcrumb"},"inLanguage":"es","potentialAction":[{"@type":"ReadAction","target":["https:\/\/demoweb.info\/sexshop001\/producto\/crave-arnes-de-cuero-doble-penetracion\/"]}]},{"@type":"BreadcrumbList","@id":"https:\/\/demoweb.info\/sexshop001\/producto\/crave-arnes-de-cuero-doble-penetracion\/#breadcrumb","itemListElement":[{"@type":"ListItem","position":1,"name":"Portada","item":"https:\/\/demoweb.info\/sexshop001\/"},{"@type":"ListItem","position":2,"name":"Tienda","item":"https:\/\/demoweb.info\/sexshop001\/tienda\/"},{"@type":"ListItem","position":3,"name":"CRAVE ARN\u00c9S DE CUERO DOBLE PENETRACI\u00d3N"}]},{"@type":"WebSite","@id":"https:\/\/demoweb.info\/sexshop001\/#website","url":"https:\/\/demoweb.info\/sexshop001\/","name":"Tienda Er\u00f3tica","description":"DEMOWEB SL","potentialAction":[{"@type":"SearchAction","target":{"@type":"EntryPoint","urlTemplate":"https:\/\/demoweb.info\/sexshop001\/?s={search_term_string}"},"query-input":"required name=search_term_string"}],"inLanguage":"es"}]}},"_links":{"self":[{"href":"https:\/\/demoweb.info\/sexshop001\/wp-json\/wp\/v3\/product\/56567","targetHints":{"allow":["GET"]}}],"collection":[{"href":"https:\/\/demoweb.info\/sexshop001\/wp-json\/wp\/v3\/product"}],"about":[{"href":"https:\/\/demoweb.info\/sexshop001\/wp-json\/wp\/v2\/types\/product"}],"replies":[{"embeddable":true,"href":"https:\/\/demoweb.info\/sexshop001\/wp-json\/wp\/v2\/comments?post=56567"}],"wp:featuredmedia":[{"embeddable":true,"href":"https:\/\/demoweb.info\/sexshop001\/wp-json\/wp\/v2\/media\/56568"}],"wp:attachment":[{"href":"https:\/\/demoweb.info\/sexshop001\/wp-json\/wp\/v2\/media?parent=56567"}],"wp:term":[{"taxonomy":"product_cat","embeddable":true,"href":"https:\/\/demoweb.info\/sexshop001\/wp-json\/wp\/v2\/product_cat?post=56567"},{"taxonomy":"product_tag","embeddable":true,"href":"https:\/\/demoweb.info\/sexshop001\/wp-json\/wp\/v2\/product_tag?post=56567"}],"curies":[{"name":"wp","href":"https:\/\/api.w.org\/{rel}","templated":true}]}}