{"id":56554,"date":"2022-01-22T17:15:23","date_gmt":"2022-01-22T16:15:23","guid":{"rendered":"https:\/\/demoweb.info\/sexshop001\/producto\/bella-arnes-ajustable-linea-velvet\/"},"modified":"2022-01-22T17:15:36","modified_gmt":"2022-01-22T16:15:36","slug":"bella-arnes-ajustable-linea-velvet","status":"publish","type":"product","link":"https:\/\/demoweb.info\/sexshop001\/producto\/bella-arnes-ajustable-linea-velvet\/","title":{"rendered":"BELLA ARN\u00c9S AJUSTABLE L\u00cdNEA VELVET"},"content":{"rendered":"<p><strong>BELLA ADJUSTABLE VELVET LINED STRAP ON HARNESS<\/strong><\/p>\n<p>Con una amplia banda el\u00e1stica y un panel de soporte trasero, puedes disfrutar de tus fantas\u00edas con estilo.<\/p>\n<p>Inserta tu consolador favorito de base acampanada en el panel frontal. La banda de cintura el\u00e1stica es c\u00f3moda, segura y se estirar\u00e1 para adaptarse. Presenta un forro de terciopelo para la m\u00e1xima comodidad.<\/p>\n<p>Este sistema de arn\u00e9s es f\u00e1cil de usar y divertido, por lo que es una opci\u00f3n c\u00f3moda para todas tus aventuras.<\/p>\n<p>Medidas: Se adapta a caderas de entre 73 y 99 cm de circunferencia; El agujero mide 3cm de di\u00e1metro.<\/p>\n","protected":false},"excerpt":{"rendered":"<p>BELLA ADJUSTABLE VELVET LINED STRAP ON HARNESS Con una amplia banda el\u00e1stica y un panel de soporte trasero, puedes disfrutar<\/p>\n","protected":false},"featured_media":56555,"comment_status":"open","ping_status":"open","template":"","meta":[],"product_cat":[780],"product_tag":[275,274],"class_list":["post-56554","product","type-product","status-publish","has-post-thumbnail","hentry","product_cat-basicos-arneses","product_tag-strap-u","product_tag-xr-brands"],"bundled_by":[],"bundle_stock_status":"outofstock","bundle_stock_quantity":0,"bundle_virtual":false,"bundle_layout":"","bundle_add_to_cart_form_location":"","bundle_editable_in_cart":false,"bundle_sold_individually_context":"","bundle_item_grouping":"","bundle_min_size":"","bundle_max_size":"","bundled_items":[],"yoast_head":"<!-- This site is optimized with the Yoast SEO plugin v20.6 - https:\/\/yoast.com\/wordpress\/plugins\/seo\/ -->\n<title>BELLA ARN\u00c9S AJUSTABLE L\u00cdNEA VELVET - Tienda Er\u00f3tica<\/title>\n<meta name=\"robots\" content=\"noindex, follow, max-snippet:-1, max-image-preview:large, max-video-preview:-1\" \/>\n<meta property=\"og:locale\" content=\"es_ES\" \/>\n<meta property=\"og:type\" content=\"article\" \/>\n<meta property=\"og:title\" content=\"BELLA ARN\u00c9S AJUSTABLE L\u00cdNEA VELVET - Tienda Er\u00f3tica\" \/>\n<meta property=\"og:description\" content=\"BELLA ADJUSTABLE VELVET LINED STRAP ON HARNESS Con una amplia banda el\u00e1stica y un panel de soporte trasero, puedes disfrutar\" \/>\n<meta property=\"og:url\" content=\"https:\/\/demoweb.info\/sexshop001\/producto\/bella-arnes-ajustable-linea-velvet\/\" \/>\n<meta property=\"og:site_name\" content=\"Tienda Er\u00f3tica\" \/>\n<meta property=\"article:modified_time\" content=\"2022-01-22T16:15:36+00:00\" \/>\n<meta property=\"og:image\" content=\"https:\/\/demoweb.info\/sexshop001\/wp-content\/uploads\/2022\/01\/BELLA-ARNES-AJUSTABLE-LINEA-VELVET.jpg\" \/>\n\t<meta property=\"og:image:width\" content=\"550\" \/>\n\t<meta property=\"og:image:height\" content=\"550\" \/>\n\t<meta property=\"og:image:type\" content=\"image\/jpeg\" \/>\n<meta name=\"twitter:card\" content=\"summary_large_image\" \/>\n<meta name=\"twitter:label1\" content=\"Tiempo de lectura\" \/>\n\t<meta name=\"twitter:data1\" content=\"1 minuto\" \/>\n<script type=\"application\/ld+json\" class=\"yoast-schema-graph\">{\"@context\":\"https:\/\/schema.org\",\"@graph\":[{\"@type\":\"WebPage\",\"@id\":\"https:\/\/demoweb.info\/sexshop001\/producto\/bella-arnes-ajustable-linea-velvet\/\",\"url\":\"https:\/\/demoweb.info\/sexshop001\/producto\/bella-arnes-ajustable-linea-velvet\/\",\"name\":\"BELLA ARN\u00c9S AJUSTABLE L\u00cdNEA VELVET - Tienda Er\u00f3tica\",\"isPartOf\":{\"@id\":\"https:\/\/demoweb.info\/sexshop001\/#website\"},\"datePublished\":\"2022-01-22T16:15:23+00:00\",\"dateModified\":\"2022-01-22T16:15:36+00:00\",\"breadcrumb\":{\"@id\":\"https:\/\/demoweb.info\/sexshop001\/producto\/bella-arnes-ajustable-linea-velvet\/#breadcrumb\"},\"inLanguage\":\"es\",\"potentialAction\":[{\"@type\":\"ReadAction\",\"target\":[\"https:\/\/demoweb.info\/sexshop001\/producto\/bella-arnes-ajustable-linea-velvet\/\"]}]},{\"@type\":\"BreadcrumbList\",\"@id\":\"https:\/\/demoweb.info\/sexshop001\/producto\/bella-arnes-ajustable-linea-velvet\/#breadcrumb\",\"itemListElement\":[{\"@type\":\"ListItem\",\"position\":1,\"name\":\"Portada\",\"item\":\"https:\/\/demoweb.info\/sexshop001\/\"},{\"@type\":\"ListItem\",\"position\":2,\"name\":\"Tienda\",\"item\":\"https:\/\/demoweb.info\/sexshop001\/tienda\/\"},{\"@type\":\"ListItem\",\"position\":3,\"name\":\"BELLA ARN\u00c9S AJUSTABLE L\u00cdNEA VELVET\"}]},{\"@type\":\"WebSite\",\"@id\":\"https:\/\/demoweb.info\/sexshop001\/#website\",\"url\":\"https:\/\/demoweb.info\/sexshop001\/\",\"name\":\"Tienda Er\u00f3tica\",\"description\":\"DEMOWEB SL\",\"potentialAction\":[{\"@type\":\"SearchAction\",\"target\":{\"@type\":\"EntryPoint\",\"urlTemplate\":\"https:\/\/demoweb.info\/sexshop001\/?s={search_term_string}\"},\"query-input\":\"required name=search_term_string\"}],\"inLanguage\":\"es\"}]}<\/script>\n<!-- \/ Yoast SEO plugin. -->","yoast_head_json":{"title":"BELLA ARN\u00c9S AJUSTABLE L\u00cdNEA VELVET - Tienda Er\u00f3tica","robots":{"index":"noindex","follow":"follow","max-snippet":"max-snippet:-1","max-image-preview":"max-image-preview:large","max-video-preview":"max-video-preview:-1"},"og_locale":"es_ES","og_type":"article","og_title":"BELLA ARN\u00c9S AJUSTABLE L\u00cdNEA VELVET - Tienda Er\u00f3tica","og_description":"BELLA ADJUSTABLE VELVET LINED STRAP ON HARNESS Con una amplia banda el\u00e1stica y un panel de soporte trasero, puedes disfrutar","og_url":"https:\/\/demoweb.info\/sexshop001\/producto\/bella-arnes-ajustable-linea-velvet\/","og_site_name":"Tienda Er\u00f3tica","article_modified_time":"2022-01-22T16:15:36+00:00","og_image":[{"width":550,"height":550,"url":"https:\/\/demoweb.info\/sexshop001\/wp-content\/uploads\/2022\/01\/BELLA-ARNES-AJUSTABLE-LINEA-VELVET.jpg","type":"image\/jpeg"}],"twitter_card":"summary_large_image","twitter_misc":{"Tiempo de lectura":"1 minuto"},"schema":{"@context":"https:\/\/schema.org","@graph":[{"@type":"WebPage","@id":"https:\/\/demoweb.info\/sexshop001\/producto\/bella-arnes-ajustable-linea-velvet\/","url":"https:\/\/demoweb.info\/sexshop001\/producto\/bella-arnes-ajustable-linea-velvet\/","name":"BELLA ARN\u00c9S AJUSTABLE L\u00cdNEA VELVET - Tienda Er\u00f3tica","isPartOf":{"@id":"https:\/\/demoweb.info\/sexshop001\/#website"},"datePublished":"2022-01-22T16:15:23+00:00","dateModified":"2022-01-22T16:15:36+00:00","breadcrumb":{"@id":"https:\/\/demoweb.info\/sexshop001\/producto\/bella-arnes-ajustable-linea-velvet\/#breadcrumb"},"inLanguage":"es","potentialAction":[{"@type":"ReadAction","target":["https:\/\/demoweb.info\/sexshop001\/producto\/bella-arnes-ajustable-linea-velvet\/"]}]},{"@type":"BreadcrumbList","@id":"https:\/\/demoweb.info\/sexshop001\/producto\/bella-arnes-ajustable-linea-velvet\/#breadcrumb","itemListElement":[{"@type":"ListItem","position":1,"name":"Portada","item":"https:\/\/demoweb.info\/sexshop001\/"},{"@type":"ListItem","position":2,"name":"Tienda","item":"https:\/\/demoweb.info\/sexshop001\/tienda\/"},{"@type":"ListItem","position":3,"name":"BELLA ARN\u00c9S AJUSTABLE L\u00cdNEA VELVET"}]},{"@type":"WebSite","@id":"https:\/\/demoweb.info\/sexshop001\/#website","url":"https:\/\/demoweb.info\/sexshop001\/","name":"Tienda Er\u00f3tica","description":"DEMOWEB SL","potentialAction":[{"@type":"SearchAction","target":{"@type":"EntryPoint","urlTemplate":"https:\/\/demoweb.info\/sexshop001\/?s={search_term_string}"},"query-input":"required name=search_term_string"}],"inLanguage":"es"}]}},"_links":{"self":[{"href":"https:\/\/demoweb.info\/sexshop001\/wp-json\/wp\/v3\/product\/56554","targetHints":{"allow":["GET"]}}],"collection":[{"href":"https:\/\/demoweb.info\/sexshop001\/wp-json\/wp\/v3\/product"}],"about":[{"href":"https:\/\/demoweb.info\/sexshop001\/wp-json\/wp\/v2\/types\/product"}],"replies":[{"embeddable":true,"href":"https:\/\/demoweb.info\/sexshop001\/wp-json\/wp\/v2\/comments?post=56554"}],"wp:featuredmedia":[{"embeddable":true,"href":"https:\/\/demoweb.info\/sexshop001\/wp-json\/wp\/v2\/media\/56555"}],"wp:attachment":[{"href":"https:\/\/demoweb.info\/sexshop001\/wp-json\/wp\/v2\/media?parent=56554"}],"wp:term":[{"taxonomy":"product_cat","embeddable":true,"href":"https:\/\/demoweb.info\/sexshop001\/wp-json\/wp\/v2\/product_cat?post=56554"},{"taxonomy":"product_tag","embeddable":true,"href":"https:\/\/demoweb.info\/sexshop001\/wp-json\/wp\/v2\/product_tag?post=56554"}],"curies":[{"name":"wp","href":"https:\/\/api.w.org\/{rel}","templated":true}]}}