{"id":56540,"date":"2022-01-22T17:15:23","date_gmt":"2022-01-22T16:15:23","guid":{"rendered":"https:\/\/demoweb.info\/sexshop001\/producto\/moradaza-bsm-extreme\/"},"modified":"2022-01-22T17:15:26","modified_gmt":"2022-01-22T16:15:26","slug":"moradaza-bsm-extreme","status":"publish","type":"product","link":"https:\/\/demoweb.info\/sexshop001\/producto\/moradaza-bsm-extreme\/","title":{"rendered":"MORADAZA BSM EXTREME"},"content":{"rendered":"<p><strong>DEEP THROAT GAG<\/strong><\/p>\n<p>Eleva tu experiencia sexual con tu sumisa o esclava.<\/p>\n<p>Esta mordaza fue dise\u00f1ada para abrir la boca de tus amantes para una invasi\u00f3n oral. Dos anillos mantendr\u00e1n ese agujero abierto desde los labios hasta la garganta para que puedas empujar tu pene. Las correas extra\u00edbles te permiten jugar con minimalismo si lo deseas. El acero inoxidable es f\u00e1cil de limpiar y seguro para el cuerpo, tanto para ti como para tu pareja.<\/p>\n<p>Medidas: 20 x 8 cm<\/p>\n","protected":false},"excerpt":{"rendered":"<p>DEEP THROAT GAG Eleva tu experiencia sexual con tu sumisa o esclava. Esta mordaza fue dise\u00f1ada para abrir la boca<\/p>\n","protected":false},"featured_media":56541,"comment_status":"open","ping_status":"open","template":"","meta":[],"product_cat":[287],"product_tag":[779,274],"class_list":["post-56540","product","type-product","status-publish","has-post-thumbnail","hentry","product_cat-extreme-bdsm","product_tag-strict","product_tag-xr-brands"],"bundled_by":[],"bundle_stock_status":"instock","bundle_stock_quantity":6,"bundle_virtual":false,"bundle_layout":"","bundle_add_to_cart_form_location":"","bundle_editable_in_cart":false,"bundle_sold_individually_context":"","bundle_item_grouping":"","bundle_min_size":"","bundle_max_size":"","bundled_items":[],"yoast_head":"<!-- This site is optimized with the Yoast SEO plugin v20.6 - https:\/\/yoast.com\/wordpress\/plugins\/seo\/ -->\n<title>MORADAZA BSM EXTREME - Tienda Er\u00f3tica<\/title>\n<meta name=\"robots\" content=\"noindex, follow, max-snippet:-1, max-image-preview:large, max-video-preview:-1\" \/>\n<meta property=\"og:locale\" content=\"es_ES\" \/>\n<meta property=\"og:type\" content=\"article\" \/>\n<meta property=\"og:title\" content=\"MORADAZA BSM EXTREME - Tienda Er\u00f3tica\" \/>\n<meta property=\"og:description\" content=\"DEEP THROAT GAG Eleva tu experiencia sexual con tu sumisa o esclava. Esta mordaza fue dise\u00f1ada para abrir la boca\" \/>\n<meta property=\"og:url\" content=\"https:\/\/demoweb.info\/sexshop001\/producto\/moradaza-bsm-extreme\/\" \/>\n<meta property=\"og:site_name\" content=\"Tienda Er\u00f3tica\" \/>\n<meta property=\"article:modified_time\" content=\"2022-01-22T16:15:26+00:00\" \/>\n<meta property=\"og:image\" content=\"https:\/\/demoweb.info\/sexshop001\/wp-content\/uploads\/2022\/01\/MORADAZA-BSM-EXTREME.jpg\" \/>\n\t<meta property=\"og:image:width\" content=\"550\" \/>\n\t<meta property=\"og:image:height\" content=\"550\" \/>\n\t<meta property=\"og:image:type\" content=\"image\/jpeg\" \/>\n<meta name=\"twitter:card\" content=\"summary_large_image\" \/>\n<script type=\"application\/ld+json\" class=\"yoast-schema-graph\">{\"@context\":\"https:\/\/schema.org\",\"@graph\":[{\"@type\":\"WebPage\",\"@id\":\"https:\/\/demoweb.info\/sexshop001\/producto\/moradaza-bsm-extreme\/\",\"url\":\"https:\/\/demoweb.info\/sexshop001\/producto\/moradaza-bsm-extreme\/\",\"name\":\"MORADAZA BSM EXTREME - Tienda Er\u00f3tica\",\"isPartOf\":{\"@id\":\"https:\/\/demoweb.info\/sexshop001\/#website\"},\"datePublished\":\"2022-01-22T16:15:23+00:00\",\"dateModified\":\"2022-01-22T16:15:26+00:00\",\"breadcrumb\":{\"@id\":\"https:\/\/demoweb.info\/sexshop001\/producto\/moradaza-bsm-extreme\/#breadcrumb\"},\"inLanguage\":\"es\",\"potentialAction\":[{\"@type\":\"ReadAction\",\"target\":[\"https:\/\/demoweb.info\/sexshop001\/producto\/moradaza-bsm-extreme\/\"]}]},{\"@type\":\"BreadcrumbList\",\"@id\":\"https:\/\/demoweb.info\/sexshop001\/producto\/moradaza-bsm-extreme\/#breadcrumb\",\"itemListElement\":[{\"@type\":\"ListItem\",\"position\":1,\"name\":\"Portada\",\"item\":\"https:\/\/demoweb.info\/sexshop001\/\"},{\"@type\":\"ListItem\",\"position\":2,\"name\":\"Tienda\",\"item\":\"https:\/\/demoweb.info\/sexshop001\/tienda\/\"},{\"@type\":\"ListItem\",\"position\":3,\"name\":\"MORADAZA BSM EXTREME\"}]},{\"@type\":\"WebSite\",\"@id\":\"https:\/\/demoweb.info\/sexshop001\/#website\",\"url\":\"https:\/\/demoweb.info\/sexshop001\/\",\"name\":\"Tienda Er\u00f3tica\",\"description\":\"DEMOWEB SL\",\"potentialAction\":[{\"@type\":\"SearchAction\",\"target\":{\"@type\":\"EntryPoint\",\"urlTemplate\":\"https:\/\/demoweb.info\/sexshop001\/?s={search_term_string}\"},\"query-input\":\"required name=search_term_string\"}],\"inLanguage\":\"es\"}]}<\/script>\n<!-- \/ Yoast SEO plugin. -->","yoast_head_json":{"title":"MORADAZA BSM EXTREME - Tienda Er\u00f3tica","robots":{"index":"noindex","follow":"follow","max-snippet":"max-snippet:-1","max-image-preview":"max-image-preview:large","max-video-preview":"max-video-preview:-1"},"og_locale":"es_ES","og_type":"article","og_title":"MORADAZA BSM EXTREME - Tienda Er\u00f3tica","og_description":"DEEP THROAT GAG Eleva tu experiencia sexual con tu sumisa o esclava. Esta mordaza fue dise\u00f1ada para abrir la boca","og_url":"https:\/\/demoweb.info\/sexshop001\/producto\/moradaza-bsm-extreme\/","og_site_name":"Tienda Er\u00f3tica","article_modified_time":"2022-01-22T16:15:26+00:00","og_image":[{"width":550,"height":550,"url":"https:\/\/demoweb.info\/sexshop001\/wp-content\/uploads\/2022\/01\/MORADAZA-BSM-EXTREME.jpg","type":"image\/jpeg"}],"twitter_card":"summary_large_image","schema":{"@context":"https:\/\/schema.org","@graph":[{"@type":"WebPage","@id":"https:\/\/demoweb.info\/sexshop001\/producto\/moradaza-bsm-extreme\/","url":"https:\/\/demoweb.info\/sexshop001\/producto\/moradaza-bsm-extreme\/","name":"MORADAZA BSM EXTREME - Tienda Er\u00f3tica","isPartOf":{"@id":"https:\/\/demoweb.info\/sexshop001\/#website"},"datePublished":"2022-01-22T16:15:23+00:00","dateModified":"2022-01-22T16:15:26+00:00","breadcrumb":{"@id":"https:\/\/demoweb.info\/sexshop001\/producto\/moradaza-bsm-extreme\/#breadcrumb"},"inLanguage":"es","potentialAction":[{"@type":"ReadAction","target":["https:\/\/demoweb.info\/sexshop001\/producto\/moradaza-bsm-extreme\/"]}]},{"@type":"BreadcrumbList","@id":"https:\/\/demoweb.info\/sexshop001\/producto\/moradaza-bsm-extreme\/#breadcrumb","itemListElement":[{"@type":"ListItem","position":1,"name":"Portada","item":"https:\/\/demoweb.info\/sexshop001\/"},{"@type":"ListItem","position":2,"name":"Tienda","item":"https:\/\/demoweb.info\/sexshop001\/tienda\/"},{"@type":"ListItem","position":3,"name":"MORADAZA BSM EXTREME"}]},{"@type":"WebSite","@id":"https:\/\/demoweb.info\/sexshop001\/#website","url":"https:\/\/demoweb.info\/sexshop001\/","name":"Tienda Er\u00f3tica","description":"DEMOWEB SL","potentialAction":[{"@type":"SearchAction","target":{"@type":"EntryPoint","urlTemplate":"https:\/\/demoweb.info\/sexshop001\/?s={search_term_string}"},"query-input":"required name=search_term_string"}],"inLanguage":"es"}]}},"_links":{"self":[{"href":"https:\/\/demoweb.info\/sexshop001\/wp-json\/wp\/v3\/product\/56540","targetHints":{"allow":["GET"]}}],"collection":[{"href":"https:\/\/demoweb.info\/sexshop001\/wp-json\/wp\/v3\/product"}],"about":[{"href":"https:\/\/demoweb.info\/sexshop001\/wp-json\/wp\/v2\/types\/product"}],"replies":[{"embeddable":true,"href":"https:\/\/demoweb.info\/sexshop001\/wp-json\/wp\/v2\/comments?post=56540"}],"wp:featuredmedia":[{"embeddable":true,"href":"https:\/\/demoweb.info\/sexshop001\/wp-json\/wp\/v2\/media\/56541"}],"wp:attachment":[{"href":"https:\/\/demoweb.info\/sexshop001\/wp-json\/wp\/v2\/media?parent=56540"}],"wp:term":[{"taxonomy":"product_cat","embeddable":true,"href":"https:\/\/demoweb.info\/sexshop001\/wp-json\/wp\/v2\/product_cat?post=56540"},{"taxonomy":"product_tag","embeddable":true,"href":"https:\/\/demoweb.info\/sexshop001\/wp-json\/wp\/v2\/product_tag?post=56540"}],"curies":[{"name":"wp","href":"https:\/\/api.w.org\/{rel}","templated":true}]}}