{"id":56535,"date":"2022-01-22T17:15:23","date_gmt":"2022-01-22T16:15:23","guid":{"rendered":"https:\/\/demoweb.info\/sexshop001\/producto\/flushed-12x-self-heating-vibrador-rampante\/"},"modified":"2022-01-22T17:15:23","modified_gmt":"2022-01-22T16:15:23","slug":"flushed-12x-self-heating-vibrador-rampante","status":"publish","type":"product","link":"https:\/\/demoweb.info\/sexshop001\/producto\/flushed-12x-self-heating-vibrador-rampante\/","title":{"rendered":"FLUSHED 12X SELF-HEATING VIBRADOR RAMPANTE"},"content":{"rendered":"<p><strong>FLUSHED 12X SELF-HEATING RABBIT VIBE<\/strong><\/p>\n<p>Ad\u00e9ntrate en el juego de la temperatura con un revolucionario conejito vibrador que se calentar\u00e1 dentro de ti.<\/p>\n<p>Experimenta la vibraci\u00f3n interna y externa con 12 diferentes velocidades y patrones de vibraci\u00f3n. El estimulador del cl\u00edtoris y el penetrador vaginal incluso se controlan con motores independientes.<\/p>\n<p>A medida que tu cuerpo se deleite con la vibraci\u00f3n silenciosa pero poderosa, un calor se extender\u00e1 desde el eje dentro de ti, creando una sensaci\u00f3n nueva y excitante que satisfar\u00e1 tus deseos ardientes.<\/p>\n<p>Cuesta solo 5 minutos calentarlo hasta 42&ordm;C con solo presionar un bot\u00f3n. Adem\u00e1s, el eje est\u00e1 ondulado y curvado en el extremo para proporcionar una estimulaci\u00f3n incre\u00edble con cada movimiento.<\/p>\n<p>Este vibrador recargable es resistente al agua y est\u00e1 hecho con silicona de alta calidad. Este material s\u00faper blando no es poroso, no contiene ftalatos y se esteriliza eficazmente con agua y jab\u00f3n suave. No es compatible con lubricantes de silicona.<\/p>\n<p>Medidas: 25 x 6 cm<\/p><\/p>\n","protected":false},"excerpt":{"rendered":"<p>FLUSHED 12X SELF-HEATING RABBIT VIBE Ad\u00e9ntrate en el juego de la temperatura con un revolucionario conejito vibrador que se calentar\u00e1<\/p>\n","protected":false},"featured_media":56536,"comment_status":"open","ping_status":"open","template":"","meta":[],"product_cat":[487],"product_tag":[1039,274],"class_list":["post-56535","product","type-product","status-publish","has-post-thumbnail","hentry","product_cat-con-calor","product_tag-frisky","product_tag-xr-brands"],"bundled_by":[],"bundle_stock_status":"instock","bundle_stock_quantity":1,"bundle_virtual":false,"bundle_layout":"","bundle_add_to_cart_form_location":"","bundle_editable_in_cart":false,"bundle_sold_individually_context":"","bundle_item_grouping":"","bundle_min_size":"","bundle_max_size":"","bundled_items":[],"yoast_head":"<!-- This site is optimized with the Yoast SEO plugin v20.6 - https:\/\/yoast.com\/wordpress\/plugins\/seo\/ -->\n<title>FLUSHED 12X SELF-HEATING VIBRADOR RAMPANTE - Tienda Er\u00f3tica<\/title>\n<meta name=\"robots\" content=\"noindex, follow, max-snippet:-1, max-image-preview:large, max-video-preview:-1\" \/>\n<meta property=\"og:locale\" content=\"es_ES\" \/>\n<meta property=\"og:type\" content=\"article\" \/>\n<meta property=\"og:title\" content=\"FLUSHED 12X SELF-HEATING VIBRADOR RAMPANTE - Tienda Er\u00f3tica\" \/>\n<meta property=\"og:description\" content=\"FLUSHED 12X SELF-HEATING RABBIT VIBE Ad\u00e9ntrate en el juego de la temperatura con un revolucionario conejito vibrador que se calentar\u00e1\" \/>\n<meta property=\"og:url\" content=\"https:\/\/demoweb.info\/sexshop001\/producto\/flushed-12x-self-heating-vibrador-rampante\/\" \/>\n<meta property=\"og:site_name\" content=\"Tienda Er\u00f3tica\" \/>\n<meta property=\"og:image\" content=\"https:\/\/demoweb.info\/sexshop001\/wp-content\/uploads\/2022\/01\/FLUSHED-12X-SELF-HEATING-VIBRADOR-RAMPANTE.jpg\" \/>\n\t<meta property=\"og:image:width\" content=\"550\" \/>\n\t<meta property=\"og:image:height\" content=\"550\" \/>\n\t<meta property=\"og:image:type\" content=\"image\/jpeg\" \/>\n<meta name=\"twitter:card\" content=\"summary_large_image\" \/>\n<meta name=\"twitter:label1\" content=\"Tiempo de lectura\" \/>\n\t<meta name=\"twitter:data1\" content=\"1 minuto\" \/>\n<script type=\"application\/ld+json\" class=\"yoast-schema-graph\">{\"@context\":\"https:\/\/schema.org\",\"@graph\":[{\"@type\":\"WebPage\",\"@id\":\"https:\/\/demoweb.info\/sexshop001\/producto\/flushed-12x-self-heating-vibrador-rampante\/\",\"url\":\"https:\/\/demoweb.info\/sexshop001\/producto\/flushed-12x-self-heating-vibrador-rampante\/\",\"name\":\"FLUSHED 12X SELF-HEATING VIBRADOR RAMPANTE - Tienda Er\u00f3tica\",\"isPartOf\":{\"@id\":\"https:\/\/demoweb.info\/sexshop001\/#website\"},\"datePublished\":\"2022-01-22T16:15:23+00:00\",\"dateModified\":\"2022-01-22T16:15:23+00:00\",\"breadcrumb\":{\"@id\":\"https:\/\/demoweb.info\/sexshop001\/producto\/flushed-12x-self-heating-vibrador-rampante\/#breadcrumb\"},\"inLanguage\":\"es\",\"potentialAction\":[{\"@type\":\"ReadAction\",\"target\":[\"https:\/\/demoweb.info\/sexshop001\/producto\/flushed-12x-self-heating-vibrador-rampante\/\"]}]},{\"@type\":\"BreadcrumbList\",\"@id\":\"https:\/\/demoweb.info\/sexshop001\/producto\/flushed-12x-self-heating-vibrador-rampante\/#breadcrumb\",\"itemListElement\":[{\"@type\":\"ListItem\",\"position\":1,\"name\":\"Portada\",\"item\":\"https:\/\/demoweb.info\/sexshop001\/\"},{\"@type\":\"ListItem\",\"position\":2,\"name\":\"Tienda\",\"item\":\"https:\/\/demoweb.info\/sexshop001\/tienda\/\"},{\"@type\":\"ListItem\",\"position\":3,\"name\":\"FLUSHED 12X SELF-HEATING VIBRADOR RAMPANTE\"}]},{\"@type\":\"WebSite\",\"@id\":\"https:\/\/demoweb.info\/sexshop001\/#website\",\"url\":\"https:\/\/demoweb.info\/sexshop001\/\",\"name\":\"Tienda Er\u00f3tica\",\"description\":\"DEMOWEB SL\",\"potentialAction\":[{\"@type\":\"SearchAction\",\"target\":{\"@type\":\"EntryPoint\",\"urlTemplate\":\"https:\/\/demoweb.info\/sexshop001\/?s={search_term_string}\"},\"query-input\":\"required name=search_term_string\"}],\"inLanguage\":\"es\"}]}<\/script>\n<!-- \/ Yoast SEO plugin. -->","yoast_head_json":{"title":"FLUSHED 12X SELF-HEATING VIBRADOR RAMPANTE - Tienda Er\u00f3tica","robots":{"index":"noindex","follow":"follow","max-snippet":"max-snippet:-1","max-image-preview":"max-image-preview:large","max-video-preview":"max-video-preview:-1"},"og_locale":"es_ES","og_type":"article","og_title":"FLUSHED 12X SELF-HEATING VIBRADOR RAMPANTE - Tienda Er\u00f3tica","og_description":"FLUSHED 12X SELF-HEATING RABBIT VIBE Ad\u00e9ntrate en el juego de la temperatura con un revolucionario conejito vibrador que se calentar\u00e1","og_url":"https:\/\/demoweb.info\/sexshop001\/producto\/flushed-12x-self-heating-vibrador-rampante\/","og_site_name":"Tienda Er\u00f3tica","og_image":[{"width":550,"height":550,"url":"https:\/\/demoweb.info\/sexshop001\/wp-content\/uploads\/2022\/01\/FLUSHED-12X-SELF-HEATING-VIBRADOR-RAMPANTE.jpg","type":"image\/jpeg"}],"twitter_card":"summary_large_image","twitter_misc":{"Tiempo de lectura":"1 minuto"},"schema":{"@context":"https:\/\/schema.org","@graph":[{"@type":"WebPage","@id":"https:\/\/demoweb.info\/sexshop001\/producto\/flushed-12x-self-heating-vibrador-rampante\/","url":"https:\/\/demoweb.info\/sexshop001\/producto\/flushed-12x-self-heating-vibrador-rampante\/","name":"FLUSHED 12X SELF-HEATING VIBRADOR RAMPANTE - Tienda Er\u00f3tica","isPartOf":{"@id":"https:\/\/demoweb.info\/sexshop001\/#website"},"datePublished":"2022-01-22T16:15:23+00:00","dateModified":"2022-01-22T16:15:23+00:00","breadcrumb":{"@id":"https:\/\/demoweb.info\/sexshop001\/producto\/flushed-12x-self-heating-vibrador-rampante\/#breadcrumb"},"inLanguage":"es","potentialAction":[{"@type":"ReadAction","target":["https:\/\/demoweb.info\/sexshop001\/producto\/flushed-12x-self-heating-vibrador-rampante\/"]}]},{"@type":"BreadcrumbList","@id":"https:\/\/demoweb.info\/sexshop001\/producto\/flushed-12x-self-heating-vibrador-rampante\/#breadcrumb","itemListElement":[{"@type":"ListItem","position":1,"name":"Portada","item":"https:\/\/demoweb.info\/sexshop001\/"},{"@type":"ListItem","position":2,"name":"Tienda","item":"https:\/\/demoweb.info\/sexshop001\/tienda\/"},{"@type":"ListItem","position":3,"name":"FLUSHED 12X SELF-HEATING VIBRADOR RAMPANTE"}]},{"@type":"WebSite","@id":"https:\/\/demoweb.info\/sexshop001\/#website","url":"https:\/\/demoweb.info\/sexshop001\/","name":"Tienda Er\u00f3tica","description":"DEMOWEB SL","potentialAction":[{"@type":"SearchAction","target":{"@type":"EntryPoint","urlTemplate":"https:\/\/demoweb.info\/sexshop001\/?s={search_term_string}"},"query-input":"required name=search_term_string"}],"inLanguage":"es"}]}},"_links":{"self":[{"href":"https:\/\/demoweb.info\/sexshop001\/wp-json\/wp\/v3\/product\/56535","targetHints":{"allow":["GET"]}}],"collection":[{"href":"https:\/\/demoweb.info\/sexshop001\/wp-json\/wp\/v3\/product"}],"about":[{"href":"https:\/\/demoweb.info\/sexshop001\/wp-json\/wp\/v2\/types\/product"}],"replies":[{"embeddable":true,"href":"https:\/\/demoweb.info\/sexshop001\/wp-json\/wp\/v2\/comments?post=56535"}],"wp:featuredmedia":[{"embeddable":true,"href":"https:\/\/demoweb.info\/sexshop001\/wp-json\/wp\/v2\/media\/56536"}],"wp:attachment":[{"href":"https:\/\/demoweb.info\/sexshop001\/wp-json\/wp\/v2\/media?parent=56535"}],"wp:term":[{"taxonomy":"product_cat","embeddable":true,"href":"https:\/\/demoweb.info\/sexshop001\/wp-json\/wp\/v2\/product_cat?post=56535"},{"taxonomy":"product_tag","embeddable":true,"href":"https:\/\/demoweb.info\/sexshop001\/wp-json\/wp\/v2\/product_tag?post=56535"}],"curies":[{"name":"wp","href":"https:\/\/api.w.org\/{rel}","templated":true}]}}