{"id":56513,"date":"2022-01-22T17:15:01","date_gmt":"2022-01-22T16:15:01","guid":{"rendered":"https:\/\/demoweb.info\/sexshop001\/producto\/cheeky-style-braguitas-con-vibracion\/"},"modified":"2022-01-22T17:15:07","modified_gmt":"2022-01-22T16:15:07","slug":"cheeky-style-braguitas-con-vibracion","status":"publish","type":"product","link":"https:\/\/demoweb.info\/sexshop001\/producto\/cheeky-style-braguitas-con-vibracion\/","title":{"rendered":"CHEEKY STYLE BRAGUITAS CON VIBRACI\u00d3N"},"content":{"rendered":"<p><strong>CHEEKY STYLE PULSATING PANTY &#8211; 10 SPEED<\/strong><\/p>\n<p>Ya sea que busques darle vida a una noche en casa, o quiereas disfrutar de una experiencia divertida, este discreto set de panty vibrador con control remoto crear\u00e1 una experiencia inolvidable. Haz que tus fantas\u00edas cobren vida cuando tomes el control total del placer de tus amantes.<\/p>\n<p>Coloca el vibrador en las braguitas de encaje sexy y elegante. Cuando menos lo espere, \u00a1d\u00e1le un zumbido!.<\/p>\n<p>El sencillo sistema de un bot\u00f3n le permite recorrer 3 velocidades de vibraci\u00f3n y 7 modos r\u00edtmicos, y funciona a una distancia de hasta 480cm.<\/p>\n<p>Caracter\u00edsticas:<\/p>\n<ul>\n<li>Medidas:\n<ul>\n<li>las bragas tiene 71 cm de circunferencia, sin estirar.<\/li>\n<li>La bala vibradora es de 9 cm de largo total, 9,5 cm de ancho.<\/li>\n<li>Longitud insertable opcional de 2,5 cm <\/li>\n<li>Ancho insertable. El control remoto mide 6,35 cm de largo, 4,5 cm de ancho.<\/li>\n<\/ul>\n<\/li>\n<li>Material: Lycra, ABS.<\/li>\n<li>Requiere 1-23 bater\u00edas A y 2-N, incluidas.<\/li>\n<\/ul>\n","protected":false},"excerpt":{"rendered":"<p>CHEEKY STYLE PULSATING PANTY &#8211; 10 SPEED Ya sea que busques darle vida a una noche en casa, o quiereas<\/p>\n","protected":false},"featured_media":56514,"comment_status":"open","ping_status":"open","template":"","meta":[],"product_cat":[375],"product_tag":[1039,274],"class_list":["post-56513","product","type-product","status-publish","has-post-thumbnail","hentry","product_cat-con-vibrador-para-ella","product_tag-frisky","product_tag-xr-brands"],"bundled_by":[],"bundle_stock_status":"outofstock","bundle_stock_quantity":0,"bundle_virtual":false,"bundle_layout":"","bundle_add_to_cart_form_location":"","bundle_editable_in_cart":false,"bundle_sold_individually_context":"","bundle_item_grouping":"","bundle_min_size":"","bundle_max_size":"","bundled_items":[],"yoast_head":"<!-- This site is optimized with the Yoast SEO plugin v20.6 - https:\/\/yoast.com\/wordpress\/plugins\/seo\/ -->\n<title>CHEEKY STYLE BRAGUITAS CON VIBRACI\u00d3N - Tienda Er\u00f3tica<\/title>\n<meta name=\"robots\" content=\"noindex, follow, max-snippet:-1, max-image-preview:large, max-video-preview:-1\" \/>\n<meta property=\"og:locale\" content=\"es_ES\" \/>\n<meta property=\"og:type\" content=\"article\" \/>\n<meta property=\"og:title\" content=\"CHEEKY STYLE BRAGUITAS CON VIBRACI\u00d3N - Tienda Er\u00f3tica\" \/>\n<meta property=\"og:description\" content=\"CHEEKY STYLE PULSATING PANTY &#8211; 10 SPEED Ya sea que busques darle vida a una noche en casa, o quiereas\" \/>\n<meta property=\"og:url\" content=\"https:\/\/demoweb.info\/sexshop001\/producto\/cheeky-style-braguitas-con-vibracion\/\" \/>\n<meta property=\"og:site_name\" content=\"Tienda Er\u00f3tica\" \/>\n<meta property=\"article:modified_time\" content=\"2022-01-22T16:15:07+00:00\" \/>\n<meta property=\"og:image\" content=\"https:\/\/demoweb.info\/sexshop001\/wp-content\/uploads\/2022\/01\/CHEEKY-STYLE-BRAGUITAS-CON-VIBRACION.jpg\" \/>\n\t<meta property=\"og:image:width\" content=\"550\" \/>\n\t<meta property=\"og:image:height\" content=\"550\" \/>\n\t<meta property=\"og:image:type\" content=\"image\/jpeg\" \/>\n<meta name=\"twitter:card\" content=\"summary_large_image\" \/>\n<meta name=\"twitter:label1\" content=\"Tiempo de lectura\" \/>\n\t<meta name=\"twitter:data1\" content=\"1 minuto\" \/>\n<script type=\"application\/ld+json\" class=\"yoast-schema-graph\">{\"@context\":\"https:\/\/schema.org\",\"@graph\":[{\"@type\":\"WebPage\",\"@id\":\"https:\/\/demoweb.info\/sexshop001\/producto\/cheeky-style-braguitas-con-vibracion\/\",\"url\":\"https:\/\/demoweb.info\/sexshop001\/producto\/cheeky-style-braguitas-con-vibracion\/\",\"name\":\"CHEEKY STYLE BRAGUITAS CON VIBRACI\u00d3N - Tienda Er\u00f3tica\",\"isPartOf\":{\"@id\":\"https:\/\/demoweb.info\/sexshop001\/#website\"},\"datePublished\":\"2022-01-22T16:15:01+00:00\",\"dateModified\":\"2022-01-22T16:15:07+00:00\",\"breadcrumb\":{\"@id\":\"https:\/\/demoweb.info\/sexshop001\/producto\/cheeky-style-braguitas-con-vibracion\/#breadcrumb\"},\"inLanguage\":\"es\",\"potentialAction\":[{\"@type\":\"ReadAction\",\"target\":[\"https:\/\/demoweb.info\/sexshop001\/producto\/cheeky-style-braguitas-con-vibracion\/\"]}]},{\"@type\":\"BreadcrumbList\",\"@id\":\"https:\/\/demoweb.info\/sexshop001\/producto\/cheeky-style-braguitas-con-vibracion\/#breadcrumb\",\"itemListElement\":[{\"@type\":\"ListItem\",\"position\":1,\"name\":\"Portada\",\"item\":\"https:\/\/demoweb.info\/sexshop001\/\"},{\"@type\":\"ListItem\",\"position\":2,\"name\":\"Tienda\",\"item\":\"https:\/\/demoweb.info\/sexshop001\/tienda\/\"},{\"@type\":\"ListItem\",\"position\":3,\"name\":\"CHEEKY STYLE BRAGUITAS CON VIBRACI\u00d3N\"}]},{\"@type\":\"WebSite\",\"@id\":\"https:\/\/demoweb.info\/sexshop001\/#website\",\"url\":\"https:\/\/demoweb.info\/sexshop001\/\",\"name\":\"Tienda Er\u00f3tica\",\"description\":\"DEMOWEB SL\",\"potentialAction\":[{\"@type\":\"SearchAction\",\"target\":{\"@type\":\"EntryPoint\",\"urlTemplate\":\"https:\/\/demoweb.info\/sexshop001\/?s={search_term_string}\"},\"query-input\":\"required name=search_term_string\"}],\"inLanguage\":\"es\"}]}<\/script>\n<!-- \/ Yoast SEO plugin. -->","yoast_head_json":{"title":"CHEEKY STYLE BRAGUITAS CON VIBRACI\u00d3N - Tienda Er\u00f3tica","robots":{"index":"noindex","follow":"follow","max-snippet":"max-snippet:-1","max-image-preview":"max-image-preview:large","max-video-preview":"max-video-preview:-1"},"og_locale":"es_ES","og_type":"article","og_title":"CHEEKY STYLE BRAGUITAS CON VIBRACI\u00d3N - Tienda Er\u00f3tica","og_description":"CHEEKY STYLE PULSATING PANTY &#8211; 10 SPEED Ya sea que busques darle vida a una noche en casa, o quiereas","og_url":"https:\/\/demoweb.info\/sexshop001\/producto\/cheeky-style-braguitas-con-vibracion\/","og_site_name":"Tienda Er\u00f3tica","article_modified_time":"2022-01-22T16:15:07+00:00","og_image":[{"width":550,"height":550,"url":"https:\/\/demoweb.info\/sexshop001\/wp-content\/uploads\/2022\/01\/CHEEKY-STYLE-BRAGUITAS-CON-VIBRACION.jpg","type":"image\/jpeg"}],"twitter_card":"summary_large_image","twitter_misc":{"Tiempo de lectura":"1 minuto"},"schema":{"@context":"https:\/\/schema.org","@graph":[{"@type":"WebPage","@id":"https:\/\/demoweb.info\/sexshop001\/producto\/cheeky-style-braguitas-con-vibracion\/","url":"https:\/\/demoweb.info\/sexshop001\/producto\/cheeky-style-braguitas-con-vibracion\/","name":"CHEEKY STYLE BRAGUITAS CON VIBRACI\u00d3N - Tienda Er\u00f3tica","isPartOf":{"@id":"https:\/\/demoweb.info\/sexshop001\/#website"},"datePublished":"2022-01-22T16:15:01+00:00","dateModified":"2022-01-22T16:15:07+00:00","breadcrumb":{"@id":"https:\/\/demoweb.info\/sexshop001\/producto\/cheeky-style-braguitas-con-vibracion\/#breadcrumb"},"inLanguage":"es","potentialAction":[{"@type":"ReadAction","target":["https:\/\/demoweb.info\/sexshop001\/producto\/cheeky-style-braguitas-con-vibracion\/"]}]},{"@type":"BreadcrumbList","@id":"https:\/\/demoweb.info\/sexshop001\/producto\/cheeky-style-braguitas-con-vibracion\/#breadcrumb","itemListElement":[{"@type":"ListItem","position":1,"name":"Portada","item":"https:\/\/demoweb.info\/sexshop001\/"},{"@type":"ListItem","position":2,"name":"Tienda","item":"https:\/\/demoweb.info\/sexshop001\/tienda\/"},{"@type":"ListItem","position":3,"name":"CHEEKY STYLE BRAGUITAS CON VIBRACI\u00d3N"}]},{"@type":"WebSite","@id":"https:\/\/demoweb.info\/sexshop001\/#website","url":"https:\/\/demoweb.info\/sexshop001\/","name":"Tienda Er\u00f3tica","description":"DEMOWEB SL","potentialAction":[{"@type":"SearchAction","target":{"@type":"EntryPoint","urlTemplate":"https:\/\/demoweb.info\/sexshop001\/?s={search_term_string}"},"query-input":"required name=search_term_string"}],"inLanguage":"es"}]}},"_links":{"self":[{"href":"https:\/\/demoweb.info\/sexshop001\/wp-json\/wp\/v3\/product\/56513","targetHints":{"allow":["GET"]}}],"collection":[{"href":"https:\/\/demoweb.info\/sexshop001\/wp-json\/wp\/v3\/product"}],"about":[{"href":"https:\/\/demoweb.info\/sexshop001\/wp-json\/wp\/v2\/types\/product"}],"replies":[{"embeddable":true,"href":"https:\/\/demoweb.info\/sexshop001\/wp-json\/wp\/v2\/comments?post=56513"}],"wp:featuredmedia":[{"embeddable":true,"href":"https:\/\/demoweb.info\/sexshop001\/wp-json\/wp\/v2\/media\/56514"}],"wp:attachment":[{"href":"https:\/\/demoweb.info\/sexshop001\/wp-json\/wp\/v2\/media?parent=56513"}],"wp:term":[{"taxonomy":"product_cat","embeddable":true,"href":"https:\/\/demoweb.info\/sexshop001\/wp-json\/wp\/v2\/product_cat?post=56513"},{"taxonomy":"product_tag","embeddable":true,"href":"https:\/\/demoweb.info\/sexshop001\/wp-json\/wp\/v2\/product_tag?post=56513"}],"curies":[{"name":"wp","href":"https:\/\/api.w.org\/{rel}","templated":true}]}}