{"id":56507,"date":"2022-01-22T17:15:01","date_gmt":"2022-01-22T16:15:01","guid":{"rendered":"https:\/\/demoweb.info\/sexshop001\/producto\/the-milker-maquina-del-amor\/"},"modified":"2022-01-22T17:15:03","modified_gmt":"2022-01-22T16:15:03","slug":"the-milker-maquina-del-amor","status":"publish","type":"product","link":"https:\/\/demoweb.info\/sexshop001\/producto\/the-milker-maquina-del-amor\/","title":{"rendered":"THE MILKER &#8211; M\u00c1QUINA DEL AMOR"},"content":{"rendered":"<p><strong>THE MILKER<\/strong><\/p>\n<p>Esta m\u00e1quina del amor de lujo te provocar\u00e1 sensaciones de lo m\u00e1s realistas, casi que las sentir\u00e1s como si fueran reales. Dise\u00f1ada para hacer todo el trabajo por ti, esta m\u00e1quina est\u00e1 dise\u00f1ada espec\u00edficamente para acariciar y absorver autom\u00e1ticamente, con dos cilindros para una variedad de sensaciones.<\/p>\n<p>Tambi\u00e9n dispone de m\u00faltiples velocidades. Simplemente conecta la manguera al cilindro y usa el dial para controlar la velocidad que desees.<\/p>\n<p>Dos cilindros est\u00e1n incluidos. El primero est\u00e1 especialmente dise\u00f1ado para chupar su eje, de casi 23 cm de largo y forrado con goma flexible para un sello herm\u00e9tico. El cilindro m\u00e1s peque\u00f1o es para un placer m\u00e1s espec\u00edfico, como la cabeza de su pene o incluso el cl\u00edtoris o los pezones.<\/p>\n<p>\u00dasalo solo o con un compa\u00f1ero, para los juegos previos. Dise\u00f1ado para brindarte lo \u00faltimo en estimulaci\u00f3n org\u00e1smica. Todos los accesorios se almacenan f\u00e1cilmente en el compartimento superior, que tiene un candado y 2 llaves para la m\u00e1xima discreci\u00f3n port\u00e1til.<\/p>\n<p>Incluye:<\/p>\n<p>2 mangueras, 3 enchufes de manguera, 2 cilindros, control remoto, transformador ACDC, cable de alimentaci\u00f3n e instrucciones. <\/p>\n<p>Caracter\u00edsticas:<\/p>\n<ul>\n<li>Longitud: 28 cm<\/li>\n<li>Ancho: 21 cm<\/li>\n<li>Altura: 30 cm<\/li>\n<li>Material: ABS, silicona, caucho natural y metal<\/li>\n<\/ul>\n","protected":false},"excerpt":{"rendered":"<p>THE MILKER Esta m\u00e1quina del amor de lujo te provocar\u00e1 sensaciones de lo m\u00e1s realistas, casi que las sentir\u00e1s como<\/p>\n","protected":false},"featured_media":56508,"comment_status":"open","ping_status":"open","template":"","meta":[],"product_cat":[680],"product_tag":[778,274],"class_list":["post-56507","product","type-product","status-publish","has-post-thumbnail","hentry","product_cat-maquinas-del-amor","product_tag-lovebotz","product_tag-xr-brands"],"bundled_by":[],"bundle_stock_status":"outofstock","bundle_stock_quantity":0,"bundle_virtual":false,"bundle_layout":"","bundle_add_to_cart_form_location":"","bundle_editable_in_cart":false,"bundle_sold_individually_context":"","bundle_item_grouping":"","bundle_min_size":"","bundle_max_size":"","bundled_items":[],"yoast_head":"<!-- This site is optimized with the Yoast SEO plugin v20.6 - https:\/\/yoast.com\/wordpress\/plugins\/seo\/ -->\n<title>THE MILKER - M\u00c1QUINA DEL AMOR - Tienda Er\u00f3tica<\/title>\n<meta name=\"robots\" content=\"noindex, follow, max-snippet:-1, max-image-preview:large, max-video-preview:-1\" \/>\n<meta property=\"og:locale\" content=\"es_ES\" \/>\n<meta property=\"og:type\" content=\"article\" \/>\n<meta property=\"og:title\" content=\"THE MILKER - M\u00c1QUINA DEL AMOR - Tienda Er\u00f3tica\" \/>\n<meta property=\"og:description\" content=\"THE MILKER Esta m\u00e1quina del amor de lujo te provocar\u00e1 sensaciones de lo m\u00e1s realistas, casi que las sentir\u00e1s como\" \/>\n<meta property=\"og:url\" content=\"https:\/\/demoweb.info\/sexshop001\/producto\/the-milker-maquina-del-amor\/\" \/>\n<meta property=\"og:site_name\" content=\"Tienda Er\u00f3tica\" \/>\n<meta property=\"article:modified_time\" content=\"2022-01-22T16:15:03+00:00\" \/>\n<meta property=\"og:image\" content=\"https:\/\/demoweb.info\/sexshop001\/wp-content\/uploads\/2022\/01\/THE-MILKER-MAQUINA-DEL-AMOR.jpg\" \/>\n\t<meta property=\"og:image:width\" content=\"550\" \/>\n\t<meta property=\"og:image:height\" content=\"550\" \/>\n\t<meta property=\"og:image:type\" content=\"image\/jpeg\" \/>\n<meta name=\"twitter:card\" content=\"summary_large_image\" \/>\n<meta name=\"twitter:label1\" content=\"Tiempo de lectura\" \/>\n\t<meta name=\"twitter:data1\" content=\"1 minuto\" \/>\n<script type=\"application\/ld+json\" class=\"yoast-schema-graph\">{\"@context\":\"https:\/\/schema.org\",\"@graph\":[{\"@type\":\"WebPage\",\"@id\":\"https:\/\/demoweb.info\/sexshop001\/producto\/the-milker-maquina-del-amor\/\",\"url\":\"https:\/\/demoweb.info\/sexshop001\/producto\/the-milker-maquina-del-amor\/\",\"name\":\"THE MILKER - M\u00c1QUINA DEL AMOR - Tienda Er\u00f3tica\",\"isPartOf\":{\"@id\":\"https:\/\/demoweb.info\/sexshop001\/#website\"},\"datePublished\":\"2022-01-22T16:15:01+00:00\",\"dateModified\":\"2022-01-22T16:15:03+00:00\",\"breadcrumb\":{\"@id\":\"https:\/\/demoweb.info\/sexshop001\/producto\/the-milker-maquina-del-amor\/#breadcrumb\"},\"inLanguage\":\"es\",\"potentialAction\":[{\"@type\":\"ReadAction\",\"target\":[\"https:\/\/demoweb.info\/sexshop001\/producto\/the-milker-maquina-del-amor\/\"]}]},{\"@type\":\"BreadcrumbList\",\"@id\":\"https:\/\/demoweb.info\/sexshop001\/producto\/the-milker-maquina-del-amor\/#breadcrumb\",\"itemListElement\":[{\"@type\":\"ListItem\",\"position\":1,\"name\":\"Portada\",\"item\":\"https:\/\/demoweb.info\/sexshop001\/\"},{\"@type\":\"ListItem\",\"position\":2,\"name\":\"Tienda\",\"item\":\"https:\/\/demoweb.info\/sexshop001\/tienda\/\"},{\"@type\":\"ListItem\",\"position\":3,\"name\":\"THE MILKER &#8211; M\u00c1QUINA DEL AMOR\"}]},{\"@type\":\"WebSite\",\"@id\":\"https:\/\/demoweb.info\/sexshop001\/#website\",\"url\":\"https:\/\/demoweb.info\/sexshop001\/\",\"name\":\"Tienda Er\u00f3tica\",\"description\":\"DEMOWEB SL\",\"potentialAction\":[{\"@type\":\"SearchAction\",\"target\":{\"@type\":\"EntryPoint\",\"urlTemplate\":\"https:\/\/demoweb.info\/sexshop001\/?s={search_term_string}\"},\"query-input\":\"required name=search_term_string\"}],\"inLanguage\":\"es\"}]}<\/script>\n<!-- \/ Yoast SEO plugin. -->","yoast_head_json":{"title":"THE MILKER - M\u00c1QUINA DEL AMOR - Tienda Er\u00f3tica","robots":{"index":"noindex","follow":"follow","max-snippet":"max-snippet:-1","max-image-preview":"max-image-preview:large","max-video-preview":"max-video-preview:-1"},"og_locale":"es_ES","og_type":"article","og_title":"THE MILKER - M\u00c1QUINA DEL AMOR - Tienda Er\u00f3tica","og_description":"THE MILKER Esta m\u00e1quina del amor de lujo te provocar\u00e1 sensaciones de lo m\u00e1s realistas, casi que las sentir\u00e1s como","og_url":"https:\/\/demoweb.info\/sexshop001\/producto\/the-milker-maquina-del-amor\/","og_site_name":"Tienda Er\u00f3tica","article_modified_time":"2022-01-22T16:15:03+00:00","og_image":[{"width":550,"height":550,"url":"https:\/\/demoweb.info\/sexshop001\/wp-content\/uploads\/2022\/01\/THE-MILKER-MAQUINA-DEL-AMOR.jpg","type":"image\/jpeg"}],"twitter_card":"summary_large_image","twitter_misc":{"Tiempo de lectura":"1 minuto"},"schema":{"@context":"https:\/\/schema.org","@graph":[{"@type":"WebPage","@id":"https:\/\/demoweb.info\/sexshop001\/producto\/the-milker-maquina-del-amor\/","url":"https:\/\/demoweb.info\/sexshop001\/producto\/the-milker-maquina-del-amor\/","name":"THE MILKER - M\u00c1QUINA DEL AMOR - Tienda Er\u00f3tica","isPartOf":{"@id":"https:\/\/demoweb.info\/sexshop001\/#website"},"datePublished":"2022-01-22T16:15:01+00:00","dateModified":"2022-01-22T16:15:03+00:00","breadcrumb":{"@id":"https:\/\/demoweb.info\/sexshop001\/producto\/the-milker-maquina-del-amor\/#breadcrumb"},"inLanguage":"es","potentialAction":[{"@type":"ReadAction","target":["https:\/\/demoweb.info\/sexshop001\/producto\/the-milker-maquina-del-amor\/"]}]},{"@type":"BreadcrumbList","@id":"https:\/\/demoweb.info\/sexshop001\/producto\/the-milker-maquina-del-amor\/#breadcrumb","itemListElement":[{"@type":"ListItem","position":1,"name":"Portada","item":"https:\/\/demoweb.info\/sexshop001\/"},{"@type":"ListItem","position":2,"name":"Tienda","item":"https:\/\/demoweb.info\/sexshop001\/tienda\/"},{"@type":"ListItem","position":3,"name":"THE MILKER &#8211; M\u00c1QUINA DEL AMOR"}]},{"@type":"WebSite","@id":"https:\/\/demoweb.info\/sexshop001\/#website","url":"https:\/\/demoweb.info\/sexshop001\/","name":"Tienda Er\u00f3tica","description":"DEMOWEB SL","potentialAction":[{"@type":"SearchAction","target":{"@type":"EntryPoint","urlTemplate":"https:\/\/demoweb.info\/sexshop001\/?s={search_term_string}"},"query-input":"required name=search_term_string"}],"inLanguage":"es"}]}},"_links":{"self":[{"href":"https:\/\/demoweb.info\/sexshop001\/wp-json\/wp\/v3\/product\/56507","targetHints":{"allow":["GET"]}}],"collection":[{"href":"https:\/\/demoweb.info\/sexshop001\/wp-json\/wp\/v3\/product"}],"about":[{"href":"https:\/\/demoweb.info\/sexshop001\/wp-json\/wp\/v2\/types\/product"}],"replies":[{"embeddable":true,"href":"https:\/\/demoweb.info\/sexshop001\/wp-json\/wp\/v2\/comments?post=56507"}],"wp:featuredmedia":[{"embeddable":true,"href":"https:\/\/demoweb.info\/sexshop001\/wp-json\/wp\/v2\/media\/56508"}],"wp:attachment":[{"href":"https:\/\/demoweb.info\/sexshop001\/wp-json\/wp\/v2\/media?parent=56507"}],"wp:term":[{"taxonomy":"product_cat","embeddable":true,"href":"https:\/\/demoweb.info\/sexshop001\/wp-json\/wp\/v2\/product_cat?post=56507"},{"taxonomy":"product_tag","embeddable":true,"href":"https:\/\/demoweb.info\/sexshop001\/wp-json\/wp\/v2\/product_tag?post=56507"}],"curies":[{"name":"wp","href":"https:\/\/api.w.org\/{rel}","templated":true}]}}