{"id":56504,"date":"2022-01-22T17:15:01","date_gmt":"2022-01-22T16:15:01","guid":{"rendered":"https:\/\/demoweb.info\/sexshop001\/producto\/masturbador-ultra-bator-swirling-and-thrusting\/"},"modified":"2022-01-22T17:15:01","modified_gmt":"2022-01-22T16:15:01","slug":"masturbador-ultra-bator-swirling-and-thrusting","status":"publish","type":"product","link":"https:\/\/demoweb.info\/sexshop001\/producto\/masturbador-ultra-bator-swirling-and-thrusting\/","title":{"rendered":"MASTURBADOR ULTRA BATOR SWIRLING AND THRUSTING"},"content":{"rendered":"<p><strong>ULTRA BATOR SWIRLING AND THRUSTING MASTURBATOR<\/strong><\/p>\n<p>El Ultra-Bator presenta 3 velocidades de rotaci\u00f3n giratoria, y acci\u00f3n de acariciar arriba y abajo, todo en uno.<\/p>\n<p>La c\u00e1mara interna est\u00e1 texturizada aumentando la sensaci\u00f3n y 4 ventanas a los lados permiten ver toda la acci\u00f3n.<\/p>\n<p>Esta herramienta de masturbaci\u00f3n autom\u00e1tica de vanguardia cuenta con un dise\u00f1o de mano ergon\u00f3mico y una almohadilla de control f\u00e1cil de usar, con un movimiento de acarreo constante y una funci\u00f3n de rotaci\u00f3n \u00fanica que agrega una dimensi\u00f3n completamente nueva a la masturbaci\u00f3n.<\/p>\n<p>Para usarlo, solo l\u00facelo e inserta tu varilla. Luego enciende el Stroker, selecciona tu velocidad y deja que Ultra Bator haga todo el trabajo.<\/p>\n<p>Caracter\u00edsticas:<br \/>\n&#8211; Longitud total: 26,7 cm<br \/>\n&#8211; Di\u00e1metro: 5 cm<br \/>\n&#8211; Velocidades: 3<br \/>\n&#8211; Pilas requeridas: 4 x AA<br \/>\n&#8211; Bater\u00edas incluidas: no<br \/>\n&#8211; Material: TPE y ABS<\/p>\n","protected":false},"excerpt":{"rendered":"<p>ULTRA BATOR SWIRLING AND THRUSTING MASTURBATOR El Ultra-Bator presenta 3 velocidades de rotaci\u00f3n giratoria, y acci\u00f3n de acariciar arriba y<\/p>\n","protected":false},"featured_media":56505,"comment_status":"open","ping_status":"open","template":"","meta":[],"product_cat":[364],"product_tag":[778,274],"class_list":["post-56504","product","type-product","status-publish","has-post-thumbnail","hentry","product_cat-con-vibracion","product_tag-lovebotz","product_tag-xr-brands"],"bundled_by":[],"bundle_stock_status":"outofstock","bundle_stock_quantity":0,"bundle_virtual":false,"bundle_layout":"","bundle_add_to_cart_form_location":"","bundle_editable_in_cart":false,"bundle_sold_individually_context":"","bundle_item_grouping":"","bundle_min_size":"","bundle_max_size":"","bundled_items":[],"yoast_head":"<!-- This site is optimized with the Yoast SEO plugin v20.6 - https:\/\/yoast.com\/wordpress\/plugins\/seo\/ -->\n<title>MASTURBADOR ULTRA BATOR SWIRLING AND THRUSTING - Tienda Er\u00f3tica<\/title>\n<meta name=\"robots\" content=\"noindex, follow, max-snippet:-1, max-image-preview:large, max-video-preview:-1\" \/>\n<meta property=\"og:locale\" content=\"es_ES\" \/>\n<meta property=\"og:type\" content=\"article\" \/>\n<meta property=\"og:title\" content=\"MASTURBADOR ULTRA BATOR SWIRLING AND THRUSTING - Tienda Er\u00f3tica\" \/>\n<meta property=\"og:description\" content=\"ULTRA BATOR SWIRLING AND THRUSTING MASTURBATOR El Ultra-Bator presenta 3 velocidades de rotaci\u00f3n giratoria, y acci\u00f3n de acariciar arriba y\" \/>\n<meta property=\"og:url\" content=\"https:\/\/demoweb.info\/sexshop001\/producto\/masturbador-ultra-bator-swirling-and-thrusting\/\" \/>\n<meta property=\"og:site_name\" content=\"Tienda Er\u00f3tica\" \/>\n<meta property=\"og:image\" content=\"https:\/\/demoweb.info\/sexshop001\/wp-content\/uploads\/2022\/01\/MASTURBADOR-ULTRA-BATOR-SWIRLING-AND-THRUSTING.jpg\" \/>\n\t<meta property=\"og:image:width\" content=\"550\" \/>\n\t<meta property=\"og:image:height\" content=\"550\" \/>\n\t<meta property=\"og:image:type\" content=\"image\/jpeg\" \/>\n<meta name=\"twitter:card\" content=\"summary_large_image\" \/>\n<meta name=\"twitter:label1\" content=\"Tiempo de lectura\" \/>\n\t<meta name=\"twitter:data1\" content=\"1 minuto\" \/>\n<script type=\"application\/ld+json\" class=\"yoast-schema-graph\">{\"@context\":\"https:\/\/schema.org\",\"@graph\":[{\"@type\":\"WebPage\",\"@id\":\"https:\/\/demoweb.info\/sexshop001\/producto\/masturbador-ultra-bator-swirling-and-thrusting\/\",\"url\":\"https:\/\/demoweb.info\/sexshop001\/producto\/masturbador-ultra-bator-swirling-and-thrusting\/\",\"name\":\"MASTURBADOR ULTRA BATOR SWIRLING AND THRUSTING - Tienda Er\u00f3tica\",\"isPartOf\":{\"@id\":\"https:\/\/demoweb.info\/sexshop001\/#website\"},\"datePublished\":\"2022-01-22T16:15:01+00:00\",\"dateModified\":\"2022-01-22T16:15:01+00:00\",\"breadcrumb\":{\"@id\":\"https:\/\/demoweb.info\/sexshop001\/producto\/masturbador-ultra-bator-swirling-and-thrusting\/#breadcrumb\"},\"inLanguage\":\"es\",\"potentialAction\":[{\"@type\":\"ReadAction\",\"target\":[\"https:\/\/demoweb.info\/sexshop001\/producto\/masturbador-ultra-bator-swirling-and-thrusting\/\"]}]},{\"@type\":\"BreadcrumbList\",\"@id\":\"https:\/\/demoweb.info\/sexshop001\/producto\/masturbador-ultra-bator-swirling-and-thrusting\/#breadcrumb\",\"itemListElement\":[{\"@type\":\"ListItem\",\"position\":1,\"name\":\"Portada\",\"item\":\"https:\/\/demoweb.info\/sexshop001\/\"},{\"@type\":\"ListItem\",\"position\":2,\"name\":\"Tienda\",\"item\":\"https:\/\/demoweb.info\/sexshop001\/tienda\/\"},{\"@type\":\"ListItem\",\"position\":3,\"name\":\"MASTURBADOR ULTRA BATOR SWIRLING AND THRUSTING\"}]},{\"@type\":\"WebSite\",\"@id\":\"https:\/\/demoweb.info\/sexshop001\/#website\",\"url\":\"https:\/\/demoweb.info\/sexshop001\/\",\"name\":\"Tienda Er\u00f3tica\",\"description\":\"DEMOWEB SL\",\"potentialAction\":[{\"@type\":\"SearchAction\",\"target\":{\"@type\":\"EntryPoint\",\"urlTemplate\":\"https:\/\/demoweb.info\/sexshop001\/?s={search_term_string}\"},\"query-input\":\"required name=search_term_string\"}],\"inLanguage\":\"es\"}]}<\/script>\n<!-- \/ Yoast SEO plugin. -->","yoast_head_json":{"title":"MASTURBADOR ULTRA BATOR SWIRLING AND THRUSTING - Tienda Er\u00f3tica","robots":{"index":"noindex","follow":"follow","max-snippet":"max-snippet:-1","max-image-preview":"max-image-preview:large","max-video-preview":"max-video-preview:-1"},"og_locale":"es_ES","og_type":"article","og_title":"MASTURBADOR ULTRA BATOR SWIRLING AND THRUSTING - Tienda Er\u00f3tica","og_description":"ULTRA BATOR SWIRLING AND THRUSTING MASTURBATOR El Ultra-Bator presenta 3 velocidades de rotaci\u00f3n giratoria, y acci\u00f3n de acariciar arriba y","og_url":"https:\/\/demoweb.info\/sexshop001\/producto\/masturbador-ultra-bator-swirling-and-thrusting\/","og_site_name":"Tienda Er\u00f3tica","og_image":[{"width":550,"height":550,"url":"https:\/\/demoweb.info\/sexshop001\/wp-content\/uploads\/2022\/01\/MASTURBADOR-ULTRA-BATOR-SWIRLING-AND-THRUSTING.jpg","type":"image\/jpeg"}],"twitter_card":"summary_large_image","twitter_misc":{"Tiempo de lectura":"1 minuto"},"schema":{"@context":"https:\/\/schema.org","@graph":[{"@type":"WebPage","@id":"https:\/\/demoweb.info\/sexshop001\/producto\/masturbador-ultra-bator-swirling-and-thrusting\/","url":"https:\/\/demoweb.info\/sexshop001\/producto\/masturbador-ultra-bator-swirling-and-thrusting\/","name":"MASTURBADOR ULTRA BATOR SWIRLING AND THRUSTING - Tienda Er\u00f3tica","isPartOf":{"@id":"https:\/\/demoweb.info\/sexshop001\/#website"},"datePublished":"2022-01-22T16:15:01+00:00","dateModified":"2022-01-22T16:15:01+00:00","breadcrumb":{"@id":"https:\/\/demoweb.info\/sexshop001\/producto\/masturbador-ultra-bator-swirling-and-thrusting\/#breadcrumb"},"inLanguage":"es","potentialAction":[{"@type":"ReadAction","target":["https:\/\/demoweb.info\/sexshop001\/producto\/masturbador-ultra-bator-swirling-and-thrusting\/"]}]},{"@type":"BreadcrumbList","@id":"https:\/\/demoweb.info\/sexshop001\/producto\/masturbador-ultra-bator-swirling-and-thrusting\/#breadcrumb","itemListElement":[{"@type":"ListItem","position":1,"name":"Portada","item":"https:\/\/demoweb.info\/sexshop001\/"},{"@type":"ListItem","position":2,"name":"Tienda","item":"https:\/\/demoweb.info\/sexshop001\/tienda\/"},{"@type":"ListItem","position":3,"name":"MASTURBADOR ULTRA BATOR SWIRLING AND THRUSTING"}]},{"@type":"WebSite","@id":"https:\/\/demoweb.info\/sexshop001\/#website","url":"https:\/\/demoweb.info\/sexshop001\/","name":"Tienda Er\u00f3tica","description":"DEMOWEB SL","potentialAction":[{"@type":"SearchAction","target":{"@type":"EntryPoint","urlTemplate":"https:\/\/demoweb.info\/sexshop001\/?s={search_term_string}"},"query-input":"required name=search_term_string"}],"inLanguage":"es"}]}},"_links":{"self":[{"href":"https:\/\/demoweb.info\/sexshop001\/wp-json\/wp\/v3\/product\/56504","targetHints":{"allow":["GET"]}}],"collection":[{"href":"https:\/\/demoweb.info\/sexshop001\/wp-json\/wp\/v3\/product"}],"about":[{"href":"https:\/\/demoweb.info\/sexshop001\/wp-json\/wp\/v2\/types\/product"}],"replies":[{"embeddable":true,"href":"https:\/\/demoweb.info\/sexshop001\/wp-json\/wp\/v2\/comments?post=56504"}],"wp:featuredmedia":[{"embeddable":true,"href":"https:\/\/demoweb.info\/sexshop001\/wp-json\/wp\/v2\/media\/56505"}],"wp:attachment":[{"href":"https:\/\/demoweb.info\/sexshop001\/wp-json\/wp\/v2\/media?parent=56504"}],"wp:term":[{"taxonomy":"product_cat","embeddable":true,"href":"https:\/\/demoweb.info\/sexshop001\/wp-json\/wp\/v2\/product_cat?post=56504"},{"taxonomy":"product_tag","embeddable":true,"href":"https:\/\/demoweb.info\/sexshop001\/wp-json\/wp\/v2\/product_tag?post=56504"}],"curies":[{"name":"wp","href":"https:\/\/api.w.org\/{rel}","templated":true}]}}