{"id":56478,"date":"2022-01-22T17:14:29","date_gmt":"2022-01-22T16:14:29","guid":{"rendered":"https:\/\/demoweb.info\/sexshop001\/producto\/fucking-machines-power-banger\/"},"modified":"2022-01-22T17:14:42","modified_gmt":"2022-01-22T16:14:42","slug":"fucking-machines-power-banger","status":"publish","type":"product","link":"https:\/\/demoweb.info\/sexshop001\/producto\/fucking-machines-power-banger\/","title":{"rendered":"FUCKING MACHINES POWER BANGER"},"content":{"rendered":"<p><strong>FUCKING MACHINES POWER BANGER<\/strong><\/p>\n<p>M\u00e1quina del amor Power Banger, con capacidad para 3 dildos.<\/p>\n<p>Kink by Doc Johnson&#39;s Fucking Machines Power Banger ofrece una potencia superior y un placer profundo sin fin.<\/p>\n<p>El brazo impulsor ajustable del Power Banger se puede inclinar para darle lo que desea en todas sus posiciones favoritas, mientras que cuatro ventosas fuertes en la base lo mantienen seguro en su lugar. Para los jugadores que les gusta duro y r\u00e1pido, esta vers\u00e1til m\u00e1quina ofrece velocidades variables de hasta 195 golpes por minuto.<\/p>\n<p>Creado exclusivamente para su uso con dildos ade la colecci\u00f3n Vac-U-Lock (TM) de Doc Johnson, el Power Banger acomoda cualquier accesorio compatible con Vac-U-Lock.<\/p>\n<p>Caracter\u00edsticas:<\/p>\n<ul>\n<li>El controlador port\u00e1til enciende \/ apaga y ajusta la velocidad<\/li>\n<li>Brazo ajustable para un posicionamiento preciso<\/li>\n<li>Pulsaciones m\u00faltiples intensas.<\/li>\n<li>Duraci\u00f3n del trazo: 60 mm<\/li>\n<li>Hasta 195 golpes por minuto<\/li>\n<li>Compatible con todos los accesorios Vac-U-Lock<\/li>\n<li>Incluye adaptador universal para uso internacional<\/li>\n<li>Longitud total 7,62 cm<\/li>\n<li>Ancho 5,08 cm<\/li>\n<li>Profundidad 3,81 cm<\/li>\n<li>Mango ajustable \/ extra\u00edble<\/li>\n<li>Cuatro robustas ventosas mantienen la m\u00e1quina en su lugar<\/li>\n<li>AC 100-240V, 50-60HZ<\/li>\n<li>Fuente de alimentaci\u00f3n universal.<\/li>\n<\/ul>\n","protected":false},"excerpt":{"rendered":"<p>FUCKING MACHINES POWER BANGER M\u00e1quina del amor Power Banger, con capacidad para 3 dildos. Kink by Doc Johnson&#39;s Fucking Machines<\/p>\n","protected":false},"featured_media":56479,"comment_status":"open","ping_status":"open","template":"","meta":[],"product_cat":[680],"product_tag":[460,1474],"class_list":["post-56478","product","type-product","status-publish","has-post-thumbnail","hentry","product_cat-maquinas-del-amor","product_tag-doc-johnson","product_tag-kink"],"bundled_by":[],"bundle_stock_status":"instock","bundle_stock_quantity":2,"bundle_virtual":false,"bundle_layout":"","bundle_add_to_cart_form_location":"","bundle_editable_in_cart":false,"bundle_sold_individually_context":"","bundle_item_grouping":"","bundle_min_size":"","bundle_max_size":"","bundled_items":[],"yoast_head":"<!-- This site is optimized with the Yoast SEO plugin v20.6 - https:\/\/yoast.com\/wordpress\/plugins\/seo\/ -->\n<title>FUCKING MACHINES POWER BANGER - Tienda Er\u00f3tica<\/title>\n<meta name=\"robots\" content=\"noindex, follow, max-snippet:-1, max-image-preview:large, max-video-preview:-1\" \/>\n<meta property=\"og:locale\" content=\"es_ES\" \/>\n<meta property=\"og:type\" content=\"article\" \/>\n<meta property=\"og:title\" content=\"FUCKING MACHINES POWER BANGER - Tienda Er\u00f3tica\" \/>\n<meta property=\"og:description\" content=\"FUCKING MACHINES POWER BANGER M\u00e1quina del amor Power Banger, con capacidad para 3 dildos. Kink by Doc Johnson&#039;s Fucking Machines\" \/>\n<meta property=\"og:url\" content=\"https:\/\/demoweb.info\/sexshop001\/producto\/fucking-machines-power-banger\/\" \/>\n<meta property=\"og:site_name\" content=\"Tienda Er\u00f3tica\" \/>\n<meta property=\"article:modified_time\" content=\"2022-01-22T16:14:42+00:00\" \/>\n<meta property=\"og:image\" content=\"https:\/\/demoweb.info\/sexshop001\/wp-content\/uploads\/2022\/01\/FUCKING-MACHINES-POWER-BANGER.jpg\" \/>\n\t<meta property=\"og:image:width\" content=\"550\" \/>\n\t<meta property=\"og:image:height\" content=\"550\" \/>\n\t<meta property=\"og:image:type\" content=\"image\/jpeg\" \/>\n<meta name=\"twitter:card\" content=\"summary_large_image\" \/>\n<meta name=\"twitter:label1\" content=\"Tiempo de lectura\" \/>\n\t<meta name=\"twitter:data1\" content=\"1 minuto\" \/>\n<script type=\"application\/ld+json\" class=\"yoast-schema-graph\">{\"@context\":\"https:\/\/schema.org\",\"@graph\":[{\"@type\":\"WebPage\",\"@id\":\"https:\/\/demoweb.info\/sexshop001\/producto\/fucking-machines-power-banger\/\",\"url\":\"https:\/\/demoweb.info\/sexshop001\/producto\/fucking-machines-power-banger\/\",\"name\":\"FUCKING MACHINES POWER BANGER - Tienda Er\u00f3tica\",\"isPartOf\":{\"@id\":\"https:\/\/demoweb.info\/sexshop001\/#website\"},\"datePublished\":\"2022-01-22T16:14:29+00:00\",\"dateModified\":\"2022-01-22T16:14:42+00:00\",\"breadcrumb\":{\"@id\":\"https:\/\/demoweb.info\/sexshop001\/producto\/fucking-machines-power-banger\/#breadcrumb\"},\"inLanguage\":\"es\",\"potentialAction\":[{\"@type\":\"ReadAction\",\"target\":[\"https:\/\/demoweb.info\/sexshop001\/producto\/fucking-machines-power-banger\/\"]}]},{\"@type\":\"BreadcrumbList\",\"@id\":\"https:\/\/demoweb.info\/sexshop001\/producto\/fucking-machines-power-banger\/#breadcrumb\",\"itemListElement\":[{\"@type\":\"ListItem\",\"position\":1,\"name\":\"Portada\",\"item\":\"https:\/\/demoweb.info\/sexshop001\/\"},{\"@type\":\"ListItem\",\"position\":2,\"name\":\"Tienda\",\"item\":\"https:\/\/demoweb.info\/sexshop001\/tienda\/\"},{\"@type\":\"ListItem\",\"position\":3,\"name\":\"FUCKING MACHINES POWER BANGER\"}]},{\"@type\":\"WebSite\",\"@id\":\"https:\/\/demoweb.info\/sexshop001\/#website\",\"url\":\"https:\/\/demoweb.info\/sexshop001\/\",\"name\":\"Tienda Er\u00f3tica\",\"description\":\"DEMOWEB SL\",\"potentialAction\":[{\"@type\":\"SearchAction\",\"target\":{\"@type\":\"EntryPoint\",\"urlTemplate\":\"https:\/\/demoweb.info\/sexshop001\/?s={search_term_string}\"},\"query-input\":\"required name=search_term_string\"}],\"inLanguage\":\"es\"}]}<\/script>\n<!-- \/ Yoast SEO plugin. -->","yoast_head_json":{"title":"FUCKING MACHINES POWER BANGER - Tienda Er\u00f3tica","robots":{"index":"noindex","follow":"follow","max-snippet":"max-snippet:-1","max-image-preview":"max-image-preview:large","max-video-preview":"max-video-preview:-1"},"og_locale":"es_ES","og_type":"article","og_title":"FUCKING MACHINES POWER BANGER - Tienda Er\u00f3tica","og_description":"FUCKING MACHINES POWER BANGER M\u00e1quina del amor Power Banger, con capacidad para 3 dildos. Kink by Doc Johnson&#39;s Fucking Machines","og_url":"https:\/\/demoweb.info\/sexshop001\/producto\/fucking-machines-power-banger\/","og_site_name":"Tienda Er\u00f3tica","article_modified_time":"2022-01-22T16:14:42+00:00","og_image":[{"width":550,"height":550,"url":"https:\/\/demoweb.info\/sexshop001\/wp-content\/uploads\/2022\/01\/FUCKING-MACHINES-POWER-BANGER.jpg","type":"image\/jpeg"}],"twitter_card":"summary_large_image","twitter_misc":{"Tiempo de lectura":"1 minuto"},"schema":{"@context":"https:\/\/schema.org","@graph":[{"@type":"WebPage","@id":"https:\/\/demoweb.info\/sexshop001\/producto\/fucking-machines-power-banger\/","url":"https:\/\/demoweb.info\/sexshop001\/producto\/fucking-machines-power-banger\/","name":"FUCKING MACHINES POWER BANGER - Tienda Er\u00f3tica","isPartOf":{"@id":"https:\/\/demoweb.info\/sexshop001\/#website"},"datePublished":"2022-01-22T16:14:29+00:00","dateModified":"2022-01-22T16:14:42+00:00","breadcrumb":{"@id":"https:\/\/demoweb.info\/sexshop001\/producto\/fucking-machines-power-banger\/#breadcrumb"},"inLanguage":"es","potentialAction":[{"@type":"ReadAction","target":["https:\/\/demoweb.info\/sexshop001\/producto\/fucking-machines-power-banger\/"]}]},{"@type":"BreadcrumbList","@id":"https:\/\/demoweb.info\/sexshop001\/producto\/fucking-machines-power-banger\/#breadcrumb","itemListElement":[{"@type":"ListItem","position":1,"name":"Portada","item":"https:\/\/demoweb.info\/sexshop001\/"},{"@type":"ListItem","position":2,"name":"Tienda","item":"https:\/\/demoweb.info\/sexshop001\/tienda\/"},{"@type":"ListItem","position":3,"name":"FUCKING MACHINES POWER BANGER"}]},{"@type":"WebSite","@id":"https:\/\/demoweb.info\/sexshop001\/#website","url":"https:\/\/demoweb.info\/sexshop001\/","name":"Tienda Er\u00f3tica","description":"DEMOWEB SL","potentialAction":[{"@type":"SearchAction","target":{"@type":"EntryPoint","urlTemplate":"https:\/\/demoweb.info\/sexshop001\/?s={search_term_string}"},"query-input":"required name=search_term_string"}],"inLanguage":"es"}]}},"_links":{"self":[{"href":"https:\/\/demoweb.info\/sexshop001\/wp-json\/wp\/v3\/product\/56478","targetHints":{"allow":["GET"]}}],"collection":[{"href":"https:\/\/demoweb.info\/sexshop001\/wp-json\/wp\/v3\/product"}],"about":[{"href":"https:\/\/demoweb.info\/sexshop001\/wp-json\/wp\/v2\/types\/product"}],"replies":[{"embeddable":true,"href":"https:\/\/demoweb.info\/sexshop001\/wp-json\/wp\/v2\/comments?post=56478"}],"wp:featuredmedia":[{"embeddable":true,"href":"https:\/\/demoweb.info\/sexshop001\/wp-json\/wp\/v2\/media\/56479"}],"wp:attachment":[{"href":"https:\/\/demoweb.info\/sexshop001\/wp-json\/wp\/v2\/media?parent=56478"}],"wp:term":[{"taxonomy":"product_cat","embeddable":true,"href":"https:\/\/demoweb.info\/sexshop001\/wp-json\/wp\/v2\/product_cat?post=56478"},{"taxonomy":"product_tag","embeddable":true,"href":"https:\/\/demoweb.info\/sexshop001\/wp-json\/wp\/v2\/product_tag?post=56478"}],"curies":[{"name":"wp","href":"https:\/\/api.w.org\/{rel}","templated":true}]}}